{"id":555,"date":"2018-06-21T06:57:13","date_gmt":"2018-06-21T06:57:13","guid":{"rendered":"https:\/\/emprad.org.br\/2024\/?page_id=555"},"modified":"2024-08-06T14:29:20","modified_gmt":"2024-08-06T17:29:20","slug":"inscricoes","status":"publish","type":"page","link":"https:\/\/emprad.org.br\/2024\/inscricoes\/","title":{"rendered":"Inscri\u00e7\u00f5es"},"content":{"rendered":"\t\t<div data-elementor-type=\"wp-post\" data-elementor-id=\"555\" class=\"elementor elementor-555\">\n\t\t\t\t\t\t<div class=\"elementor-section elementor-top-section elementor-element elementor-element-6b90c3ef elementor-section-stretched elementor-section-boxed elementor-section-height-default elementor-section-height-default\" data-id=\"6b90c3ef\" data-element_type=\"section\" data-e-type=\"section\" data-settings=\"{&quot;stretch_section&quot;:&quot;section-stretched&quot;,&quot;background_background&quot;:&quot;classic&quot;}\">\n\t\t\t\t\t\t<div class=\"elementor-container elementor-column-gap-default\">\n\t\t\t\t\t<div class=\"elementor-column elementor-col-100 elementor-top-column elementor-element elementor-element-33574a28\" data-id=\"33574a28\" data-element_type=\"column\" data-e-type=\"column\">\n\t\t\t<div class=\"elementor-widget-wrap elementor-element-populated\">\n\t\t\t\t\t\t<div class=\"elementor-element elementor-element-4b3c5445 elementor-widget elementor-widget-rt-title\" data-id=\"4b3c5445\" data-element_type=\"widget\" data-e-type=\"widget\" data-widget_type=\"rt-title.default\">\n\t\t\t\t<div class=\"elementor-widget-container\">\n\t\t\t\t\t<div class=\"rt-el-title section-heading title-black color-light text-center style1\">\n\t<h2 class=\"rtin-title\">Inscri\u00e7\u00e3o para o EMPRAD 2024<\/h2>\n\t<div class=\"rtin-subtitle\"><p><h3 style=\"color:#282828\">Evento H\u00edbrido<\/h3> \nAs inscri\u00e7\u00f5es para participa\u00e7\u00e3o do Emprad 2024 est\u00e3o abertas<\/p><\/div>\n<\/div>\n\t\t\t\t<\/div>\n\t\t\t\t<\/div>\n\t\t\t\t<section class=\"elementor-section elementor-inner-section elementor-element elementor-element-1f644fd8 elementor-section-boxed elementor-section-height-default elementor-section-height-default\" data-id=\"1f644fd8\" data-element_type=\"section\" data-e-type=\"section\">\n\t\t\t\t\t\t<div class=\"elementor-container elementor-column-gap-default\">\n\t\t\t\t\t<div class=\"elementor-column elementor-col-33 elementor-inner-column elementor-element elementor-element-3efe4485\" data-id=\"3efe4485\" data-element_type=\"column\" data-e-type=\"column\">\n\t\t\t<div class=\"elementor-widget-wrap\">\n\t\t\t\t\t\t\t<\/div>\n\t\t<\/div>\n\t\t\t\t<div class=\"elementor-column elementor-col-33 elementor-inner-column elementor-element elementor-element-459db491\" data-id=\"459db491\" data-element_type=\"column\" data-e-type=\"column\" data-settings=\"{&quot;background_background&quot;:&quot;classic&quot;}\">\n\t\t\t<div class=\"elementor-widget-wrap elementor-element-populated\">\n\t\t\t\t\t\t<div class=\"elementor-element elementor-element-b56f79a elementor-widget elementor-widget-spacer\" data-id=\"b56f79a\" data-element_type=\"widget\" data-e-type=\"widget\" data-widget_type=\"spacer.default\">\n\t\t\t\t<div class=\"elementor-widget-container\">\n\t\t\t\t\t\t\t<div class=\"elementor-spacer\">\n\t\t\t<div class=\"elementor-spacer-inner\"><\/div>\n\t\t<\/div>\n\t\t\t\t\t\t<\/div>\n\t\t\t\t<\/div>\n\t\t\t\t<div class=\"elementor-element elementor-element-e485390 elementor-widget elementor-widget-text-editor\" data-id=\"e485390\" data-element_type=\"widget\" data-e-type=\"widget\" data-widget_type=\"text-editor.default\">\n\t\t\t\t<div class=\"elementor-widget-container\">\n\t\t\t\t\t\t\t\t\t<p style=\"text-align: center;\">VALOR<\/p>\t\t\t\t\t\t\t\t<\/div>\n\t\t\t\t<\/div>\n\t\t\t\t<div class=\"elementor-element elementor-element-46fef94 elementor-widget elementor-widget-text-editor\" data-id=\"46fef94\" data-element_type=\"widget\" data-e-type=\"widget\" data-widget_type=\"text-editor.default\">\n\t\t\t\t<div class=\"elementor-widget-container\">\n\t\t\t\t\t\t\t\t\t<p style=\"text-align: center;\">GRATUITO<\/p>\t\t\t\t\t\t\t\t<\/div>\n\t\t\t\t<\/div>\n\t\t\t\t<div class=\"elementor-element elementor-element-19bb340 elementor-widget elementor-widget-text-editor\" data-id=\"19bb340\" data-element_type=\"widget\" data-e-type=\"widget\" data-widget_type=\"text-editor.default\">\n\t\t\t\t<div class=\"elementor-widget-container\">\n\t\t\t\t\t\t\t\t\t<p style=\"text-align: center;\">Palestras<br \/>Workshops<br \/>Apresenta\u00e7\u00f5es<br \/>Certificado<\/p>\t\t\t\t\t\t\t\t<\/div>\n\t\t\t\t<\/div>\n\t\t\t\t<div class=\"elementor-element elementor-element-7f14bb1 elementor-align-center elementor-widget elementor-widget-button\" data-id=\"7f14bb1\" data-element_type=\"widget\" data-e-type=\"widget\" data-widget_type=\"button.default\">\n\t\t\t\t<div class=\"elementor-widget-container\">\n\t\t\t\t\t\t\t\t\t<div class=\"elementor-button-wrapper\">\n\t\t\t\t\t<a class=\"elementor-button elementor-button-link elementor-size-sm\" href=\"https:\/\/sistema.emprad.org.br\/2024\/10\">\n\t\t\t\t\t\t<span class=\"elementor-button-content-wrapper\">\n\t\t\t\t\t\t\t\t\t<span class=\"elementor-button-text\">INSCREVA-SE<\/span>\n\t\t\t\t\t<\/span>\n\t\t\t\t\t<\/a>\n\t\t\t\t<\/div>\n\t\t\t\t\t\t\t\t<\/div>\n\t\t\t\t<\/div>\n\t\t\t\t<div class=\"elementor-element elementor-element-ea3a899 elementor-widget elementor-widget-spacer\" data-id=\"ea3a899\" data-element_type=\"widget\" data-e-type=\"widget\" data-widget_type=\"spacer.default\">\n\t\t\t\t<div class=\"elementor-widget-container\">\n\t\t\t\t\t\t\t<div class=\"elementor-spacer\">\n\t\t\t<div class=\"elementor-spacer-inner\"><\/div>\n\t\t<\/div>\n\t\t\t\t\t\t<\/div>\n\t\t\t\t<\/div>\n\t\t\t\t\t<\/div>\n\t\t<\/div>\n\t\t\t\t<div class=\"elementor-column elementor-col-33 elementor-inner-column elementor-element elementor-element-4666ba72\" data-id=\"4666ba72\" data-element_type=\"column\" data-e-type=\"column\">\n\t\t\t<div class=\"elementor-widget-wrap\">\n\t\t\t\t\t\t\t<\/div>\n\t\t<\/div>\n\t\t\t\t\t<\/div>\n\t\t<\/section>\n\t\t\t\t\t<\/div>\n\t\t<\/div>\n\t\t\t\t\t<\/div>\n\t\t<\/div>\n\t\t\t\t<\/div>\n\t\t","protected":false},"excerpt":{"rendered":"<p>Inscri\u00e7\u00e3o para o EMPRAD 2024 Evento H\u00edbrido As inscri\u00e7\u00f5es para participa\u00e7\u00e3o do Emprad 2024 est\u00e3o abertas VALOR GRATUITO PalestrasWorkshopsApresenta\u00e7\u00f5esCertificado INSCREVA-SE<\/p>\n","protected":false},"author":1,"featured_media":0,"parent":0,"menu_order":0,"comment_status":"closed","ping_status":"closed","template":"","meta":{"inline_featured_image":false,"footnotes":""},"class_list":["post-555","page","type-page","status-publish","hentry"],"yoast_head":"<!-- This site is optimized with the Yoast SEO plugin v27.2 - https:\/\/yoast.com\/product\/yoast-seo-wordpress\/ -->\n<title>Inscri\u00e7\u00f5es - Emprad 2024<\/title>\n<meta name=\"robots\" content=\"index, follow, max-snippet:-1, max-image-preview:large, max-video-preview:-1\" \/>\n<link rel=\"canonical\" href=\"https:\/\/emprad.org.br\/2024\/inscricoes\/\" \/>\n<meta property=\"og:locale\" content=\"pt_BR\" \/>\n<meta property=\"og:type\" content=\"article\" \/>\n<meta property=\"og:title\" content=\"Inscri\u00e7\u00f5es - Emprad 2024\" \/>\n<meta property=\"og:description\" content=\"Inscri\u00e7\u00e3o para o EMPRAD 2024 Evento H\u00edbrido As inscri\u00e7\u00f5es para participa\u00e7\u00e3o do Emprad 2024 est\u00e3o abertas VALOR GRATUITO PalestrasWorkshopsApresenta\u00e7\u00f5esCertificado INSCREVA-SE\" \/>\n<meta property=\"og:url\" content=\"https:\/\/emprad.org.br\/2024\/inscricoes\/\" \/>\n<meta property=\"og:site_name\" content=\"Emprad 2024\" \/>\n<meta property=\"article:modified_time\" content=\"2024-08-06T17:29:20+00:00\" \/>\n<meta name=\"twitter:card\" content=\"summary_large_image\" \/>\n<meta name=\"twitter:label1\" content=\"Est. tempo de leitura\" \/>\n\t<meta name=\"twitter:data1\" content=\"1 minuto\" \/>\n<script type=\"application\/ld+json\" class=\"yoast-schema-graph\">{\"@context\":\"https:\/\/schema.org\",\"@graph\":[{\"@type\":\"WebPage\",\"@id\":\"https:\/\/emprad.org.br\/2024\/inscricoes\/\",\"url\":\"https:\/\/emprad.org.br\/2024\/inscricoes\/\",\"name\":\"Inscri\u00e7\u00f5es - Emprad 2024\",\"isPartOf\":{\"@id\":\"https:\/\/emprad.org.br\/2024\/#website\"},\"datePublished\":\"2018-06-21T06:57:13+00:00\",\"dateModified\":\"2024-08-06T17:29:20+00:00\",\"inLanguage\":\"pt-BR\",\"potentialAction\":[{\"@type\":\"ReadAction\",\"target\":[\"https:\/\/emprad.org.br\/2024\/inscricoes\/\"]}]},{\"@type\":\"WebSite\",\"@id\":\"https:\/\/emprad.org.br\/2024\/#website\",\"url\":\"https:\/\/emprad.org.br\/2024\/\",\"name\":\"Emprad 2024\",\"description\":\"Encontro dos Programas de P\u00f3s-Gradua\u00e7\u00e3o Profissionais em Administra\u00e7\u00e3o\",\"potentialAction\":[{\"@type\":\"SearchAction\",\"target\":{\"@type\":\"EntryPoint\",\"urlTemplate\":\"https:\/\/emprad.org.br\/2024\/?s={search_term_string}\"},\"query-input\":{\"@type\":\"PropertyValueSpecification\",\"valueRequired\":true,\"valueName\":\"search_term_string\"}}],\"inLanguage\":\"pt-BR\"}]}<\/script>\n<!-- \/ Yoast SEO plugin. -->","yoast_head_json":{"title":"Inscri\u00e7\u00f5es - Emprad 2024","robots":{"index":"index","follow":"follow","max-snippet":"max-snippet:-1","max-image-preview":"max-image-preview:large","max-video-preview":"max-video-preview:-1"},"canonical":"https:\/\/emprad.org.br\/2024\/inscricoes\/","og_locale":"pt_BR","og_type":"article","og_title":"Inscri\u00e7\u00f5es - Emprad 2024","og_description":"Inscri\u00e7\u00e3o para o EMPRAD 2024 Evento H\u00edbrido As inscri\u00e7\u00f5es para participa\u00e7\u00e3o do Emprad 2024 est\u00e3o abertas VALOR GRATUITO PalestrasWorkshopsApresenta\u00e7\u00f5esCertificado INSCREVA-SE","og_url":"https:\/\/emprad.org.br\/2024\/inscricoes\/","og_site_name":"Emprad 2024","article_modified_time":"2024-08-06T17:29:20+00:00","twitter_card":"summary_large_image","twitter_misc":{"Est. tempo de leitura":"1 minuto"},"schema":{"@context":"https:\/\/schema.org","@graph":[{"@type":"WebPage","@id":"https:\/\/emprad.org.br\/2024\/inscricoes\/","url":"https:\/\/emprad.org.br\/2024\/inscricoes\/","name":"Inscri\u00e7\u00f5es - Emprad 2024","isPartOf":{"@id":"https:\/\/emprad.org.br\/2024\/#website"},"datePublished":"2018-06-21T06:57:13+00:00","dateModified":"2024-08-06T17:29:20+00:00","inLanguage":"pt-BR","potentialAction":[{"@type":"ReadAction","target":["https:\/\/emprad.org.br\/2024\/inscricoes\/"]}]},{"@type":"WebSite","@id":"https:\/\/emprad.org.br\/2024\/#website","url":"https:\/\/emprad.org.br\/2024\/","name":"Emprad 2024","description":"Encontro dos Programas de P\u00f3s-Gradua\u00e7\u00e3o Profissionais em Administra\u00e7\u00e3o","potentialAction":[{"@type":"SearchAction","target":{"@type":"EntryPoint","urlTemplate":"https:\/\/emprad.org.br\/2024\/?s={search_term_string}"},"query-input":{"@type":"PropertyValueSpecification","valueRequired":true,"valueName":"search_term_string"}}],"inLanguage":"pt-BR"}]}},"_links":{"self":[{"href":"https:\/\/emprad.org.br\/2024\/wp-json\/wp\/v2\/pages\/555","targetHints":{"allow":["GET"]}}],"collection":[{"href":"https:\/\/emprad.org.br\/2024\/wp-json\/wp\/v2\/pages"}],"about":[{"href":"https:\/\/emprad.org.br\/2024\/wp-json\/wp\/v2\/types\/page"}],"author":[{"embeddable":true,"href":"https:\/\/emprad.org.br\/2024\/wp-json\/wp\/v2\/users\/1"}],"replies":[{"embeddable":true,"href":"https:\/\/emprad.org.br\/2024\/wp-json\/wp\/v2\/comments?post=555"}],"version-history":[{"count":18,"href":"https:\/\/emprad.org.br\/2024\/wp-json\/wp\/v2\/pages\/555\/revisions"}],"predecessor-version":[{"id":4653,"href":"https:\/\/emprad.org.br\/2024\/wp-json\/wp\/v2\/pages\/555\/revisions\/4653"}],"wp:attachment":[{"href":"https:\/\/emprad.org.br\/2024\/wp-json\/wp\/v2\/media?parent=555"}],"curies":[{"name":"wp","href":"https:\/\/api.w.org\/{rel}","templated":true}]}}