{"id":4654,"date":"2024-08-07T14:48:17","date_gmt":"2024-08-07T17:48:17","guid":{"rendered":"https:\/\/emprad.org.br\/2024\/?page_id=4654"},"modified":"2024-08-07T18:59:38","modified_gmt":"2024-08-07T21:59:38","slug":"camargo-rodrigues","status":"publish","type":"page","link":"https:\/\/emprad.org.br\/2024\/camargo-rodrigues\/","title":{"rendered":"Camargo Rodrigues"},"content":{"rendered":"\t\t<div data-elementor-type=\"wp-page\" data-elementor-id=\"4654\" class=\"elementor elementor-4654\">\n\t\t\t\t\t\t<section class=\"elementor-section elementor-top-section elementor-element elementor-element-46bec49a elementor-section-boxed elementor-section-height-default elementor-section-height-default\" data-id=\"46bec49a\" data-element_type=\"section\" data-e-type=\"section\">\n\t\t\t\t\t\t<div class=\"elementor-container elementor-column-gap-default\">\n\t\t\t\t\t<div class=\"elementor-column elementor-col-100 elementor-top-column elementor-element elementor-element-70db5850\" data-id=\"70db5850\" data-element_type=\"column\" data-e-type=\"column\">\n\t\t\t<div class=\"elementor-widget-wrap elementor-element-populated\">\n\t\t\t\t\t\t<div class=\"elementor-element elementor-element-a0b00fe elementor-widget elementor-widget-video\" data-id=\"a0b00fe\" data-element_type=\"widget\" data-e-type=\"widget\" data-settings=\"{&quot;video_type&quot;:&quot;hosted&quot;,&quot;controls&quot;:&quot;yes&quot;}\" data-widget_type=\"video.default\">\n\t\t\t\t<div class=\"elementor-widget-container\">\n\t\t\t\t\t\t\t<div class=\"e-hosted-video elementor-wrapper elementor-open-inline\">\n\t\t\t\t\t<video class=\"elementor-video\" src=\"https:\/\/emprad.org.br\/2024\/wp-content\/uploads\/2024\/08\/Camargo-Rodrigues-Apresentacao.mp4\" controls=\"\" preload=\"metadata\" controlsList=\"nodownload\"><\/video>\n\t\t\t\t<\/div>\n\t\t\t\t\t\t<\/div>\n\t\t\t\t<\/div>\n\t\t\t\t\t<\/div>\n\t\t<\/div>\n\t\t\t\t\t<\/div>\n\t\t<\/section>\n\t\t\t\t<section class=\"elementor-section elementor-top-section elementor-element elementor-element-7a04853 elementor-section-boxed elementor-section-height-default elementor-section-height-default\" data-id=\"7a04853\" data-element_type=\"section\" data-e-type=\"section\">\n\t\t\t\t\t\t<div class=\"elementor-container elementor-column-gap-default\">\n\t\t\t\t\t<div class=\"elementor-column elementor-col-100 elementor-top-column elementor-element elementor-element-2a5d4f4\" data-id=\"2a5d4f4\" data-element_type=\"column\" data-e-type=\"column\">\n\t\t\t<div class=\"elementor-widget-wrap elementor-element-populated\">\n\t\t\t\t\t\t<div class=\"elementor-element elementor-element-5a1812d elementor-widget elementor-widget-text-editor\" data-id=\"5a1812d\" data-element_type=\"widget\" data-e-type=\"widget\" data-widget_type=\"text-editor.default\">\n\t\t\t\t<div class=\"elementor-widget-container\">\n\t\t\t\t\t\t\t\t\t<p style=\"text-align: center;\"><a href=\"https:\/\/camargorodriguescobrancas.com.br\/\">https:\/\/camargorodriguescobrancas.com.br\/<\/a><\/p>\t\t\t\t\t\t\t\t<\/div>\n\t\t\t\t<\/div>\n\t\t\t\t\t<\/div>\n\t\t<\/div>\n\t\t\t\t\t<\/div>\n\t\t<\/section>\n\t\t\t\t<\/div>\n\t\t","protected":false},"excerpt":{"rendered":"<p>https:\/\/emprad.org.br\/2024\/wp-content\/uploads\/sites\/17\/2024\/08\/Camargo-Rodrigues-Apresentacao.mp4 https:\/\/camargorodriguescobrancas.com.br\/<\/p>\n","protected":false},"author":1,"featured_media":0,"parent":0,"menu_order":0,"comment_status":"closed","ping_status":"closed","template":"","meta":{"inline_featured_image":false,"footnotes":""},"class_list":["post-4654","page","type-page","status-publish","hentry"],"yoast_head":"<!-- This site is optimized with the Yoast SEO plugin v27.2 - https:\/\/yoast.com\/product\/yoast-seo-wordpress\/ -->\n<title>Camargo Rodrigues - Emprad 2024<\/title>\n<meta name=\"robots\" content=\"index, follow, max-snippet:-1, max-image-preview:large, max-video-preview:-1\" \/>\n<link rel=\"canonical\" href=\"https:\/\/emprad.org.br\/2024\/camargo-rodrigues\/\" \/>\n<meta property=\"og:locale\" content=\"pt_BR\" \/>\n<meta property=\"og:type\" content=\"article\" \/>\n<meta property=\"og:title\" content=\"Camargo Rodrigues - Emprad 2024\" \/>\n<meta property=\"og:description\" content=\"https:\/\/emprad.org.br\/2024\/wp-content\/uploads\/sites\/17\/2024\/08\/Camargo-Rodrigues-Apresentacao.mp4 https:\/\/camargorodriguescobrancas.com.br\/\" \/>\n<meta property=\"og:url\" content=\"https:\/\/emprad.org.br\/2024\/camargo-rodrigues\/\" \/>\n<meta property=\"og:site_name\" content=\"Emprad 2024\" \/>\n<meta property=\"article:modified_time\" content=\"2024-08-07T21:59:38+00:00\" \/>\n<meta name=\"twitter:card\" content=\"summary_large_image\" \/>\n<meta name=\"twitter:label1\" content=\"Est. tempo de leitura\" \/>\n\t<meta name=\"twitter:data1\" content=\"1 minuto\" \/>\n<script type=\"application\/ld+json\" class=\"yoast-schema-graph\">{\"@context\":\"https:\/\/schema.org\",\"@graph\":[{\"@type\":\"WebPage\",\"@id\":\"https:\/\/emprad.org.br\/2024\/camargo-rodrigues\/\",\"url\":\"https:\/\/emprad.org.br\/2024\/camargo-rodrigues\/\",\"name\":\"Camargo Rodrigues - Emprad 2024\",\"isPartOf\":{\"@id\":\"https:\/\/emprad.org.br\/2024\/#website\"},\"datePublished\":\"2024-08-07T17:48:17+00:00\",\"dateModified\":\"2024-08-07T21:59:38+00:00\",\"inLanguage\":\"pt-BR\",\"potentialAction\":[{\"@type\":\"ReadAction\",\"target\":[\"https:\/\/emprad.org.br\/2024\/camargo-rodrigues\/\"]}]},{\"@type\":\"WebSite\",\"@id\":\"https:\/\/emprad.org.br\/2024\/#website\",\"url\":\"https:\/\/emprad.org.br\/2024\/\",\"name\":\"Emprad 2024\",\"description\":\"Encontro dos Programas de P\u00f3s-Gradua\u00e7\u00e3o Profissionais em Administra\u00e7\u00e3o\",\"potentialAction\":[{\"@type\":\"SearchAction\",\"target\":{\"@type\":\"EntryPoint\",\"urlTemplate\":\"https:\/\/emprad.org.br\/2024\/?s={search_term_string}\"},\"query-input\":{\"@type\":\"PropertyValueSpecification\",\"valueRequired\":true,\"valueName\":\"search_term_string\"}}],\"inLanguage\":\"pt-BR\"}]}<\/script>\n<!-- \/ Yoast SEO plugin. -->","yoast_head_json":{"title":"Camargo Rodrigues - Emprad 2024","robots":{"index":"index","follow":"follow","max-snippet":"max-snippet:-1","max-image-preview":"max-image-preview:large","max-video-preview":"max-video-preview:-1"},"canonical":"https:\/\/emprad.org.br\/2024\/camargo-rodrigues\/","og_locale":"pt_BR","og_type":"article","og_title":"Camargo Rodrigues - Emprad 2024","og_description":"https:\/\/emprad.org.br\/2024\/wp-content\/uploads\/sites\/17\/2024\/08\/Camargo-Rodrigues-Apresentacao.mp4 https:\/\/camargorodriguescobrancas.com.br\/","og_url":"https:\/\/emprad.org.br\/2024\/camargo-rodrigues\/","og_site_name":"Emprad 2024","article_modified_time":"2024-08-07T21:59:38+00:00","twitter_card":"summary_large_image","twitter_misc":{"Est. tempo de leitura":"1 minuto"},"schema":{"@context":"https:\/\/schema.org","@graph":[{"@type":"WebPage","@id":"https:\/\/emprad.org.br\/2024\/camargo-rodrigues\/","url":"https:\/\/emprad.org.br\/2024\/camargo-rodrigues\/","name":"Camargo Rodrigues - Emprad 2024","isPartOf":{"@id":"https:\/\/emprad.org.br\/2024\/#website"},"datePublished":"2024-08-07T17:48:17+00:00","dateModified":"2024-08-07T21:59:38+00:00","inLanguage":"pt-BR","potentialAction":[{"@type":"ReadAction","target":["https:\/\/emprad.org.br\/2024\/camargo-rodrigues\/"]}]},{"@type":"WebSite","@id":"https:\/\/emprad.org.br\/2024\/#website","url":"https:\/\/emprad.org.br\/2024\/","name":"Emprad 2024","description":"Encontro dos Programas de P\u00f3s-Gradua\u00e7\u00e3o Profissionais em Administra\u00e7\u00e3o","potentialAction":[{"@type":"SearchAction","target":{"@type":"EntryPoint","urlTemplate":"https:\/\/emprad.org.br\/2024\/?s={search_term_string}"},"query-input":{"@type":"PropertyValueSpecification","valueRequired":true,"valueName":"search_term_string"}}],"inLanguage":"pt-BR"}]}},"_links":{"self":[{"href":"https:\/\/emprad.org.br\/2024\/wp-json\/wp\/v2\/pages\/4654","targetHints":{"allow":["GET"]}}],"collection":[{"href":"https:\/\/emprad.org.br\/2024\/wp-json\/wp\/v2\/pages"}],"about":[{"href":"https:\/\/emprad.org.br\/2024\/wp-json\/wp\/v2\/types\/page"}],"author":[{"embeddable":true,"href":"https:\/\/emprad.org.br\/2024\/wp-json\/wp\/v2\/users\/1"}],"replies":[{"embeddable":true,"href":"https:\/\/emprad.org.br\/2024\/wp-json\/wp\/v2\/comments?post=4654"}],"version-history":[{"count":10,"href":"https:\/\/emprad.org.br\/2024\/wp-json\/wp\/v2\/pages\/4654\/revisions"}],"predecessor-version":[{"id":4682,"href":"https:\/\/emprad.org.br\/2024\/wp-json\/wp\/v2\/pages\/4654\/revisions\/4682"}],"wp:attachment":[{"href":"https:\/\/emprad.org.br\/2024\/wp-json\/wp\/v2\/media?parent=4654"}],"curies":[{"name":"wp","href":"https:\/\/api.w.org\/{rel}","templated":true}]}}