{"id":3183,"date":"2023-08-07T13:53:45","date_gmt":"2023-08-07T16:53:45","guid":{"rendered":"https:\/\/emprad.org.br\/2024\/?page_id=3183"},"modified":"2024-08-08T11:18:43","modified_gmt":"2024-08-08T14:18:43","slug":"fast-track","status":"publish","type":"page","link":"https:\/\/emprad.org.br\/2024\/trabalhos\/fast-track\/","title":{"rendered":"Fast Track"},"content":{"rendered":"\t\t<div data-elementor-type=\"wp-page\" data-elementor-id=\"3183\" class=\"elementor elementor-3183\">\n\t\t\t\t\t\t<section class=\"elementor-section elementor-top-section elementor-element elementor-element-fcd7534 elementor-section-boxed elementor-section-height-default elementor-section-height-default\" data-id=\"fcd7534\" data-element_type=\"section\" data-e-type=\"section\">\n\t\t\t\t\t\t<div class=\"elementor-container elementor-column-gap-default\">\n\t\t\t\t\t<div class=\"elementor-column elementor-col-100 elementor-top-column elementor-element elementor-element-b5ff64a\" data-id=\"b5ff64a\" data-element_type=\"column\" data-e-type=\"column\">\n\t\t\t<div class=\"elementor-widget-wrap elementor-element-populated\">\n\t\t\t\t\t\t<div class=\"elementor-element elementor-element-7bda306 elementor-widget elementor-widget-heading\" data-id=\"7bda306\" data-element_type=\"widget\" data-e-type=\"widget\" data-widget_type=\"heading.default\">\n\t\t\t\t<div class=\"elementor-widget-container\">\n\t\t\t\t\t<h3 class=\"elementor-heading-title elementor-size-default\">Fast Track<\/h3>\t\t\t\t<\/div>\n\t\t\t\t<\/div>\n\t\t\t\t<div class=\"elementor-element elementor-element-13ff5fb elementor-widget elementor-widget-text-editor\" data-id=\"13ff5fb\" data-element_type=\"widget\" data-e-type=\"widget\" data-widget_type=\"text-editor.default\">\n\t\t\t\t<div class=\"elementor-widget-container\">\n\t\t\t\t\t\t\t\t\t<p><span>Abaixo as revistas que participam do Fast Track do EMPRAD 2024<\/span><\/p>\t\t\t\t\t\t\t\t<\/div>\n\t\t\t\t<\/div>\n\t\t\t\t\t<\/div>\n\t\t<\/div>\n\t\t\t\t\t<\/div>\n\t\t<\/section>\n\t\t\t\t<section class=\"elementor-section elementor-top-section elementor-element elementor-element-41c5a50 elementor-section-boxed elementor-section-height-default elementor-section-height-default\" data-id=\"41c5a50\" data-element_type=\"section\" data-e-type=\"section\">\n\t\t\t\t\t\t<div class=\"elementor-container elementor-column-gap-default\">\n\t\t\t\t\t<div class=\"elementor-column elementor-col-100 elementor-top-column elementor-element elementor-element-b322a84\" data-id=\"b322a84\" data-element_type=\"column\" data-e-type=\"column\">\n\t\t\t<div class=\"elementor-widget-wrap elementor-element-populated\">\n\t\t\t\t\t\t<div class=\"elementor-element elementor-element-c3a6f86 elementor-widget elementor-widget-text-editor\" data-id=\"c3a6f86\" data-element_type=\"widget\" data-e-type=\"widget\" data-widget_type=\"text-editor.default\">\n\t\t\t\t<div class=\"elementor-widget-container\">\n\t\t\t\t\t\t\t\t\t<table width=\"100%\"><thead><tr><th width=\"50%\"><strong>Revista<br \/><\/strong><\/th><th><strong>Site<\/strong><\/th><th><strong>Qualis<\/strong><\/th><\/tr><\/thead><tbody><tr><td>Revista de Administra\u00e7\u00e3o de Empresas &#8211; RAE<\/td><td><a href=\"https:\/\/periodicos.fgv.br\/rae\">https:\/\/periodicos.fgv.br\/rae<\/a><\/td><td>A2<\/td><\/tr><tr><td>Revista Ibero-Americana de Estrat\u00e9gia &#8211; RIAE<\/td><td><a href=\"https:\/\/periodicos.uninove.br\/riae\/\">https:\/\/periodicos.uninove.br\/riae\/<\/a><\/td><td>A3<\/td><\/tr><tr><td>Revista Gest\u00e3o e Projetos &#8211; GeP<\/td><td><a href=\"https:\/\/periodicos.uninove.br\/gep\">https:\/\/periodicos.uninove.br\/gep<\/a><\/td><td>A4<\/td><\/tr><tr><td>International Journal of Innovation \u2013 IJI<\/td><td><a href=\"https:\/\/periodicos.uninove.br\/innovation\/index\">https:\/\/periodicos.uninove.br\/innovation\/index<\/a><\/td><td>A4<\/td><\/tr><tr><td>Future Studies Research Journal: Trends and Strategies<\/td><td><a href=\"https:\/\/www.revistafuture.org\/FSRJ\">https:\/\/www.revistafuture.org\/FSRJ<\/a><\/td><td>A4<\/td><\/tr><tr><td>Revista GV-EXECUTIVO<\/td><td><a href=\"https:\/\/periodicos.fgv.br\/gvexecutivo\/index\">https:\/\/periodicos.fgv.br\/gvexecutivo\/index<\/a><\/td><td>B1<\/td><\/tr><tr><td>Revista Inova\u00e7\u00e3o, Projetos e Tecnologias \u2013 IPTEC<\/td><td><a href=\"https:\/\/periodicos.uninove.br\/iptec\/about\/contact\">https:\/\/periodicos.uninove.br\/iptec\/about\/contact<\/a><\/td><td>B1<\/td><\/tr><tr><td>International Journal of Business &amp; Marketing &#8211; IJBMKT<\/td><td><a href=\"http:\/\/www.ijbmkt.org\">http:\/\/www.ijbmkt.org<\/a><\/td><td>B1<\/td><\/tr><tr><td>Revista Liceu On-line<\/td><td><a href=\"https:\/\/liceu.fecap.br\/LICEU_ON-LINE\/index\">https:\/\/liceu.fecap.br\/LICEU_ON-LINE\/index<\/a><\/td><td>B3<\/td><\/tr><tr><td>Revista Pr\u00e1ticas em Contabilidade e Gest\u00e3o<\/td><td><a href=\"http:\/\/editorarevistas.mackenzie.br\/index.php\/pcg\">http:\/\/editorarevistas.mackenzie.br\/index.php\/pcg<\/a><\/td><td>B3<\/td><\/tr><tr><td>Revista Fipecafi de Contabilidade, Controladoria e Finan\u00e7as &#8211; RFCC<\/td><td><a href=\"http:\/\/ojs.fipecafi.org\/index.php\/RevFipecafiCCF\/about\">http:\/\/ojs.fipecafi.org\/index.php\/RevFipecafiCCF\/about<\/a><\/td><td>B4<\/td><\/tr><tr><td>Sustentabilidade: Di\u00e1logos Interdisciplinares<\/td><td><a href=\"https:\/\/periodicos.puc-campinas.edu.br\/sustentabilidade\" target=\"_blank\" rel=\"noopener\">https:\/\/periodicos.puc-campinas.edu.br\/sustentabilidade<\/a><\/td><td>C<\/td><\/tr><tr><td>Revista Gest\u00e3o e Conhecimento Contempor\u00e2neo<\/td><td><a href=\"https:\/\/revista.iesb.br\/revista\/index.php\/regeco\/index\">https:\/\/revista.iesb.br\/revista\/index.php\/regeco\/index<\/a><\/td><td>\u00a0 <strong>&#8211;<\/strong><\/td><\/tr><\/tbody><\/table>\t\t\t\t\t\t\t\t<\/div>\n\t\t\t\t<\/div>\n\t\t\t\t<div class=\"elementor-element elementor-element-31fae68 elementor-widget-divider--view-line_icon elementor-view-default elementor-widget-divider--element-align-center elementor-widget elementor-widget-divider\" data-id=\"31fae68\" data-element_type=\"widget\" data-e-type=\"widget\" data-widget_type=\"divider.default\">\n\t\t\t\t<div class=\"elementor-widget-container\">\n\t\t\t\t\t\t\t<div class=\"elementor-divider\">\n\t\t\t<span class=\"elementor-divider-separator\">\n\t\t\t\t\t\t\t<div class=\"elementor-icon elementor-divider__element\">\n\t\t\t\t\t<i aria-hidden=\"true\" class=\"fab fa-galactic-senate\"><\/i><\/div>\n\t\t\t\t\t\t<\/span>\n\t\t<\/div>\n\t\t\t\t\t\t<\/div>\n\t\t\t\t<\/div>\n\t\t\t\t\t<\/div>\n\t\t<\/div>\n\t\t\t\t\t<\/div>\n\t\t<\/section>\n\t\t\t\t<\/div>\n\t\t","protected":false},"excerpt":{"rendered":"<p>Fast Track Abaixo as revistas que participam do Fast Track do EMPRAD 2024 Revista Site Qualis Revista de Administra\u00e7\u00e3o de Empresas &#8211; RAE https:\/\/periodicos.fgv.br\/rae A2 Revista Ibero-Americana de Estrat\u00e9gia &#8211; RIAE https:\/\/periodicos.uninove.br\/riae\/ A3 Revista Gest\u00e3o e Projetos &#8211; GeP https:\/\/periodicos.uninove.br\/gep A4 International Journal of Innovation \u2013 IJI https:\/\/periodicos.uninove.br\/innovation\/index A4 Future Studies Research Journal: Trends and&#8230;<\/p>\n","protected":false},"author":3,"featured_media":0,"parent":3010,"menu_order":0,"comment_status":"closed","ping_status":"closed","template":"","meta":{"inline_featured_image":false,"footnotes":""},"class_list":["post-3183","page","type-page","status-publish","hentry"],"yoast_head":"<!-- This site is optimized with the Yoast SEO plugin v27.2 - https:\/\/yoast.com\/product\/yoast-seo-wordpress\/ -->\n<title>Fast Track - Emprad 2024<\/title>\n<meta name=\"robots\" content=\"index, follow, max-snippet:-1, max-image-preview:large, max-video-preview:-1\" \/>\n<link rel=\"canonical\" href=\"https:\/\/emprad.org.br\/2024\/trabalhos\/fast-track\/\" \/>\n<meta property=\"og:locale\" content=\"pt_BR\" \/>\n<meta property=\"og:type\" content=\"article\" \/>\n<meta property=\"og:title\" content=\"Fast Track - Emprad 2024\" \/>\n<meta property=\"og:description\" content=\"Fast Track Abaixo as revistas que participam do Fast Track do EMPRAD 2024 Revista Site Qualis Revista de Administra\u00e7\u00e3o de Empresas &#8211; RAE https:\/\/periodicos.fgv.br\/rae A2 Revista Ibero-Americana de Estrat\u00e9gia &#8211; RIAE https:\/\/periodicos.uninove.br\/riae\/ A3 Revista Gest\u00e3o e Projetos &#8211; GeP https:\/\/periodicos.uninove.br\/gep A4 International Journal of Innovation \u2013 IJI https:\/\/periodicos.uninove.br\/innovation\/index A4 Future Studies Research Journal: Trends and...\" \/>\n<meta property=\"og:url\" content=\"https:\/\/emprad.org.br\/2024\/trabalhos\/fast-track\/\" \/>\n<meta property=\"og:site_name\" content=\"Emprad 2024\" \/>\n<meta property=\"article:modified_time\" content=\"2024-08-08T14:18:43+00:00\" \/>\n<meta name=\"twitter:card\" content=\"summary_large_image\" \/>\n<meta name=\"twitter:label1\" content=\"Est. tempo de leitura\" \/>\n\t<meta name=\"twitter:data1\" content=\"1 minuto\" \/>\n<script type=\"application\/ld+json\" class=\"yoast-schema-graph\">{\"@context\":\"https:\/\/schema.org\",\"@graph\":[{\"@type\":\"WebPage\",\"@id\":\"https:\/\/emprad.org.br\/2024\/trabalhos\/fast-track\/\",\"url\":\"https:\/\/emprad.org.br\/2024\/trabalhos\/fast-track\/\",\"name\":\"Fast Track - Emprad 2024\",\"isPartOf\":{\"@id\":\"https:\/\/emprad.org.br\/2024\/#website\"},\"datePublished\":\"2023-08-07T16:53:45+00:00\",\"dateModified\":\"2024-08-08T14:18:43+00:00\",\"breadcrumb\":{\"@id\":\"https:\/\/emprad.org.br\/2024\/trabalhos\/fast-track\/#breadcrumb\"},\"inLanguage\":\"pt-BR\",\"potentialAction\":[{\"@type\":\"ReadAction\",\"target\":[\"https:\/\/emprad.org.br\/2024\/trabalhos\/fast-track\/\"]}]},{\"@type\":\"BreadcrumbList\",\"@id\":\"https:\/\/emprad.org.br\/2024\/trabalhos\/fast-track\/#breadcrumb\",\"itemListElement\":[{\"@type\":\"ListItem\",\"position\":1,\"name\":\"Trabalhos\",\"item\":\"https:\/\/emprad.org.br\/2024\/trabalhos\/\"},{\"@type\":\"ListItem\",\"position\":2,\"name\":\"Fast Track\"}]},{\"@type\":\"WebSite\",\"@id\":\"https:\/\/emprad.org.br\/2024\/#website\",\"url\":\"https:\/\/emprad.org.br\/2024\/\",\"name\":\"Emprad 2024\",\"description\":\"Encontro dos Programas de P\u00f3s-Gradua\u00e7\u00e3o Profissionais em Administra\u00e7\u00e3o\",\"potentialAction\":[{\"@type\":\"SearchAction\",\"target\":{\"@type\":\"EntryPoint\",\"urlTemplate\":\"https:\/\/emprad.org.br\/2024\/?s={search_term_string}\"},\"query-input\":{\"@type\":\"PropertyValueSpecification\",\"valueRequired\":true,\"valueName\":\"search_term_string\"}}],\"inLanguage\":\"pt-BR\"}]}<\/script>\n<!-- \/ Yoast SEO plugin. -->","yoast_head_json":{"title":"Fast Track - Emprad 2024","robots":{"index":"index","follow":"follow","max-snippet":"max-snippet:-1","max-image-preview":"max-image-preview:large","max-video-preview":"max-video-preview:-1"},"canonical":"https:\/\/emprad.org.br\/2024\/trabalhos\/fast-track\/","og_locale":"pt_BR","og_type":"article","og_title":"Fast Track - Emprad 2024","og_description":"Fast Track Abaixo as revistas que participam do Fast Track do EMPRAD 2024 Revista Site Qualis Revista de Administra\u00e7\u00e3o de Empresas &#8211; RAE https:\/\/periodicos.fgv.br\/rae A2 Revista Ibero-Americana de Estrat\u00e9gia &#8211; RIAE https:\/\/periodicos.uninove.br\/riae\/ A3 Revista Gest\u00e3o e Projetos &#8211; GeP https:\/\/periodicos.uninove.br\/gep A4 International Journal of Innovation \u2013 IJI https:\/\/periodicos.uninove.br\/innovation\/index A4 Future Studies Research Journal: Trends and...","og_url":"https:\/\/emprad.org.br\/2024\/trabalhos\/fast-track\/","og_site_name":"Emprad 2024","article_modified_time":"2024-08-08T14:18:43+00:00","twitter_card":"summary_large_image","twitter_misc":{"Est. tempo de leitura":"1 minuto"},"schema":{"@context":"https:\/\/schema.org","@graph":[{"@type":"WebPage","@id":"https:\/\/emprad.org.br\/2024\/trabalhos\/fast-track\/","url":"https:\/\/emprad.org.br\/2024\/trabalhos\/fast-track\/","name":"Fast Track - Emprad 2024","isPartOf":{"@id":"https:\/\/emprad.org.br\/2024\/#website"},"datePublished":"2023-08-07T16:53:45+00:00","dateModified":"2024-08-08T14:18:43+00:00","breadcrumb":{"@id":"https:\/\/emprad.org.br\/2024\/trabalhos\/fast-track\/#breadcrumb"},"inLanguage":"pt-BR","potentialAction":[{"@type":"ReadAction","target":["https:\/\/emprad.org.br\/2024\/trabalhos\/fast-track\/"]}]},{"@type":"BreadcrumbList","@id":"https:\/\/emprad.org.br\/2024\/trabalhos\/fast-track\/#breadcrumb","itemListElement":[{"@type":"ListItem","position":1,"name":"Trabalhos","item":"https:\/\/emprad.org.br\/2024\/trabalhos\/"},{"@type":"ListItem","position":2,"name":"Fast Track"}]},{"@type":"WebSite","@id":"https:\/\/emprad.org.br\/2024\/#website","url":"https:\/\/emprad.org.br\/2024\/","name":"Emprad 2024","description":"Encontro dos Programas de P\u00f3s-Gradua\u00e7\u00e3o Profissionais em Administra\u00e7\u00e3o","potentialAction":[{"@type":"SearchAction","target":{"@type":"EntryPoint","urlTemplate":"https:\/\/emprad.org.br\/2024\/?s={search_term_string}"},"query-input":{"@type":"PropertyValueSpecification","valueRequired":true,"valueName":"search_term_string"}}],"inLanguage":"pt-BR"}]}},"_links":{"self":[{"href":"https:\/\/emprad.org.br\/2024\/wp-json\/wp\/v2\/pages\/3183","targetHints":{"allow":["GET"]}}],"collection":[{"href":"https:\/\/emprad.org.br\/2024\/wp-json\/wp\/v2\/pages"}],"about":[{"href":"https:\/\/emprad.org.br\/2024\/wp-json\/wp\/v2\/types\/page"}],"author":[{"embeddable":true,"href":"https:\/\/emprad.org.br\/2024\/wp-json\/wp\/v2\/users\/3"}],"replies":[{"embeddable":true,"href":"https:\/\/emprad.org.br\/2024\/wp-json\/wp\/v2\/comments?post=3183"}],"version-history":[{"count":52,"href":"https:\/\/emprad.org.br\/2024\/wp-json\/wp\/v2\/pages\/3183\/revisions"}],"predecessor-version":[{"id":4686,"href":"https:\/\/emprad.org.br\/2024\/wp-json\/wp\/v2\/pages\/3183\/revisions\/4686"}],"up":[{"embeddable":true,"href":"https:\/\/emprad.org.br\/2024\/wp-json\/wp\/v2\/pages\/3010"}],"wp:attachment":[{"href":"https:\/\/emprad.org.br\/2024\/wp-json\/wp\/v2\/media?parent=3183"}],"curies":[{"name":"wp","href":"https:\/\/api.w.org\/{rel}","templated":true}]}}