{"id":3174,"date":"2023-08-07T13:44:29","date_gmt":"2023-08-07T16:44:29","guid":{"rendered":"https:\/\/emprad.org.br\/2024\/?page_id=3174"},"modified":"2023-08-07T13:52:36","modified_gmt":"2023-08-07T16:52:36","slug":"avaliacao","status":"publish","type":"page","link":"https:\/\/emprad.org.br\/2024\/trabalhos\/avaliacao\/","title":{"rendered":"Avalia\u00e7\u00e3o"},"content":{"rendered":"\t\t<div data-elementor-type=\"wp-page\" data-elementor-id=\"3174\" class=\"elementor elementor-3174\">\n\t\t\t\t\t\t<section class=\"elementor-section elementor-top-section elementor-element elementor-element-babc2cb elementor-section-boxed elementor-section-height-default elementor-section-height-default\" data-id=\"babc2cb\" data-element_type=\"section\" data-e-type=\"section\">\n\t\t\t\t\t\t<div class=\"elementor-container elementor-column-gap-default\">\n\t\t\t\t\t<div class=\"elementor-column elementor-col-100 elementor-top-column elementor-element elementor-element-a0d8f65\" data-id=\"a0d8f65\" data-element_type=\"column\" data-e-type=\"column\">\n\t\t\t<div class=\"elementor-widget-wrap elementor-element-populated\">\n\t\t\t\t\t\t<div class=\"elementor-element elementor-element-875f2ff elementor-widget elementor-widget-heading\" data-id=\"875f2ff\" data-element_type=\"widget\" data-e-type=\"widget\" data-widget_type=\"heading.default\">\n\t\t\t\t<div class=\"elementor-widget-container\">\n\t\t\t\t\t<h2 class=\"elementor-heading-title elementor-size-default\">Avalia\u00e7\u00e3o dos Relatos T\u00e9cnicos<\/h2>\t\t\t\t<\/div>\n\t\t\t\t<\/div>\n\t\t\t\t<div class=\"elementor-element elementor-element-6b6c657 elementor-widget elementor-widget-text-editor\" data-id=\"6b6c657\" data-element_type=\"widget\" data-e-type=\"widget\" data-widget_type=\"text-editor.default\">\n\t\t\t\t<div class=\"elementor-widget-container\">\n\t\t\t\t\t\t\t\t\t<p>Os Relatos T\u00e9cnicos ser\u00e3o avaliados por dois pareceristas, sendo ao menos um deles Doutor no sistema double review. A sele\u00e7\u00e3o e orienta\u00e7\u00e3o dos avaliadores \u00e9 coordenada pela comiss\u00e3o do evento.<\/p><p>Para os relatos t\u00e9cnicos, os seguintes pontos s\u00e3o considerados na avalia\u00e7\u00e3o: estrutura, conte\u00fado, objetividade e clareza e ader\u00eancia \u00e0 norma de formata\u00e7\u00e3o escolhida.<\/p><p>Os trabalhos melhor avaliados ser\u00e3o encaminhados para o fast-track nos peri\u00f3dicos que apoiam o EMPRAD. Os autores podem escolher os peri\u00f3dicos, indicando no ato da submiss\u00e3o a ordem de prefer\u00eancia. Os trabalhos selecionados para o fast track resultam da apura\u00e7\u00e3o dos melhores trabalhos com base na avalia\u00e7\u00e3o dos pareceristas, cada trabalho selecionado \u00e9 encaminhado a um \u00fanico peri\u00f3dico respeitando uma prefer\u00eancia decorrente da classifica\u00e7\u00e3o dos trabalhos. N\u00e3o necessariamente todos os trabalhos indicados aos peri\u00f3dicos ser\u00e3o selecionados para o fast-track. A divulga\u00e7\u00e3o dos trabalhos aceitos ser\u00e1 publicado no site do EMPRAD.<\/p><p>Esclarece-se que os trabalhados aceitos pelos peri\u00f3dicos para o fast-track automaticamente superaram a fase de desk review e j\u00e1 entram diretamente na fase de blind review de cada peri\u00f3dico.<\/p>\t\t\t\t\t\t\t\t<\/div>\n\t\t\t\t<\/div>\n\t\t\t\t\t<\/div>\n\t\t<\/div>\n\t\t\t\t\t<\/div>\n\t\t<\/section>\n\t\t\t\t<\/div>\n\t\t","protected":false},"excerpt":{"rendered":"<p>Avalia\u00e7\u00e3o dos Relatos T\u00e9cnicos Os Relatos T\u00e9cnicos ser\u00e3o avaliados por dois pareceristas, sendo ao menos um deles Doutor no sistema double review. A sele\u00e7\u00e3o e orienta\u00e7\u00e3o dos avaliadores \u00e9 coordenada pela comiss\u00e3o do evento. Para os relatos t\u00e9cnicos, os seguintes pontos s\u00e3o considerados na avalia\u00e7\u00e3o: estrutura, conte\u00fado, objetividade e clareza e ader\u00eancia \u00e0 norma de&#8230;<\/p>\n","protected":false},"author":3,"featured_media":0,"parent":3010,"menu_order":0,"comment_status":"closed","ping_status":"closed","template":"","meta":{"inline_featured_image":false,"footnotes":""},"class_list":["post-3174","page","type-page","status-publish","hentry"],"yoast_head":"<!-- This site is optimized with the Yoast SEO plugin v27.2 - https:\/\/yoast.com\/product\/yoast-seo-wordpress\/ -->\n<title>Avalia\u00e7\u00e3o - Emprad 2024<\/title>\n<meta name=\"robots\" content=\"index, follow, max-snippet:-1, max-image-preview:large, max-video-preview:-1\" \/>\n<link rel=\"canonical\" href=\"https:\/\/emprad.org.br\/2024\/trabalhos\/avaliacao\/\" \/>\n<meta property=\"og:locale\" content=\"pt_BR\" \/>\n<meta property=\"og:type\" content=\"article\" \/>\n<meta property=\"og:title\" content=\"Avalia\u00e7\u00e3o - Emprad 2024\" \/>\n<meta property=\"og:description\" content=\"Avalia\u00e7\u00e3o dos Relatos T\u00e9cnicos Os Relatos T\u00e9cnicos ser\u00e3o avaliados por dois pareceristas, sendo ao menos um deles Doutor no sistema double review. A sele\u00e7\u00e3o e orienta\u00e7\u00e3o dos avaliadores \u00e9 coordenada pela comiss\u00e3o do evento. Para os relatos t\u00e9cnicos, os seguintes pontos s\u00e3o considerados na avalia\u00e7\u00e3o: estrutura, conte\u00fado, objetividade e clareza e ader\u00eancia \u00e0 norma de...\" \/>\n<meta property=\"og:url\" content=\"https:\/\/emprad.org.br\/2024\/trabalhos\/avaliacao\/\" \/>\n<meta property=\"og:site_name\" content=\"Emprad 2024\" \/>\n<meta property=\"article:modified_time\" content=\"2023-08-07T16:52:36+00:00\" \/>\n<meta name=\"twitter:card\" content=\"summary_large_image\" \/>\n<meta name=\"twitter:label1\" content=\"Est. tempo de leitura\" \/>\n\t<meta name=\"twitter:data1\" content=\"1 minuto\" \/>\n<script type=\"application\/ld+json\" class=\"yoast-schema-graph\">{\"@context\":\"https:\/\/schema.org\",\"@graph\":[{\"@type\":\"WebPage\",\"@id\":\"https:\/\/emprad.org.br\/2024\/trabalhos\/avaliacao\/\",\"url\":\"https:\/\/emprad.org.br\/2024\/trabalhos\/avaliacao\/\",\"name\":\"Avalia\u00e7\u00e3o - Emprad 2024\",\"isPartOf\":{\"@id\":\"https:\/\/emprad.org.br\/2024\/#website\"},\"datePublished\":\"2023-08-07T16:44:29+00:00\",\"dateModified\":\"2023-08-07T16:52:36+00:00\",\"breadcrumb\":{\"@id\":\"https:\/\/emprad.org.br\/2024\/trabalhos\/avaliacao\/#breadcrumb\"},\"inLanguage\":\"pt-BR\",\"potentialAction\":[{\"@type\":\"ReadAction\",\"target\":[\"https:\/\/emprad.org.br\/2024\/trabalhos\/avaliacao\/\"]}]},{\"@type\":\"BreadcrumbList\",\"@id\":\"https:\/\/emprad.org.br\/2024\/trabalhos\/avaliacao\/#breadcrumb\",\"itemListElement\":[{\"@type\":\"ListItem\",\"position\":1,\"name\":\"Trabalhos\",\"item\":\"https:\/\/emprad.org.br\/2024\/trabalhos\/\"},{\"@type\":\"ListItem\",\"position\":2,\"name\":\"Avalia\u00e7\u00e3o\"}]},{\"@type\":\"WebSite\",\"@id\":\"https:\/\/emprad.org.br\/2024\/#website\",\"url\":\"https:\/\/emprad.org.br\/2024\/\",\"name\":\"Emprad 2024\",\"description\":\"Encontro dos Programas de P\u00f3s-Gradua\u00e7\u00e3o Profissionais em Administra\u00e7\u00e3o\",\"potentialAction\":[{\"@type\":\"SearchAction\",\"target\":{\"@type\":\"EntryPoint\",\"urlTemplate\":\"https:\/\/emprad.org.br\/2024\/?s={search_term_string}\"},\"query-input\":{\"@type\":\"PropertyValueSpecification\",\"valueRequired\":true,\"valueName\":\"search_term_string\"}}],\"inLanguage\":\"pt-BR\"}]}<\/script>\n<!-- \/ Yoast SEO plugin. -->","yoast_head_json":{"title":"Avalia\u00e7\u00e3o - Emprad 2024","robots":{"index":"index","follow":"follow","max-snippet":"max-snippet:-1","max-image-preview":"max-image-preview:large","max-video-preview":"max-video-preview:-1"},"canonical":"https:\/\/emprad.org.br\/2024\/trabalhos\/avaliacao\/","og_locale":"pt_BR","og_type":"article","og_title":"Avalia\u00e7\u00e3o - Emprad 2024","og_description":"Avalia\u00e7\u00e3o dos Relatos T\u00e9cnicos Os Relatos T\u00e9cnicos ser\u00e3o avaliados por dois pareceristas, sendo ao menos um deles Doutor no sistema double review. A sele\u00e7\u00e3o e orienta\u00e7\u00e3o dos avaliadores \u00e9 coordenada pela comiss\u00e3o do evento. Para os relatos t\u00e9cnicos, os seguintes pontos s\u00e3o considerados na avalia\u00e7\u00e3o: estrutura, conte\u00fado, objetividade e clareza e ader\u00eancia \u00e0 norma de...","og_url":"https:\/\/emprad.org.br\/2024\/trabalhos\/avaliacao\/","og_site_name":"Emprad 2024","article_modified_time":"2023-08-07T16:52:36+00:00","twitter_card":"summary_large_image","twitter_misc":{"Est. tempo de leitura":"1 minuto"},"schema":{"@context":"https:\/\/schema.org","@graph":[{"@type":"WebPage","@id":"https:\/\/emprad.org.br\/2024\/trabalhos\/avaliacao\/","url":"https:\/\/emprad.org.br\/2024\/trabalhos\/avaliacao\/","name":"Avalia\u00e7\u00e3o - Emprad 2024","isPartOf":{"@id":"https:\/\/emprad.org.br\/2024\/#website"},"datePublished":"2023-08-07T16:44:29+00:00","dateModified":"2023-08-07T16:52:36+00:00","breadcrumb":{"@id":"https:\/\/emprad.org.br\/2024\/trabalhos\/avaliacao\/#breadcrumb"},"inLanguage":"pt-BR","potentialAction":[{"@type":"ReadAction","target":["https:\/\/emprad.org.br\/2024\/trabalhos\/avaliacao\/"]}]},{"@type":"BreadcrumbList","@id":"https:\/\/emprad.org.br\/2024\/trabalhos\/avaliacao\/#breadcrumb","itemListElement":[{"@type":"ListItem","position":1,"name":"Trabalhos","item":"https:\/\/emprad.org.br\/2024\/trabalhos\/"},{"@type":"ListItem","position":2,"name":"Avalia\u00e7\u00e3o"}]},{"@type":"WebSite","@id":"https:\/\/emprad.org.br\/2024\/#website","url":"https:\/\/emprad.org.br\/2024\/","name":"Emprad 2024","description":"Encontro dos Programas de P\u00f3s-Gradua\u00e7\u00e3o Profissionais em Administra\u00e7\u00e3o","potentialAction":[{"@type":"SearchAction","target":{"@type":"EntryPoint","urlTemplate":"https:\/\/emprad.org.br\/2024\/?s={search_term_string}"},"query-input":{"@type":"PropertyValueSpecification","valueRequired":true,"valueName":"search_term_string"}}],"inLanguage":"pt-BR"}]}},"_links":{"self":[{"href":"https:\/\/emprad.org.br\/2024\/wp-json\/wp\/v2\/pages\/3174","targetHints":{"allow":["GET"]}}],"collection":[{"href":"https:\/\/emprad.org.br\/2024\/wp-json\/wp\/v2\/pages"}],"about":[{"href":"https:\/\/emprad.org.br\/2024\/wp-json\/wp\/v2\/types\/page"}],"author":[{"embeddable":true,"href":"https:\/\/emprad.org.br\/2024\/wp-json\/wp\/v2\/users\/3"}],"replies":[{"embeddable":true,"href":"https:\/\/emprad.org.br\/2024\/wp-json\/wp\/v2\/comments?post=3174"}],"version-history":[{"count":8,"href":"https:\/\/emprad.org.br\/2024\/wp-json\/wp\/v2\/pages\/3174\/revisions"}],"predecessor-version":[{"id":3182,"href":"https:\/\/emprad.org.br\/2024\/wp-json\/wp\/v2\/pages\/3174\/revisions\/3182"}],"up":[{"embeddable":true,"href":"https:\/\/emprad.org.br\/2024\/wp-json\/wp\/v2\/pages\/3010"}],"wp:attachment":[{"href":"https:\/\/emprad.org.br\/2024\/wp-json\/wp\/v2\/media?parent=3174"}],"curies":[{"name":"wp","href":"https:\/\/api.w.org\/{rel}","templated":true}]}}