{"id":3168,"date":"2023-08-07T13:27:04","date_gmt":"2023-08-07T16:27:04","guid":{"rendered":"https:\/\/emprad.org.br\/2024\/?page_id=3168"},"modified":"2024-07-25T13:45:35","modified_gmt":"2024-07-25T16:45:35","slug":"regras-de-submissao","status":"publish","type":"page","link":"https:\/\/emprad.org.br\/2024\/trabalhos\/regras-de-submissao\/","title":{"rendered":"Regras de Submiss\u00e3o"},"content":{"rendered":"\t\t<div data-elementor-type=\"wp-page\" data-elementor-id=\"3168\" class=\"elementor elementor-3168\">\n\t\t\t\t\t\t<section class=\"elementor-section elementor-top-section elementor-element elementor-element-8875760 elementor-section-boxed elementor-section-height-default elementor-section-height-default\" data-id=\"8875760\" data-element_type=\"section\" data-e-type=\"section\">\n\t\t\t\t\t\t<div class=\"elementor-container elementor-column-gap-default\">\n\t\t\t\t\t<div class=\"elementor-column elementor-col-100 elementor-top-column elementor-element elementor-element-4093248\" data-id=\"4093248\" data-element_type=\"column\" data-e-type=\"column\">\n\t\t\t<div class=\"elementor-widget-wrap elementor-element-populated\">\n\t\t\t\t\t\t<div class=\"elementor-element elementor-element-be518ea elementor-widget elementor-widget-heading\" data-id=\"be518ea\" data-element_type=\"widget\" data-e-type=\"widget\" data-widget_type=\"heading.default\">\n\t\t\t\t<div class=\"elementor-widget-container\">\n\t\t\t\t\t<h2 class=\"elementor-heading-title elementor-size-default\">Regras de Submiss\u00e3o<\/h2>\t\t\t\t<\/div>\n\t\t\t\t<\/div>\n\t\t\t\t<div class=\"elementor-element elementor-element-9bfe766 elementor-widget elementor-widget-text-editor\" data-id=\"9bfe766\" data-element_type=\"widget\" data-e-type=\"widget\" data-widget_type=\"text-editor.default\">\n\t\t\t\t<div class=\"elementor-widget-container\">\n\t\t\t\t\t\t\t\t\t<p>\u2013 Podem ser submetidos artigos aplicados, relatos t\u00e9cnicos e casos de ensino.<\/p>\n<p>\u2013 A submiss\u00e3o de trabalhos ser\u00e1 exclusivamente pela Internet.<\/p>\n<p>\u2013 O trabalho deve ser in\u00e9dito, contudo, ser\u00e3o aceitos trabalhos em desenvolvimento, mesmo j\u00e1 apresentados em outros congressos que n\u00e3o o Emprad e que n\u00e3o tenham j\u00e1 sido submetidos e\/ou publicados em peri\u00f3dicos cient\u00edficos.<\/p>\n<p>\u2013 Ser\u00e3o aceitos trabalhos submetidos em portugu\u00eas, ingl\u00eas ou espanhol.<\/p>\n<p>\u2013 O trabalho n\u00e3o pode conter qualquer identifica\u00e7\u00e3o ou indica\u00e7\u00e3o de autoria no campo \u201cpropriedade\u201d e no corpo do trabalho.<\/p>\n<p>\u2013 Para que o trabalho seja apresentado no evento ser\u00e1 necess\u00e1rio que o autor(es) realize a inscri\u00e7\u00e3o no evento.<br><\/p><p>\u2013 Para que o trabalho seja inclu\u00eddo nos anais, ser\u00e1 necess\u00e1rio que pelo menos um autor apresente o trabalho no evento.<\/p><p>\u2013 Para participar do evento e receber o certificado de participa\u00e7\u00e3o, ser\u00e1 necess\u00e1rio a sua inscri\u00e7\u00e3o.<\/p>\n<p>\u2013 A inscri\u00e7\u00e3o \u00e9 pessoal e n\u00e3o transfer\u00edvel.<\/p>\n<p>\u2013 Se o trabalho n\u00e3o for apresentado, os autores poder\u00e3o ser impedidos de submeter trabalhos no evento subsequente.<\/p>\n<p>\u2013 A vers\u00e3o enviada ser\u00e1 definitiva. Somente ser\u00e3o aceitos trabalhos com reda\u00e7\u00e3o e ortografia adequadas.<\/p>\n<p>\u2013 Para submiss\u00e3o de trabalhos, os autores devem estar cadastrados no sistema. Autores j\u00e1 cadastrados devem certificar-se de que os cadastros estejam atualizados. Os \u00faltimos dados registrados constar\u00e3o na identifica\u00e7\u00e3o da autoria do trabalho.<\/p>\n<p>\u2013 Para o cadastro, os autores brasileiros devem informar o n\u00famero do CPF. Para os autores estrangeiros, ter o n\u00famero do passaporte ou outro documento de identifica\u00e7\u00e3o do pa\u00eds de origem.<\/p>\n<p>\u2013 Ser\u00e1 aceita a inclus\u00e3o de autor at\u00e9 a data limite de submiss\u00e3o de trabalhos.<\/p>\n<p>Recomenda-se que o autor verifique o escopo editorial das revistas.<\/p>\t\t\t\t\t\t\t\t<\/div>\n\t\t\t\t<\/div>\n\t\t\t\t\t<\/div>\n\t\t<\/div>\n\t\t\t\t\t<\/div>\n\t\t<\/section>\n\t\t\t\t<section class=\"elementor-section elementor-top-section elementor-element elementor-element-e15b7bb elementor-section-boxed elementor-section-height-default elementor-section-height-default\" data-id=\"e15b7bb\" data-element_type=\"section\" data-e-type=\"section\">\n\t\t\t\t\t\t<div class=\"elementor-container elementor-column-gap-default\">\n\t\t\t\t\t<div class=\"elementor-column elementor-col-100 elementor-top-column elementor-element elementor-element-b890662\" data-id=\"b890662\" data-element_type=\"column\" data-e-type=\"column\">\n\t\t\t<div class=\"elementor-widget-wrap elementor-element-populated\">\n\t\t\t\t\t\t<div class=\"elementor-element elementor-element-b901a78 elementor-tabs-view-horizontal elementor-widget elementor-widget-tabs\" data-id=\"b901a78\" data-element_type=\"widget\" data-e-type=\"widget\" data-widget_type=\"tabs.default\">\n\t\t\t\t<div class=\"elementor-widget-container\">\n\t\t\t\t\t\t\t<div class=\"elementor-tabs\">\n\t\t\t<div class=\"elementor-tabs-wrapper\" role=\"tablist\" >\n\t\t\t\t\t\t\t\t\t<div id=\"elementor-tab-title-1931\" class=\"elementor-tab-title elementor-tab-desktop-title\" aria-selected=\"true\" data-tab=\"1\" role=\"tab\" tabindex=\"0\" aria-controls=\"elementor-tab-content-1931\" aria-expanded=\"false\">Artigo Aplicado\u200b<\/div>\n\t\t\t\t\t\t\t\t\t<div id=\"elementor-tab-title-1932\" class=\"elementor-tab-title elementor-tab-desktop-title\" aria-selected=\"false\" data-tab=\"2\" role=\"tab\" tabindex=\"-1\" aria-controls=\"elementor-tab-content-1932\" aria-expanded=\"false\">Relato T\u00e9cnico\u200b<\/div>\n\t\t\t\t\t\t\t\t\t<div id=\"elementor-tab-title-1933\" class=\"elementor-tab-title elementor-tab-desktop-title\" aria-selected=\"false\" data-tab=\"3\" role=\"tab\" tabindex=\"-1\" aria-controls=\"elementor-tab-content-1933\" aria-expanded=\"false\">Casos de Ensino<\/div>\n\t\t\t\t\t\t\t<\/div>\n\t\t\t<div class=\"elementor-tabs-content-wrapper\" role=\"tablist\" aria-orientation=\"vertical\">\n\t\t\t\t\t\t\t\t\t<div class=\"elementor-tab-title elementor-tab-mobile-title\" aria-selected=\"true\" data-tab=\"1\" role=\"tab\" tabindex=\"0\" aria-controls=\"elementor-tab-content-1931\" aria-expanded=\"false\">Artigo Aplicado\u200b<\/div>\n\t\t\t\t\t<div id=\"elementor-tab-content-1931\" class=\"elementor-tab-content elementor-clearfix\" data-tab=\"1\" role=\"tabpanel\" aria-labelledby=\"elementor-tab-title-1931\" tabindex=\"0\" hidden=\"false\"><p><strong>Formata\u00e7\u00e3o sugerida do trabalho:<\/strong><\/p><ul><li>Formato do papel: A4;<\/li><li>Fonte: Times New Roman\/ tamanho 12;<\/li><li>Espa\u00e7amento: simples, texto disposto em uma coluna;<\/li><li>Alinhamento: justificado;<\/li><li>Margens: Superior: 3 cm; inferior: 2 cm; esquerda: 3 cm; direita: 2 cm.<\/li><li>Pagina\u00e7\u00e3o: inserir n\u00famero de p\u00e1ginas no rodap\u00e9 com alinhamento ao lado direito;<\/li><li>T\u00edtulos em letras mai\u00fasculas e subt\u00edtulos em letras min\u00fasculas;<\/li><li>Formato do arquivo: PDF;<\/li><li>O trabalho pode ter no m\u00e1ximo 16 p\u00e1ginas, incluindo o texto propriamente dito, ilustra\u00e7\u00f5es e refer\u00eancias bibliogr\u00e1ficas.<\/li><li>O texto deve come\u00e7ar pelo t\u00edtulo seguido pela introdu\u00e7\u00e3o. Sugerimos aos autores que preparem o resumo expandido em um documento separado e copiem e colem cada item no campo espec\u00edfico no ato da submiss\u00e3o.<\/li><li>Notas: n\u00e3o devem ser colocadas no rodap\u00e9, mas inseridas como notas de final de texto.<br \/>As refer\u00eancias bibliogr\u00e1ficas dever\u00e3o ser citadas ao longo do texto de acordo com o sistema (autor-data), e apresentadas em ordem alfab\u00e9tica no final do trabalho, de acordo com as normas APA ou ABNT\/NBR-6023.<\/li><\/ul><p><strong>Estrutura sugerida do trabalho:<\/strong><\/p><ul><li>Introdu\u00e7\u00e3o<\/li><li>Problema de Pesquisa e Objetivo<\/li><li>Fundamenta\u00e7\u00e3o Te\u00f3rica<\/li><li>Metodologia<\/li><li>An\u00e1lise dos Resultados<\/li><li>Conclus\u00e3o \/Contribui\u00e7\u00e3o<\/li><li>Refer\u00eancias Bibliogr\u00e1ficas<\/li><\/ul><p><strong>Resumo sugerido<\/strong>\u00a0<strong>(p\u00e1gina de submiss\u00e3o):<br \/><\/strong>Ao submeter o trabalho, na pr\u00f3pria p\u00e1gina de envio de trabalho (etapa 1), dever\u00e1 ser preenchido o Resumo em que consta:<\/p><ul><li>T\u00edtulo (no m\u00e1ximo 190 caracteres);<\/li><li>Palavras-chave (3 palavras);<\/li><li>Resumo (no m\u00e1ximo 200 palavras);<\/li><\/ul><\/div>\n\t\t\t\t\t\t\t\t\t<div class=\"elementor-tab-title elementor-tab-mobile-title\" aria-selected=\"false\" data-tab=\"2\" role=\"tab\" tabindex=\"-1\" aria-controls=\"elementor-tab-content-1932\" aria-expanded=\"false\">Relato T\u00e9cnico\u200b<\/div>\n\t\t\t\t\t<div id=\"elementor-tab-content-1932\" class=\"elementor-tab-content elementor-clearfix\" data-tab=\"2\" role=\"tabpanel\" aria-labelledby=\"elementor-tab-title-1932\" tabindex=\"0\" hidden=\"hidden\"><p><strong>Formata\u00e7\u00e3o sugerida do trabalho:<\/strong><\/p><ul><li>Formato do papel: A4 (29,7 x 21 cm);<\/li><li>Orienta\u00e7\u00e3o do papel: retrato;<\/li><li>Fonte: Times New Roman\/ tamanho 12;<\/li><li>Espa\u00e7amento: simples, sendo o texto disposto em uma coluna;<\/li><li>Alinhamento: justificado;<\/li><li>Margens: Superior: 3 cm;<\/li><li>inferior: 2 cm; esquerda: 3 cm; direita: 2 cm;<\/li><li>Pagina\u00e7\u00e3o: inserir n\u00famero de p\u00e1ginas no rodap\u00e9 com alinhamento ao lado direito;<\/li><li>T\u00edtulos em letras mai\u00fasculas e subt\u00edtulos em letras min\u00fasculas;<\/li><li>Formato do arquivo: PDF;<\/li><li>Normas: APA ou ABNT\/NBR-6023.<\/li><\/ul><p><strong>Recomenda\u00e7\u00f5es:<\/strong><\/p><p>Os Relatos T\u00e9cnicos dever\u00e3o contar casos de interfer\u00eancia na empresa com sucesso. Desta forma, o primeiro ponto a ser mencionado deve ser o sucesso, que deve ser relatado em n\u00fameros, por exemplo: Ao introduzir este sistema houve uma economia de dez horas no processamento.<br \/>Depois \u00e9 importante que se explique a interfer\u00eancia realizada. Como por exemplo: Passamos a usar o sistema X<br \/>A interfer\u00eancia na empresa leva a uma mudan\u00e7a na rotina de trabalho das pessoas, como por exemplo: O analista passar\u00e1 a alimentar o sistema e deixar\u00e1 de copiar as informa\u00e7\u00f5es.<br \/>Para entender melhor como pode-se repetir a experi\u00eancia de sucesso, \u00e9 importante que entendamos as circunst\u00e2ncias que norteavam a empresa na \u00e9poca da interven\u00e7\u00e3o. Como por exemplo: A empresa passava por um momento cr\u00edtico em que a concorr\u00eancia estava ganhando os clientes pelo menor tempo de processamento.<\/p><p><b>Resumo sugerido (p\u00e1gina de submiss\u00e3o):<\/b><\/p><p>Ao submeter o trabalho, na pr\u00f3pria p\u00e1gina de envio de trabalho (etapa 1), dever\u00e1 ser preenchido o Resumo em que consta:<\/p><p>T\u00edtulo (no m\u00e1ximo 190 caracteres);<br \/>Palavras-chave (3 palavras);<br \/>Resumo (no m\u00e1ximo 200 palavras);<\/p><\/div>\n\t\t\t\t\t\t\t\t\t<div class=\"elementor-tab-title elementor-tab-mobile-title\" aria-selected=\"false\" data-tab=\"3\" role=\"tab\" tabindex=\"-1\" aria-controls=\"elementor-tab-content-1933\" aria-expanded=\"false\">Casos de Ensino<\/div>\n\t\t\t\t\t<div id=\"elementor-tab-content-1933\" class=\"elementor-tab-content elementor-clearfix\" data-tab=\"3\" role=\"tabpanel\" aria-labelledby=\"elementor-tab-title-1933\" tabindex=\"0\" hidden=\"hidden\"><p><strong>Formata\u00e7\u00e3o sugerida do trabalho:<\/strong><\/p><ul><li>Formato do papel: A4 (29,7 x 21 cm);<\/li><li>Orienta\u00e7\u00e3o do papel: retrato;<\/li><li>Fonte: Times New Roman\/ tamanho 12;<\/li><li>Espa\u00e7amento: simples, sendo o texto disposto em uma coluna;<\/li><li>Alinhamento: justificado;<\/li><li>Margens: Superior: 3 cm; inferior: 2 cm; esquerda: 3 cm; direita: 2 cm;<\/li><li>Pagina\u00e7\u00e3o: inserir n\u00famero de p\u00e1ginas no rodap\u00e9 com alinhamento ao lado direito;<\/li><li>T\u00edtulos em letras mai\u00fasculas e subt\u00edtulos em letras min\u00fasculas;<\/li><li>Formato do arquivo: PDF;<\/li><li>Normas: APA ou ABNT\/NBR-6023.<\/li><li>O trabalho pode ter no m\u00e1ximo 16 p\u00e1ginas, incluindo o texto propriamente dito, ilustra\u00e7\u00f5es e refer\u00eancias bibliogr\u00e1ficas.<\/li><li>O texto deve come\u00e7ar pelo t\u00edtulo seguido pela introdu\u00e7\u00e3o. Sugerimos aos autores que preparem o resumo expandido em um documento separado e copiem e colem cada item no campo espec\u00edfico no ato da submiss\u00e3o.<\/li><li>As refer\u00eancias bibliogr\u00e1ficas dever\u00e3o ser citadas ao longo do texto de acordo com o sistema (autor-data), e apresentadas em ordem alfab\u00e9tica no final do trabalho, de acordo com as normas APA ou ABNT\/NBR-6023.<\/li><\/ul><p><strong>Estrutura sugerida do trabalho:<\/strong><\/p><p>Os casos de ensino dever\u00e3o ser constitu\u00eddos por duas partes: o caso em si; e as notas de ensino.<\/p><p>1. O caso em si<\/p><ul><li>Introdu\u00e7\u00e3o<\/li><li>O caso: retratar a hist\u00f3ria real<\/li><li>Refer\u00eancias<\/li><\/ul><p>2. Notas de ensino<\/p><ul><li>Objetivo de ensino<\/li><li>Fontes e M\u00e9todos de coleta<\/li><li>Rela\u00e7\u00f5es com os objetivos de um curso ou disciplina<\/li><li>Disciplinas sugeridas para uso do caso<\/li><li>Poss\u00edveis tarefas a propor aos alunos<\/li><li>Poss\u00edvel organiza\u00e7\u00e3o da aula para uso do caso<\/li><li>Sugest\u00f5es de bibliografia<\/li><\/ul><p><strong>Resumo sugerido (p\u00e1gina de submiss\u00e3o):<\/strong><\/p><p>Ao submeter o trabalho, na pr\u00f3pria p\u00e1gina de envio de trabalho (etapa 1), dever\u00e1 ser preenchido o Resumo em que consta:<\/p><ul><li>T\u00edtulo (no m\u00e1ximo 190 caracteres);<\/li><li>Palavras-chave (3 palavras);<\/li><li>Resumo (no m\u00e1ximo 200 palavras);<\/li><\/ul><\/div>\n\t\t\t\t\t\t\t<\/div>\n\t\t<\/div>\n\t\t\t\t\t\t<\/div>\n\t\t\t\t<\/div>\n\t\t\t\t\t<\/div>\n\t\t<\/div>\n\t\t\t\t\t<\/div>\n\t\t<\/section>\n\t\t\t\t<section class=\"elementor-section elementor-top-section elementor-element elementor-element-afe142f elementor-section-boxed elementor-section-height-default elementor-section-height-default\" data-id=\"afe142f\" data-element_type=\"section\" data-e-type=\"section\">\n\t\t\t\t\t\t<div class=\"elementor-container elementor-column-gap-default\">\n\t\t\t\t\t<div class=\"elementor-column elementor-col-100 elementor-top-column elementor-element elementor-element-8e4643b\" data-id=\"8e4643b\" data-element_type=\"column\" data-e-type=\"column\">\n\t\t\t<div class=\"elementor-widget-wrap\">\n\t\t\t\t\t\t\t<\/div>\n\t\t<\/div>\n\t\t\t\t\t<\/div>\n\t\t<\/section>\n\t\t\t\t<\/div>\n\t\t","protected":false},"excerpt":{"rendered":"<p>Regras de Submiss\u00e3o \u2013 Podem ser submetidos artigos aplicados, relatos t\u00e9cnicos e casos de ensino. \u2013 A submiss\u00e3o de trabalhos ser\u00e1 exclusivamente pela Internet. \u2013 O trabalho deve ser in\u00e9dito, contudo, ser\u00e3o aceitos trabalhos em desenvolvimento, mesmo j\u00e1 apresentados em outros congressos que n\u00e3o o Emprad e que n\u00e3o tenham j\u00e1 sido submetidos e\/ou publicados&#8230;<\/p>\n","protected":false},"author":3,"featured_media":0,"parent":3010,"menu_order":0,"comment_status":"closed","ping_status":"closed","template":"","meta":{"inline_featured_image":false,"footnotes":""},"class_list":["post-3168","page","type-page","status-publish","hentry"],"yoast_head":"<!-- This site is optimized with the Yoast SEO plugin v27.2 - https:\/\/yoast.com\/product\/yoast-seo-wordpress\/ -->\n<title>Regras de Submiss\u00e3o - Emprad 2024<\/title>\n<meta name=\"robots\" content=\"index, follow, max-snippet:-1, max-image-preview:large, max-video-preview:-1\" \/>\n<link rel=\"canonical\" href=\"https:\/\/emprad.org.br\/2024\/trabalhos\/regras-de-submissao\/\" \/>\n<meta property=\"og:locale\" content=\"pt_BR\" \/>\n<meta property=\"og:type\" content=\"article\" \/>\n<meta property=\"og:title\" content=\"Regras de Submiss\u00e3o - Emprad 2024\" \/>\n<meta property=\"og:description\" content=\"Regras de Submiss\u00e3o \u2013 Podem ser submetidos artigos aplicados, relatos t\u00e9cnicos e casos de ensino. \u2013 A submiss\u00e3o de trabalhos ser\u00e1 exclusivamente pela Internet. \u2013 O trabalho deve ser in\u00e9dito, contudo, ser\u00e3o aceitos trabalhos em desenvolvimento, mesmo j\u00e1 apresentados em outros congressos que n\u00e3o o Emprad e que n\u00e3o tenham j\u00e1 sido submetidos e\/ou publicados...\" \/>\n<meta property=\"og:url\" content=\"https:\/\/emprad.org.br\/2024\/trabalhos\/regras-de-submissao\/\" \/>\n<meta property=\"og:site_name\" content=\"Emprad 2024\" \/>\n<meta property=\"article:modified_time\" content=\"2024-07-25T16:45:35+00:00\" \/>\n<meta name=\"twitter:card\" content=\"summary_large_image\" \/>\n<meta name=\"twitter:label1\" content=\"Est. tempo de leitura\" \/>\n\t<meta name=\"twitter:data1\" content=\"6 minutos\" \/>\n<script type=\"application\/ld+json\" class=\"yoast-schema-graph\">{\"@context\":\"https:\/\/schema.org\",\"@graph\":[{\"@type\":\"WebPage\",\"@id\":\"https:\/\/emprad.org.br\/2024\/trabalhos\/regras-de-submissao\/\",\"url\":\"https:\/\/emprad.org.br\/2024\/trabalhos\/regras-de-submissao\/\",\"name\":\"Regras de Submiss\u00e3o - Emprad 2024\",\"isPartOf\":{\"@id\":\"https:\/\/emprad.org.br\/2024\/#website\"},\"datePublished\":\"2023-08-07T16:27:04+00:00\",\"dateModified\":\"2024-07-25T16:45:35+00:00\",\"breadcrumb\":{\"@id\":\"https:\/\/emprad.org.br\/2024\/trabalhos\/regras-de-submissao\/#breadcrumb\"},\"inLanguage\":\"pt-BR\",\"potentialAction\":[{\"@type\":\"ReadAction\",\"target\":[\"https:\/\/emprad.org.br\/2024\/trabalhos\/regras-de-submissao\/\"]}]},{\"@type\":\"BreadcrumbList\",\"@id\":\"https:\/\/emprad.org.br\/2024\/trabalhos\/regras-de-submissao\/#breadcrumb\",\"itemListElement\":[{\"@type\":\"ListItem\",\"position\":1,\"name\":\"Trabalhos\",\"item\":\"https:\/\/emprad.org.br\/2024\/trabalhos\/\"},{\"@type\":\"ListItem\",\"position\":2,\"name\":\"Regras de Submiss\u00e3o\"}]},{\"@type\":\"WebSite\",\"@id\":\"https:\/\/emprad.org.br\/2024\/#website\",\"url\":\"https:\/\/emprad.org.br\/2024\/\",\"name\":\"Emprad 2024\",\"description\":\"Encontro dos Programas de P\u00f3s-Gradua\u00e7\u00e3o Profissionais em Administra\u00e7\u00e3o\",\"potentialAction\":[{\"@type\":\"SearchAction\",\"target\":{\"@type\":\"EntryPoint\",\"urlTemplate\":\"https:\/\/emprad.org.br\/2024\/?s={search_term_string}\"},\"query-input\":{\"@type\":\"PropertyValueSpecification\",\"valueRequired\":true,\"valueName\":\"search_term_string\"}}],\"inLanguage\":\"pt-BR\"}]}<\/script>\n<!-- \/ Yoast SEO plugin. -->","yoast_head_json":{"title":"Regras de Submiss\u00e3o - Emprad 2024","robots":{"index":"index","follow":"follow","max-snippet":"max-snippet:-1","max-image-preview":"max-image-preview:large","max-video-preview":"max-video-preview:-1"},"canonical":"https:\/\/emprad.org.br\/2024\/trabalhos\/regras-de-submissao\/","og_locale":"pt_BR","og_type":"article","og_title":"Regras de Submiss\u00e3o - Emprad 2024","og_description":"Regras de Submiss\u00e3o \u2013 Podem ser submetidos artigos aplicados, relatos t\u00e9cnicos e casos de ensino. \u2013 A submiss\u00e3o de trabalhos ser\u00e1 exclusivamente pela Internet. \u2013 O trabalho deve ser in\u00e9dito, contudo, ser\u00e3o aceitos trabalhos em desenvolvimento, mesmo j\u00e1 apresentados em outros congressos que n\u00e3o o Emprad e que n\u00e3o tenham j\u00e1 sido submetidos e\/ou publicados...","og_url":"https:\/\/emprad.org.br\/2024\/trabalhos\/regras-de-submissao\/","og_site_name":"Emprad 2024","article_modified_time":"2024-07-25T16:45:35+00:00","twitter_card":"summary_large_image","twitter_misc":{"Est. tempo de leitura":"6 minutos"},"schema":{"@context":"https:\/\/schema.org","@graph":[{"@type":"WebPage","@id":"https:\/\/emprad.org.br\/2024\/trabalhos\/regras-de-submissao\/","url":"https:\/\/emprad.org.br\/2024\/trabalhos\/regras-de-submissao\/","name":"Regras de Submiss\u00e3o - Emprad 2024","isPartOf":{"@id":"https:\/\/emprad.org.br\/2024\/#website"},"datePublished":"2023-08-07T16:27:04+00:00","dateModified":"2024-07-25T16:45:35+00:00","breadcrumb":{"@id":"https:\/\/emprad.org.br\/2024\/trabalhos\/regras-de-submissao\/#breadcrumb"},"inLanguage":"pt-BR","potentialAction":[{"@type":"ReadAction","target":["https:\/\/emprad.org.br\/2024\/trabalhos\/regras-de-submissao\/"]}]},{"@type":"BreadcrumbList","@id":"https:\/\/emprad.org.br\/2024\/trabalhos\/regras-de-submissao\/#breadcrumb","itemListElement":[{"@type":"ListItem","position":1,"name":"Trabalhos","item":"https:\/\/emprad.org.br\/2024\/trabalhos\/"},{"@type":"ListItem","position":2,"name":"Regras de Submiss\u00e3o"}]},{"@type":"WebSite","@id":"https:\/\/emprad.org.br\/2024\/#website","url":"https:\/\/emprad.org.br\/2024\/","name":"Emprad 2024","description":"Encontro dos Programas de P\u00f3s-Gradua\u00e7\u00e3o Profissionais em Administra\u00e7\u00e3o","potentialAction":[{"@type":"SearchAction","target":{"@type":"EntryPoint","urlTemplate":"https:\/\/emprad.org.br\/2024\/?s={search_term_string}"},"query-input":{"@type":"PropertyValueSpecification","valueRequired":true,"valueName":"search_term_string"}}],"inLanguage":"pt-BR"}]}},"_links":{"self":[{"href":"https:\/\/emprad.org.br\/2024\/wp-json\/wp\/v2\/pages\/3168","targetHints":{"allow":["GET"]}}],"collection":[{"href":"https:\/\/emprad.org.br\/2024\/wp-json\/wp\/v2\/pages"}],"about":[{"href":"https:\/\/emprad.org.br\/2024\/wp-json\/wp\/v2\/types\/page"}],"author":[{"embeddable":true,"href":"https:\/\/emprad.org.br\/2024\/wp-json\/wp\/v2\/users\/3"}],"replies":[{"embeddable":true,"href":"https:\/\/emprad.org.br\/2024\/wp-json\/wp\/v2\/comments?post=3168"}],"version-history":[{"count":23,"href":"https:\/\/emprad.org.br\/2024\/wp-json\/wp\/v2\/pages\/3168\/revisions"}],"predecessor-version":[{"id":4638,"href":"https:\/\/emprad.org.br\/2024\/wp-json\/wp\/v2\/pages\/3168\/revisions\/4638"}],"up":[{"embeddable":true,"href":"https:\/\/emprad.org.br\/2024\/wp-json\/wp\/v2\/pages\/3010"}],"wp:attachment":[{"href":"https:\/\/emprad.org.br\/2024\/wp-json\/wp\/v2\/media?parent=3168"}],"curies":[{"name":"wp","href":"https:\/\/api.w.org\/{rel}","templated":true}]}}