{"id":3086,"date":"2023-08-04T16:17:20","date_gmt":"2023-08-04T19:17:20","guid":{"rendered":"https:\/\/emprad.org.br\/2024\/?page_id=3086"},"modified":"2024-03-08T17:05:41","modified_gmt":"2024-03-08T20:05:41","slug":"operacoes","status":"publish","type":"page","link":"https:\/\/emprad.org.br\/2024\/areas\/operacoes\/","title":{"rendered":"Opera\u00e7\u00f5es"},"content":{"rendered":"\t\t<div data-elementor-type=\"wp-page\" data-elementor-id=\"3086\" class=\"elementor elementor-3086\">\n\t\t\t\t\t\t<section class=\"elementor-section elementor-top-section elementor-element elementor-element-a52fd0f elementor-section-boxed elementor-section-height-default elementor-section-height-default\" data-id=\"a52fd0f\" data-element_type=\"section\" data-e-type=\"section\">\n\t\t\t\t\t\t<div class=\"elementor-container elementor-column-gap-default\">\n\t\t\t\t\t<div class=\"elementor-column elementor-col-100 elementor-top-column elementor-element elementor-element-eec3327\" data-id=\"eec3327\" data-element_type=\"column\" data-e-type=\"column\">\n\t\t\t<div class=\"elementor-widget-wrap elementor-element-populated\">\n\t\t\t\t\t\t<section class=\"elementor-section elementor-inner-section elementor-element elementor-element-3437cf7 elementor-section-boxed elementor-section-height-default elementor-section-height-default\" data-id=\"3437cf7\" data-element_type=\"section\" data-e-type=\"section\">\n\t\t\t\t\t\t<div class=\"elementor-container elementor-column-gap-default\">\n\t\t\t\t\t<div class=\"elementor-column elementor-col-50 elementor-inner-column elementor-element elementor-element-fb2bbac\" data-id=\"fb2bbac\" data-element_type=\"column\" data-e-type=\"column\">\n\t\t\t<div class=\"elementor-widget-wrap elementor-element-populated\">\n\t\t\t\t\t\t<div class=\"elementor-element elementor-element-d751963 elementor-widget__width-initial elementor-widget elementor-widget-image\" data-id=\"d751963\" data-element_type=\"widget\" data-e-type=\"widget\" data-widget_type=\"image.default\">\n\t\t\t\t<div class=\"elementor-widget-container\">\n\t\t\t\t\t\t\t\t\t\t\t\t\t\t\t<img decoding=\"async\" src=\"https:\/\/emprad.org.br\/2024\/wp-content\/uploads\/sites\/17\/elementor\/thumbs\/Cristina-Sartoretto-r2ny54vyuz7gtkq084cplfitt107pnl2v0qqxv9f1k.png\" title=\"Cristina Sartoretto\" alt=\"Cristina Sartoretto\" loading=\"lazy\" \/>\t\t\t\t\t\t\t\t\t\t\t\t\t\t\t<\/div>\n\t\t\t\t<\/div>\n\t\t\t\t\t<\/div>\n\t\t<\/div>\n\t\t\t\t<div class=\"elementor-column elementor-col-50 elementor-inner-column elementor-element elementor-element-876d115\" data-id=\"876d115\" data-element_type=\"column\" data-e-type=\"column\">\n\t\t\t<div class=\"elementor-widget-wrap elementor-element-populated\">\n\t\t\t\t\t\t<div class=\"elementor-element elementor-element-07a474a elementor-widget elementor-widget-text-editor\" data-id=\"07a474a\" data-element_type=\"widget\" data-e-type=\"widget\" data-widget_type=\"text-editor.default\">\n\t\t\t\t<div class=\"elementor-widget-container\">\n\t\t\t\t\t\t\t\t\t<p><strong>Coordenadora<br \/><br \/><\/strong><strong>Profa. Dra. Cristina Sartoretto<br \/><br \/><\/strong><a href=\"http:\/\/lattes.cnpq.br\/4259114544462025\">Lattes<\/a><br \/><br \/><em>FGV EAESP\u00a0<\/em><\/p>\t\t\t\t\t\t\t\t<\/div>\n\t\t\t\t<\/div>\n\t\t\t\t\t<\/div>\n\t\t<\/div>\n\t\t\t\t\t<\/div>\n\t\t<\/section>\n\t\t\t\t<section class=\"elementor-section elementor-inner-section elementor-element elementor-element-dbfdf72 elementor-section-boxed elementor-section-height-default elementor-section-height-default\" data-id=\"dbfdf72\" data-element_type=\"section\" data-e-type=\"section\">\n\t\t\t\t\t\t<div class=\"elementor-container elementor-column-gap-default\">\n\t\t\t\t\t<div class=\"elementor-column elementor-col-50 elementor-inner-column elementor-element elementor-element-03469a6\" data-id=\"03469a6\" data-element_type=\"column\" data-e-type=\"column\">\n\t\t\t<div class=\"elementor-widget-wrap elementor-element-populated\">\n\t\t\t\t\t\t<div class=\"elementor-element elementor-element-3aa8a3c elementor-widget__width-initial elementor-widget elementor-widget-image\" data-id=\"3aa8a3c\" data-element_type=\"widget\" data-e-type=\"widget\" data-widget_type=\"image.default\">\n\t\t\t\t<div class=\"elementor-widget-container\">\n\t\t\t\t\t\t\t\t\t\t\t\t\t\t\t<img decoding=\"async\" src=\"https:\/\/emprad.org.br\/2024\/wp-content\/uploads\/sites\/17\/elementor\/thumbs\/Prof-Kenyth-r2ny5eacrrcp5utouf83b4jf5nk78jnjw14201s1wy.jpg\" title=\"Prof Kenyth\" alt=\"Prof Kenyth\" loading=\"lazy\" \/>\t\t\t\t\t\t\t\t\t\t\t\t\t\t\t<\/div>\n\t\t\t\t<\/div>\n\t\t\t\t\t<\/div>\n\t\t<\/div>\n\t\t\t\t<div class=\"elementor-column elementor-col-50 elementor-inner-column elementor-element elementor-element-2785423\" data-id=\"2785423\" data-element_type=\"column\" data-e-type=\"column\">\n\t\t\t<div class=\"elementor-widget-wrap elementor-element-populated\">\n\t\t\t\t\t\t<div class=\"elementor-element elementor-element-adf09b6 elementor-widget__width-initial elementor-widget elementor-widget-text-editor\" data-id=\"adf09b6\" data-element_type=\"widget\" data-e-type=\"widget\" data-widget_type=\"text-editor.default\">\n\t\t\t\t<div class=\"elementor-widget-container\">\n\t\t\t\t\t\t\t\t\t<strong>Coordenador<\/strong>\n<br><br>\n<strong>Prof. Dr. Kenyth Freitas<\/strong>\n<br>\n<br>\n<a href=\"http:\/\/lattes.cnpq.br\/5059045965061971\">Lattes<\/a>\n<br>\n<br>\n<em>Ibmec RJ <\/em>\t\t\t\t\t\t\t\t<\/div>\n\t\t\t\t<\/div>\n\t\t\t\t\t<\/div>\n\t\t<\/div>\n\t\t\t\t\t<\/div>\n\t\t<\/section>\n\t\t\t\t<div class=\"elementor-element elementor-element-a658fc4 elementor-widget-divider--separator-type-pattern elementor-widget-divider--no-spacing elementor-widget-divider--view-line elementor-widget elementor-widget-divider\" data-id=\"a658fc4\" data-element_type=\"widget\" data-e-type=\"widget\" data-widget_type=\"divider.default\">\n\t\t\t\t<div class=\"elementor-widget-container\">\n\t\t\t\t\t\t\t<div class=\"elementor-divider\" style=\"--divider-pattern-url: url(&quot;data:image\/svg+xml,%3Csvg xmlns=&#039;http:\/\/www.w3.org\/2000\/svg&#039; preserveAspectRatio=&#039;xMidYMid meet&#039; overflow=&#039;visible&#039; height=&#039;100%&#039; viewBox=&#039;0 0 120 26&#039; fill=&#039;black&#039; stroke=&#039;none&#039;%3E%3Cpolygon points=&#039;0,14.4 0,21 11.5,12.4 21.3,20 30.4,11.1 40.3,20 51,12.4 60.6,20 69.6,11.1 79.3,20 90.1,12.4 99.6,20 109.7,11.1 120,21 120,14.4 109.7,5 99.6,13 90.1,5 79.3,14.5 71,5.7 60.6,12.4 51,5 40.3,14.5 31.1,5 21.3,13 11.5,5 \t&#039;\/%3E%3C\/svg%3E&quot;);\">\n\t\t\t<span class=\"elementor-divider-separator\">\n\t\t\t\t\t\t<\/span>\n\t\t<\/div>\n\t\t\t\t\t\t<\/div>\n\t\t\t\t<\/div>\n\t\t\t\t<div class=\"elementor-element elementor-element-d17908e elementor-widget elementor-widget-heading\" data-id=\"d17908e\" data-element_type=\"widget\" data-e-type=\"widget\" data-widget_type=\"heading.default\">\n\t\t\t\t<div class=\"elementor-widget-container\">\n\t\t\t\t\t<h2 class=\"elementor-heading-title elementor-size-default\">Temas<\/h2>\t\t\t\t<\/div>\n\t\t\t\t<\/div>\n\t\t\t\t<div class=\"elementor-element elementor-element-ed91253 elementor-widget elementor-widget-accordion\" data-id=\"ed91253\" data-element_type=\"widget\" data-e-type=\"widget\" data-widget_type=\"accordion.default\">\n\t\t\t\t<div class=\"elementor-widget-container\">\n\t\t\t\t\t\t\t<div class=\"elementor-accordion\">\n\t\t\t\t\t\t\t<div class=\"elementor-accordion-item\">\n\t\t\t\t\t<div id=\"elementor-tab-title-2491\" class=\"elementor-tab-title\" data-tab=\"1\" role=\"button\" aria-controls=\"elementor-tab-content-2491\" aria-expanded=\"false\">\n\t\t\t\t\t\t\t\t\t\t\t\t\t<span class=\"elementor-accordion-icon elementor-accordion-icon-left\" aria-hidden=\"true\">\n\t\t\t\t\t\t\t\t\t\t\t\t\t\t\t<span class=\"elementor-accordion-icon-closed\"><i class=\"fas fa-plus\"><\/i><\/span>\n\t\t\t\t\t\t\t\t<span class=\"elementor-accordion-icon-opened\"><i class=\"fas fa-minus\"><\/i><\/span>\n\t\t\t\t\t\t\t\t\t\t\t\t\t\t<\/span>\n\t\t\t\t\t\t\t\t\t\t\t\t<a class=\"elementor-accordion-title\" tabindex=\"0\">Economia Circular e Sustentabilidade em Opera\u00e7\u00f5es e Cadeia de Suprimentos<\/a>\n\t\t\t\t\t<\/div>\n\t\t\t\t\t<div id=\"elementor-tab-content-2491\" class=\"elementor-tab-content elementor-clearfix\" data-tab=\"1\" role=\"region\" aria-labelledby=\"elementor-tab-title-2491\"><div style=\"display: flex;\"><div style=\"flex-direction: column;\"><img decoding=\"async\" style=\"margin: 0 15px; width: 100px;\" src=\"https:\/\/emprad.org.br\/2024\/2023\/wp-content\/uploads\/sites\/13\/elementor\/thumbs\/Dafne-Oliveira-C.-de-Morais-qi40g9iejrbxyxkayxcpbm99p57gzkb5iwn9ud2u2a.png\" \/><\/div><div style=\"flex-direction: column;\"><p>L\u00edderes<br \/><strong>Profa. Dra. Dafne Oliveira C. de Morais<br \/><\/strong><a href=\"http:\/\/lattes.cnpq.br\/9507245056258628\" target=\"_blank\" rel=\"noopener\">Lattes<\/a><br \/><em>FEI<\/em><\/p><\/div><\/div><div style=\"display: flex;\"><div style=\"flex-direction: column;\"><img decoding=\"async\" style=\"margin: 0 15px; width: 100px;\" src=\"http:\/\/servicosweb.cnpq.br\/wspessoa\/servletrecuperafoto?tipo=1&amp;id=K4777346E6\" \/><\/div><div style=\"flex-direction: column;\"><div><strong>Prof. Dr. Fernando Luiz Emerenciano Viana<\/strong><\/div><div style=\"flex-direction: column;\"><a href=\"http:\/\/lattes.cnpq.br\/5450694333209887\" target=\"_blank\" rel=\"noopener\">Lattes<\/a><\/div><div style=\"flex-direction: column;\"><em>UNIFOR<\/em><\/div><\/div><\/div><\/div>\n\t\t\t\t<\/div>\n\t\t\t\t\t\t\t<div class=\"elementor-accordion-item\">\n\t\t\t\t\t<div id=\"elementor-tab-title-2492\" class=\"elementor-tab-title\" data-tab=\"2\" role=\"button\" aria-controls=\"elementor-tab-content-2492\" aria-expanded=\"false\">\n\t\t\t\t\t\t\t\t\t\t\t\t\t<span class=\"elementor-accordion-icon elementor-accordion-icon-left\" aria-hidden=\"true\">\n\t\t\t\t\t\t\t\t\t\t\t\t\t\t\t<span class=\"elementor-accordion-icon-closed\"><i class=\"fas fa-plus\"><\/i><\/span>\n\t\t\t\t\t\t\t\t<span class=\"elementor-accordion-icon-opened\"><i class=\"fas fa-minus\"><\/i><\/span>\n\t\t\t\t\t\t\t\t\t\t\t\t\t\t<\/span>\n\t\t\t\t\t\t\t\t\t\t\t\t<a class=\"elementor-accordion-title\" tabindex=\"0\">Gest\u00e3o Estrat\u00e9gica de Opera\u00e7\u00f5es e Cadeias de Suprimentos\t<\/a>\n\t\t\t\t\t<\/div>\n\t\t\t\t\t<div id=\"elementor-tab-content-2492\" class=\"elementor-tab-content elementor-clearfix\" data-tab=\"2\" role=\"region\" aria-labelledby=\"elementor-tab-title-2492\"><div style=\"display: flex;\"><div style=\"flex-direction: column;\"><img decoding=\"async\" style=\"margin: 0 15px; width: 100px;\" src=\"http:\/\/servicosweb.cnpq.br\/wspessoa\/servletrecuperafoto?tipo=1&amp;id=K4518998U5\" \/><\/div><div style=\"flex-direction: column;\"><p>L\u00edder<br \/><strong>Prof. Dr. M\u00e1rcio Lopes Pimenta<br \/><\/strong><a href=\"http:\/\/lattes.cnpq.br\/3026927581342826\" target=\"_blank\" rel=\"noopener\">Lattes<\/a><br \/><em>Universidade Federal de Uberl\u00e2ndia<\/em><\/p><div>\u00a0<\/div><\/div><\/div><\/div>\n\t\t\t\t<\/div>\n\t\t\t\t\t\t\t<div class=\"elementor-accordion-item\">\n\t\t\t\t\t<div id=\"elementor-tab-title-2493\" class=\"elementor-tab-title\" data-tab=\"3\" role=\"button\" aria-controls=\"elementor-tab-content-2493\" aria-expanded=\"false\">\n\t\t\t\t\t\t\t\t\t\t\t\t\t<span class=\"elementor-accordion-icon elementor-accordion-icon-left\" aria-hidden=\"true\">\n\t\t\t\t\t\t\t\t\t\t\t\t\t\t\t<span class=\"elementor-accordion-icon-closed\"><i class=\"fas fa-plus\"><\/i><\/span>\n\t\t\t\t\t\t\t\t<span class=\"elementor-accordion-icon-opened\"><i class=\"fas fa-minus\"><\/i><\/span>\n\t\t\t\t\t\t\t\t\t\t\t\t\t\t<\/span>\n\t\t\t\t\t\t\t\t\t\t\t\t<a class=\"elementor-accordion-title\" tabindex=\"0\">Gest\u00e3o da Inova\u00e7\u00e3o em Opera\u00e7\u00f5es e Cadeias de Suprimentos<\/a>\n\t\t\t\t\t<\/div>\n\t\t\t\t\t<div id=\"elementor-tab-content-2493\" class=\"elementor-tab-content elementor-clearfix\" data-tab=\"3\" role=\"region\" aria-labelledby=\"elementor-tab-title-2493\"><div style=\"display: flex;\">\n<div style=\"flex-direction: column;\"><img decoding=\"async\" style=\"margin: 0 15px; width: 100px;\" src=\"https:\/\/emprad.org.br\/2024\/2023\/wp-content\/uploads\/sites\/13\/2023\/10\/Luciana-Hashib-300x300-1.jpg\" \/><\/div>\n<div style=\"flex-direction: column;\">\n\nL\u00edder\n<div><strong>Profa. Dra. Luciana Hashiba<\/strong><\/div>\n<div style=\"flex-direction: column;\"><a href=\"http:\/\/lattes.cnpq.br\/8697810101977455\" target=\"_blank\" rel=\"noopener\">Lattes<\/a><\/div>\n<div>FGV EAESP<\/div>\n<div><\/div>\n<\/div>\n<\/div><\/div>\n\t\t\t\t<\/div>\n\t\t\t\t\t\t\t<div class=\"elementor-accordion-item\">\n\t\t\t\t\t<div id=\"elementor-tab-title-2494\" class=\"elementor-tab-title\" data-tab=\"4\" role=\"button\" aria-controls=\"elementor-tab-content-2494\" aria-expanded=\"false\">\n\t\t\t\t\t\t\t\t\t\t\t\t\t<span class=\"elementor-accordion-icon elementor-accordion-icon-left\" aria-hidden=\"true\">\n\t\t\t\t\t\t\t\t\t\t\t\t\t\t\t<span class=\"elementor-accordion-icon-closed\"><i class=\"fas fa-plus\"><\/i><\/span>\n\t\t\t\t\t\t\t\t<span class=\"elementor-accordion-icon-opened\"><i class=\"fas fa-minus\"><\/i><\/span>\n\t\t\t\t\t\t\t\t\t\t\t\t\t\t<\/span>\n\t\t\t\t\t\t\t\t\t\t\t\t<a class=\"elementor-accordion-title\" tabindex=\"0\">Gest\u00e3o de Log\u00edstica<\/a>\n\t\t\t\t\t<\/div>\n\t\t\t\t\t<div id=\"elementor-tab-content-2494\" class=\"elementor-tab-content elementor-clearfix\" data-tab=\"4\" role=\"region\" aria-labelledby=\"elementor-tab-title-2494\"><div style=\"display: flex;\"><div style=\"flex-direction: column;\"><img decoding=\"async\" class=\"alignnone wp-image-4173 size-thumbnail\" style=\"margin-right: 8px;\" src=\"https:\/\/emprad.org.br\/2024\/wp-content\/uploads\/2024\/03\/Paulo-Renato-Sousa-150x150.jpg\" alt=\"\" width=\"150\" height=\"150\" srcset=\"https:\/\/emprad.org.br\/2024\/wp-content\/uploads\/sites\/17\/2024\/03\/Paulo-Renato-Sousa-150x150.jpg 150w, https:\/\/emprad.org.br\/2024\/wp-content\/uploads\/sites\/17\/2024\/03\/Paulo-Renato-Sousa.jpg 234w\" sizes=\"(max-width: 150px) 100vw, 150px\" \/><\/div><div style=\"flex-direction: column;\"><p>L\u00edder<br \/><strong>Prof. Dr. Paulo Renato Sousa<br \/><\/strong><a href=\"http:\/\/lattes.cnpq.br\/1034300384416539\" target=\"_blank\" rel=\"noopener\">Lattes<\/a><br \/><em>FDC<\/em><\/p><\/div><\/div><\/div>\n\t\t\t\t<\/div>\n\t\t\t\t\t\t\t\t<\/div>\n\t\t\t\t\t\t<\/div>\n\t\t\t\t<\/div>\n\t\t\t\t\t<\/div>\n\t\t<\/div>\n\t\t\t\t\t<\/div>\n\t\t<\/section>\n\t\t\t\t<\/div>\n\t\t","protected":false},"excerpt":{"rendered":"<p>Coordenadora Profa. Dra. Cristina Sartoretto Lattes FGV EAESP\u00a0 Coordenador Prof. Dr. Kenyth Freitas Lattes Ibmec RJ Temas Economia Circular e Sustentabilidade em Opera\u00e7\u00f5es e Cadeia de Suprimentos L\u00edderesProfa. Dra. Dafne Oliveira C. de MoraisLattesFEI Prof. Dr. Fernando Luiz Emerenciano VianaLattesUNIFOR Gest\u00e3o Estrat\u00e9gica de Opera\u00e7\u00f5es e Cadeias de Suprimentos L\u00edderProf. Dr. M\u00e1rcio Lopes PimentaLattesUniversidade Federal de&#8230;<\/p>\n","protected":false},"author":3,"featured_media":0,"parent":2962,"menu_order":0,"comment_status":"closed","ping_status":"closed","template":"","meta":{"inline_featured_image":false,"footnotes":""},"class_list":["post-3086","page","type-page","status-publish","hentry"],"yoast_head":"<!-- This site is optimized with the Yoast SEO plugin v27.2 - https:\/\/yoast.com\/product\/yoast-seo-wordpress\/ -->\n<title>Opera\u00e7\u00f5es - Emprad 2024<\/title>\n<meta name=\"robots\" content=\"index, follow, max-snippet:-1, max-image-preview:large, max-video-preview:-1\" \/>\n<link rel=\"canonical\" href=\"https:\/\/emprad.org.br\/2024\/areas\/operacoes\/\" \/>\n<meta property=\"og:locale\" content=\"pt_BR\" \/>\n<meta property=\"og:type\" content=\"article\" \/>\n<meta property=\"og:title\" content=\"Opera\u00e7\u00f5es - Emprad 2024\" \/>\n<meta property=\"og:description\" content=\"Coordenadora Profa. Dra. Cristina Sartoretto Lattes FGV EAESP\u00a0 Coordenador Prof. Dr. Kenyth Freitas Lattes Ibmec RJ Temas Economia Circular e Sustentabilidade em Opera\u00e7\u00f5es e Cadeia de Suprimentos L\u00edderesProfa. Dra. Dafne Oliveira C. de MoraisLattesFEI Prof. Dr. Fernando Luiz Emerenciano VianaLattesUNIFOR Gest\u00e3o Estrat\u00e9gica de Opera\u00e7\u00f5es e Cadeias de Suprimentos L\u00edderProf. Dr. M\u00e1rcio Lopes PimentaLattesUniversidade Federal de...\" \/>\n<meta property=\"og:url\" content=\"https:\/\/emprad.org.br\/2024\/areas\/operacoes\/\" \/>\n<meta property=\"og:site_name\" content=\"Emprad 2024\" \/>\n<meta property=\"article:modified_time\" content=\"2024-03-08T20:05:41+00:00\" \/>\n<meta property=\"og:image\" content=\"https:\/\/emprad.org.br\/2024\/wp-content\/uploads\/sites\/17\/elementor\/thumbs\/Cristina-Sartoretto-qi28bm4so76d9givpt6z7fqhkwek4a3l4fo82x8bxk.png\" \/>\n<meta name=\"twitter:card\" content=\"summary_large_image\" \/>\n<meta name=\"twitter:label1\" content=\"Est. tempo de leitura\" \/>\n\t<meta name=\"twitter:data1\" content=\"2 minutos\" \/>\n<script type=\"application\/ld+json\" class=\"yoast-schema-graph\">{\"@context\":\"https:\/\/schema.org\",\"@graph\":[{\"@type\":\"WebPage\",\"@id\":\"https:\/\/emprad.org.br\/2024\/areas\/operacoes\/\",\"url\":\"https:\/\/emprad.org.br\/2024\/areas\/operacoes\/\",\"name\":\"Opera\u00e7\u00f5es - Emprad 2024\",\"isPartOf\":{\"@id\":\"https:\/\/emprad.org.br\/2024\/#website\"},\"primaryImageOfPage\":{\"@id\":\"https:\/\/emprad.org.br\/2024\/areas\/operacoes\/#primaryimage\"},\"image\":{\"@id\":\"https:\/\/emprad.org.br\/2024\/areas\/operacoes\/#primaryimage\"},\"thumbnailUrl\":\"https:\/\/emprad.org.br\/2024\/wp-content\/uploads\/sites\/17\/elementor\/thumbs\/Cristina-Sartoretto-qi28bm4so76d9givpt6z7fqhkwek4a3l4fo82x8bxk.png\",\"datePublished\":\"2023-08-04T19:17:20+00:00\",\"dateModified\":\"2024-03-08T20:05:41+00:00\",\"breadcrumb\":{\"@id\":\"https:\/\/emprad.org.br\/2024\/areas\/operacoes\/#breadcrumb\"},\"inLanguage\":\"pt-BR\",\"potentialAction\":[{\"@type\":\"ReadAction\",\"target\":[\"https:\/\/emprad.org.br\/2024\/areas\/operacoes\/\"]}]},{\"@type\":\"ImageObject\",\"inLanguage\":\"pt-BR\",\"@id\":\"https:\/\/emprad.org.br\/2024\/areas\/operacoes\/#primaryimage\",\"url\":\"https:\/\/emprad.org.br\/2024\/wp-content\/uploads\/sites\/17\/elementor\/thumbs\/Cristina-Sartoretto-qi28bm4so76d9givpt6z7fqhkwek4a3l4fo82x8bxk.png\",\"contentUrl\":\"https:\/\/emprad.org.br\/2024\/wp-content\/uploads\/sites\/17\/elementor\/thumbs\/Cristina-Sartoretto-qi28bm4so76d9givpt6z7fqhkwek4a3l4fo82x8bxk.png\"},{\"@type\":\"BreadcrumbList\",\"@id\":\"https:\/\/emprad.org.br\/2024\/areas\/operacoes\/#breadcrumb\",\"itemListElement\":[{\"@type\":\"ListItem\",\"position\":1,\"name\":\"\u00c1reas\",\"item\":\"https:\/\/emprad.org.br\/2024\/areas\/\"},{\"@type\":\"ListItem\",\"position\":2,\"name\":\"Opera\u00e7\u00f5es\"}]},{\"@type\":\"WebSite\",\"@id\":\"https:\/\/emprad.org.br\/2024\/#website\",\"url\":\"https:\/\/emprad.org.br\/2024\/\",\"name\":\"Emprad 2024\",\"description\":\"Encontro dos Programas de P\u00f3s-Gradua\u00e7\u00e3o Profissionais em Administra\u00e7\u00e3o\",\"potentialAction\":[{\"@type\":\"SearchAction\",\"target\":{\"@type\":\"EntryPoint\",\"urlTemplate\":\"https:\/\/emprad.org.br\/2024\/?s={search_term_string}\"},\"query-input\":{\"@type\":\"PropertyValueSpecification\",\"valueRequired\":true,\"valueName\":\"search_term_string\"}}],\"inLanguage\":\"pt-BR\"}]}<\/script>\n<!-- \/ Yoast SEO plugin. -->","yoast_head_json":{"title":"Opera\u00e7\u00f5es - Emprad 2024","robots":{"index":"index","follow":"follow","max-snippet":"max-snippet:-1","max-image-preview":"max-image-preview:large","max-video-preview":"max-video-preview:-1"},"canonical":"https:\/\/emprad.org.br\/2024\/areas\/operacoes\/","og_locale":"pt_BR","og_type":"article","og_title":"Opera\u00e7\u00f5es - Emprad 2024","og_description":"Coordenadora Profa. Dra. Cristina Sartoretto Lattes FGV EAESP\u00a0 Coordenador Prof. Dr. Kenyth Freitas Lattes Ibmec RJ Temas Economia Circular e Sustentabilidade em Opera\u00e7\u00f5es e Cadeia de Suprimentos L\u00edderesProfa. Dra. Dafne Oliveira C. de MoraisLattesFEI Prof. Dr. Fernando Luiz Emerenciano VianaLattesUNIFOR Gest\u00e3o Estrat\u00e9gica de Opera\u00e7\u00f5es e Cadeias de Suprimentos L\u00edderProf. Dr. M\u00e1rcio Lopes PimentaLattesUniversidade Federal de...","og_url":"https:\/\/emprad.org.br\/2024\/areas\/operacoes\/","og_site_name":"Emprad 2024","article_modified_time":"2024-03-08T20:05:41+00:00","og_image":[{"url":"https:\/\/emprad.org.br\/2024\/wp-content\/uploads\/sites\/17\/elementor\/thumbs\/Cristina-Sartoretto-qi28bm4so76d9givpt6z7fqhkwek4a3l4fo82x8bxk.png","type":"","width":"","height":""}],"twitter_card":"summary_large_image","twitter_misc":{"Est. tempo de leitura":"2 minutos"},"schema":{"@context":"https:\/\/schema.org","@graph":[{"@type":"WebPage","@id":"https:\/\/emprad.org.br\/2024\/areas\/operacoes\/","url":"https:\/\/emprad.org.br\/2024\/areas\/operacoes\/","name":"Opera\u00e7\u00f5es - Emprad 2024","isPartOf":{"@id":"https:\/\/emprad.org.br\/2024\/#website"},"primaryImageOfPage":{"@id":"https:\/\/emprad.org.br\/2024\/areas\/operacoes\/#primaryimage"},"image":{"@id":"https:\/\/emprad.org.br\/2024\/areas\/operacoes\/#primaryimage"},"thumbnailUrl":"https:\/\/emprad.org.br\/2024\/wp-content\/uploads\/sites\/17\/elementor\/thumbs\/Cristina-Sartoretto-qi28bm4so76d9givpt6z7fqhkwek4a3l4fo82x8bxk.png","datePublished":"2023-08-04T19:17:20+00:00","dateModified":"2024-03-08T20:05:41+00:00","breadcrumb":{"@id":"https:\/\/emprad.org.br\/2024\/areas\/operacoes\/#breadcrumb"},"inLanguage":"pt-BR","potentialAction":[{"@type":"ReadAction","target":["https:\/\/emprad.org.br\/2024\/areas\/operacoes\/"]}]},{"@type":"ImageObject","inLanguage":"pt-BR","@id":"https:\/\/emprad.org.br\/2024\/areas\/operacoes\/#primaryimage","url":"https:\/\/emprad.org.br\/2024\/wp-content\/uploads\/sites\/17\/elementor\/thumbs\/Cristina-Sartoretto-qi28bm4so76d9givpt6z7fqhkwek4a3l4fo82x8bxk.png","contentUrl":"https:\/\/emprad.org.br\/2024\/wp-content\/uploads\/sites\/17\/elementor\/thumbs\/Cristina-Sartoretto-qi28bm4so76d9givpt6z7fqhkwek4a3l4fo82x8bxk.png"},{"@type":"BreadcrumbList","@id":"https:\/\/emprad.org.br\/2024\/areas\/operacoes\/#breadcrumb","itemListElement":[{"@type":"ListItem","position":1,"name":"\u00c1reas","item":"https:\/\/emprad.org.br\/2024\/areas\/"},{"@type":"ListItem","position":2,"name":"Opera\u00e7\u00f5es"}]},{"@type":"WebSite","@id":"https:\/\/emprad.org.br\/2024\/#website","url":"https:\/\/emprad.org.br\/2024\/","name":"Emprad 2024","description":"Encontro dos Programas de P\u00f3s-Gradua\u00e7\u00e3o Profissionais em Administra\u00e7\u00e3o","potentialAction":[{"@type":"SearchAction","target":{"@type":"EntryPoint","urlTemplate":"https:\/\/emprad.org.br\/2024\/?s={search_term_string}"},"query-input":{"@type":"PropertyValueSpecification","valueRequired":true,"valueName":"search_term_string"}}],"inLanguage":"pt-BR"}]}},"_links":{"self":[{"href":"https:\/\/emprad.org.br\/2024\/wp-json\/wp\/v2\/pages\/3086","targetHints":{"allow":["GET"]}}],"collection":[{"href":"https:\/\/emprad.org.br\/2024\/wp-json\/wp\/v2\/pages"}],"about":[{"href":"https:\/\/emprad.org.br\/2024\/wp-json\/wp\/v2\/types\/page"}],"author":[{"embeddable":true,"href":"https:\/\/emprad.org.br\/2024\/wp-json\/wp\/v2\/users\/3"}],"replies":[{"embeddable":true,"href":"https:\/\/emprad.org.br\/2024\/wp-json\/wp\/v2\/comments?post=3086"}],"version-history":[{"count":34,"href":"https:\/\/emprad.org.br\/2024\/wp-json\/wp\/v2\/pages\/3086\/revisions"}],"predecessor-version":[{"id":4187,"href":"https:\/\/emprad.org.br\/2024\/wp-json\/wp\/v2\/pages\/3086\/revisions\/4187"}],"up":[{"embeddable":true,"href":"https:\/\/emprad.org.br\/2024\/wp-json\/wp\/v2\/pages\/2962"}],"wp:attachment":[{"href":"https:\/\/emprad.org.br\/2024\/wp-json\/wp\/v2\/media?parent=3086"}],"curies":[{"name":"wp","href":"https:\/\/api.w.org\/{rel}","templated":true}]}}