{"id":3021,"date":"2023-08-04T14:41:27","date_gmt":"2023-08-04T17:41:27","guid":{"rendered":"https:\/\/emprad.org.br\/2024\/?page_id=3021"},"modified":"2024-06-25T15:04:04","modified_gmt":"2024-06-25T18:04:04","slug":"gestao-de-pessoas-nas-organizacoes","status":"publish","type":"page","link":"https:\/\/emprad.org.br\/2024\/areas\/gestao-de-pessoas-nas-organizacoes\/","title":{"rendered":"Gest\u00e3o de Pessoas nas Organiza\u00e7\u00f5es"},"content":{"rendered":"\t\t<div data-elementor-type=\"wp-page\" data-elementor-id=\"3021\" class=\"elementor elementor-3021\">\n\t\t\t\t\t\t<section class=\"elementor-section elementor-top-section elementor-element elementor-element-e327187 elementor-section-boxed elementor-section-height-default elementor-section-height-default\" data-id=\"e327187\" data-element_type=\"section\" data-e-type=\"section\">\n\t\t\t\t\t\t<div class=\"elementor-container elementor-column-gap-default\">\n\t\t\t\t\t<div class=\"elementor-column elementor-col-100 elementor-top-column elementor-element elementor-element-bcb2ef9\" data-id=\"bcb2ef9\" data-element_type=\"column\" data-e-type=\"column\">\n\t\t\t<div class=\"elementor-widget-wrap elementor-element-populated\">\n\t\t\t\t\t\t<section class=\"elementor-section elementor-inner-section elementor-element elementor-element-d5060f1 elementor-section-boxed elementor-section-height-default elementor-section-height-default\" data-id=\"d5060f1\" data-element_type=\"section\" data-e-type=\"section\">\n\t\t\t\t\t\t<div class=\"elementor-container elementor-column-gap-default\">\n\t\t\t\t\t<div class=\"elementor-column elementor-col-50 elementor-inner-column elementor-element elementor-element-2da0ce8\" data-id=\"2da0ce8\" data-element_type=\"column\" data-e-type=\"column\">\n\t\t\t<div class=\"elementor-widget-wrap elementor-element-populated\">\n\t\t\t\t\t\t<div class=\"elementor-element elementor-element-ad24d8a elementor-widget__width-initial elementor-widget elementor-widget-image\" data-id=\"ad24d8a\" data-element_type=\"widget\" data-e-type=\"widget\" data-widget_type=\"image.default\">\n\t\t\t\t<div class=\"elementor-widget-container\">\n\t\t\t\t\t\t\t\t\t\t\t\t\t\t\t<img decoding=\"async\" src=\"https:\/\/emprad.org.br\/2024\/wp-content\/uploads\/sites\/17\/elementor\/thumbs\/Profa_Izabela-r2ny5i1pj3hugao88gull3l9j71o3c2h8jpzx5mh82.jpg\" title=\"Profa_Izabela\" alt=\"Profa_Izabela\" loading=\"lazy\" \/>\t\t\t\t\t\t\t\t\t\t\t\t\t\t\t<\/div>\n\t\t\t\t<\/div>\n\t\t\t\t\t<\/div>\n\t\t<\/div>\n\t\t\t\t<div class=\"elementor-column elementor-col-50 elementor-inner-column elementor-element elementor-element-a656604\" data-id=\"a656604\" data-element_type=\"column\" data-e-type=\"column\">\n\t\t\t<div class=\"elementor-widget-wrap elementor-element-populated\">\n\t\t\t\t\t\t<div class=\"elementor-element elementor-element-cd063f8 elementor-widget__width-initial elementor-widget elementor-widget-text-editor\" data-id=\"cd063f8\" data-element_type=\"widget\" data-e-type=\"widget\" data-widget_type=\"text-editor.default\">\n\t\t\t\t<div class=\"elementor-widget-container\">\n\t\t\t\t\t\t\t\t\t<p><strong>Coordenadora<\/strong><\/p><p><strong>Profa. Dra. Izabela Taveira<\/strong><\/p><p><a href=\"http:\/\/lattes.cnpq.br\/0100981978645365\">Lattes<\/a><\/p><p><em>Universidade Federal Fluminense, UFF<\/em><\/p>\t\t\t\t\t\t\t\t<\/div>\n\t\t\t\t<\/div>\n\t\t\t\t\t<\/div>\n\t\t<\/div>\n\t\t\t\t\t<\/div>\n\t\t<\/section>\n\t\t\t\t<section class=\"elementor-section elementor-inner-section elementor-element elementor-element-870f4fd elementor-section-boxed elementor-section-height-default elementor-section-height-default\" data-id=\"870f4fd\" data-element_type=\"section\" data-e-type=\"section\">\n\t\t\t\t\t\t<div class=\"elementor-container elementor-column-gap-default\">\n\t\t\t\t\t<div class=\"elementor-column elementor-col-50 elementor-inner-column elementor-element elementor-element-94db87b\" data-id=\"94db87b\" data-element_type=\"column\" data-e-type=\"column\">\n\t\t\t<div class=\"elementor-widget-wrap elementor-element-populated\">\n\t\t\t\t\t\t<div class=\"elementor-element elementor-element-539d2c8 elementor-widget__width-initial elementor-widget elementor-widget-image\" data-id=\"539d2c8\" data-element_type=\"widget\" data-e-type=\"widget\" data-widget_type=\"image.default\">\n\t\t\t\t<div class=\"elementor-widget-container\">\n\t\t\t\t\t\t\t\t\t\t\t\t\t\t\t<img decoding=\"async\" src=\"https:\/\/emprad.org.br\/2024\/wp-content\/uploads\/sites\/17\/elementor\/thumbs\/elza-2-r2ny58nbmr4z871vrcsbw5ynlcbzyd15v9754e0eya.png\" title=\"elza\" alt=\"elza\" loading=\"lazy\" \/>\t\t\t\t\t\t\t\t\t\t\t\t\t\t\t<\/div>\n\t\t\t\t<\/div>\n\t\t\t\t\t<\/div>\n\t\t<\/div>\n\t\t\t\t<div class=\"elementor-column elementor-col-50 elementor-inner-column elementor-element elementor-element-ef99b05\" data-id=\"ef99b05\" data-element_type=\"column\" data-e-type=\"column\">\n\t\t\t<div class=\"elementor-widget-wrap elementor-element-populated\">\n\t\t\t\t\t\t<div class=\"elementor-element elementor-element-20e69b3 elementor-widget__width-initial elementor-widget elementor-widget-text-editor\" data-id=\"20e69b3\" data-element_type=\"widget\" data-e-type=\"widget\" data-widget_type=\"text-editor.default\">\n\t\t\t\t<div class=\"elementor-widget-container\">\n\t\t\t\t\t\t\t\t\t<p><strong>Coordenadora<\/strong><\/p><p><strong>Profa. Dra. Elza Veloso<\/strong><\/p><p><a href=\" http:\/\/lattes.cnpq.br\/1304309433016108\">Lattes<\/a><\/p><p><em>FIA<\/em><\/p>\t\t\t\t\t\t\t\t<\/div>\n\t\t\t\t<\/div>\n\t\t\t\t\t<\/div>\n\t\t<\/div>\n\t\t\t\t\t<\/div>\n\t\t<\/section>\n\t\t\t\t<div class=\"elementor-element elementor-element-6a92094 elementor-widget-divider--separator-type-pattern elementor-widget-divider--no-spacing elementor-widget-divider--view-line elementor-widget elementor-widget-divider\" data-id=\"6a92094\" data-element_type=\"widget\" data-e-type=\"widget\" data-widget_type=\"divider.default\">\n\t\t\t\t<div class=\"elementor-widget-container\">\n\t\t\t\t\t\t\t<div class=\"elementor-divider\" style=\"--divider-pattern-url: url(&quot;data:image\/svg+xml,%3Csvg xmlns=&#039;http:\/\/www.w3.org\/2000\/svg&#039; preserveAspectRatio=&#039;xMidYMid meet&#039; overflow=&#039;visible&#039; height=&#039;100%&#039; viewBox=&#039;0 0 120 26&#039; fill=&#039;black&#039; stroke=&#039;none&#039;%3E%3Cpolygon points=&#039;0,14.4 0,21 11.5,12.4 21.3,20 30.4,11.1 40.3,20 51,12.4 60.6,20 69.6,11.1 79.3,20 90.1,12.4 99.6,20 109.7,11.1 120,21 120,14.4 109.7,5 99.6,13 90.1,5 79.3,14.5 71,5.7 60.6,12.4 51,5 40.3,14.5 31.1,5 21.3,13 11.5,5 \t&#039;\/%3E%3C\/svg%3E&quot;);\">\n\t\t\t<span class=\"elementor-divider-separator\">\n\t\t\t\t\t\t<\/span>\n\t\t<\/div>\n\t\t\t\t\t\t<\/div>\n\t\t\t\t<\/div>\n\t\t\t\t<div class=\"elementor-element elementor-element-09333e8 elementor-widget elementor-widget-heading\" data-id=\"09333e8\" data-element_type=\"widget\" data-e-type=\"widget\" data-widget_type=\"heading.default\">\n\t\t\t\t<div class=\"elementor-widget-container\">\n\t\t\t\t\t<h2 class=\"elementor-heading-title elementor-size-default\">Temas<\/h2>\t\t\t\t<\/div>\n\t\t\t\t<\/div>\n\t\t\t\t<div class=\"elementor-element elementor-element-57676a6 elementor-widget elementor-widget-accordion\" data-id=\"57676a6\" data-element_type=\"widget\" data-e-type=\"widget\" data-widget_type=\"accordion.default\">\n\t\t\t\t<div class=\"elementor-widget-container\">\n\t\t\t\t\t\t\t<div class=\"elementor-accordion\">\n\t\t\t\t\t\t\t<div class=\"elementor-accordion-item\">\n\t\t\t\t\t<div id=\"elementor-tab-title-9161\" class=\"elementor-tab-title\" data-tab=\"1\" role=\"button\" aria-controls=\"elementor-tab-content-9161\" aria-expanded=\"false\">\n\t\t\t\t\t\t\t\t\t\t\t\t\t<span class=\"elementor-accordion-icon elementor-accordion-icon-left\" aria-hidden=\"true\">\n\t\t\t\t\t\t\t\t\t\t\t\t\t\t\t<span class=\"elementor-accordion-icon-closed\"><i class=\"fas fa-plus\"><\/i><\/span>\n\t\t\t\t\t\t\t\t<span class=\"elementor-accordion-icon-opened\"><i class=\"fas fa-minus\"><\/i><\/span>\n\t\t\t\t\t\t\t\t\t\t\t\t\t\t<\/span>\n\t\t\t\t\t\t\t\t\t\t\t\t<a class=\"elementor-accordion-title\" tabindex=\"0\">Qualidade de vida no trabalho, Fatores Humanos e Ergonomia<\/a>\n\t\t\t\t\t<\/div>\n\t\t\t\t\t<div id=\"elementor-tab-content-9161\" class=\"elementor-tab-content elementor-clearfix\" data-tab=\"1\" role=\"region\" aria-labelledby=\"elementor-tab-title-9161\"><div style=\"display: flex;\"><div style=\"flex-direction: column;\"><img decoding=\"async\" style=\"margin: 0 15px; width: 100px;\" src=\"https:\/\/emprad.org.br\/2024\/wp-content\/uploads\/2023\/08\/Thiago.png\" \/><\/div><div style=\"flex-direction: column;\"><div><strong>Prof. Dr. Thiago Gomes Lima<\/strong><\/div><div style=\"flex-direction: column;\"><a href=\"http:\/\/lattes.cnpq.br\/9619275258304148\" target=\"_blank\" rel=\"noopener\">Lattes<\/a><\/div><div style=\"flex-direction: column;\">Universidade Federal do Rio de Janeiro, UFRJ<\/div><div>\u00a0<\/div><\/div><\/div><p>Este tema tem como objetivo abranger estudos te\u00f3ricos, emp\u00edricos, metodologias, pr\u00e1ticas e pesquisas que gerem discuss\u00f5es em torno da tem\u00e1tica, sa\u00fade, seguran\u00e7a e qualidade de vida dentro e fora do trabalho, principalmente mediante as novas modalidades de organiza\u00e7\u00e3o do trabalho gerados pela pandemia da Covid-19 como o\u00a0<i>Homeoffice<\/i>. O foco est\u00e1 na reflex\u00e3o de abordagens tradicionais e contempor\u00e2neas relacionadas a busca pelo equil\u00edbrio entre tempo livre, \u00f3cio, vida e trabalho. Compreende tamb\u00e9m reflex\u00f5es cr\u00edticas sobre o impacto da ind\u00fastria 4.0 nas rela\u00e7\u00f5es de trabalho. Incluindo o surgimento do empreendedorismo prec\u00e1rio relacionado \u00e0s pr\u00e1ticas de contratos intermitentes, trabalho nas plataformas digitais e seu impacto na sa\u00fade e qualidade de vida dos empreendedores. Tamb\u00e9m envolve an\u00e1lises sobre a nova economia do bem comum e sua rela\u00e7\u00e3o com as novas formas de organizar o trabalho de modo a torn\u00e1-lo decente, e sustent\u00e1vel (ODS) conforme prop\u00f5e a Organiza\u00e7\u00e3o Internacional do Trabalho e a agenda de objetivos de desenvolvimento sustent\u00e1vel da ONU (Agenda 2030). Da mesma forma incluem-se assuntos relacionados as diferentes formas de viol\u00eancia no trabalho, a saber: \u00a0Ass\u00e9dio Sexual e Moral, Discrimina\u00e7\u00e3o Racial, Agress\u00e3o verbal, entre outros. Como tamb\u00e9m a Sobrecarga do Trabalho e suas consequ\u00eancias como Stress, Burnout, Ins\u00f4nia, C\u00e2ncer, Depress\u00e3o, Ansiedade entre outras patologias da modernidade.<\/p><\/div>\n\t\t\t\t<\/div>\n\t\t\t\t\t\t\t<div class=\"elementor-accordion-item\">\n\t\t\t\t\t<div id=\"elementor-tab-title-9162\" class=\"elementor-tab-title\" data-tab=\"2\" role=\"button\" aria-controls=\"elementor-tab-content-9162\" aria-expanded=\"false\">\n\t\t\t\t\t\t\t\t\t\t\t\t\t<span class=\"elementor-accordion-icon elementor-accordion-icon-left\" aria-hidden=\"true\">\n\t\t\t\t\t\t\t\t\t\t\t\t\t\t\t<span class=\"elementor-accordion-icon-closed\"><i class=\"fas fa-plus\"><\/i><\/span>\n\t\t\t\t\t\t\t\t<span class=\"elementor-accordion-icon-opened\"><i class=\"fas fa-minus\"><\/i><\/span>\n\t\t\t\t\t\t\t\t\t\t\t\t\t\t<\/span>\n\t\t\t\t\t\t\t\t\t\t\t\t<a class=\"elementor-accordion-title\" tabindex=\"0\">Diversidade e Inclus\u00e3o Social<\/a>\n\t\t\t\t\t<\/div>\n\t\t\t\t\t<div id=\"elementor-tab-content-9162\" class=\"elementor-tab-content elementor-clearfix\" data-tab=\"2\" role=\"region\" aria-labelledby=\"elementor-tab-title-9162\"><div style=\"display: flex;\">\n<div style=\"flex-direction: column;\"><img decoding=\"async\" class=\"alignnone wp-image-3482\" style=\"margin: 0 15px; width: 100px;\" src=\"https:\/\/emprad.org.br\/2024\/wp-content\/uploads\/2024\/06\/Myrt.jpg\" alt=\"\" width=\"100\" height=\"100\" \/><\/div>\n<div style=\"flex-direction: column;\">\n<div><strong>Profa. Dra. Myrt Th\u00e2nia de Souza Cruz<\/strong><\/div>\n<div style=\"flex-direction: column;\"><a href=\"https:\/\/lattes.cnpq.br\/3556061914857161\" target=\"_blank\" rel=\"noopener\">Lattes<\/a><\/div>\n<div>PUC\/SP<\/div>\n<div><\/div>\n<\/div>\n<\/div>\nAs pol\u00edticas e pr\u00e1ticas de Gest\u00e3o de Pessoas sobre diversidade e inclus\u00e3o possuem potencial para tornar o ambiente de trabalho cooperativo, estimulante e acolhedor, refletindo na motiva\u00e7\u00e3o e engajamento, fazendo com que a equipe possa alcan\u00e7ar resultados mais positivos.\nAssim, esta \u00e1rea do EMPRAD visa debater e divulgar a produ\u00e7\u00e3o t\u00e9cnica sobre estudos da diversidade e inclus\u00e3o social, sobretudo, os avan\u00e7os aplicados na gest\u00e3o contempor\u00e2nea, seja na forma de estudos te\u00f3rico-emp\u00edricos, bem como de relatos t\u00e9cnicos.\n\u00c9 importante que os relatos explicitem abordagens sobre administra\u00e7\u00e3o das rela\u00e7\u00f5es de trabalho, as pr\u00e1ticas de emprego e a composi\u00e7\u00e3o interna da for\u00e7a de trabalho a fim de atrair e reter os melhores talentos dentre os chamados grupos de minoria, e o fomento da diversidade como vantagem competitiva.<\/div>\n\t\t\t\t<\/div>\n\t\t\t\t\t\t\t<div class=\"elementor-accordion-item\">\n\t\t\t\t\t<div id=\"elementor-tab-title-9163\" class=\"elementor-tab-title\" data-tab=\"3\" role=\"button\" aria-controls=\"elementor-tab-content-9163\" aria-expanded=\"false\">\n\t\t\t\t\t\t\t\t\t\t\t\t\t<span class=\"elementor-accordion-icon elementor-accordion-icon-left\" aria-hidden=\"true\">\n\t\t\t\t\t\t\t\t\t\t\t\t\t\t\t<span class=\"elementor-accordion-icon-closed\"><i class=\"fas fa-plus\"><\/i><\/span>\n\t\t\t\t\t\t\t\t<span class=\"elementor-accordion-icon-opened\"><i class=\"fas fa-minus\"><\/i><\/span>\n\t\t\t\t\t\t\t\t\t\t\t\t\t\t<\/span>\n\t\t\t\t\t\t\t\t\t\t\t\t<a class=\"elementor-accordion-title\" tabindex=\"0\">Pol\u00edticas e Pr\u00e1ticas em Gest\u00e3o de Pessoas<\/a>\n\t\t\t\t\t<\/div>\n\t\t\t\t\t<div id=\"elementor-tab-content-9163\" class=\"elementor-tab-content elementor-clearfix\" data-tab=\"3\" role=\"region\" aria-labelledby=\"elementor-tab-title-9163\"><div style=\"display: flex;\"><div style=\"flex-direction: column;\"><img decoding=\"async\" style=\"margin: 0 15px; width: 100px;\" src=\"https:\/\/emprad.org.br\/2024\/wp-content\/uploads\/2023\/08\/Pro.Renata.png\" \/><\/div><div style=\"flex-direction: column;\"><div><strong>Profa. Dra. Renata Schirrmeister<\/strong><\/div><div style=\"flex-direction: column;\"><a href=\"http:\/\/lattes.cnpq.br\/4780037900217655\" target=\"_blank\" rel=\"noopener\">Lattes<\/a><\/div><div>PUC-SP<\/div><div>\u00a0<\/div><\/div><\/div><p>Este tema contempla estudos te\u00f3ricos, emp\u00edricos, metodologias, pr\u00e1ticas, experi\u00eancias e pesquisas aplicadas relacionadas \u00e0 atua\u00e7\u00e3o da Gest\u00e3o de Pessoas nas organiza\u00e7\u00f5es contempor\u00e2neas, destacando os desafios que precisam ser enfrentados na atual ambi\u00eancia social e corporativa e as melhores pr\u00e1ticas para a obten\u00e7\u00e3o dos resultados desejados. S\u00e3o aderentes estudos sobre as pol\u00edticas que podem ser adotadas visando a manuten\u00e7\u00e3o de um modelo de gest\u00e3o mais adequado \u00e0s necessidades organizacionais e aos interesses dos trabalhadores, com melhor adapta\u00e7\u00e3o aos desafios caracter\u00edsticos da sociedade do conhecimento. Tamb\u00e9m s\u00e3o pr\u00f3prios desse tema estudos e relatos de experi\u00eancia sobre m\u00e9todos e t\u00e9cnicas inovadores aplicados \u00e0s diferentes atividades desenvolvidas pela gest\u00e3o de pessoas, tais como os processos de recrutamento e sele\u00e7\u00e3o, educa\u00e7\u00e3o corporativa, gest\u00e3o de sistemas de recompensa e gest\u00e3o do desempenho.<\/p><\/div>\n\t\t\t\t<\/div>\n\t\t\t\t\t\t\t\t<\/div>\n\t\t\t\t\t\t<\/div>\n\t\t\t\t<\/div>\n\t\t\t\t\t<\/div>\n\t\t<\/div>\n\t\t\t\t\t<\/div>\n\t\t<\/section>\n\t\t\t\t<\/div>\n\t\t","protected":false},"excerpt":{"rendered":"<p>Coordenadora Profa. Dra. Izabela Taveira Lattes Universidade Federal Fluminense, UFF Coordenadora Profa. Dra. Elza Veloso Lattes FIA Temas Qualidade de vida no trabalho, Fatores Humanos e Ergonomia Prof. Dr. Thiago Gomes LimaLattesUniversidade Federal do Rio de Janeiro, UFRJ\u00a0 Este tema tem como objetivo abranger estudos te\u00f3ricos, emp\u00edricos, metodologias, pr\u00e1ticas e pesquisas que gerem discuss\u00f5es em&#8230;<\/p>\n","protected":false},"author":1,"featured_media":0,"parent":2962,"menu_order":0,"comment_status":"closed","ping_status":"closed","template":"","meta":{"inline_featured_image":false,"footnotes":""},"class_list":["post-3021","page","type-page","status-publish","hentry"],"yoast_head":"<!-- This site is optimized with the Yoast SEO plugin v27.2 - https:\/\/yoast.com\/product\/yoast-seo-wordpress\/ -->\n<title>Gest\u00e3o de Pessoas nas Organiza\u00e7\u00f5es - Emprad 2024<\/title>\n<meta name=\"robots\" content=\"index, follow, max-snippet:-1, max-image-preview:large, max-video-preview:-1\" \/>\n<link rel=\"canonical\" href=\"https:\/\/emprad.org.br\/2024\/areas\/gestao-de-pessoas-nas-organizacoes\/\" \/>\n<meta property=\"og:locale\" content=\"pt_BR\" \/>\n<meta property=\"og:type\" content=\"article\" \/>\n<meta property=\"og:title\" content=\"Gest\u00e3o de Pessoas nas Organiza\u00e7\u00f5es - Emprad 2024\" \/>\n<meta property=\"og:description\" content=\"Coordenadora Profa. Dra. Izabela Taveira Lattes Universidade Federal Fluminense, UFF Coordenadora Profa. Dra. Elza Veloso Lattes FIA Temas Qualidade de vida no trabalho, Fatores Humanos e Ergonomia Prof. Dr. Thiago Gomes LimaLattesUniversidade Federal do Rio de Janeiro, UFRJ\u00a0 Este tema tem como objetivo abranger estudos te\u00f3ricos, emp\u00edricos, metodologias, pr\u00e1ticas e pesquisas que gerem discuss\u00f5es em...\" \/>\n<meta property=\"og:url\" content=\"https:\/\/emprad.org.br\/2024\/areas\/gestao-de-pessoas-nas-organizacoes\/\" \/>\n<meta property=\"og:site_name\" content=\"Emprad 2024\" \/>\n<meta property=\"article:modified_time\" content=\"2024-06-25T18:04:04+00:00\" \/>\n<meta property=\"og:image\" content=\"https:\/\/emprad.org.br\/2024\/wp-content\/uploads\/sites\/17\/elementor\/thumbs\/Profa_Izabela-qpssq7zf79p3cziyeiak4wf43rrp7outs5h4yabgdu.jpg\" \/>\n<meta name=\"twitter:card\" content=\"summary_large_image\" \/>\n<meta name=\"twitter:label1\" content=\"Est. tempo de leitura\" \/>\n\t<meta name=\"twitter:data1\" content=\"4 minutos\" \/>\n<script type=\"application\/ld+json\" class=\"yoast-schema-graph\">{\"@context\":\"https:\/\/schema.org\",\"@graph\":[{\"@type\":\"WebPage\",\"@id\":\"https:\/\/emprad.org.br\/2024\/areas\/gestao-de-pessoas-nas-organizacoes\/\",\"url\":\"https:\/\/emprad.org.br\/2024\/areas\/gestao-de-pessoas-nas-organizacoes\/\",\"name\":\"Gest\u00e3o de Pessoas nas Organiza\u00e7\u00f5es - Emprad 2024\",\"isPartOf\":{\"@id\":\"https:\/\/emprad.org.br\/2024\/#website\"},\"primaryImageOfPage\":{\"@id\":\"https:\/\/emprad.org.br\/2024\/areas\/gestao-de-pessoas-nas-organizacoes\/#primaryimage\"},\"image\":{\"@id\":\"https:\/\/emprad.org.br\/2024\/areas\/gestao-de-pessoas-nas-organizacoes\/#primaryimage\"},\"thumbnailUrl\":\"https:\/\/emprad.org.br\/2024\/wp-content\/uploads\/sites\/17\/elementor\/thumbs\/Profa_Izabela-qpssq7zf79p3cziyeiak4wf43rrp7outs5h4yabgdu.jpg\",\"datePublished\":\"2023-08-04T17:41:27+00:00\",\"dateModified\":\"2024-06-25T18:04:04+00:00\",\"breadcrumb\":{\"@id\":\"https:\/\/emprad.org.br\/2024\/areas\/gestao-de-pessoas-nas-organizacoes\/#breadcrumb\"},\"inLanguage\":\"pt-BR\",\"potentialAction\":[{\"@type\":\"ReadAction\",\"target\":[\"https:\/\/emprad.org.br\/2024\/areas\/gestao-de-pessoas-nas-organizacoes\/\"]}]},{\"@type\":\"ImageObject\",\"inLanguage\":\"pt-BR\",\"@id\":\"https:\/\/emprad.org.br\/2024\/areas\/gestao-de-pessoas-nas-organizacoes\/#primaryimage\",\"url\":\"https:\/\/emprad.org.br\/2024\/wp-content\/uploads\/sites\/17\/elementor\/thumbs\/Profa_Izabela-qpssq7zf79p3cziyeiak4wf43rrp7outs5h4yabgdu.jpg\",\"contentUrl\":\"https:\/\/emprad.org.br\/2024\/wp-content\/uploads\/sites\/17\/elementor\/thumbs\/Profa_Izabela-qpssq7zf79p3cziyeiak4wf43rrp7outs5h4yabgdu.jpg\"},{\"@type\":\"BreadcrumbList\",\"@id\":\"https:\/\/emprad.org.br\/2024\/areas\/gestao-de-pessoas-nas-organizacoes\/#breadcrumb\",\"itemListElement\":[{\"@type\":\"ListItem\",\"position\":1,\"name\":\"\u00c1reas\",\"item\":\"https:\/\/emprad.org.br\/2024\/areas\/\"},{\"@type\":\"ListItem\",\"position\":2,\"name\":\"Gest\u00e3o de Pessoas nas Organiza\u00e7\u00f5es\"}]},{\"@type\":\"WebSite\",\"@id\":\"https:\/\/emprad.org.br\/2024\/#website\",\"url\":\"https:\/\/emprad.org.br\/2024\/\",\"name\":\"Emprad 2024\",\"description\":\"Encontro dos Programas de P\u00f3s-Gradua\u00e7\u00e3o Profissionais em Administra\u00e7\u00e3o\",\"potentialAction\":[{\"@type\":\"SearchAction\",\"target\":{\"@type\":\"EntryPoint\",\"urlTemplate\":\"https:\/\/emprad.org.br\/2024\/?s={search_term_string}\"},\"query-input\":{\"@type\":\"PropertyValueSpecification\",\"valueRequired\":true,\"valueName\":\"search_term_string\"}}],\"inLanguage\":\"pt-BR\"}]}<\/script>\n<!-- \/ Yoast SEO plugin. -->","yoast_head_json":{"title":"Gest\u00e3o de Pessoas nas Organiza\u00e7\u00f5es - Emprad 2024","robots":{"index":"index","follow":"follow","max-snippet":"max-snippet:-1","max-image-preview":"max-image-preview:large","max-video-preview":"max-video-preview:-1"},"canonical":"https:\/\/emprad.org.br\/2024\/areas\/gestao-de-pessoas-nas-organizacoes\/","og_locale":"pt_BR","og_type":"article","og_title":"Gest\u00e3o de Pessoas nas Organiza\u00e7\u00f5es - Emprad 2024","og_description":"Coordenadora Profa. Dra. Izabela Taveira Lattes Universidade Federal Fluminense, UFF Coordenadora Profa. Dra. Elza Veloso Lattes FIA Temas Qualidade de vida no trabalho, Fatores Humanos e Ergonomia Prof. Dr. Thiago Gomes LimaLattesUniversidade Federal do Rio de Janeiro, UFRJ\u00a0 Este tema tem como objetivo abranger estudos te\u00f3ricos, emp\u00edricos, metodologias, pr\u00e1ticas e pesquisas que gerem discuss\u00f5es em...","og_url":"https:\/\/emprad.org.br\/2024\/areas\/gestao-de-pessoas-nas-organizacoes\/","og_site_name":"Emprad 2024","article_modified_time":"2024-06-25T18:04:04+00:00","og_image":[{"url":"https:\/\/emprad.org.br\/2024\/wp-content\/uploads\/sites\/17\/elementor\/thumbs\/Profa_Izabela-qpssq7zf79p3cziyeiak4wf43rrp7outs5h4yabgdu.jpg","type":"","width":"","height":""}],"twitter_card":"summary_large_image","twitter_misc":{"Est. tempo de leitura":"4 minutos"},"schema":{"@context":"https:\/\/schema.org","@graph":[{"@type":"WebPage","@id":"https:\/\/emprad.org.br\/2024\/areas\/gestao-de-pessoas-nas-organizacoes\/","url":"https:\/\/emprad.org.br\/2024\/areas\/gestao-de-pessoas-nas-organizacoes\/","name":"Gest\u00e3o de Pessoas nas Organiza\u00e7\u00f5es - Emprad 2024","isPartOf":{"@id":"https:\/\/emprad.org.br\/2024\/#website"},"primaryImageOfPage":{"@id":"https:\/\/emprad.org.br\/2024\/areas\/gestao-de-pessoas-nas-organizacoes\/#primaryimage"},"image":{"@id":"https:\/\/emprad.org.br\/2024\/areas\/gestao-de-pessoas-nas-organizacoes\/#primaryimage"},"thumbnailUrl":"https:\/\/emprad.org.br\/2024\/wp-content\/uploads\/sites\/17\/elementor\/thumbs\/Profa_Izabela-qpssq7zf79p3cziyeiak4wf43rrp7outs5h4yabgdu.jpg","datePublished":"2023-08-04T17:41:27+00:00","dateModified":"2024-06-25T18:04:04+00:00","breadcrumb":{"@id":"https:\/\/emprad.org.br\/2024\/areas\/gestao-de-pessoas-nas-organizacoes\/#breadcrumb"},"inLanguage":"pt-BR","potentialAction":[{"@type":"ReadAction","target":["https:\/\/emprad.org.br\/2024\/areas\/gestao-de-pessoas-nas-organizacoes\/"]}]},{"@type":"ImageObject","inLanguage":"pt-BR","@id":"https:\/\/emprad.org.br\/2024\/areas\/gestao-de-pessoas-nas-organizacoes\/#primaryimage","url":"https:\/\/emprad.org.br\/2024\/wp-content\/uploads\/sites\/17\/elementor\/thumbs\/Profa_Izabela-qpssq7zf79p3cziyeiak4wf43rrp7outs5h4yabgdu.jpg","contentUrl":"https:\/\/emprad.org.br\/2024\/wp-content\/uploads\/sites\/17\/elementor\/thumbs\/Profa_Izabela-qpssq7zf79p3cziyeiak4wf43rrp7outs5h4yabgdu.jpg"},{"@type":"BreadcrumbList","@id":"https:\/\/emprad.org.br\/2024\/areas\/gestao-de-pessoas-nas-organizacoes\/#breadcrumb","itemListElement":[{"@type":"ListItem","position":1,"name":"\u00c1reas","item":"https:\/\/emprad.org.br\/2024\/areas\/"},{"@type":"ListItem","position":2,"name":"Gest\u00e3o de Pessoas nas Organiza\u00e7\u00f5es"}]},{"@type":"WebSite","@id":"https:\/\/emprad.org.br\/2024\/#website","url":"https:\/\/emprad.org.br\/2024\/","name":"Emprad 2024","description":"Encontro dos Programas de P\u00f3s-Gradua\u00e7\u00e3o Profissionais em Administra\u00e7\u00e3o","potentialAction":[{"@type":"SearchAction","target":{"@type":"EntryPoint","urlTemplate":"https:\/\/emprad.org.br\/2024\/?s={search_term_string}"},"query-input":{"@type":"PropertyValueSpecification","valueRequired":true,"valueName":"search_term_string"}}],"inLanguage":"pt-BR"}]}},"_links":{"self":[{"href":"https:\/\/emprad.org.br\/2024\/wp-json\/wp\/v2\/pages\/3021","targetHints":{"allow":["GET"]}}],"collection":[{"href":"https:\/\/emprad.org.br\/2024\/wp-json\/wp\/v2\/pages"}],"about":[{"href":"https:\/\/emprad.org.br\/2024\/wp-json\/wp\/v2\/types\/page"}],"author":[{"embeddable":true,"href":"https:\/\/emprad.org.br\/2024\/wp-json\/wp\/v2\/users\/1"}],"replies":[{"embeddable":true,"href":"https:\/\/emprad.org.br\/2024\/wp-json\/wp\/v2\/comments?post=3021"}],"version-history":[{"count":41,"href":"https:\/\/emprad.org.br\/2024\/wp-json\/wp\/v2\/pages\/3021\/revisions"}],"predecessor-version":[{"id":4588,"href":"https:\/\/emprad.org.br\/2024\/wp-json\/wp\/v2\/pages\/3021\/revisions\/4588"}],"up":[{"embeddable":true,"href":"https:\/\/emprad.org.br\/2024\/wp-json\/wp\/v2\/pages\/2962"}],"wp:attachment":[{"href":"https:\/\/emprad.org.br\/2024\/wp-json\/wp\/v2\/media?parent=3021"}],"curies":[{"name":"wp","href":"https:\/\/api.w.org\/{rel}","templated":true}]}}