{"id":3010,"date":"2023-08-04T14:32:26","date_gmt":"2023-08-04T17:32:26","guid":{"rendered":"https:\/\/emprad.org.br\/2024\/?page_id=3010"},"modified":"2023-08-04T14:32:58","modified_gmt":"2023-08-04T17:32:58","slug":"trabalhos","status":"publish","type":"page","link":"https:\/\/emprad.org.br\/2024\/trabalhos\/","title":{"rendered":"Trabalhos"},"content":{"rendered":"","protected":false},"excerpt":{"rendered":"","protected":false},"author":1,"featured_media":0,"parent":0,"menu_order":0,"comment_status":"closed","ping_status":"closed","template":"","meta":{"inline_featured_image":false,"footnotes":""},"class_list":["post-3010","page","type-page","status-publish","hentry"],"yoast_head":"<!-- This site is optimized with the Yoast SEO plugin v27.2 - https:\/\/yoast.com\/product\/yoast-seo-wordpress\/ -->\n<title>Trabalhos - Emprad 2024<\/title>\n<meta name=\"robots\" content=\"index, follow, max-snippet:-1, max-image-preview:large, max-video-preview:-1\" \/>\n<link rel=\"canonical\" href=\"https:\/\/emprad.org.br\/2024\/trabalhos\/\" \/>\n<meta property=\"og:locale\" content=\"pt_BR\" \/>\n<meta property=\"og:type\" content=\"article\" \/>\n<meta property=\"og:title\" content=\"Trabalhos - Emprad 2024\" \/>\n<meta property=\"og:url\" content=\"https:\/\/emprad.org.br\/2024\/trabalhos\/\" \/>\n<meta property=\"og:site_name\" content=\"Emprad 2024\" \/>\n<meta property=\"article:modified_time\" content=\"2023-08-04T17:32:58+00:00\" \/>\n<meta name=\"twitter:card\" content=\"summary_large_image\" \/>\n<script type=\"application\/ld+json\" class=\"yoast-schema-graph\">{\"@context\":\"https:\/\/schema.org\",\"@graph\":[{\"@type\":\"WebPage\",\"@id\":\"https:\/\/emprad.org.br\/2024\/trabalhos\/\",\"url\":\"https:\/\/emprad.org.br\/2024\/trabalhos\/\",\"name\":\"Trabalhos - Emprad 2024\",\"isPartOf\":{\"@id\":\"https:\/\/emprad.org.br\/2024\/#website\"},\"datePublished\":\"2023-08-04T17:32:26+00:00\",\"dateModified\":\"2023-08-04T17:32:58+00:00\",\"inLanguage\":\"pt-BR\",\"potentialAction\":[{\"@type\":\"ReadAction\",\"target\":[\"https:\/\/emprad.org.br\/2024\/trabalhos\/\"]}]},{\"@type\":\"WebSite\",\"@id\":\"https:\/\/emprad.org.br\/2024\/#website\",\"url\":\"https:\/\/emprad.org.br\/2024\/\",\"name\":\"Emprad 2024\",\"description\":\"Encontro dos Programas de P\u00f3s-Gradua\u00e7\u00e3o Profissionais em Administra\u00e7\u00e3o\",\"potentialAction\":[{\"@type\":\"SearchAction\",\"target\":{\"@type\":\"EntryPoint\",\"urlTemplate\":\"https:\/\/emprad.org.br\/2024\/?s={search_term_string}\"},\"query-input\":{\"@type\":\"PropertyValueSpecification\",\"valueRequired\":true,\"valueName\":\"search_term_string\"}}],\"inLanguage\":\"pt-BR\"}]}<\/script>\n<!-- \/ Yoast SEO plugin. -->","yoast_head_json":{"title":"Trabalhos - Emprad 2024","robots":{"index":"index","follow":"follow","max-snippet":"max-snippet:-1","max-image-preview":"max-image-preview:large","max-video-preview":"max-video-preview:-1"},"canonical":"https:\/\/emprad.org.br\/2024\/trabalhos\/","og_locale":"pt_BR","og_type":"article","og_title":"Trabalhos - Emprad 2024","og_url":"https:\/\/emprad.org.br\/2024\/trabalhos\/","og_site_name":"Emprad 2024","article_modified_time":"2023-08-04T17:32:58+00:00","twitter_card":"summary_large_image","schema":{"@context":"https:\/\/schema.org","@graph":[{"@type":"WebPage","@id":"https:\/\/emprad.org.br\/2024\/trabalhos\/","url":"https:\/\/emprad.org.br\/2024\/trabalhos\/","name":"Trabalhos - Emprad 2024","isPartOf":{"@id":"https:\/\/emprad.org.br\/2024\/#website"},"datePublished":"2023-08-04T17:32:26+00:00","dateModified":"2023-08-04T17:32:58+00:00","inLanguage":"pt-BR","potentialAction":[{"@type":"ReadAction","target":["https:\/\/emprad.org.br\/2024\/trabalhos\/"]}]},{"@type":"WebSite","@id":"https:\/\/emprad.org.br\/2024\/#website","url":"https:\/\/emprad.org.br\/2024\/","name":"Emprad 2024","description":"Encontro dos Programas de P\u00f3s-Gradua\u00e7\u00e3o Profissionais em Administra\u00e7\u00e3o","potentialAction":[{"@type":"SearchAction","target":{"@type":"EntryPoint","urlTemplate":"https:\/\/emprad.org.br\/2024\/?s={search_term_string}"},"query-input":{"@type":"PropertyValueSpecification","valueRequired":true,"valueName":"search_term_string"}}],"inLanguage":"pt-BR"}]}},"_links":{"self":[{"href":"https:\/\/emprad.org.br\/2024\/wp-json\/wp\/v2\/pages\/3010","targetHints":{"allow":["GET"]}}],"collection":[{"href":"https:\/\/emprad.org.br\/2024\/wp-json\/wp\/v2\/pages"}],"about":[{"href":"https:\/\/emprad.org.br\/2024\/wp-json\/wp\/v2\/types\/page"}],"author":[{"embeddable":true,"href":"https:\/\/emprad.org.br\/2024\/wp-json\/wp\/v2\/users\/1"}],"replies":[{"embeddable":true,"href":"https:\/\/emprad.org.br\/2024\/wp-json\/wp\/v2\/comments?post=3010"}],"version-history":[{"count":1,"href":"https:\/\/emprad.org.br\/2024\/wp-json\/wp\/v2\/pages\/3010\/revisions"}],"predecessor-version":[{"id":3011,"href":"https:\/\/emprad.org.br\/2024\/wp-json\/wp\/v2\/pages\/3010\/revisions\/3011"}],"wp:attachment":[{"href":"https:\/\/emprad.org.br\/2024\/wp-json\/wp\/v2\/media?parent=3010"}],"curies":[{"name":"wp","href":"https:\/\/api.w.org\/{rel}","templated":true}]}}