{"id":2965,"date":"2023-08-04T14:07:06","date_gmt":"2023-08-04T17:07:06","guid":{"rendered":"https:\/\/emprad.org.br\/2024\/?page_id=2965"},"modified":"2024-08-05T22:47:54","modified_gmt":"2024-08-06T01:47:54","slug":"empreendedorismo-tecnologia-e-inovacao","status":"publish","type":"page","link":"https:\/\/emprad.org.br\/2024\/areas\/empreendedorismo-tecnologia-e-inovacao\/","title":{"rendered":"Empreendedorismo, Tecnologia e Inova\u00e7\u00e3o"},"content":{"rendered":"\t\t<div data-elementor-type=\"wp-page\" data-elementor-id=\"2965\" class=\"elementor elementor-2965\">\n\t\t\t\t\t\t<section class=\"elementor-section elementor-top-section elementor-element elementor-element-4219d81 elementor-section-boxed elementor-section-height-default elementor-section-height-default\" data-id=\"4219d81\" data-element_type=\"section\" data-e-type=\"section\">\n\t\t\t\t\t\t<div class=\"elementor-container elementor-column-gap-default\">\n\t\t\t\t\t<div class=\"elementor-column elementor-col-100 elementor-top-column elementor-element elementor-element-1665aaf\" data-id=\"1665aaf\" data-element_type=\"column\" data-e-type=\"column\">\n\t\t\t<div class=\"elementor-widget-wrap elementor-element-populated\">\n\t\t\t\t\t\t<section class=\"elementor-section elementor-inner-section elementor-element elementor-element-a001d5e elementor-section-boxed elementor-section-height-default elementor-section-height-default\" data-id=\"a001d5e\" data-element_type=\"section\" data-e-type=\"section\">\n\t\t\t\t\t\t<div class=\"elementor-container elementor-column-gap-default\">\n\t\t\t\t\t<div class=\"elementor-column elementor-col-50 elementor-inner-column elementor-element elementor-element-cfb05cf\" data-id=\"cfb05cf\" data-element_type=\"column\" data-e-type=\"column\">\n\t\t\t<div class=\"elementor-widget-wrap elementor-element-populated\">\n\t\t\t\t\t\t<div class=\"elementor-element elementor-element-30c3bcb elementor-widget__width-initial elementor-widget elementor-widget-image\" data-id=\"30c3bcb\" data-element_type=\"widget\" data-e-type=\"widget\" data-widget_type=\"image.default\">\n\t\t\t\t<div class=\"elementor-widget-container\">\n\t\t\t\t\t\t\t\t\t\t\t\t\t\t\t<img decoding=\"async\" src=\"https:\/\/emprad.org.br\/2024\/wp-content\/uploads\/sites\/17\/elementor\/thumbs\/Alberto-r2ny54vyveztxr7cdb5tm6wt7suj3km8iql77a5zn6.png\" title=\"Alberto\" alt=\"Alberto\" loading=\"lazy\" \/>\t\t\t\t\t\t\t\t\t\t\t\t\t\t\t<\/div>\n\t\t\t\t<\/div>\n\t\t\t\t\t<\/div>\n\t\t<\/div>\n\t\t\t\t<div class=\"elementor-column elementor-col-50 elementor-inner-column elementor-element elementor-element-8121ecf\" data-id=\"8121ecf\" data-element_type=\"column\" data-e-type=\"column\">\n\t\t\t<div class=\"elementor-widget-wrap elementor-element-populated\">\n\t\t\t\t\t\t<div class=\"elementor-element elementor-element-f37de08 elementor-widget__width-initial elementor-widget elementor-widget-text-editor\" data-id=\"f37de08\" data-element_type=\"widget\" data-e-type=\"widget\" data-widget_type=\"text-editor.default\">\n\t\t\t\t<div class=\"elementor-widget-container\">\n\t\t\t\t\t\t\t\t\t<p><strong>Coordenador<\/strong><\/p><p><strong>Prof. Dr. Alberto de Medeiros Junior<\/strong><\/p><p><a href=\"http:\/\/lattes.cnpq.br\/6763664457987822\">Lattes<\/a><\/p><p><em>Mackenzie<\/em><\/p>\t\t\t\t\t\t\t\t<\/div>\n\t\t\t\t<\/div>\n\t\t\t\t\t<\/div>\n\t\t<\/div>\n\t\t\t\t\t<\/div>\n\t\t<\/section>\n\t\t\t\t<section class=\"elementor-section elementor-inner-section elementor-element elementor-element-2d6dc8b elementor-section-boxed elementor-section-height-default elementor-section-height-default\" data-id=\"2d6dc8b\" data-element_type=\"section\" data-e-type=\"section\">\n\t\t\t\t\t\t<div class=\"elementor-container elementor-column-gap-default\">\n\t\t\t\t\t<div class=\"elementor-column elementor-col-50 elementor-inner-column elementor-element elementor-element-2cfba5e\" data-id=\"2cfba5e\" data-element_type=\"column\" data-e-type=\"column\">\n\t\t\t<div class=\"elementor-widget-wrap elementor-element-populated\">\n\t\t\t\t\t\t<div class=\"elementor-element elementor-element-61f160c elementor-widget__width-initial elementor-widget elementor-widget-image\" data-id=\"61f160c\" data-element_type=\"widget\" data-e-type=\"widget\" data-widget_type=\"image.default\">\n\t\t\t\t<div class=\"elementor-widget-container\">\n\t\t\t\t\t\t\t\t\t\t\t\t\t\t\t<img decoding=\"async\" src=\"https:\/\/emprad.org.br\/2024\/wp-content\/uploads\/sites\/17\/elementor\/thumbs\/Everton-1-r2ny55tt1t8r56on2mrc5xaaeevkxcot75e8f580vc.png\" title=\"Everton (1)\" alt=\"Everton (1)\" loading=\"lazy\" \/>\t\t\t\t\t\t\t\t\t\t\t\t\t\t\t<\/div>\n\t\t\t\t<\/div>\n\t\t\t\t\t<\/div>\n\t\t<\/div>\n\t\t\t\t<div class=\"elementor-column elementor-col-50 elementor-inner-column elementor-element elementor-element-5cc7ce2\" data-id=\"5cc7ce2\" data-element_type=\"column\" data-e-type=\"column\">\n\t\t\t<div class=\"elementor-widget-wrap elementor-element-populated\">\n\t\t\t\t\t\t<div class=\"elementor-element elementor-element-6f5f72a elementor-widget elementor-widget-text-editor\" data-id=\"6f5f72a\" data-element_type=\"widget\" data-e-type=\"widget\" data-widget_type=\"text-editor.default\">\n\t\t\t\t<div class=\"elementor-widget-container\">\n\t\t\t\t\t\t\t\t\t<p><strong>Coordenador<\/strong><\/p><p><strong>Prof. Dr. Everton Luis Pellizzaro de Lorenzi Cancellier<\/strong><\/p><p><a href=\"http:\/\/lattes.cnpq.br\/1200466727469516\">Lattes<\/a><\/p><p><em>Universidade do Estado de Santa Catarina<\/em><\/p>\t\t\t\t\t\t\t\t<\/div>\n\t\t\t\t<\/div>\n\t\t\t\t\t<\/div>\n\t\t<\/div>\n\t\t\t\t\t<\/div>\n\t\t<\/section>\n\t\t\t\t<div class=\"elementor-element elementor-element-0016b06 elementor-widget-divider--separator-type-pattern elementor-widget-divider--no-spacing elementor-widget-divider--view-line elementor-widget elementor-widget-divider\" data-id=\"0016b06\" data-element_type=\"widget\" data-e-type=\"widget\" data-widget_type=\"divider.default\">\n\t\t\t\t<div class=\"elementor-widget-container\">\n\t\t\t\t\t\t\t<div class=\"elementor-divider\" style=\"--divider-pattern-url: url(&quot;data:image\/svg+xml,%3Csvg xmlns=&#039;http:\/\/www.w3.org\/2000\/svg&#039; preserveAspectRatio=&#039;xMidYMid meet&#039; overflow=&#039;visible&#039; height=&#039;100%&#039; viewBox=&#039;0 0 120 26&#039; fill=&#039;black&#039; stroke=&#039;none&#039;%3E%3Cpolygon points=&#039;0,14.4 0,21 11.5,12.4 21.3,20 30.4,11.1 40.3,20 51,12.4 60.6,20 69.6,11.1 79.3,20 90.1,12.4 99.6,20 109.7,11.1 120,21 120,14.4 109.7,5 99.6,13 90.1,5 79.3,14.5 71,5.7 60.6,12.4 51,5 40.3,14.5 31.1,5 21.3,13 11.5,5 \t&#039;\/%3E%3C\/svg%3E&quot;);\">\n\t\t\t<span class=\"elementor-divider-separator\">\n\t\t\t\t\t\t<\/span>\n\t\t<\/div>\n\t\t\t\t\t\t<\/div>\n\t\t\t\t<\/div>\n\t\t\t\t<div class=\"elementor-element elementor-element-c2a92d5 elementor-widget elementor-widget-heading\" data-id=\"c2a92d5\" data-element_type=\"widget\" data-e-type=\"widget\" data-widget_type=\"heading.default\">\n\t\t\t\t<div class=\"elementor-widget-container\">\n\t\t\t\t\t<h2 class=\"elementor-heading-title elementor-size-default\">Temas<\/h2>\t\t\t\t<\/div>\n\t\t\t\t<\/div>\n\t\t\t\t<div class=\"elementor-element elementor-element-ca68c01 elementor-widget elementor-widget-accordion\" data-id=\"ca68c01\" data-element_type=\"widget\" data-e-type=\"widget\" data-widget_type=\"accordion.default\">\n\t\t\t\t<div class=\"elementor-widget-container\">\n\t\t\t\t\t\t\t<div class=\"elementor-accordion\">\n\t\t\t\t\t\t\t<div class=\"elementor-accordion-item\">\n\t\t\t\t\t<div id=\"elementor-tab-title-2121\" class=\"elementor-tab-title\" data-tab=\"1\" role=\"button\" aria-controls=\"elementor-tab-content-2121\" aria-expanded=\"false\">\n\t\t\t\t\t\t\t\t\t\t\t\t\t<span class=\"elementor-accordion-icon elementor-accordion-icon-left\" aria-hidden=\"true\">\n\t\t\t\t\t\t\t\t\t\t\t\t\t\t\t<span class=\"elementor-accordion-icon-closed\"><i class=\"fas fa-plus\"><\/i><\/span>\n\t\t\t\t\t\t\t\t<span class=\"elementor-accordion-icon-opened\"><i class=\"fas fa-minus\"><\/i><\/span>\n\t\t\t\t\t\t\t\t\t\t\t\t\t\t<\/span>\n\t\t\t\t\t\t\t\t\t\t\t\t<a class=\"elementor-accordion-title\" tabindex=\"0\">Empreededorismo<\/a>\n\t\t\t\t\t<\/div>\n\t\t\t\t\t<div id=\"elementor-tab-content-2121\" class=\"elementor-tab-content elementor-clearfix\" data-tab=\"1\" role=\"region\" aria-labelledby=\"elementor-tab-title-2121\"><div style=\"display: flex;\"><div style=\"flex-direction: column;\"><img decoding=\"async\" class=\"alignnone wp-image-3987 size-thumbnail\" src=\"https:\/\/emprad.org.br\/2024\/wp-content\/uploads\/2020\/08\/vania-nassif-420x456-1-150x150.jpg\" alt=\"\" width=\"150\" height=\"150\" srcset=\"https:\/\/emprad.org.br\/2024\/wp-content\/uploads\/sites\/17\/2020\/08\/vania-nassif-420x456-1-150x150.jpg 150w, https:\/\/emprad.org.br\/2024\/wp-content\/uploads\/sites\/17\/2020\/08\/vania-nassif-420x456-1-400x400.jpg 400w\" sizes=\"(max-width: 150px) 100vw, 150px\" \/><\/div><div style=\"flex-direction: column; margin: 0 35px;\"><div style=\"flex-direction: column;\"><strong>Profa. Dra. V\u00e2nia Maria Jorge<\/strong> <strong>Nassif<\/strong><\/div><div style=\"flex-direction: column;\"><a href=\"http:\/\/lattes.cnpq.br\/6936403740310206\" target=\"_blank\" rel=\"noopener\">Lattes<\/a><\/div><div style=\"flex-direction: column;\"><em>Programa de P\u00f3s-Gradua\u00e7\u00e3o em Administra\u00e7\u00e3o da UNINOVE<\/em><\/div><div><ul><li>Comportamento Empreendedor;<\/li><li>Empreendedorismo Social e de Minorias;<\/li><li>Orienta\u00e7\u00e3o Empreendedora;<\/li><li>Bricolagem e Effectuation;<\/li><li>Intraempreendedorismo;<\/li><li>Perfil, Caracter\u00edsticas e Compet\u00eancias;<\/li><li>Modelos de Neg\u00f3cios Empreendedores.<\/li><\/ul><\/div><\/div><\/div><\/div>\n\t\t\t\t<\/div>\n\t\t\t\t\t\t\t<div class=\"elementor-accordion-item\">\n\t\t\t\t\t<div id=\"elementor-tab-title-2122\" class=\"elementor-tab-title\" data-tab=\"2\" role=\"button\" aria-controls=\"elementor-tab-content-2122\" aria-expanded=\"false\">\n\t\t\t\t\t\t\t\t\t\t\t\t\t<span class=\"elementor-accordion-icon elementor-accordion-icon-left\" aria-hidden=\"true\">\n\t\t\t\t\t\t\t\t\t\t\t\t\t\t\t<span class=\"elementor-accordion-icon-closed\"><i class=\"fas fa-plus\"><\/i><\/span>\n\t\t\t\t\t\t\t\t<span class=\"elementor-accordion-icon-opened\"><i class=\"fas fa-minus\"><\/i><\/span>\n\t\t\t\t\t\t\t\t\t\t\t\t\t\t<\/span>\n\t\t\t\t\t\t\t\t\t\t\t\t<a class=\"elementor-accordion-title\" tabindex=\"0\">Inova\u00e7\u00e3o<\/a>\n\t\t\t\t\t<\/div>\n\t\t\t\t\t<div id=\"elementor-tab-content-2122\" class=\"elementor-tab-content elementor-clearfix\" data-tab=\"2\" role=\"region\" aria-labelledby=\"elementor-tab-title-2122\"><div style=\"display: flex;\">\n<div style=\"flex-direction: column;\"><img decoding=\"async\" class=\"\" src=\"https:\/\/emprad.org.br\/2024\/wp-content\/uploads\/2024\/03\/luciane-meneguin-150x150.jpg\" alt=\"\" width=\"151\" height=\"151\"><\/div>\n<div style=\"flex-direction: column; margin: 0 25px;\">\n<div style=\"flex-direction: column;\"><strong> Profa. Dra. Luciane Meneguin Ortega<\/strong><\/div>\n<div style=\"flex-direction: column;\">\n<p><a href=\"http:\/\/lattes.cnpq.br\/8594007840837513\" target=\"_blank\" rel=\"noopener\">Lattes<br><\/a><em>Professora do Programa de Mestrado Profissional em Empreendedorismo da FEA\/USP<\/em><\/p>\n<\/div>\n<\/div>\n<\/div>\n<div style=\"display: flex;\">\n<div style=\"flex-direction: column;\"><img fetchpriority=\"high\" decoding=\"async\" src=\"https:\/\/emprad.org.br\/2024\/wp-content\/uploads\/2024\/03\/Prof-Nelson.jpg\" alt=\"\" width=\"225\" height=\"225\"><\/div>\n<div style=\"flex-direction: column; margin: 0 25px;\">\n<div style=\"flex-direction: column;\"><strong> Prof. Dr. Nelson Roberto Furquim<br><\/strong><\/div>\n<div style=\"flex-direction: column;\"><a href=\"http:\/\/lattes.cnpq.br\/1611978161888911\" target=\"_blank\" rel=\"noopener\">Lattes<\/a><\/div>\n<div style=\"flex-direction: column;\">Professor do Programa de P\u00f3s-gradua\u00e7\u00e3o em Administra\u00e7\u00e3o do Desenvolvimento de Neg\u00f3cios da Universidade Presbiteriana Mackenzie<\/div>\n<\/div>\n<\/div>\n<div style=\"flex-direction: column;\"><\/div>\n<div>\n<ul>\n<li>Inova\u00e7\u00e3o aberta e seus desafios;<\/li>\n<li><u><\/u><u><\/u><u><\/u>Ferramentas em prol da inova\u00e7\u00e3o e novos neg\u00f3cios;<\/li>\n<li><u><\/u><u><\/u><u><\/u>Tend\u00eancias mundiais da inova\u00e7\u00e3o e vis\u00f5es para o futuro;<\/li>\n<li><u><\/u><u><\/u>Pol\u00edticas de inova\u00e7\u00e3o;<u><\/u><\/li>\n<li><u><\/u>Promo\u00e7\u00e3o da inova\u00e7\u00e3o \/ Parcerias p\u00fablico-privadas;<u><\/u><u><\/u><\/li>\n<li><u><\/u>Horizontes da Inova\u00e7\u00e3o \/ Sustentabilidade futura;<u><\/u><u><\/u><\/li>\n<li><u><\/u>Inova\u00e7\u00e3o e inclus\u00e3o.<\/li>\n<li>Empreendedores.<\/li>\n<\/ul>\n<\/div><\/div>\n\t\t\t\t<\/div>\n\t\t\t\t\t\t\t<div class=\"elementor-accordion-item\">\n\t\t\t\t\t<div id=\"elementor-tab-title-2123\" class=\"elementor-tab-title\" data-tab=\"3\" role=\"button\" aria-controls=\"elementor-tab-content-2123\" aria-expanded=\"false\">\n\t\t\t\t\t\t\t\t\t\t\t\t\t<span class=\"elementor-accordion-icon elementor-accordion-icon-left\" aria-hidden=\"true\">\n\t\t\t\t\t\t\t\t\t\t\t\t\t\t\t<span class=\"elementor-accordion-icon-closed\"><i class=\"fas fa-plus\"><\/i><\/span>\n\t\t\t\t\t\t\t\t<span class=\"elementor-accordion-icon-opened\"><i class=\"fas fa-minus\"><\/i><\/span>\n\t\t\t\t\t\t\t\t\t\t\t\t\t\t<\/span>\n\t\t\t\t\t\t\t\t\t\t\t\t<a class=\"elementor-accordion-title\" tabindex=\"0\">Tecnologia<\/a>\n\t\t\t\t\t<\/div>\n\t\t\t\t\t<div id=\"elementor-tab-content-2123\" class=\"elementor-tab-content elementor-clearfix\" data-tab=\"3\" role=\"region\" aria-labelledby=\"elementor-tab-title-2123\"><div style=\"display: flex;\">\n<div style=\"flex-direction: column;\"><img loading=\"lazy\" decoding=\"async\" src=\"https:\/\/emprad.org.br\/2024\/wp-content\/uploads\/2024\/03\/Gilberto-Perez.jpg\" alt=\"\" width=\"150\" height=\"150\"><\/div>\n<div style=\"flex-direction: column; margin: 0 25px;\">\n<div style=\"flex-direction: column;\"><strong>Prof. Dr. Gilberto Perez<\/strong><\/div>\n<div style=\"flex-direction: column;\">\n<p><a href=\"http:\/\/lattes.cnpq.br\/8699394703578756\" target=\"_blank\" rel=\"noopener\">Lattes<\/a><br>\n<em>Mackenzie<\/em>\n<\/p><\/div>\n<\/div>\n<\/div>\n<div style=\"display: flex;\">\n<div style=\"flex-direction: column;\"><img loading=\"lazy\" decoding=\"async\" src=\"https:\/\/emprad.org.br\/2024\/wp-content\/uploads\/2024\/08\/Germano-Fenner.jpeg\" alt=\"\" width=\"150\" height=\"150\"><\/div>\n<div style=\"flex-direction: column; margin: 0 25px;\">\n<div style=\"flex-direction: column;\"><strong>Prof. Dr. Germano Fenner<br>\n<\/strong><\/div>\n<div style=\"flex-direction: column;\"><a href=\"http:\/\/lattes.cnpq.br\/7559077218468021\" target=\"_blank\" rel=\"noopener\">Lattes<\/a><br>\nUniversidade Federal do Cear\u00e1, UFC<\/div>\n<\/div>\n<\/div>\n<div style=\"flex-direction: column;\"><\/div>\n<div>\n<ul>\n<li>Gest\u00e3o orientada por dados;<u><\/u><u><\/u><\/li>\n<li><u><\/u>An\u00e1lises preditivas de mercado;<u><\/u><u><\/u><\/li>\n<li><u><\/u>Internet das Coisas;<u><\/u><u><\/u><\/li>\n<li><u><\/u>Aprendizado de m\u00e1quina no uso cont\u00e1bil;<u><\/u><u><\/u><\/li>\n<li><u><\/u>Transforma\u00e7\u00e3o digital;<u><\/u><u><\/u><\/li>\n<li><u><\/u>Uso do<i>&nbsp;Blockchain&nbsp;<\/i>na gest\u00e3o.<\/li>\n\n<\/ul>\n<\/div><\/div>\n\t\t\t\t<\/div>\n\t\t\t\t\t\t\t\t<\/div>\n\t\t\t\t\t\t<\/div>\n\t\t\t\t<\/div>\n\t\t\t\t\t<\/div>\n\t\t<\/div>\n\t\t\t\t\t<\/div>\n\t\t<\/section>\n\t\t\t\t<\/div>\n\t\t","protected":false},"excerpt":{"rendered":"<p>Coordenador Prof. Dr. Alberto de Medeiros Junior Lattes Mackenzie Coordenador Prof. Dr. Everton Luis Pellizzaro de Lorenzi Cancellier Lattes Universidade do Estado de Santa Catarina Temas Empreededorismo Profa. Dra. V\u00e2nia Maria Jorge NassifLattesPrograma de P\u00f3s-Gradua\u00e7\u00e3o em Administra\u00e7\u00e3o da UNINOVE Comportamento Empreendedor; Empreendedorismo Social e de Minorias; Orienta\u00e7\u00e3o Empreendedora; Bricolagem e Effectuation; Intraempreendedorismo; Perfil, Caracter\u00edsticas e&#8230;<\/p>\n","protected":false},"author":1,"featured_media":0,"parent":2962,"menu_order":0,"comment_status":"closed","ping_status":"closed","template":"","meta":{"inline_featured_image":false,"footnotes":""},"class_list":["post-2965","page","type-page","status-publish","hentry"],"yoast_head":"<!-- This site is optimized with the Yoast SEO plugin v27.2 - https:\/\/yoast.com\/product\/yoast-seo-wordpress\/ -->\n<title>Empreendedorismo, Tecnologia e Inova\u00e7\u00e3o - Emprad 2024<\/title>\n<meta name=\"robots\" content=\"index, follow, max-snippet:-1, max-image-preview:large, max-video-preview:-1\" \/>\n<link rel=\"canonical\" href=\"https:\/\/emprad.org.br\/2024\/areas\/empreendedorismo-tecnologia-e-inovacao\/\" \/>\n<meta property=\"og:locale\" content=\"pt_BR\" \/>\n<meta property=\"og:type\" content=\"article\" \/>\n<meta property=\"og:title\" content=\"Empreendedorismo, Tecnologia e Inova\u00e7\u00e3o - Emprad 2024\" \/>\n<meta property=\"og:description\" content=\"Coordenador Prof. Dr. Alberto de Medeiros Junior Lattes Mackenzie Coordenador Prof. Dr. Everton Luis Pellizzaro de Lorenzi Cancellier Lattes Universidade do Estado de Santa Catarina Temas Empreededorismo Profa. Dra. V\u00e2nia Maria Jorge NassifLattesPrograma de P\u00f3s-Gradua\u00e7\u00e3o em Administra\u00e7\u00e3o da UNINOVE Comportamento Empreendedor; Empreendedorismo Social e de Minorias; Orienta\u00e7\u00e3o Empreendedora; Bricolagem e Effectuation; Intraempreendedorismo; Perfil, Caracter\u00edsticas e...\" \/>\n<meta property=\"og:url\" content=\"https:\/\/emprad.org.br\/2024\/areas\/empreendedorismo-tecnologia-e-inovacao\/\" \/>\n<meta property=\"og:site_name\" content=\"Emprad 2024\" \/>\n<meta property=\"article:modified_time\" content=\"2024-08-06T01:47:54+00:00\" \/>\n<meta property=\"og:image\" content=\"https:\/\/emprad.org.br\/2024\/wp-content\/uploads\/sites\/17\/2023\/08\/Alberto.png\" \/>\n<meta name=\"twitter:card\" content=\"summary_large_image\" \/>\n<meta name=\"twitter:label1\" content=\"Est. tempo de leitura\" \/>\n\t<meta name=\"twitter:data1\" content=\"3 minutos\" \/>\n<script type=\"application\/ld+json\" class=\"yoast-schema-graph\">{\"@context\":\"https:\/\/schema.org\",\"@graph\":[{\"@type\":\"WebPage\",\"@id\":\"https:\/\/emprad.org.br\/2024\/areas\/empreendedorismo-tecnologia-e-inovacao\/\",\"url\":\"https:\/\/emprad.org.br\/2024\/areas\/empreendedorismo-tecnologia-e-inovacao\/\",\"name\":\"Empreendedorismo, Tecnologia e Inova\u00e7\u00e3o - Emprad 2024\",\"isPartOf\":{\"@id\":\"https:\/\/emprad.org.br\/2024\/#website\"},\"primaryImageOfPage\":{\"@id\":\"https:\/\/emprad.org.br\/2024\/areas\/empreendedorismo-tecnologia-e-inovacao\/#primaryimage\"},\"image\":{\"@id\":\"https:\/\/emprad.org.br\/2024\/areas\/empreendedorismo-tecnologia-e-inovacao\/#primaryimage\"},\"thumbnailUrl\":\"https:\/\/emprad.org.br\/2024\/wp-content\/uploads\/sites\/17\/2023\/08\/Alberto.png\",\"datePublished\":\"2023-08-04T17:07:06+00:00\",\"dateModified\":\"2024-08-06T01:47:54+00:00\",\"breadcrumb\":{\"@id\":\"https:\/\/emprad.org.br\/2024\/areas\/empreendedorismo-tecnologia-e-inovacao\/#breadcrumb\"},\"inLanguage\":\"pt-BR\",\"potentialAction\":[{\"@type\":\"ReadAction\",\"target\":[\"https:\/\/emprad.org.br\/2024\/areas\/empreendedorismo-tecnologia-e-inovacao\/\"]}]},{\"@type\":\"ImageObject\",\"inLanguage\":\"pt-BR\",\"@id\":\"https:\/\/emprad.org.br\/2024\/areas\/empreendedorismo-tecnologia-e-inovacao\/#primaryimage\",\"url\":\"https:\/\/emprad.org.br\/2024\/wp-content\/uploads\/sites\/17\/2023\/08\/Alberto.png\",\"contentUrl\":\"https:\/\/emprad.org.br\/2024\/wp-content\/uploads\/sites\/17\/2023\/08\/Alberto.png\",\"width\":150,\"height\":150},{\"@type\":\"BreadcrumbList\",\"@id\":\"https:\/\/emprad.org.br\/2024\/areas\/empreendedorismo-tecnologia-e-inovacao\/#breadcrumb\",\"itemListElement\":[{\"@type\":\"ListItem\",\"position\":1,\"name\":\"\u00c1reas\",\"item\":\"https:\/\/emprad.org.br\/2024\/areas\/\"},{\"@type\":\"ListItem\",\"position\":2,\"name\":\"Empreendedorismo, Tecnologia e Inova\u00e7\u00e3o\"}]},{\"@type\":\"WebSite\",\"@id\":\"https:\/\/emprad.org.br\/2024\/#website\",\"url\":\"https:\/\/emprad.org.br\/2024\/\",\"name\":\"Emprad 2024\",\"description\":\"Encontro dos Programas de P\u00f3s-Gradua\u00e7\u00e3o Profissionais em Administra\u00e7\u00e3o\",\"potentialAction\":[{\"@type\":\"SearchAction\",\"target\":{\"@type\":\"EntryPoint\",\"urlTemplate\":\"https:\/\/emprad.org.br\/2024\/?s={search_term_string}\"},\"query-input\":{\"@type\":\"PropertyValueSpecification\",\"valueRequired\":true,\"valueName\":\"search_term_string\"}}],\"inLanguage\":\"pt-BR\"}]}<\/script>\n<!-- \/ Yoast SEO plugin. -->","yoast_head_json":{"title":"Empreendedorismo, Tecnologia e Inova\u00e7\u00e3o - Emprad 2024","robots":{"index":"index","follow":"follow","max-snippet":"max-snippet:-1","max-image-preview":"max-image-preview:large","max-video-preview":"max-video-preview:-1"},"canonical":"https:\/\/emprad.org.br\/2024\/areas\/empreendedorismo-tecnologia-e-inovacao\/","og_locale":"pt_BR","og_type":"article","og_title":"Empreendedorismo, Tecnologia e Inova\u00e7\u00e3o - Emprad 2024","og_description":"Coordenador Prof. Dr. Alberto de Medeiros Junior Lattes Mackenzie Coordenador Prof. Dr. Everton Luis Pellizzaro de Lorenzi Cancellier Lattes Universidade do Estado de Santa Catarina Temas Empreededorismo Profa. Dra. V\u00e2nia Maria Jorge NassifLattesPrograma de P\u00f3s-Gradua\u00e7\u00e3o em Administra\u00e7\u00e3o da UNINOVE Comportamento Empreendedor; Empreendedorismo Social e de Minorias; Orienta\u00e7\u00e3o Empreendedora; Bricolagem e Effectuation; Intraempreendedorismo; Perfil, Caracter\u00edsticas e...","og_url":"https:\/\/emprad.org.br\/2024\/areas\/empreendedorismo-tecnologia-e-inovacao\/","og_site_name":"Emprad 2024","article_modified_time":"2024-08-06T01:47:54+00:00","og_image":[{"url":"https:\/\/emprad.org.br\/2024\/wp-content\/uploads\/sites\/17\/2023\/08\/Alberto.png","type":"","width":"","height":""}],"twitter_card":"summary_large_image","twitter_misc":{"Est. tempo de leitura":"3 minutos"},"schema":{"@context":"https:\/\/schema.org","@graph":[{"@type":"WebPage","@id":"https:\/\/emprad.org.br\/2024\/areas\/empreendedorismo-tecnologia-e-inovacao\/","url":"https:\/\/emprad.org.br\/2024\/areas\/empreendedorismo-tecnologia-e-inovacao\/","name":"Empreendedorismo, Tecnologia e Inova\u00e7\u00e3o - Emprad 2024","isPartOf":{"@id":"https:\/\/emprad.org.br\/2024\/#website"},"primaryImageOfPage":{"@id":"https:\/\/emprad.org.br\/2024\/areas\/empreendedorismo-tecnologia-e-inovacao\/#primaryimage"},"image":{"@id":"https:\/\/emprad.org.br\/2024\/areas\/empreendedorismo-tecnologia-e-inovacao\/#primaryimage"},"thumbnailUrl":"https:\/\/emprad.org.br\/2024\/wp-content\/uploads\/sites\/17\/2023\/08\/Alberto.png","datePublished":"2023-08-04T17:07:06+00:00","dateModified":"2024-08-06T01:47:54+00:00","breadcrumb":{"@id":"https:\/\/emprad.org.br\/2024\/areas\/empreendedorismo-tecnologia-e-inovacao\/#breadcrumb"},"inLanguage":"pt-BR","potentialAction":[{"@type":"ReadAction","target":["https:\/\/emprad.org.br\/2024\/areas\/empreendedorismo-tecnologia-e-inovacao\/"]}]},{"@type":"ImageObject","inLanguage":"pt-BR","@id":"https:\/\/emprad.org.br\/2024\/areas\/empreendedorismo-tecnologia-e-inovacao\/#primaryimage","url":"https:\/\/emprad.org.br\/2024\/wp-content\/uploads\/sites\/17\/2023\/08\/Alberto.png","contentUrl":"https:\/\/emprad.org.br\/2024\/wp-content\/uploads\/sites\/17\/2023\/08\/Alberto.png","width":150,"height":150},{"@type":"BreadcrumbList","@id":"https:\/\/emprad.org.br\/2024\/areas\/empreendedorismo-tecnologia-e-inovacao\/#breadcrumb","itemListElement":[{"@type":"ListItem","position":1,"name":"\u00c1reas","item":"https:\/\/emprad.org.br\/2024\/areas\/"},{"@type":"ListItem","position":2,"name":"Empreendedorismo, Tecnologia e Inova\u00e7\u00e3o"}]},{"@type":"WebSite","@id":"https:\/\/emprad.org.br\/2024\/#website","url":"https:\/\/emprad.org.br\/2024\/","name":"Emprad 2024","description":"Encontro dos Programas de P\u00f3s-Gradua\u00e7\u00e3o Profissionais em Administra\u00e7\u00e3o","potentialAction":[{"@type":"SearchAction","target":{"@type":"EntryPoint","urlTemplate":"https:\/\/emprad.org.br\/2024\/?s={search_term_string}"},"query-input":{"@type":"PropertyValueSpecification","valueRequired":true,"valueName":"search_term_string"}}],"inLanguage":"pt-BR"}]}},"_links":{"self":[{"href":"https:\/\/emprad.org.br\/2024\/wp-json\/wp\/v2\/pages\/2965","targetHints":{"allow":["GET"]}}],"collection":[{"href":"https:\/\/emprad.org.br\/2024\/wp-json\/wp\/v2\/pages"}],"about":[{"href":"https:\/\/emprad.org.br\/2024\/wp-json\/wp\/v2\/types\/page"}],"author":[{"embeddable":true,"href":"https:\/\/emprad.org.br\/2024\/wp-json\/wp\/v2\/users\/1"}],"replies":[{"embeddable":true,"href":"https:\/\/emprad.org.br\/2024\/wp-json\/wp\/v2\/comments?post=2965"}],"version-history":[{"count":58,"href":"https:\/\/emprad.org.br\/2024\/wp-json\/wp\/v2\/pages\/2965\/revisions"}],"predecessor-version":[{"id":4650,"href":"https:\/\/emprad.org.br\/2024\/wp-json\/wp\/v2\/pages\/2965\/revisions\/4650"}],"up":[{"embeddable":true,"href":"https:\/\/emprad.org.br\/2024\/wp-json\/wp\/v2\/pages\/2962"}],"wp:attachment":[{"href":"https:\/\/emprad.org.br\/2024\/wp-json\/wp\/v2\/media?parent=2965"}],"curies":[{"name":"wp","href":"https:\/\/api.w.org\/{rel}","templated":true}]}}