{"id":661,"date":"2018-06-22T09:36:44","date_gmt":"2018-06-22T09:36:44","guid":{"rendered":"https:\/\/emprad.org.br\/2023\/checkout"},"modified":"2018-06-22T09:36:44","modified_gmt":"2018-06-22T09:36:44","slug":"checkout","status":"publish","type":"page","link":"https:\/\/emprad.org.br\/2023\/checkout\/","title":{"rendered":"Checkout"},"content":{"rendered":"<p>[woocommerce_checkout]<\/p>\n","protected":false},"excerpt":{"rendered":"<p>[woocommerce_checkout]<\/p>\n","protected":false},"author":1,"featured_media":0,"parent":0,"menu_order":0,"comment_status":"closed","ping_status":"closed","template":"","meta":{"inline_featured_image":false,"footnotes":""},"class_list":["post-661","page","type-page","status-publish","hentry"],"yoast_head":"<!-- This site is optimized with the Yoast SEO plugin v27.2 - https:\/\/yoast.com\/product\/yoast-seo-wordpress\/ -->\n<title>Checkout - Emprad 2023<\/title>\n<meta name=\"robots\" content=\"index, follow, max-snippet:-1, max-image-preview:large, max-video-preview:-1\" \/>\n<link rel=\"canonical\" href=\"https:\/\/emprad.org.br\/2023\/checkout\/\" \/>\n<meta property=\"og:locale\" content=\"pt_BR\" \/>\n<meta property=\"og:type\" content=\"article\" \/>\n<meta property=\"og:title\" content=\"Checkout - Emprad 2023\" \/>\n<meta property=\"og:description\" content=\"[woocommerce_checkout]\" \/>\n<meta property=\"og:url\" content=\"https:\/\/emprad.org.br\/2023\/checkout\/\" \/>\n<meta property=\"og:site_name\" content=\"Emprad 2023\" \/>\n<meta name=\"twitter:card\" content=\"summary_large_image\" \/>\n<script type=\"application\/ld+json\" class=\"yoast-schema-graph\">{\"@context\":\"https:\/\/schema.org\",\"@graph\":[{\"@type\":\"WebPage\",\"@id\":\"https:\/\/emprad.org.br\/2023\/checkout\/\",\"url\":\"https:\/\/emprad.org.br\/2023\/checkout\/\",\"name\":\"Checkout - Emprad 2023\",\"isPartOf\":{\"@id\":\"https:\/\/emprad.org.br\/2023\/#website\"},\"datePublished\":\"2018-06-22T09:36:44+00:00\",\"inLanguage\":\"pt-BR\",\"potentialAction\":[{\"@type\":\"ReadAction\",\"target\":[\"https:\/\/emprad.org.br\/2023\/checkout\/\"]}]},{\"@type\":\"WebSite\",\"@id\":\"https:\/\/emprad.org.br\/2023\/#website\",\"url\":\"https:\/\/emprad.org.br\/2023\/\",\"name\":\"Emprad 2023\",\"description\":\"Encontro dos Programas de P\u00f3s-Gradua\u00e7\u00e3o Profissionais em Administra\u00e7\u00e3o\",\"potentialAction\":[{\"@type\":\"SearchAction\",\"target\":{\"@type\":\"EntryPoint\",\"urlTemplate\":\"https:\/\/emprad.org.br\/2023\/?s={search_term_string}\"},\"query-input\":{\"@type\":\"PropertyValueSpecification\",\"valueRequired\":true,\"valueName\":\"search_term_string\"}}],\"inLanguage\":\"pt-BR\"}]}<\/script>\n<!-- \/ Yoast SEO plugin. -->","yoast_head_json":{"title":"Checkout - Emprad 2023","robots":{"index":"index","follow":"follow","max-snippet":"max-snippet:-1","max-image-preview":"max-image-preview:large","max-video-preview":"max-video-preview:-1"},"canonical":"https:\/\/emprad.org.br\/2023\/checkout\/","og_locale":"pt_BR","og_type":"article","og_title":"Checkout - Emprad 2023","og_description":"[woocommerce_checkout]","og_url":"https:\/\/emprad.org.br\/2023\/checkout\/","og_site_name":"Emprad 2023","twitter_card":"summary_large_image","schema":{"@context":"https:\/\/schema.org","@graph":[{"@type":"WebPage","@id":"https:\/\/emprad.org.br\/2023\/checkout\/","url":"https:\/\/emprad.org.br\/2023\/checkout\/","name":"Checkout - Emprad 2023","isPartOf":{"@id":"https:\/\/emprad.org.br\/2023\/#website"},"datePublished":"2018-06-22T09:36:44+00:00","inLanguage":"pt-BR","potentialAction":[{"@type":"ReadAction","target":["https:\/\/emprad.org.br\/2023\/checkout\/"]}]},{"@type":"WebSite","@id":"https:\/\/emprad.org.br\/2023\/#website","url":"https:\/\/emprad.org.br\/2023\/","name":"Emprad 2023","description":"Encontro dos Programas de P\u00f3s-Gradua\u00e7\u00e3o Profissionais em Administra\u00e7\u00e3o","potentialAction":[{"@type":"SearchAction","target":{"@type":"EntryPoint","urlTemplate":"https:\/\/emprad.org.br\/2023\/?s={search_term_string}"},"query-input":{"@type":"PropertyValueSpecification","valueRequired":true,"valueName":"search_term_string"}}],"inLanguage":"pt-BR"}]}},"_links":{"self":[{"href":"https:\/\/emprad.org.br\/2023\/wp-json\/wp\/v2\/pages\/661","targetHints":{"allow":["GET"]}}],"collection":[{"href":"https:\/\/emprad.org.br\/2023\/wp-json\/wp\/v2\/pages"}],"about":[{"href":"https:\/\/emprad.org.br\/2023\/wp-json\/wp\/v2\/types\/page"}],"author":[{"embeddable":true,"href":"https:\/\/emprad.org.br\/2023\/wp-json\/wp\/v2\/users\/1"}],"replies":[{"embeddable":true,"href":"https:\/\/emprad.org.br\/2023\/wp-json\/wp\/v2\/comments?post=661"}],"version-history":[{"count":0,"href":"https:\/\/emprad.org.br\/2023\/wp-json\/wp\/v2\/pages\/661\/revisions"}],"wp:attachment":[{"href":"https:\/\/emprad.org.br\/2023\/wp-json\/wp\/v2\/media?parent=661"}],"curies":[{"name":"wp","href":"https:\/\/api.w.org\/{rel}","templated":true}]}}