{"id":3249,"date":"2023-08-09T14:39:32","date_gmt":"2023-08-09T17:39:32","guid":{"rendered":"https:\/\/emprad.org.br\/2023\/?page_id=3249"},"modified":"2023-08-09T14:40:41","modified_gmt":"2023-08-09T17:40:41","slug":"contato","status":"publish","type":"page","link":"https:\/\/emprad.org.br\/2023\/contato\/","title":{"rendered":"Contato"},"content":{"rendered":"\t\t<div data-elementor-type=\"wp-page\" data-elementor-id=\"3249\" class=\"elementor elementor-3249\">\n\t\t\t\t\t\t<section class=\"elementor-section elementor-top-section elementor-element elementor-element-e70a7bb elementor-section-boxed elementor-section-height-default elementor-section-height-default\" data-id=\"e70a7bb\" data-element_type=\"section\" data-e-type=\"section\">\n\t\t\t\t\t\t<div class=\"elementor-container elementor-column-gap-default\">\n\t\t\t\t\t<div class=\"elementor-column elementor-col-50 elementor-top-column elementor-element elementor-element-61ba35a\" data-id=\"61ba35a\" data-element_type=\"column\" data-e-type=\"column\">\n\t\t\t<div class=\"elementor-widget-wrap elementor-element-populated\">\n\t\t\t\t\t\t<div class=\"elementor-element elementor-element-a74d804 elementor-widget elementor-widget-google_maps\" data-id=\"a74d804\" data-element_type=\"widget\" data-e-type=\"widget\" data-widget_type=\"google_maps.default\">\n\t\t\t\t<div class=\"elementor-widget-container\">\n\t\t\t\t\t\t\t<div class=\"elementor-custom-embed\">\n\t\t\t<iframe loading=\"lazy\"\n\t\t\t\t\tsrc=\"https:\/\/maps.google.com\/maps?q=Av.%20Prof.%20Luciano%20Gualberto%2C%20908%20-%20Butant%C3%A3%2C%20S%C3%A3o%20Paulo%20-%20SP%2C%2005508-010&#038;t=m&#038;z=12&#038;output=embed&#038;iwloc=near\"\n\t\t\t\t\ttitle=\"Av. Prof. Luciano Gualberto, 908 - Butant\u00e3, S\u00e3o Paulo - SP, 05508-010\"\n\t\t\t\t\taria-label=\"Av. Prof. Luciano Gualberto, 908 - Butant\u00e3, S\u00e3o Paulo - SP, 05508-010\"\n\t\t\t><\/iframe>\n\t\t<\/div>\n\t\t\t\t\t\t<\/div>\n\t\t\t\t<\/div>\n\t\t\t\t\t<\/div>\n\t\t<\/div>\n\t\t\t\t<div class=\"elementor-column elementor-col-50 elementor-top-column elementor-element elementor-element-94e064a\" data-id=\"94e064a\" data-element_type=\"column\" data-e-type=\"column\" data-settings=\"{&quot;background_background&quot;:&quot;classic&quot;}\">\n\t\t\t<div class=\"elementor-widget-wrap elementor-element-populated\">\n\t\t\t\t\t\t<div class=\"elementor-element elementor-element-f442cb8 elementor-widget elementor-widget-text-editor\" data-id=\"f442cb8\" data-element_type=\"widget\" data-e-type=\"widget\" data-widget_type=\"text-editor.default\">\n\t\t\t\t<div class=\"elementor-widget-container\">\n\t\t\t\t\t\t\t\t\t<p><strong>Dados de contato<\/strong><br \/>FEA-USP<br \/>Av. Prof. Luciano Gualberto, 908<\/p><p><strong>Fale conosco:<\/strong><br \/>Email: mpe@usp.br<br \/>Tel: (11) 98792-6892<br \/>(Apenas mensagem via WhatsApp)<\/p>\t\t\t\t\t\t\t\t<\/div>\n\t\t\t\t<\/div>\n\t\t\t\t\t<\/div>\n\t\t<\/div>\n\t\t\t\t\t<\/div>\n\t\t<\/section>\n\t\t\t\t<\/div>\n\t\t","protected":false},"excerpt":{"rendered":"<p>Dados de contatoFEA-USPAv. Prof. Luciano Gualberto, 908 Fale conosco:Email: mpe@usp.brTel: (11) 98792-6892(Apenas mensagem via WhatsApp)<\/p>\n","protected":false},"author":3,"featured_media":0,"parent":0,"menu_order":0,"comment_status":"closed","ping_status":"closed","template":"","meta":{"inline_featured_image":false,"footnotes":""},"class_list":["post-3249","page","type-page","status-publish","hentry"],"yoast_head":"<!-- This site is optimized with the Yoast SEO plugin v27.2 - https:\/\/yoast.com\/product\/yoast-seo-wordpress\/ -->\n<title>Contato - Emprad 2023<\/title>\n<meta name=\"robots\" content=\"index, follow, max-snippet:-1, max-image-preview:large, max-video-preview:-1\" \/>\n<link rel=\"canonical\" href=\"https:\/\/emprad.org.br\/2023\/contato\/\" \/>\n<meta property=\"og:locale\" content=\"pt_BR\" \/>\n<meta property=\"og:type\" content=\"article\" \/>\n<meta property=\"og:title\" content=\"Contato - Emprad 2023\" \/>\n<meta property=\"og:description\" content=\"Dados de contatoFEA-USPAv. Prof. Luciano Gualberto, 908 Fale conosco:Email: mpe@usp.brTel: (11) 98792-6892(Apenas mensagem via WhatsApp)\" \/>\n<meta property=\"og:url\" content=\"https:\/\/emprad.org.br\/2023\/contato\/\" \/>\n<meta property=\"og:site_name\" content=\"Emprad 2023\" \/>\n<meta property=\"article:modified_time\" content=\"2023-08-09T17:40:41+00:00\" \/>\n<meta name=\"twitter:card\" content=\"summary_large_image\" \/>\n<meta name=\"twitter:label1\" content=\"Est. tempo de leitura\" \/>\n\t<meta name=\"twitter:data1\" content=\"1 minuto\" \/>\n<script type=\"application\/ld+json\" class=\"yoast-schema-graph\">{\"@context\":\"https:\/\/schema.org\",\"@graph\":[{\"@type\":\"WebPage\",\"@id\":\"https:\/\/emprad.org.br\/2023\/contato\/\",\"url\":\"https:\/\/emprad.org.br\/2023\/contato\/\",\"name\":\"Contato - Emprad 2023\",\"isPartOf\":{\"@id\":\"https:\/\/emprad.org.br\/2023\/#website\"},\"datePublished\":\"2023-08-09T17:39:32+00:00\",\"dateModified\":\"2023-08-09T17:40:41+00:00\",\"inLanguage\":\"pt-BR\",\"potentialAction\":[{\"@type\":\"ReadAction\",\"target\":[\"https:\/\/emprad.org.br\/2023\/contato\/\"]}]},{\"@type\":\"WebSite\",\"@id\":\"https:\/\/emprad.org.br\/2023\/#website\",\"url\":\"https:\/\/emprad.org.br\/2023\/\",\"name\":\"Emprad 2023\",\"description\":\"Encontro dos Programas de P\u00f3s-Gradua\u00e7\u00e3o Profissionais em Administra\u00e7\u00e3o\",\"potentialAction\":[{\"@type\":\"SearchAction\",\"target\":{\"@type\":\"EntryPoint\",\"urlTemplate\":\"https:\/\/emprad.org.br\/2023\/?s={search_term_string}\"},\"query-input\":{\"@type\":\"PropertyValueSpecification\",\"valueRequired\":true,\"valueName\":\"search_term_string\"}}],\"inLanguage\":\"pt-BR\"}]}<\/script>\n<!-- \/ Yoast SEO plugin. -->","yoast_head_json":{"title":"Contato - Emprad 2023","robots":{"index":"index","follow":"follow","max-snippet":"max-snippet:-1","max-image-preview":"max-image-preview:large","max-video-preview":"max-video-preview:-1"},"canonical":"https:\/\/emprad.org.br\/2023\/contato\/","og_locale":"pt_BR","og_type":"article","og_title":"Contato - Emprad 2023","og_description":"Dados de contatoFEA-USPAv. Prof. Luciano Gualberto, 908 Fale conosco:Email: mpe@usp.brTel: (11) 98792-6892(Apenas mensagem via WhatsApp)","og_url":"https:\/\/emprad.org.br\/2023\/contato\/","og_site_name":"Emprad 2023","article_modified_time":"2023-08-09T17:40:41+00:00","twitter_card":"summary_large_image","twitter_misc":{"Est. tempo de leitura":"1 minuto"},"schema":{"@context":"https:\/\/schema.org","@graph":[{"@type":"WebPage","@id":"https:\/\/emprad.org.br\/2023\/contato\/","url":"https:\/\/emprad.org.br\/2023\/contato\/","name":"Contato - Emprad 2023","isPartOf":{"@id":"https:\/\/emprad.org.br\/2023\/#website"},"datePublished":"2023-08-09T17:39:32+00:00","dateModified":"2023-08-09T17:40:41+00:00","inLanguage":"pt-BR","potentialAction":[{"@type":"ReadAction","target":["https:\/\/emprad.org.br\/2023\/contato\/"]}]},{"@type":"WebSite","@id":"https:\/\/emprad.org.br\/2023\/#website","url":"https:\/\/emprad.org.br\/2023\/","name":"Emprad 2023","description":"Encontro dos Programas de P\u00f3s-Gradua\u00e7\u00e3o Profissionais em Administra\u00e7\u00e3o","potentialAction":[{"@type":"SearchAction","target":{"@type":"EntryPoint","urlTemplate":"https:\/\/emprad.org.br\/2023\/?s={search_term_string}"},"query-input":{"@type":"PropertyValueSpecification","valueRequired":true,"valueName":"search_term_string"}}],"inLanguage":"pt-BR"}]}},"_links":{"self":[{"href":"https:\/\/emprad.org.br\/2023\/wp-json\/wp\/v2\/pages\/3249","targetHints":{"allow":["GET"]}}],"collection":[{"href":"https:\/\/emprad.org.br\/2023\/wp-json\/wp\/v2\/pages"}],"about":[{"href":"https:\/\/emprad.org.br\/2023\/wp-json\/wp\/v2\/types\/page"}],"author":[{"embeddable":true,"href":"https:\/\/emprad.org.br\/2023\/wp-json\/wp\/v2\/users\/3"}],"replies":[{"embeddable":true,"href":"https:\/\/emprad.org.br\/2023\/wp-json\/wp\/v2\/comments?post=3249"}],"version-history":[{"count":4,"href":"https:\/\/emprad.org.br\/2023\/wp-json\/wp\/v2\/pages\/3249\/revisions"}],"predecessor-version":[{"id":3253,"href":"https:\/\/emprad.org.br\/2023\/wp-json\/wp\/v2\/pages\/3249\/revisions\/3253"}],"wp:attachment":[{"href":"https:\/\/emprad.org.br\/2023\/wp-json\/wp\/v2\/media?parent=3249"}],"curies":[{"name":"wp","href":"https:\/\/api.w.org\/{rel}","templated":true}]}}