{"id":8690,"date":"2018-08-01T10:38:51","date_gmt":"2018-08-01T13:38:51","guid":{"rendered":"https:\/\/emprad.org.br\/2022\/?page_id=8690"},"modified":"2022-09-14T13:26:57","modified_gmt":"2022-09-14T16:26:57","slug":"keynote-speakers","status":"publish","type":"page","link":"https:\/\/emprad.org.br\/2022\/keynote-speakers\/","title":{"rendered":"Keynote Speakers"},"content":{"rendered":"<p>[vc_row][vc_column][vc_empty_space][\/vc_column][\/vc_row][vc_row css=&#8221;.vc_custom_1637236872377{background-color: #f4f4f4 !important;}&#8221;][vc_column width=&#8221;1\/4&#8243;][vc_single_image image=&#8221;10263&#8243; img_size=&#8221;full&#8221; alignment=&#8221;center&#8221;][\/vc_column][vc_column width=&#8221;3\/4&#8243;][vc_custom_heading text=&#8221;Prof. Dr. Pedro Lincoln Carneiro Le\u00e3o de Mattos&#8221; font_container=&#8221;tag:h2|font_size:30px|text_align:left&#8221; use_theme_fonts=&#8221;yes&#8221;][vc_column_text]Professor Titular da UFPE e PhD pela London School of Economics and Political Sciences (LSE). Acompanha o nascimento e expans\u00e3o da p\u00f3s-gradua\u00e7\u00e3o profissional no Brasil nos \u00faltimos 30 anos. Seus textos levantam quest\u00f5es instigantes, tais como: O \u2018sucesso\u2019 dos mestrados profissionais se deve \u00e0 evolu\u00e7\u00e3o interna do sistema ou \u00e0 acomoda\u00e7\u00e3o a condi\u00e7\u00f5es externas favor\u00e1veis? Cabe falar-se em algo metodologicamente diferente, ao tratar-se de pesquisa em programas profissionais? O que pensar da perspectiva de ter-se, ao longo do tempo, um s\u00f3 programa, desaparecendo os dois atuais, \u2018acad\u00eamico\u2019 e \u2018profissional\u2019?<br \/>\nCV Lattes: <a href=\"http:\/\/lattes.cnpq.br\/1559369195932922\" target=\"_blank\" rel=\"noopener\">http:\/\/lattes.cnpq.br\/1559369195932922<\/a>[\/vc_column_text][vc_column_text]<strong>T\u00cdTULO DA PALESTRA<br \/>\n<\/strong>Devem os MPAs, para seu amadurecimento institucional, desenvolver um paradigma metodol\u00f3gico de pesquisa pr\u00f3prio?<\/p>\n<p><strong>EMENTA DA PALESTRA<br \/>\n<\/strong>A demanda por Mestrados e Doutorados Profissionais abre horizontes, mas pode embriagar lideran\u00e7as acad\u00eamicas, que ficam tentadas a simplesmente atender a demanda crescente, sem ter em vista a constru\u00e7\u00e3o de uma nova cultura de pesquisa, capaz de gerar conhecimento de qualidade, criativo e inovador. Chegou (passou?) a hora de despertar para uma lideran\u00e7a esclarecida, que enfrente as demandas circunstanciais, com compet\u00eancia institucional. Compet\u00eancia acad\u00eamica e empreendedora, incluindo formas de investimento descoladas das amarras institucionais de institui\u00e7\u00f5es p\u00fablicas e privadas. Em resumo proponho ultrapassar a responsividade circunstancial, por reflex\u00e3o aprofundada e uma abordagem estrat\u00e9gica para m\u00e9dio e longo prazo. Abrir m\u00e3o de um sucesso acomodado pelo desafio da constru\u00e7\u00e3o progressiva de um novo paradigma. Um despertar baseado na hist\u00f3ria social da ci\u00eancia para entender como podemos seguir em frente e construir conscientemente a identidade institucional da p\u00f3s-gradua\u00e7\u00e3o profissional.<\/p>\n<p><strong>LEITURAS PR\u00c9VIAS SUGERIDAS:<br \/>\n<\/strong>P\u00f3s-gradua\u00e7\u00e3o profissional em administra\u00e7\u00e3o no Brasil: dilemas da vida adulta<\/p>\n<p>Documento para discuss\u00e3o de pol\u00edticas<br \/>\n<a href=\"http:\/\/www.ijbmkt.org\/index.php\/ijbmkt\/article\/view\/170\">http:\/\/www.ijbmkt.org\/index.php\/ijbmkt\/article\/view\/170<\/a><\/p>\n<p>Seu projeto de mestrado. Quais ser\u00e3o as grandes quest\u00f5es?<br \/>\n<a href=\"http:\/\/www.ijbmkt.org\/index.php\/ijbmkt\/article\/view\/195\">http:\/\/www.ijbmkt.org\/index.php\/ijbmkt\/article\/view\/195<\/a>[\/vc_column_text][\/vc_column][\/vc_row][vc_row][vc_column][vc_empty_space height=&#8221;10px&#8221;][\/vc_column][\/vc_row][vc_row css=&#8221;.vc_custom_1637236872377{background-color: #f4f4f4 !important;}&#8221;][vc_column width=&#8221;1\/4&#8243;][vc_single_image image=&#8221;10330&#8243; img_size=&#8221;212&#215;261&#8243; alignment=&#8221;center&#8221;][\/vc_column][vc_column width=&#8221;3\/4&#8243;][vc_custom_heading text=&#8221;Jo\u00e3o Barbosa&#8221; font_container=&#8221;tag:h2|font_size:30px|text_align:left&#8221; use_theme_fonts=&#8221;yes&#8221;][vc_column_text]Jo\u00e3o Barbosa \u00e9 co-fundador e VP of Partners Brazil and New Ventures do Gympass. Respons\u00e1vel por iniciar as opera\u00e7\u00f5es da empresa no M\u00e9xico, Franca e na It\u00e1lia, hoje lidera as \u00e1reas de New Business e relacionamento com a rede de academias parceiras do Gympass, que opera em 14 pa\u00edses. Nascido em Minas Gerais, \u00e9 bacharel em Economia pela Universidade de S\u00e3o Paulo (USP), possui certifica\u00e7\u00e3o em Estrat\u00e9gia e Lideran\u00e7a pela Stanford University (EUA) e GMP Harvard University (EUA). Antes de iniciar sua jornada no Gympass, Jo\u00e3o passou por companhias como CVC, Santander e Citibank.[\/vc_column_text][vc_column_text]<strong>T\u00cdTULO DA PALESTRA<br \/>\n<\/strong>Os passos da escalada do Unic\u00f3rnio brasileiro Gympass[\/vc_column_text][\/vc_column][\/vc_row][vc_row][vc_column][vc_empty_space][vc_message]Novos keynotes ser\u00e3o divulgados em breve[\/vc_message][\/vc_column][\/vc_row]<\/p>\n","protected":false},"excerpt":{"rendered":"<p>[vc_row][vc_column][vc_empty_space][\/vc_column][\/vc_row][vc_row css=&#8221;.vc_custom_1637236872377{background-color: #f4f4f4 !important;}&#8221;][vc_column width=&#8221;1\/4&#8243;][vc_single_image image=&#8221;10263&#8243; img_size=&#8221;full&#8221; alignment=&#8221;center&#8221;][\/vc_column][vc_column width=&#8221;3\/4&#8243;][vc_custom_heading text=&#8221;Prof. Dr. Pedro Lincoln Carneiro Le\u00e3o de Mattos&#8221; font_container=&#8221;tag:h2|font_size:30px|text_align:left&#8221; use_theme_fonts=&#8221;yes&#8221;][vc_column_text]Professor Titular da UFPE e PhD pela London School of Economics and Political Sciences (LSE). Acompanha o nascimento e expans\u00e3o da p\u00f3s-gradua\u00e7\u00e3o profissional no Brasil nos \u00faltimos 30 anos. Seus textos levantam quest\u00f5es instigantes, tais como: O [&hellip;]<\/p>\n","protected":false},"author":1,"featured_media":0,"parent":0,"menu_order":0,"comment_status":"closed","ping_status":"closed","template":"","meta":{"inline_featured_image":false,"footnotes":""},"class_list":["post-8690","page","type-page","status-publish","hentry"],"yoast_head":"<!-- This site is optimized with the Yoast SEO plugin v27.2 - https:\/\/yoast.com\/product\/yoast-seo-wordpress\/ -->\n<title>Keynote Speakers - EMPRAD 2022<\/title>\n<meta name=\"robots\" content=\"index, follow, max-snippet:-1, max-image-preview:large, max-video-preview:-1\" \/>\n<link rel=\"canonical\" href=\"https:\/\/emprad.org.br\/2022\/keynote-speakers\/\" \/>\n<meta property=\"og:locale\" content=\"pt_BR\" \/>\n<meta property=\"og:type\" content=\"article\" \/>\n<meta property=\"og:title\" content=\"Keynote Speakers - EMPRAD 2022\" \/>\n<meta property=\"og:description\" content=\"[vc_row][vc_column][vc_empty_space][\/vc_column][\/vc_row][vc_row css=&#8221;.vc_custom_1637236872377{background-color: #f4f4f4 !important;}&#8221;][vc_column width=&#8221;1\/4&#8243;][vc_single_image image=&#8221;10263&#8243; img_size=&#8221;full&#8221; alignment=&#8221;center&#8221;][\/vc_column][vc_column width=&#8221;3\/4&#8243;][vc_custom_heading text=&#8221;Prof. Dr. Pedro Lincoln Carneiro Le\u00e3o de Mattos&#8221; font_container=&#8221;tag:h2|font_size:30px|text_align:left&#8221; use_theme_fonts=&#8221;yes&#8221;][vc_column_text]Professor Titular da UFPE e PhD pela London School of Economics and Political Sciences (LSE). Acompanha o nascimento e expans\u00e3o da p\u00f3s-gradua\u00e7\u00e3o profissional no Brasil nos \u00faltimos 30 anos. Seus textos levantam quest\u00f5es instigantes, tais como: O [&hellip;]\" \/>\n<meta property=\"og:url\" content=\"https:\/\/emprad.org.br\/2022\/keynote-speakers\/\" \/>\n<meta property=\"og:site_name\" content=\"EMPRAD 2022\" \/>\n<meta property=\"article:modified_time\" content=\"2022-09-14T16:26:57+00:00\" \/>\n<meta name=\"twitter:card\" content=\"summary_large_image\" \/>\n<meta name=\"twitter:label1\" content=\"Est. tempo de leitura\" \/>\n\t<meta name=\"twitter:data1\" content=\"3 minutos\" \/>\n<script type=\"application\/ld+json\" class=\"yoast-schema-graph\">{\"@context\":\"https:\/\/schema.org\",\"@graph\":[{\"@type\":\"WebPage\",\"@id\":\"https:\/\/emprad.org.br\/2022\/keynote-speakers\/\",\"url\":\"https:\/\/emprad.org.br\/2022\/keynote-speakers\/\",\"name\":\"Keynote Speakers - EMPRAD 2022\",\"isPartOf\":{\"@id\":\"https:\/\/emprad.org.br\/2022\/#website\"},\"datePublished\":\"2018-08-01T13:38:51+00:00\",\"dateModified\":\"2022-09-14T16:26:57+00:00\",\"breadcrumb\":{\"@id\":\"https:\/\/emprad.org.br\/2022\/keynote-speakers\/#breadcrumb\"},\"inLanguage\":\"pt-BR\",\"potentialAction\":[{\"@type\":\"ReadAction\",\"target\":[\"https:\/\/emprad.org.br\/2022\/keynote-speakers\/\"]}]},{\"@type\":\"BreadcrumbList\",\"@id\":\"https:\/\/emprad.org.br\/2022\/keynote-speakers\/#breadcrumb\",\"itemListElement\":[{\"@type\":\"ListItem\",\"position\":1,\"name\":\"In\u00edcio\",\"item\":\"https:\/\/emprad.org.br\/2022\/\"},{\"@type\":\"ListItem\",\"position\":2,\"name\":\"Keynote Speakers\"}]},{\"@type\":\"WebSite\",\"@id\":\"https:\/\/emprad.org.br\/2022\/#website\",\"url\":\"https:\/\/emprad.org.br\/2022\/\",\"name\":\"EMPRAD 2022\",\"description\":\"Encontro dos Programas de P\u00f3s-Gradua\u00e7\u00e3o Profissionais em Administra\u00e7\u00e3o\",\"potentialAction\":[{\"@type\":\"SearchAction\",\"target\":{\"@type\":\"EntryPoint\",\"urlTemplate\":\"https:\/\/emprad.org.br\/2022\/?s={search_term_string}\"},\"query-input\":{\"@type\":\"PropertyValueSpecification\",\"valueRequired\":true,\"valueName\":\"search_term_string\"}}],\"inLanguage\":\"pt-BR\"}]}<\/script>\n<!-- \/ Yoast SEO plugin. -->","yoast_head_json":{"title":"Keynote Speakers - EMPRAD 2022","robots":{"index":"index","follow":"follow","max-snippet":"max-snippet:-1","max-image-preview":"max-image-preview:large","max-video-preview":"max-video-preview:-1"},"canonical":"https:\/\/emprad.org.br\/2022\/keynote-speakers\/","og_locale":"pt_BR","og_type":"article","og_title":"Keynote Speakers - EMPRAD 2022","og_description":"[vc_row][vc_column][vc_empty_space][\/vc_column][\/vc_row][vc_row css=&#8221;.vc_custom_1637236872377{background-color: #f4f4f4 !important;}&#8221;][vc_column width=&#8221;1\/4&#8243;][vc_single_image image=&#8221;10263&#8243; img_size=&#8221;full&#8221; alignment=&#8221;center&#8221;][\/vc_column][vc_column width=&#8221;3\/4&#8243;][vc_custom_heading text=&#8221;Prof. Dr. Pedro Lincoln Carneiro Le\u00e3o de Mattos&#8221; font_container=&#8221;tag:h2|font_size:30px|text_align:left&#8221; use_theme_fonts=&#8221;yes&#8221;][vc_column_text]Professor Titular da UFPE e PhD pela London School of Economics and Political Sciences (LSE). Acompanha o nascimento e expans\u00e3o da p\u00f3s-gradua\u00e7\u00e3o profissional no Brasil nos \u00faltimos 30 anos. Seus textos levantam quest\u00f5es instigantes, tais como: O [&hellip;]","og_url":"https:\/\/emprad.org.br\/2022\/keynote-speakers\/","og_site_name":"EMPRAD 2022","article_modified_time":"2022-09-14T16:26:57+00:00","twitter_card":"summary_large_image","twitter_misc":{"Est. tempo de leitura":"3 minutos"},"schema":{"@context":"https:\/\/schema.org","@graph":[{"@type":"WebPage","@id":"https:\/\/emprad.org.br\/2022\/keynote-speakers\/","url":"https:\/\/emprad.org.br\/2022\/keynote-speakers\/","name":"Keynote Speakers - EMPRAD 2022","isPartOf":{"@id":"https:\/\/emprad.org.br\/2022\/#website"},"datePublished":"2018-08-01T13:38:51+00:00","dateModified":"2022-09-14T16:26:57+00:00","breadcrumb":{"@id":"https:\/\/emprad.org.br\/2022\/keynote-speakers\/#breadcrumb"},"inLanguage":"pt-BR","potentialAction":[{"@type":"ReadAction","target":["https:\/\/emprad.org.br\/2022\/keynote-speakers\/"]}]},{"@type":"BreadcrumbList","@id":"https:\/\/emprad.org.br\/2022\/keynote-speakers\/#breadcrumb","itemListElement":[{"@type":"ListItem","position":1,"name":"In\u00edcio","item":"https:\/\/emprad.org.br\/2022\/"},{"@type":"ListItem","position":2,"name":"Keynote Speakers"}]},{"@type":"WebSite","@id":"https:\/\/emprad.org.br\/2022\/#website","url":"https:\/\/emprad.org.br\/2022\/","name":"EMPRAD 2022","description":"Encontro dos Programas de P\u00f3s-Gradua\u00e7\u00e3o Profissionais em Administra\u00e7\u00e3o","potentialAction":[{"@type":"SearchAction","target":{"@type":"EntryPoint","urlTemplate":"https:\/\/emprad.org.br\/2022\/?s={search_term_string}"},"query-input":{"@type":"PropertyValueSpecification","valueRequired":true,"valueName":"search_term_string"}}],"inLanguage":"pt-BR"}]}},"_links":{"self":[{"href":"https:\/\/emprad.org.br\/2022\/wp-json\/wp\/v2\/pages\/8690","targetHints":{"allow":["GET"]}}],"collection":[{"href":"https:\/\/emprad.org.br\/2022\/wp-json\/wp\/v2\/pages"}],"about":[{"href":"https:\/\/emprad.org.br\/2022\/wp-json\/wp\/v2\/types\/page"}],"author":[{"embeddable":true,"href":"https:\/\/emprad.org.br\/2022\/wp-json\/wp\/v2\/users\/1"}],"replies":[{"embeddable":true,"href":"https:\/\/emprad.org.br\/2022\/wp-json\/wp\/v2\/comments?post=8690"}],"version-history":[{"count":15,"href":"https:\/\/emprad.org.br\/2022\/wp-json\/wp\/v2\/pages\/8690\/revisions"}],"predecessor-version":[{"id":10333,"href":"https:\/\/emprad.org.br\/2022\/wp-json\/wp\/v2\/pages\/8690\/revisions\/10333"}],"wp:attachment":[{"href":"https:\/\/emprad.org.br\/2022\/wp-json\/wp\/v2\/media?parent=8690"}],"curies":[{"name":"wp","href":"https:\/\/api.w.org\/{rel}","templated":true}]}}