{"id":9703,"date":"2021-03-22T16:06:40","date_gmt":"2021-03-22T19:06:40","guid":{"rendered":"https:\/\/emprad.org.br\/2021\/?page_id=9703"},"modified":"2021-11-24T09:50:44","modified_gmt":"2021-11-24T12:50:44","slug":"programacao","status":"publish","type":"page","link":"https:\/\/emprad.org.br\/2021\/programacao\/","title":{"rendered":"Programa\u00e7\u00e3o"},"content":{"rendered":"<p>[vc_row][vc_column][vc_column_text]<p>[\/vc_column_text][\/vc_column][\/vc_row][vc_row][vc_column][vc_empty_space][\/vc_column][\/vc_row][vc_row][vc_column][vc_column_text]<\/p>\n<\/p>\r\n\r\n<h2 class=\"wp-block-heading\">22 de novembro de 2021<\/h2>\r\n<p>\u00a0<\/p>\r\n\r\n<h3 class=\"wp-block-heading\"><strong>18:00 \u00e0s 18:30 &#8211; Abertura do evento<\/strong><\/h3>\r\n<p>\r\n\r\n<strong>Diretor da FEA:<\/strong><br \/>Prof. Dr. Fabio Frezatti<\/p>\r\n<p>\u00a0<\/p>\r\n<p>\u00a0<\/p>\r\n<p>\r\n\r\n<strong>Chefe do departamento de Administra\u00e7\u00e3o da FEA-USP<\/strong><br \/>Prof. Dr. Jo\u00e3o Mauricio Gama Boaventura<\/p>\r\n<p>\u00a0<\/p>\r\n<p>\u00a0<\/p>\r\n<p>\r\n\r\n<strong>Coordenadora do Programa de Mestrado Profissional em Empreendedorismo<\/strong><br \/>Profa. Dra. Graziella Comini<\/p>\r\n<p>\u00a0<\/p>\r\n<p>\u00a0<\/p>\r\n<p>\r\n\r\n<strong>Coordenadores do evento:<\/strong><br \/>Prof. Dr. Martinho I. R. de Almeida e Prof. Dr. F\u00e1bio Lotti Oliva<\/p>\r\n<p>\u00a0<\/p>\r\n<hr class=\"wp-block-separator\" \/>\r\n<p>\u00a0<\/p>\r\n\r\n<h3 class=\"wp-block-heading\"><strong>18:30 \u00e0s 19:00<\/strong> &#8211; <strong>Mesa redonda<\/strong><\/h3>\r\n<p>\u00a0<\/p>\r\n\r\n<h4 class=\"wp-block-heading\"><strong>Sala 1: Empreendedorismo Feminino<\/strong><\/h4>\r\n<p>\r\n\r\n<strong>Coordenadora:<\/strong><br \/>Profa. Dra. V\u00e2nia Maria Jorge Nassif UNINOVE<\/p>\r\n<p>\r\n\r\n<strong>Convidados:<br \/><\/strong>Prof. Dr. Victor Corr\u00eaa- UNIP<br \/>Profa. Bianca Torres Stchaffon, empreededora, Ifood<\/p>\r\n<p>\u00a0<\/p>\r\n\r\n<h4 class=\"wp-block-heading\"><strong>Sala 2: Qualidade de vida dos P\u00f3s-graduandos<\/strong><\/h4>\r\n<p>\r\n\r\n<strong>Coordenadora:<\/strong><br \/>Profa. Dr. Ana Cristina Limongi-Fran\u00e7a e convidados FEA-USP<\/p>\r\n<p>\r\n\r\n<strong>Convidados:<br \/><\/strong>Prof. Dr. Daniel Estima de Carvalho \u2013 FIA<br \/>Profa. Dra. Cristina Helena Pinto de Mello \u2013 ESPM<\/p>\r\n<p>\r\n\r\n<strong>Debatedores:<br \/><\/strong>Prof. Dr. Elton Parente \u2013 Tribunal de Contas de Rond\u00f4nia<br \/>Profa. Dra. Izabela Taveira &#8211; Universidade Federal Fluminense<br \/>Prof. Dr. Rog\u00e9rio Tadeu da Silva &#8211; Instituto Federal de S\u00e3o Paulo<\/p>\r\n<p>\u00a0<\/p>\r\n<hr class=\"wp-block-separator\" \/>\r\n<p>\u00a0<\/p>\r\n\r\n<h3 class=\"wp-block-heading\"><strong>19:00 \u00e0s 19:50<\/strong> &#8211; <strong>Plen\u00e1ria I<\/strong><\/h3>\r\n<p>\r\n\r\n<strong>Dr. Alysson Paulinelli<br \/><\/strong>Ex ministro da Agricultura\u00a0e indicado ao\u00a0Pr\u00eamio Nobel da Paz\u00a02021<\/p>\r\n<p>\r\n\r\n<strong>Tema:<\/strong><br \/>Os desafios e as transforma\u00e7\u00f5es da agricultura brasileira para excel\u00eancia e reconhecimento nacional e internacional<\/p>\r\n<p>\r\n\r\n<strong>Medidores:<\/strong><br \/>Prof. Dr. Martinho Isnard R. de Almeida FEA\/USP<br \/>Profa. Dra. Ana Cristina Limongi-Fran\u00e7a FEA\/USP<\/p>\r\n<p>\u00a0<\/p>\r\n<hr class=\"wp-block-separator\" \/>\r\n<p>\u00a0<\/p>\r\n\r\n<h3 class=\"wp-block-heading\"><strong>20:00 \u2013 22:00<\/strong> &#8211; <strong>Sess\u00e3o de Apresenta\u00e7\u00e3o dos Trabalhos<\/strong><\/h3>\r\n<p>\u00a0<\/p>\r\n\r\n<div class=\"wp-block-spacer\" style=\"height: 165px;\" aria-hidden=\"true\">\u00a0<\/div>\r\n<p>\u00a0<\/p>\r\n\r\n<h2 class=\"wp-block-heading\">23 de novembro de 2021<\/h2>\r\n<p>\u00a0<\/p>\r\n\r\n<h3 class=\"wp-block-heading\"><strong>18:00-18:50<\/strong> &#8211; <strong>Mesa redonda<\/strong><\/h3>\r\n<p>\u00a0<\/p>\r\n\r\n<h4 class=\"wp-block-heading\"><strong>Sala 1: Debate com os coordenadores e professores dos programas profissionais<\/strong><\/h4>\r\n<p>\r\n\r\n<strong>Coordenador:<\/strong><br \/>Prof. Dr. Martinho I. Ribeiro de Almeida<\/p>\r\n<p>\u00a0<\/p>\r\n\r\n<h4 class=\"wp-block-heading\"><strong>Sala 2: Empreendedorismo Social<\/strong><\/h4>\r\n<p>\r\n\r\n<strong>Coordenadora:<\/strong><br \/>Profa. Dra. Lilian Miguel MACKENZIE<\/p>\r\n<p>\u00a0<\/p>\r\n\r\n<h4 class=\"wp-block-heading\"><strong>Sala 3: Impacto da Pesquisa na Sociedade<\/strong><\/h4>\r\n<p>\r\n\r\n<strong>Coordenador:<\/strong><br \/>Prof. Dr. Manoel Farias FIPECAFI<\/p>\r\n<p>\r\n\r\n<strong>Debatedores:<br \/><\/strong>Prof. Dr. F\u00e1bio Lotti Oliva &#8211; FEA-USP<br \/>Prof. Dr. Luciano Ferreira da Silva &#8211; UNINOVE<br \/>Prof. Dr. Ricardo Zagallo Camargo &#8211; ESPM<br \/>Prof. Dr. Roberto Bernardes &#8211; FEI<\/p>\r\n<p>\u00a0<\/p>\r\n\r\n<h4 class=\"wp-block-heading\"><strong>Sala 4: Alumni do MPE<\/strong><\/h4>\r\n<p>\u00a0<\/p>\r\n<p>\u00a0<\/p>\r\n<p>\u00a0<\/p>\r\n<hr class=\"wp-block-separator\" \/>\r\n<p>\u00a0<\/p>\r\n\r\n<h3 class=\"wp-block-heading\"><strong><strong>19:00 \u00e0s 19:50<\/strong><\/strong> &#8211; <strong>Plen\u00e1ria II<\/strong><\/h3>\r\n<p>\r\n\r\n<strong>Marcela Thurler Lessa<br \/><\/strong>Diretora de Programas na Yunus &amp; Youth<\/p>\r\n<p>\r\n\r\n<strong>Tema: Empreendedorismo e Responsabilidade Social: desafios atuaisMedidora:<\/strong><br \/>Profa. Dra. Graziella Maria Comini FEA\/USP<\/p>\r\n<p>\u00a0<\/p>\r\n<hr class=\"wp-block-separator\" \/>\r\n<p>\u00a0<\/p>\r\n\r\n<h3 class=\"wp-block-heading\"><strong><strong>20:00\u2013 22:00<\/strong> <\/strong>&#8211; <strong>Sess\u00e3o de Apresenta\u00e7\u00e3o dos Trabalhos<\/strong><\/h3>\r\n<p>\u00a0<\/p>\r\n<hr class=\"wp-block-separator\" \/>\r\n<p>\u00a0<\/p>\r\n\r\n<h3 class=\"wp-block-heading\"><strong>22:10<\/strong> &#8211; <strong>Encerramento do evento<\/strong><\/h3>\r\n<p>\r\n\r\n<strong>Coordenadores do evento:<\/strong><br \/>Prof. Dr. Martinho I. R. de Almeida e Prof. Dr. F\u00e1bio Lotti Oliva<\/p>\r\n<p>\u00a0<\/p>\r\n<p>\u00a0<\/p>\r\n<p>\u00a0<\/p>\r\n<p>[\/vc_column_text][\/vc_column][\/vc_row]<\/p>","protected":false},"excerpt":{"rendered":"<p>[vc_row][vc_column][vc_column_text] 22 de novembro de 2021 \u00a0 18:00 \u00e0s 18:30 &#8211; Abertura do evento Diretor da FEA:Prof. Dr. Fabio Frezatti \u00a0 \u00a0 Chefe do departamento de Administra\u00e7\u00e3o da FEA-USPProf. Dr. Jo\u00e3o Mauricio Gama Boaventura \u00a0 \u00a0 Coordenadora do Programa de Mestrado Profissional em EmpreendedorismoProfa. Dra. Graziella Comini \u00a0 \u00a0 Coordenadores do evento:Prof. Dr. Martinho I. [&hellip;]<\/p>\n","protected":false},"author":1,"featured_media":0,"parent":0,"menu_order":0,"comment_status":"closed","ping_status":"closed","template":"","meta":{"inline_featured_image":false,"footnotes":""},"class_list":["post-9703","page","type-page","status-publish","hentry"],"yoast_head":"<!-- This site is optimized with the Yoast SEO plugin v27.2 - https:\/\/yoast.com\/product\/yoast-seo-wordpress\/ -->\n<title>Programa\u00e7\u00e3o - EMPRAD 2021<\/title>\n<meta name=\"robots\" content=\"index, follow, max-snippet:-1, max-image-preview:large, max-video-preview:-1\" \/>\n<link rel=\"canonical\" href=\"https:\/\/emprad.org.br\/2021\/programacao\/\" \/>\n<meta property=\"og:locale\" content=\"pt_BR\" \/>\n<meta property=\"og:type\" content=\"article\" \/>\n<meta property=\"og:title\" content=\"Programa\u00e7\u00e3o - EMPRAD 2021\" \/>\n<meta property=\"og:description\" content=\"[vc_row][vc_column][vc_column_text] 22 de novembro de 2021 \u00a0 18:00 \u00e0s 18:30 &#8211; Abertura do evento Diretor da FEA:Prof. Dr. Fabio Frezatti \u00a0 \u00a0 Chefe do departamento de Administra\u00e7\u00e3o da FEA-USPProf. Dr. Jo\u00e3o Mauricio Gama Boaventura \u00a0 \u00a0 Coordenadora do Programa de Mestrado Profissional em EmpreendedorismoProfa. Dra. Graziella Comini \u00a0 \u00a0 Coordenadores do evento:Prof. Dr. Martinho I. [&hellip;]\" \/>\n<meta property=\"og:url\" content=\"https:\/\/emprad.org.br\/2021\/programacao\/\" \/>\n<meta property=\"og:site_name\" content=\"EMPRAD 2021\" \/>\n<meta property=\"article:modified_time\" content=\"2021-11-24T12:50:44+00:00\" \/>\n<meta name=\"twitter:card\" content=\"summary_large_image\" \/>\n<meta name=\"twitter:label1\" content=\"Est. tempo de leitura\" \/>\n\t<meta name=\"twitter:data1\" content=\"2 minutos\" \/>\n<script type=\"application\/ld+json\" class=\"yoast-schema-graph\">{\"@context\":\"https:\/\/schema.org\",\"@graph\":[{\"@type\":\"WebPage\",\"@id\":\"https:\/\/emprad.org.br\/2021\/programacao\/\",\"url\":\"https:\/\/emprad.org.br\/2021\/programacao\/\",\"name\":\"Programa\u00e7\u00e3o - EMPRAD 2021\",\"isPartOf\":{\"@id\":\"https:\/\/emprad.org.br\/2021\/#website\"},\"datePublished\":\"2021-03-22T19:06:40+00:00\",\"dateModified\":\"2021-11-24T12:50:44+00:00\",\"breadcrumb\":{\"@id\":\"https:\/\/emprad.org.br\/2021\/programacao\/#breadcrumb\"},\"inLanguage\":\"pt-BR\",\"potentialAction\":[{\"@type\":\"ReadAction\",\"target\":[\"https:\/\/emprad.org.br\/2021\/programacao\/\"]}]},{\"@type\":\"BreadcrumbList\",\"@id\":\"https:\/\/emprad.org.br\/2021\/programacao\/#breadcrumb\",\"itemListElement\":[{\"@type\":\"ListItem\",\"position\":1,\"name\":\"In\u00edcio\",\"item\":\"https:\/\/emprad.org.br\/2021\/\"},{\"@type\":\"ListItem\",\"position\":2,\"name\":\"Programa\u00e7\u00e3o\"}]},{\"@type\":\"WebSite\",\"@id\":\"https:\/\/emprad.org.br\/2021\/#website\",\"url\":\"https:\/\/emprad.org.br\/2021\/\",\"name\":\"EMPRAD 2021\",\"description\":\"Encontro dos Programas de P\u00f3s-Gradua\u00e7\u00e3o Profissionais em Administra\u00e7\u00e3o\",\"potentialAction\":[{\"@type\":\"SearchAction\",\"target\":{\"@type\":\"EntryPoint\",\"urlTemplate\":\"https:\/\/emprad.org.br\/2021\/?s={search_term_string}\"},\"query-input\":{\"@type\":\"PropertyValueSpecification\",\"valueRequired\":true,\"valueName\":\"search_term_string\"}}],\"inLanguage\":\"pt-BR\"}]}<\/script>\n<!-- \/ Yoast SEO plugin. -->","yoast_head_json":{"title":"Programa\u00e7\u00e3o - EMPRAD 2021","robots":{"index":"index","follow":"follow","max-snippet":"max-snippet:-1","max-image-preview":"max-image-preview:large","max-video-preview":"max-video-preview:-1"},"canonical":"https:\/\/emprad.org.br\/2021\/programacao\/","og_locale":"pt_BR","og_type":"article","og_title":"Programa\u00e7\u00e3o - EMPRAD 2021","og_description":"[vc_row][vc_column][vc_column_text] 22 de novembro de 2021 \u00a0 18:00 \u00e0s 18:30 &#8211; Abertura do evento Diretor da FEA:Prof. Dr. Fabio Frezatti \u00a0 \u00a0 Chefe do departamento de Administra\u00e7\u00e3o da FEA-USPProf. Dr. Jo\u00e3o Mauricio Gama Boaventura \u00a0 \u00a0 Coordenadora do Programa de Mestrado Profissional em EmpreendedorismoProfa. Dra. Graziella Comini \u00a0 \u00a0 Coordenadores do evento:Prof. Dr. Martinho I. [&hellip;]","og_url":"https:\/\/emprad.org.br\/2021\/programacao\/","og_site_name":"EMPRAD 2021","article_modified_time":"2021-11-24T12:50:44+00:00","twitter_card":"summary_large_image","twitter_misc":{"Est. tempo de leitura":"2 minutos"},"schema":{"@context":"https:\/\/schema.org","@graph":[{"@type":"WebPage","@id":"https:\/\/emprad.org.br\/2021\/programacao\/","url":"https:\/\/emprad.org.br\/2021\/programacao\/","name":"Programa\u00e7\u00e3o - EMPRAD 2021","isPartOf":{"@id":"https:\/\/emprad.org.br\/2021\/#website"},"datePublished":"2021-03-22T19:06:40+00:00","dateModified":"2021-11-24T12:50:44+00:00","breadcrumb":{"@id":"https:\/\/emprad.org.br\/2021\/programacao\/#breadcrumb"},"inLanguage":"pt-BR","potentialAction":[{"@type":"ReadAction","target":["https:\/\/emprad.org.br\/2021\/programacao\/"]}]},{"@type":"BreadcrumbList","@id":"https:\/\/emprad.org.br\/2021\/programacao\/#breadcrumb","itemListElement":[{"@type":"ListItem","position":1,"name":"In\u00edcio","item":"https:\/\/emprad.org.br\/2021\/"},{"@type":"ListItem","position":2,"name":"Programa\u00e7\u00e3o"}]},{"@type":"WebSite","@id":"https:\/\/emprad.org.br\/2021\/#website","url":"https:\/\/emprad.org.br\/2021\/","name":"EMPRAD 2021","description":"Encontro dos Programas de P\u00f3s-Gradua\u00e7\u00e3o Profissionais em Administra\u00e7\u00e3o","potentialAction":[{"@type":"SearchAction","target":{"@type":"EntryPoint","urlTemplate":"https:\/\/emprad.org.br\/2021\/?s={search_term_string}"},"query-input":{"@type":"PropertyValueSpecification","valueRequired":true,"valueName":"search_term_string"}}],"inLanguage":"pt-BR"}]}},"_links":{"self":[{"href":"https:\/\/emprad.org.br\/2021\/wp-json\/wp\/v2\/pages\/9703","targetHints":{"allow":["GET"]}}],"collection":[{"href":"https:\/\/emprad.org.br\/2021\/wp-json\/wp\/v2\/pages"}],"about":[{"href":"https:\/\/emprad.org.br\/2021\/wp-json\/wp\/v2\/types\/page"}],"author":[{"embeddable":true,"href":"https:\/\/emprad.org.br\/2021\/wp-json\/wp\/v2\/users\/1"}],"replies":[{"embeddable":true,"href":"https:\/\/emprad.org.br\/2021\/wp-json\/wp\/v2\/comments?post=9703"}],"version-history":[{"count":51,"href":"https:\/\/emprad.org.br\/2021\/wp-json\/wp\/v2\/pages\/9703\/revisions"}],"predecessor-version":[{"id":10169,"href":"https:\/\/emprad.org.br\/2021\/wp-json\/wp\/v2\/pages\/9703\/revisions\/10169"}],"wp:attachment":[{"href":"https:\/\/emprad.org.br\/2021\/wp-json\/wp\/v2\/media?parent=9703"}],"curies":[{"name":"wp","href":"https:\/\/api.w.org\/{rel}","templated":true}]}}