{"id":9480,"date":"2019-11-25T13:44:03","date_gmt":"2019-11-25T15:44:03","guid":{"rendered":"https:\/\/emprad.org.br\/2021\/?page_id=9480"},"modified":"2019-11-25T13:44:04","modified_gmt":"2019-11-25T15:44:04","slug":"emprad-2018-2","status":"publish","type":"page","link":"https:\/\/emprad.org.br\/2021\/emprad-2018-2\/","title":{"rendered":"Emprad 2018"},"content":{"rendered":"","protected":false},"excerpt":{"rendered":"","protected":false},"author":1,"featured_media":0,"parent":0,"menu_order":0,"comment_status":"closed","ping_status":"closed","template":"","meta":{"inline_featured_image":false,"footnotes":""},"class_list":["post-9480","page","type-page","status-publish","hentry"],"yoast_head":"<!-- This site is optimized with the Yoast SEO plugin v27.2 - https:\/\/yoast.com\/product\/yoast-seo-wordpress\/ -->\n<title>Emprad 2018 - EMPRAD 2021<\/title>\n<meta name=\"robots\" content=\"index, follow, max-snippet:-1, max-image-preview:large, max-video-preview:-1\" \/>\n<link rel=\"canonical\" href=\"https:\/\/emprad.org.br\/2021\/emprad-2018-2\/\" \/>\n<meta property=\"og:locale\" content=\"pt_BR\" \/>\n<meta property=\"og:type\" content=\"article\" \/>\n<meta property=\"og:title\" content=\"Emprad 2018 - EMPRAD 2021\" \/>\n<meta property=\"og:url\" content=\"https:\/\/emprad.org.br\/2021\/emprad-2018-2\/\" \/>\n<meta property=\"og:site_name\" content=\"EMPRAD 2021\" \/>\n<meta property=\"article:modified_time\" content=\"2019-11-25T15:44:04+00:00\" \/>\n<meta name=\"twitter:card\" content=\"summary_large_image\" \/>\n<script type=\"application\/ld+json\" class=\"yoast-schema-graph\">{\"@context\":\"https:\/\/schema.org\",\"@graph\":[{\"@type\":\"WebPage\",\"@id\":\"https:\/\/emprad.org.br\/2021\/emprad-2018-2\/\",\"url\":\"https:\/\/emprad.org.br\/2021\/emprad-2018-2\/\",\"name\":\"Emprad 2018 - EMPRAD 2021\",\"isPartOf\":{\"@id\":\"https:\/\/emprad.org.br\/2021\/#website\"},\"datePublished\":\"2019-11-25T15:44:03+00:00\",\"dateModified\":\"2019-11-25T15:44:04+00:00\",\"breadcrumb\":{\"@id\":\"https:\/\/emprad.org.br\/2021\/emprad-2018-2\/#breadcrumb\"},\"inLanguage\":\"pt-BR\",\"potentialAction\":[{\"@type\":\"ReadAction\",\"target\":[\"https:\/\/emprad.org.br\/2021\/emprad-2018-2\/\"]}]},{\"@type\":\"BreadcrumbList\",\"@id\":\"https:\/\/emprad.org.br\/2021\/emprad-2018-2\/#breadcrumb\",\"itemListElement\":[{\"@type\":\"ListItem\",\"position\":1,\"name\":\"In\u00edcio\",\"item\":\"https:\/\/emprad.org.br\/2021\/\"},{\"@type\":\"ListItem\",\"position\":2,\"name\":\"Emprad 2018\"}]},{\"@type\":\"WebSite\",\"@id\":\"https:\/\/emprad.org.br\/2021\/#website\",\"url\":\"https:\/\/emprad.org.br\/2021\/\",\"name\":\"EMPRAD 2021\",\"description\":\"Encontro dos Programas de P\u00f3s-Gradua\u00e7\u00e3o Profissionais em Administra\u00e7\u00e3o\",\"potentialAction\":[{\"@type\":\"SearchAction\",\"target\":{\"@type\":\"EntryPoint\",\"urlTemplate\":\"https:\/\/emprad.org.br\/2021\/?s={search_term_string}\"},\"query-input\":{\"@type\":\"PropertyValueSpecification\",\"valueRequired\":true,\"valueName\":\"search_term_string\"}}],\"inLanguage\":\"pt-BR\"}]}<\/script>\n<!-- \/ Yoast SEO plugin. -->","yoast_head_json":{"title":"Emprad 2018 - EMPRAD 2021","robots":{"index":"index","follow":"follow","max-snippet":"max-snippet:-1","max-image-preview":"max-image-preview:large","max-video-preview":"max-video-preview:-1"},"canonical":"https:\/\/emprad.org.br\/2021\/emprad-2018-2\/","og_locale":"pt_BR","og_type":"article","og_title":"Emprad 2018 - EMPRAD 2021","og_url":"https:\/\/emprad.org.br\/2021\/emprad-2018-2\/","og_site_name":"EMPRAD 2021","article_modified_time":"2019-11-25T15:44:04+00:00","twitter_card":"summary_large_image","schema":{"@context":"https:\/\/schema.org","@graph":[{"@type":"WebPage","@id":"https:\/\/emprad.org.br\/2021\/emprad-2018-2\/","url":"https:\/\/emprad.org.br\/2021\/emprad-2018-2\/","name":"Emprad 2018 - EMPRAD 2021","isPartOf":{"@id":"https:\/\/emprad.org.br\/2021\/#website"},"datePublished":"2019-11-25T15:44:03+00:00","dateModified":"2019-11-25T15:44:04+00:00","breadcrumb":{"@id":"https:\/\/emprad.org.br\/2021\/emprad-2018-2\/#breadcrumb"},"inLanguage":"pt-BR","potentialAction":[{"@type":"ReadAction","target":["https:\/\/emprad.org.br\/2021\/emprad-2018-2\/"]}]},{"@type":"BreadcrumbList","@id":"https:\/\/emprad.org.br\/2021\/emprad-2018-2\/#breadcrumb","itemListElement":[{"@type":"ListItem","position":1,"name":"In\u00edcio","item":"https:\/\/emprad.org.br\/2021\/"},{"@type":"ListItem","position":2,"name":"Emprad 2018"}]},{"@type":"WebSite","@id":"https:\/\/emprad.org.br\/2021\/#website","url":"https:\/\/emprad.org.br\/2021\/","name":"EMPRAD 2021","description":"Encontro dos Programas de P\u00f3s-Gradua\u00e7\u00e3o Profissionais em Administra\u00e7\u00e3o","potentialAction":[{"@type":"SearchAction","target":{"@type":"EntryPoint","urlTemplate":"https:\/\/emprad.org.br\/2021\/?s={search_term_string}"},"query-input":{"@type":"PropertyValueSpecification","valueRequired":true,"valueName":"search_term_string"}}],"inLanguage":"pt-BR"}]}},"_links":{"self":[{"href":"https:\/\/emprad.org.br\/2021\/wp-json\/wp\/v2\/pages\/9480","targetHints":{"allow":["GET"]}}],"collection":[{"href":"https:\/\/emprad.org.br\/2021\/wp-json\/wp\/v2\/pages"}],"about":[{"href":"https:\/\/emprad.org.br\/2021\/wp-json\/wp\/v2\/types\/page"}],"author":[{"embeddable":true,"href":"https:\/\/emprad.org.br\/2021\/wp-json\/wp\/v2\/users\/1"}],"replies":[{"embeddable":true,"href":"https:\/\/emprad.org.br\/2021\/wp-json\/wp\/v2\/comments?post=9480"}],"version-history":[{"count":0,"href":"https:\/\/emprad.org.br\/2021\/wp-json\/wp\/v2\/pages\/9480\/revisions"}],"wp:attachment":[{"href":"https:\/\/emprad.org.br\/2021\/wp-json\/wp\/v2\/media?parent=9480"}],"curies":[{"name":"wp","href":"https:\/\/api.w.org\/{rel}","templated":true}]}}