{"id":8688,"date":"2018-08-01T10:38:20","date_gmt":"2018-08-01T13:38:20","guid":{"rendered":"https:\/\/emprad.org.br\/2021\/?page_id=8688"},"modified":"2021-10-15T18:34:46","modified_gmt":"2021-10-15T21:34:46","slug":"fast-track","status":"publish","type":"page","link":"https:\/\/emprad.org.br\/2021\/fast-track\/","title":{"rendered":"Fast Track"},"content":{"rendered":"<p>[vc_row full_width=&#8221;stretch_row&#8221; css_animation=&#8221;fadeInUp&#8221; css=&#8221;.vc_custom_1512033341816{margin-bottom: 0px !important;padding-top: 60px !important;padding-bottom: 40px !important;background-color: #fafafa !important;}&#8221;][vc_column css=&#8221;.vc_custom_1508310024768{padding-top: 0px !important;padding-bottom: 0px !important;}&#8221;][vc_custom_heading source=&#8221;post_title&#8221; font_container=&#8221;tag:h2|font_size:32px|text_align:center&#8221; use_theme_fonts=&#8221;yes&#8221; css=&#8221;.vc_custom_1533132536753{padding-top: 0px !important;padding-bottom: 0px !important;}&#8221;][vc_column_text css=&#8221;.vc_custom_1623027370116{margin-top: 25px !important;margin-bottom: 0px !important;padding-top: 0px !important;padding-bottom: 40px !important;}&#8221;]<\/p>\n<p style=\"text-align: center;\"><span style=\"color: #575757;\">Abaixo as revistas que participam do Fast Track do EMPRAD 2021<\/span><\/p>\n<p>[\/vc_column_text][\/vc_column][\/vc_row][vc_row][vc_column][vc_column_text]<\/p>\n<table class=\"table\" width=\"100%\">\n<thead>\n<tr>\n<th width=\"50%\">Revista<\/th>\n<th>Site<\/th>\n<th>Qualis<\/th>\n<\/tr>\n<\/thead>\n<tbody>\n<tr>\n<td>Revista Ibero-Americana de Estrat\u00e9gia -RIAE<\/td>\n<td><a href=\"https:\/\/periodicos.uninove.br\/riae\/\">https:\/\/periodicos.uninove.br\/riae\/<\/a><\/td>\n<td>A3<\/td>\n<\/tr>\n<tr>\n<td>Revista de Gest\u00e3o Ambiental e Sustentabilidade &#8211; GeAS<\/td>\n<td><a href=\"http:\/\/www.revistageas.org.br\/ojs\/index.php\/geas\">http:\/\/www.revistageas.org.br\/ojs\/index.php\/geas<\/a><\/td>\n<td>A3<\/td>\n<\/tr>\n<tr>\n<td>Revista Gest\u00e3o e Projetos &#8211; GeP<\/td>\n<td><a href=\"https:\/\/periodicos.uninove.br\/gep\">https:\/\/periodicos.uninove.br\/gep<\/a><\/td>\n<td>A4<\/td>\n<\/tr>\n<tr>\n<td>International Journal of Innovation \u2013 IJI<\/td>\n<td><a href=\"https:\/\/periodicos.uninove.br\/innovation\/index\">https:\/\/periodicos.uninove.br\/innovation\/index<\/a><\/td>\n<td>B1<\/td>\n<\/tr>\n<tr>\n<td>Future Studies Research Journal: Trends and Strategies<\/td>\n<td><a href=\"https:\/\/www.revistafuture.org\/FSRJ\">https:\/\/www.revistafuture.org\/FSRJ<\/a><\/td>\n<td>B2<\/td>\n<\/tr>\n<tr>\n<td>Revista Inova\u00e7\u00e3o, Projetos e Tecnologias \u2013 IPTEC<\/td>\n<td><a href=\"http:\/\/www6.uninove.br\/ojs\/journaliji\/index.php\/iptec\/\">http:\/\/www6.uninove.br\/ojs\/journaliji\/index.php\/iptec\/<\/a><\/td>\n<td>B3<\/td>\n<\/tr>\n<tr>\n<td>International Journal of Business &amp; Marketing &#8211; IJBMKT<\/td>\n<td><a href=\"http:\/\/www.ijbmkt.org\">http:\/\/www.ijbmkt.org<\/a><\/td>\n<td>B4<\/td>\n<\/tr>\n<tr>\n<td>Revista Pr\u00e1ticas em Contabilidade e Gest\u00e3o<\/td>\n<td><a href=\"http:\/\/editorarevistas.mackenzie.br\/index.php\/pcg\">http:\/\/editorarevistas.mackenzie.br\/index.php\/pcg<\/a><\/td>\n<td>B5<\/td>\n<\/tr>\n<tr>\n<td>Revista Fipecafi de Contabilidade, Controladoria e Finan\u00e7as &#8211; RFCC<\/td>\n<td><a href=\"http:\/\/ojs.fipecafi.org\/index.php\/RevFipecafiCCF\/about\">http:\/\/ojs.fipecafi.org\/index.php\/RevFipecafiCCF\/about<\/a><\/td>\n<td>&#8211;<\/td>\n<\/tr>\n<tr>\n<td>Revista Liceu On-line<\/td>\n<td><a href=\"https:\/\/liceu.fecap.br\/LICEU_ON-LINE\/index\">https:\/\/liceu.fecap.br\/LICEU_ON-LINE\/index<\/a><\/td>\n<td>&#8211;<\/td>\n<\/tr>\n<\/tbody>\n<\/table>\n<p>[\/vc_column_text][\/vc_column][\/vc_row]<\/p>\n","protected":false},"excerpt":{"rendered":"<p>[vc_row full_width=&#8221;stretch_row&#8221; css_animation=&#8221;fadeInUp&#8221; css=&#8221;.vc_custom_1512033341816{margin-bottom: 0px !important;padding-top: 60px !important;padding-bottom: 40px !important;background-color: #fafafa !important;}&#8221;][vc_column css=&#8221;.vc_custom_1508310024768{padding-top: 0px !important;padding-bottom: 0px !important;}&#8221;][vc_custom_heading source=&#8221;post_title&#8221; font_container=&#8221;tag:h2|font_size:32px|text_align:center&#8221; use_theme_fonts=&#8221;yes&#8221; css=&#8221;.vc_custom_1533132536753{padding-top: 0px !important;padding-bottom: 0px !important;}&#8221;][vc_column_text css=&#8221;.vc_custom_1623027370116{margin-top: 25px !important;margin-bottom: 0px !important;padding-top: 0px !important;padding-bottom: 40px !important;}&#8221;] Abaixo as revistas que participam do Fast Track do EMPRAD 2021 [\/vc_column_text][\/vc_column][\/vc_row][vc_row][vc_column][vc_column_text] Revista Site Qualis Revista Ibero-Americana de Estrat\u00e9gia -RIAE https:\/\/periodicos.uninove.br\/riae\/ [&hellip;]<\/p>\n","protected":false},"author":1,"featured_media":0,"parent":0,"menu_order":0,"comment_status":"closed","ping_status":"closed","template":"","meta":{"inline_featured_image":false,"footnotes":""},"class_list":["post-8688","page","type-page","status-publish","hentry"],"yoast_head":"<!-- This site is optimized with the Yoast SEO plugin v27.2 - https:\/\/yoast.com\/product\/yoast-seo-wordpress\/ -->\n<title>Fast Track - EMPRAD 2021<\/title>\n<meta name=\"robots\" content=\"index, follow, max-snippet:-1, max-image-preview:large, max-video-preview:-1\" \/>\n<link rel=\"canonical\" href=\"https:\/\/emprad.org.br\/2021\/fast-track\/\" \/>\n<meta property=\"og:locale\" content=\"pt_BR\" \/>\n<meta property=\"og:type\" content=\"article\" \/>\n<meta property=\"og:title\" content=\"Fast Track - EMPRAD 2021\" \/>\n<meta property=\"og:description\" content=\"[vc_row full_width=&#8221;stretch_row&#8221; css_animation=&#8221;fadeInUp&#8221; css=&#8221;.vc_custom_1512033341816{margin-bottom: 0px !important;padding-top: 60px !important;padding-bottom: 40px !important;background-color: #fafafa !important;}&#8221;][vc_column css=&#8221;.vc_custom_1508310024768{padding-top: 0px !important;padding-bottom: 0px !important;}&#8221;][vc_custom_heading source=&#8221;post_title&#8221; font_container=&#8221;tag:h2|font_size:32px|text_align:center&#8221; use_theme_fonts=&#8221;yes&#8221; css=&#8221;.vc_custom_1533132536753{padding-top: 0px !important;padding-bottom: 0px !important;}&#8221;][vc_column_text css=&#8221;.vc_custom_1623027370116{margin-top: 25px !important;margin-bottom: 0px !important;padding-top: 0px !important;padding-bottom: 40px !important;}&#8221;] Abaixo as revistas que participam do Fast Track do EMPRAD 2021 [\/vc_column_text][\/vc_column][\/vc_row][vc_row][vc_column][vc_column_text] Revista Site Qualis Revista Ibero-Americana de Estrat\u00e9gia -RIAE https:\/\/periodicos.uninove.br\/riae\/ [&hellip;]\" \/>\n<meta property=\"og:url\" content=\"https:\/\/emprad.org.br\/2021\/fast-track\/\" \/>\n<meta property=\"og:site_name\" content=\"EMPRAD 2021\" \/>\n<meta property=\"article:modified_time\" content=\"2021-10-15T21:34:46+00:00\" \/>\n<meta name=\"twitter:card\" content=\"summary_large_image\" \/>\n<meta name=\"twitter:label1\" content=\"Est. tempo de leitura\" \/>\n\t<meta name=\"twitter:data1\" content=\"1 minuto\" \/>\n<script type=\"application\/ld+json\" class=\"yoast-schema-graph\">{\"@context\":\"https:\/\/schema.org\",\"@graph\":[{\"@type\":\"WebPage\",\"@id\":\"https:\/\/emprad.org.br\/2021\/fast-track\/\",\"url\":\"https:\/\/emprad.org.br\/2021\/fast-track\/\",\"name\":\"Fast Track - EMPRAD 2021\",\"isPartOf\":{\"@id\":\"https:\/\/emprad.org.br\/2021\/#website\"},\"datePublished\":\"2018-08-01T13:38:20+00:00\",\"dateModified\":\"2021-10-15T21:34:46+00:00\",\"breadcrumb\":{\"@id\":\"https:\/\/emprad.org.br\/2021\/fast-track\/#breadcrumb\"},\"inLanguage\":\"pt-BR\",\"potentialAction\":[{\"@type\":\"ReadAction\",\"target\":[\"https:\/\/emprad.org.br\/2021\/fast-track\/\"]}]},{\"@type\":\"BreadcrumbList\",\"@id\":\"https:\/\/emprad.org.br\/2021\/fast-track\/#breadcrumb\",\"itemListElement\":[{\"@type\":\"ListItem\",\"position\":1,\"name\":\"In\u00edcio\",\"item\":\"https:\/\/emprad.org.br\/2021\/\"},{\"@type\":\"ListItem\",\"position\":2,\"name\":\"Fast Track\"}]},{\"@type\":\"WebSite\",\"@id\":\"https:\/\/emprad.org.br\/2021\/#website\",\"url\":\"https:\/\/emprad.org.br\/2021\/\",\"name\":\"EMPRAD 2021\",\"description\":\"Encontro dos Programas de P\u00f3s-Gradua\u00e7\u00e3o Profissionais em Administra\u00e7\u00e3o\",\"potentialAction\":[{\"@type\":\"SearchAction\",\"target\":{\"@type\":\"EntryPoint\",\"urlTemplate\":\"https:\/\/emprad.org.br\/2021\/?s={search_term_string}\"},\"query-input\":{\"@type\":\"PropertyValueSpecification\",\"valueRequired\":true,\"valueName\":\"search_term_string\"}}],\"inLanguage\":\"pt-BR\"}]}<\/script>\n<!-- \/ Yoast SEO plugin. -->","yoast_head_json":{"title":"Fast Track - EMPRAD 2021","robots":{"index":"index","follow":"follow","max-snippet":"max-snippet:-1","max-image-preview":"max-image-preview:large","max-video-preview":"max-video-preview:-1"},"canonical":"https:\/\/emprad.org.br\/2021\/fast-track\/","og_locale":"pt_BR","og_type":"article","og_title":"Fast Track - EMPRAD 2021","og_description":"[vc_row full_width=&#8221;stretch_row&#8221; css_animation=&#8221;fadeInUp&#8221; css=&#8221;.vc_custom_1512033341816{margin-bottom: 0px !important;padding-top: 60px !important;padding-bottom: 40px !important;background-color: #fafafa !important;}&#8221;][vc_column css=&#8221;.vc_custom_1508310024768{padding-top: 0px !important;padding-bottom: 0px !important;}&#8221;][vc_custom_heading source=&#8221;post_title&#8221; font_container=&#8221;tag:h2|font_size:32px|text_align:center&#8221; use_theme_fonts=&#8221;yes&#8221; css=&#8221;.vc_custom_1533132536753{padding-top: 0px !important;padding-bottom: 0px !important;}&#8221;][vc_column_text css=&#8221;.vc_custom_1623027370116{margin-top: 25px !important;margin-bottom: 0px !important;padding-top: 0px !important;padding-bottom: 40px !important;}&#8221;] Abaixo as revistas que participam do Fast Track do EMPRAD 2021 [\/vc_column_text][\/vc_column][\/vc_row][vc_row][vc_column][vc_column_text] Revista Site Qualis Revista Ibero-Americana de Estrat\u00e9gia -RIAE https:\/\/periodicos.uninove.br\/riae\/ [&hellip;]","og_url":"https:\/\/emprad.org.br\/2021\/fast-track\/","og_site_name":"EMPRAD 2021","article_modified_time":"2021-10-15T21:34:46+00:00","twitter_card":"summary_large_image","twitter_misc":{"Est. tempo de leitura":"1 minuto"},"schema":{"@context":"https:\/\/schema.org","@graph":[{"@type":"WebPage","@id":"https:\/\/emprad.org.br\/2021\/fast-track\/","url":"https:\/\/emprad.org.br\/2021\/fast-track\/","name":"Fast Track - EMPRAD 2021","isPartOf":{"@id":"https:\/\/emprad.org.br\/2021\/#website"},"datePublished":"2018-08-01T13:38:20+00:00","dateModified":"2021-10-15T21:34:46+00:00","breadcrumb":{"@id":"https:\/\/emprad.org.br\/2021\/fast-track\/#breadcrumb"},"inLanguage":"pt-BR","potentialAction":[{"@type":"ReadAction","target":["https:\/\/emprad.org.br\/2021\/fast-track\/"]}]},{"@type":"BreadcrumbList","@id":"https:\/\/emprad.org.br\/2021\/fast-track\/#breadcrumb","itemListElement":[{"@type":"ListItem","position":1,"name":"In\u00edcio","item":"https:\/\/emprad.org.br\/2021\/"},{"@type":"ListItem","position":2,"name":"Fast Track"}]},{"@type":"WebSite","@id":"https:\/\/emprad.org.br\/2021\/#website","url":"https:\/\/emprad.org.br\/2021\/","name":"EMPRAD 2021","description":"Encontro dos Programas de P\u00f3s-Gradua\u00e7\u00e3o Profissionais em Administra\u00e7\u00e3o","potentialAction":[{"@type":"SearchAction","target":{"@type":"EntryPoint","urlTemplate":"https:\/\/emprad.org.br\/2021\/?s={search_term_string}"},"query-input":{"@type":"PropertyValueSpecification","valueRequired":true,"valueName":"search_term_string"}}],"inLanguage":"pt-BR"}]}},"_links":{"self":[{"href":"https:\/\/emprad.org.br\/2021\/wp-json\/wp\/v2\/pages\/8688","targetHints":{"allow":["GET"]}}],"collection":[{"href":"https:\/\/emprad.org.br\/2021\/wp-json\/wp\/v2\/pages"}],"about":[{"href":"https:\/\/emprad.org.br\/2021\/wp-json\/wp\/v2\/types\/page"}],"author":[{"embeddable":true,"href":"https:\/\/emprad.org.br\/2021\/wp-json\/wp\/v2\/users\/1"}],"replies":[{"embeddable":true,"href":"https:\/\/emprad.org.br\/2021\/wp-json\/wp\/v2\/comments?post=8688"}],"version-history":[{"count":1,"href":"https:\/\/emprad.org.br\/2021\/wp-json\/wp\/v2\/pages\/8688\/revisions"}],"predecessor-version":[{"id":10030,"href":"https:\/\/emprad.org.br\/2021\/wp-json\/wp\/v2\/pages\/8688\/revisions\/10030"}],"wp:attachment":[{"href":"https:\/\/emprad.org.br\/2021\/wp-json\/wp\/v2\/media?parent=8688"}],"curies":[{"name":"wp","href":"https:\/\/api.w.org\/{rel}","templated":true}]}}