{"id":1468,"date":"2017-11-22T08:29:44","date_gmt":"2017-11-22T08:29:44","guid":{"rendered":"http:\/\/themes.radiantthemes.com\/consultix\/demo-one\/?page_id=1468"},"modified":"2021-11-22T10:17:04","modified_gmt":"2021-11-22T13:17:04","slug":"evento","status":"publish","type":"page","link":"https:\/\/emprad.org.br\/2021\/evento\/","title":{"rendered":"Evento"},"content":{"rendered":"<p>[vc_section full_width=&#8221;stretch_row&#8221; css=&#8221;.vc_custom_1519185297550{padding-top: 65px !important;padding-bottom: 63px !important;}&#8221;][vc_row full_width=&#8221;stretch_row&#8221; css_animation=&#8221;none&#8221; css=&#8221;.vc_custom_1519125593762{margin-top: 0px !important;margin-bottom: 0px !important;padding-top: 0px !important;padding-bottom: 0px !important;}&#8221;][vc_column css_animation=&#8221;none&#8221; width=&#8221;1\/4&#8243;][vc_row_inner css=&#8221;.vc_custom_1519374170249{margin-top: 0px !important;margin-right: 0px !important;margin-bottom: 30px !important;margin-left: 0px !important;padding-top: 0px !important;padding-right: 0px !important;padding-bottom: 0px !important;padding-left: 0px !important;background-color: #ffffff !important;}&#8221;][vc_column_inner css=&#8221;.vc_custom_1519373215372{margin-bottom: 0px !important;padding-top: 0px !important;padding-right: 0px !important;padding-bottom: 0px !important;padding-left: 0px !important;}&#8221;][rt_menu_style nav_menu=&#8221;Service-menu&#8221; extra_class=&#8221;side-menu&#8221;][\/vc_column_inner][\/vc_row_inner][vc_row_inner css=&#8221;.vc_custom_1519105729265{margin-right: 0px !important;margin-left: 0px !important;border-top-width: 1px !important;border-right-width: 1px !important;border-bottom-width: 1px !important;border-left-width: 1px !important;padding-top: 28px !important;padding-right: 28px !important;padding-bottom: 28px !important;padding-left: 26px !important;background-color: #f9f9f9 !important;border-left-color: #e6e6e6 !important;border-left-style: solid !important;border-right-color: #e6e6e6 !important;border-right-style: solid !important;border-top-color: #e6e6e6 !important;border-top-style: solid !important;border-bottom-color: #e6e6e6 !important;border-bottom-style: solid !important;}&#8221;][vc_column_inner css=&#8221;.vc_custom_1508407872713{padding-top: 0px !important;padding-right: 0px !important;padding-bottom: 0px !important;padding-left: 0px !important;}&#8221;][vc_custom_heading text=&#8221;Contato&#8221; font_container=&#8221;tag:h2|font_size:25px|text_align:left|color:%23001a57|line_height:23px&#8221; use_theme_fonts=&#8221;yes&#8221; css=&#8221;.vc_custom_1533085288462{padding-top: 0px !important;padding-bottom: 0px !important;}&#8221;][vc_column_text]<\/p>\n<p style=\"font-size: 12px; color: #505050; line-height: 20px; margin-top: 25px; text-align: left;\">Fabiana Caseiro<br \/>\nTel.: (11) 98792-6892<br \/>\nmpe@usp.br<\/p>\n<p style=\"font-size: 12px; color: #505050; line-height: 20px; margin-top: 25px; text-align: left;\">FEA-USP: Av. Prof. Luciano Gualberto, 908 Sala C 9<br \/>\nCidade Universit\u00e1ria \u2013 S\u00e3o Paulo \u2013 SP<br \/>\n<a href=\"https:\/\/www.fea.usp.br\/administracao\/mestrado-profissional\">https:\/\/www.fea.usp.br\/administracao\/mestrado-profissional<\/a><\/p>\n<p>[\/vc_column_text][\/vc_column_inner][\/vc_row_inner][\/vc_column][vc_column css_animation=&#8221;none&#8221; width=&#8221;3\/4&#8243; css=&#8221;.vc_custom_1519125604463{margin-left: 0px !important;padding-left: 42px !important;}&#8221;][vc_custom_heading text=&#8221;EMPRAD \u2013 Encontro dos Programas de P\u00f3s-Gradua\u00e7\u00e3o Profissionais em Administra\u00e7\u00e3o&#8221; font_container=&#8221;tag:h2|font_size:36px|text_align:left|color:%23273272&#8243; use_theme_fonts=&#8221;yes&#8221; css_animation=&#8221;none&#8221; css=&#8221;.vc_custom_1624300778916{margin-top: -5px !important;padding-top: 0px !important;padding-bottom: 0px !important;}&#8221;][vc_column_text css_animation=&#8221;none&#8221; css=&#8221;.vc_custom_1637587021167{margin-top: 15px !important;margin-bottom: 30px !important;padding-top: 0px !important;padding-bottom: 0px !important;}&#8221;]<strong>Local:<\/strong><br \/>\nFEA-USP<\/p>\n<p>&nbsp;<\/p>\n<p><strong>Organiza\u00e7\u00e3o:<\/strong><br \/>\nPrograma de Mestrado Profissional em Empreendedorismo<br \/>\nDepartamento de Administra\u00e7\u00e3o da FEA-USP<\/p>\n<p>&nbsp;<\/p>\n<p><strong>Objetivo:<\/strong><br \/>\nDiscutir experi\u00eancias de administra\u00e7\u00e3o na perspectiva te\u00f3rico\u2013emp\u00edrica no contexto dos mestrados profissionais<\/p>\n<p>&nbsp;<\/p>\n<p><strong>Coordenador Geral:<\/strong><br \/>\nProf. Dr. Martinho Isnard Ribeiro de Almeida<\/p>\n<p>&nbsp;<\/p>\n<p><strong>Vice-coordenador:<\/strong><br \/>\nProf. Dr. F\u00e1bio Lotti Oliva[\/vc_column_text][vc_custom_heading text=&#8221;FORMATO&#8221; font_container=&#8221;tag:h2|font_size:18px|text_align:left|color:%23273272&#8243; use_theme_fonts=&#8221;yes&#8221; css_animation=&#8221;none&#8221; css=&#8221;.vc_custom_1533084733311{padding-top: 0px !important;padding-bottom: 0px !important;}&#8221;][vc_row_inner css=&#8221;.vc_custom_1519109282851{margin-top: 23px !important;padding-top: 0px !important;padding-right: 0px !important;padding-bottom: 0px !important;padding-left: 0px !important;}&#8221;][vc_column_inner width=&#8221;1\/3&#8243; css=&#8221;.vc_custom_1519109843281{margin-bottom: 0px !important;padding-top: 15px !important;padding-right: 10px !important;padding-bottom: 0px !important;padding-left: 10px !important;}&#8221;][rt_fancy_text_box_style style_variation=&#8221;four&#8221; title=&#8221;CASOS&#8221; fancy_font_size=&#8221;14&#8243; fancy_line_height=&#8221;22px&#8221; fancy_content=&#8221;&#8221; align=&#8221;center&#8221; add_shadow=&#8221;yes&#8221; fancytextbox_css=&#8221;.vc_custom_1533084754952{margin-top: 0px !important;margin-bottom: 0px !important;border-top-width: 1px !important;border-right-width: 1px !important;border-bottom-width: 1px !important;border-left-width: 1px !important;padding-top: 22px !important;padding-right: 30px !important;padding-bottom: 22px !important;padding-left: 30px !important;background-color: #ffffff !important;border-left-color: #e6e6e6 !important;border-left-style: solid !important;border-right-color: #e6e6e6 !important;border-right-style: solid !important;border-top-color: #e6e6e6 !important;border-top-style: solid !important;border-bottom-color: #e6e6e6 !important;border-bottom-style: solid !important;}&#8221; image_url=&#8221;5908&#8243; animation=&#8221;none&#8221; extra_class=&#8221;hover-custom-box&#8221;][\/vc_column_inner][vc_column_inner width=&#8221;1\/3&#8243; css=&#8221;.vc_custom_1519110059056{padding-top: 15px !important;padding-right: 10px !important;padding-bottom: 0px !important;padding-left: 10px !important;}&#8221;][rt_fancy_text_box_style style_variation=&#8221;four&#8221; title=&#8221;RELATOS T\u00c9CNICOS&#8221; fancy_font_size=&#8221;14px&#8221; fancy_line_height=&#8221;22&#8243; fancy_content=&#8221;&#8221; align=&#8221;center&#8221; add_shadow=&#8221;yes&#8221; fancytextbox_css=&#8221;.vc_custom_1533084943000{margin-top: 0px !important;margin-bottom: 0px !important;border-top-width: 1px !important;border-right-width: 1px !important;border-bottom-width: 1px !important;border-left-width: 1px !important;padding-top: 22px !important;padding-right: 30px !important;padding-bottom: 22px !important;padding-left: 30px !important;background-color: #ffffff !important;border-left-color: #e6e6e6 !important;border-left-style: solid !important;border-right-color: #e6e6e6 !important;border-right-style: solid !important;border-top-color: #e6e6e6 !important;border-top-style: solid !important;border-bottom-color: #e6e6e6 !important;border-bottom-style: solid !important;}&#8221; image_url=&#8221;5908&#8243; animation=&#8221;none&#8221; extra_class=&#8221;hover-custom-box&#8221;][\/vc_column_inner][vc_column_inner width=&#8221;1\/3&#8243; css=&#8221;.vc_custom_1519103049464{padding-top: 15px !important;padding-right: 10px !important;padding-bottom: 15px !important;padding-left: 10px !important;}&#8221;][rt_fancy_text_box_style style_variation=&#8221;four&#8221; title=&#8221;PALESTRANTES&#8221; fancy_font_size=&#8221;14px&#8221; fancy_line_height=&#8221;22&#8243; fancy_content=&#8221;&#8221; align=&#8221;center&#8221; add_shadow=&#8221;yes&#8221; fancytextbox_css=&#8221;.vc_custom_1533085077825{margin-top: 0px !important;margin-bottom: 0px !important;border-top-width: 1px !important;border-right-width: 1px !important;border-bottom-width: 1px !important;border-left-width: 1px !important;padding-top: 22px !important;padding-right: 30px !important;padding-bottom: 22px !important;padding-left: 30px !important;background-color: #ffffff !important;border-left-color: #e6e6e6 !important;border-left-style: solid !important;border-right-color: #e6e6e6 !important;border-right-style: solid !important;border-top-color: #e6e6e6 !important;border-top-style: solid !important;border-bottom-color: #e6e6e6 !important;border-bottom-style: solid !important;}&#8221; image_url=&#8221;949&#8243; animation=&#8221;none&#8221; extra_class=&#8221;hover-custom-box&#8221;][\/vc_column_inner][\/vc_row_inner][\/vc_column][\/vc_row][\/vc_section]<\/p>\n","protected":false},"excerpt":{"rendered":"<p>[vc_section full_width=&#8221;stretch_row&#8221; css=&#8221;.vc_custom_1519185297550{padding-top: 65px !important;padding-bottom: 63px !important;}&#8221;][vc_row full_width=&#8221;stretch_row&#8221; css_animation=&#8221;none&#8221; css=&#8221;.vc_custom_1519125593762{margin-top: 0px !important;margin-bottom: 0px !important;padding-top: 0px !important;padding-bottom: 0px !important;}&#8221;][vc_column css_animation=&#8221;none&#8221; width=&#8221;1\/4&#8243;][vc_row_inner css=&#8221;.vc_custom_1519374170249{margin-top: 0px !important;margin-right: 0px !important;margin-bottom: 30px !important;margin-left: 0px !important;padding-top: 0px !important;padding-right: 0px !important;padding-bottom: 0px !important;padding-left: 0px !important;background-color: #ffffff !important;}&#8221;][vc_column_inner css=&#8221;.vc_custom_1519373215372{margin-bottom: 0px !important;padding-top: 0px !important;padding-right: 0px !important;padding-bottom: 0px !important;padding-left: 0px !important;}&#8221;][rt_menu_style nav_menu=&#8221;Service-menu&#8221; extra_class=&#8221;side-menu&#8221;][\/vc_column_inner][\/vc_row_inner][vc_row_inner css=&#8221;.vc_custom_1519105729265{margin-right: 0px !important;margin-left: [&hellip;]<\/p>\n","protected":false},"author":1,"featured_media":0,"parent":0,"menu_order":0,"comment_status":"closed","ping_status":"closed","template":"","meta":{"inline_featured_image":false,"footnotes":""},"class_list":["post-1468","page","type-page","status-publish","hentry"],"yoast_head":"<!-- This site is optimized with the Yoast SEO plugin v27.2 - https:\/\/yoast.com\/product\/yoast-seo-wordpress\/ -->\n<title>Evento - EMPRAD 2021<\/title>\n<meta name=\"robots\" content=\"index, follow, max-snippet:-1, max-image-preview:large, max-video-preview:-1\" \/>\n<link rel=\"canonical\" href=\"https:\/\/emprad.org.br\/2021\/evento\/\" \/>\n<meta property=\"og:locale\" content=\"pt_BR\" \/>\n<meta property=\"og:type\" content=\"article\" \/>\n<meta property=\"og:title\" content=\"Evento - EMPRAD 2021\" \/>\n<meta property=\"og:description\" content=\"[vc_section full_width=&#8221;stretch_row&#8221; css=&#8221;.vc_custom_1519185297550{padding-top: 65px !important;padding-bottom: 63px !important;}&#8221;][vc_row full_width=&#8221;stretch_row&#8221; css_animation=&#8221;none&#8221; css=&#8221;.vc_custom_1519125593762{margin-top: 0px !important;margin-bottom: 0px !important;padding-top: 0px !important;padding-bottom: 0px !important;}&#8221;][vc_column css_animation=&#8221;none&#8221; width=&#8221;1\/4&#8243;][vc_row_inner css=&#8221;.vc_custom_1519374170249{margin-top: 0px !important;margin-right: 0px !important;margin-bottom: 30px !important;margin-left: 0px !important;padding-top: 0px !important;padding-right: 0px !important;padding-bottom: 0px !important;padding-left: 0px !important;background-color: #ffffff !important;}&#8221;][vc_column_inner css=&#8221;.vc_custom_1519373215372{margin-bottom: 0px !important;padding-top: 0px !important;padding-right: 0px !important;padding-bottom: 0px !important;padding-left: 0px !important;}&#8221;][rt_menu_style nav_menu=&#8221;Service-menu&#8221; extra_class=&#8221;side-menu&#8221;][\/vc_column_inner][\/vc_row_inner][vc_row_inner css=&#8221;.vc_custom_1519105729265{margin-right: 0px !important;margin-left: [&hellip;]\" \/>\n<meta property=\"og:url\" content=\"https:\/\/emprad.org.br\/2021\/evento\/\" \/>\n<meta property=\"og:site_name\" content=\"EMPRAD 2021\" \/>\n<meta property=\"article:modified_time\" content=\"2021-11-22T13:17:04+00:00\" \/>\n<meta name=\"twitter:card\" content=\"summary_large_image\" \/>\n<meta name=\"twitter:label1\" content=\"Est. tempo de leitura\" \/>\n\t<meta name=\"twitter:data1\" content=\"2 minutos\" \/>\n<script type=\"application\/ld+json\" class=\"yoast-schema-graph\">{\"@context\":\"https:\/\/schema.org\",\"@graph\":[{\"@type\":\"WebPage\",\"@id\":\"https:\/\/emprad.org.br\/2021\/evento\/\",\"url\":\"https:\/\/emprad.org.br\/2021\/evento\/\",\"name\":\"Evento - EMPRAD 2021\",\"isPartOf\":{\"@id\":\"https:\/\/emprad.org.br\/2021\/#website\"},\"datePublished\":\"2017-11-22T08:29:44+00:00\",\"dateModified\":\"2021-11-22T13:17:04+00:00\",\"breadcrumb\":{\"@id\":\"https:\/\/emprad.org.br\/2021\/evento\/#breadcrumb\"},\"inLanguage\":\"pt-BR\",\"potentialAction\":[{\"@type\":\"ReadAction\",\"target\":[\"https:\/\/emprad.org.br\/2021\/evento\/\"]}]},{\"@type\":\"BreadcrumbList\",\"@id\":\"https:\/\/emprad.org.br\/2021\/evento\/#breadcrumb\",\"itemListElement\":[{\"@type\":\"ListItem\",\"position\":1,\"name\":\"In\u00edcio\",\"item\":\"https:\/\/emprad.org.br\/2021\/\"},{\"@type\":\"ListItem\",\"position\":2,\"name\":\"Evento\"}]},{\"@type\":\"WebSite\",\"@id\":\"https:\/\/emprad.org.br\/2021\/#website\",\"url\":\"https:\/\/emprad.org.br\/2021\/\",\"name\":\"EMPRAD 2021\",\"description\":\"Encontro dos Programas de P\u00f3s-Gradua\u00e7\u00e3o Profissionais em Administra\u00e7\u00e3o\",\"potentialAction\":[{\"@type\":\"SearchAction\",\"target\":{\"@type\":\"EntryPoint\",\"urlTemplate\":\"https:\/\/emprad.org.br\/2021\/?s={search_term_string}\"},\"query-input\":{\"@type\":\"PropertyValueSpecification\",\"valueRequired\":true,\"valueName\":\"search_term_string\"}}],\"inLanguage\":\"pt-BR\"}]}<\/script>\n<!-- \/ Yoast SEO plugin. -->","yoast_head_json":{"title":"Evento - EMPRAD 2021","robots":{"index":"index","follow":"follow","max-snippet":"max-snippet:-1","max-image-preview":"max-image-preview:large","max-video-preview":"max-video-preview:-1"},"canonical":"https:\/\/emprad.org.br\/2021\/evento\/","og_locale":"pt_BR","og_type":"article","og_title":"Evento - EMPRAD 2021","og_description":"[vc_section full_width=&#8221;stretch_row&#8221; css=&#8221;.vc_custom_1519185297550{padding-top: 65px !important;padding-bottom: 63px !important;}&#8221;][vc_row full_width=&#8221;stretch_row&#8221; css_animation=&#8221;none&#8221; css=&#8221;.vc_custom_1519125593762{margin-top: 0px !important;margin-bottom: 0px !important;padding-top: 0px !important;padding-bottom: 0px !important;}&#8221;][vc_column css_animation=&#8221;none&#8221; width=&#8221;1\/4&#8243;][vc_row_inner css=&#8221;.vc_custom_1519374170249{margin-top: 0px !important;margin-right: 0px !important;margin-bottom: 30px !important;margin-left: 0px !important;padding-top: 0px !important;padding-right: 0px !important;padding-bottom: 0px !important;padding-left: 0px !important;background-color: #ffffff !important;}&#8221;][vc_column_inner css=&#8221;.vc_custom_1519373215372{margin-bottom: 0px !important;padding-top: 0px !important;padding-right: 0px !important;padding-bottom: 0px !important;padding-left: 0px !important;}&#8221;][rt_menu_style nav_menu=&#8221;Service-menu&#8221; extra_class=&#8221;side-menu&#8221;][\/vc_column_inner][\/vc_row_inner][vc_row_inner css=&#8221;.vc_custom_1519105729265{margin-right: 0px !important;margin-left: [&hellip;]","og_url":"https:\/\/emprad.org.br\/2021\/evento\/","og_site_name":"EMPRAD 2021","article_modified_time":"2021-11-22T13:17:04+00:00","twitter_card":"summary_large_image","twitter_misc":{"Est. tempo de leitura":"2 minutos"},"schema":{"@context":"https:\/\/schema.org","@graph":[{"@type":"WebPage","@id":"https:\/\/emprad.org.br\/2021\/evento\/","url":"https:\/\/emprad.org.br\/2021\/evento\/","name":"Evento - EMPRAD 2021","isPartOf":{"@id":"https:\/\/emprad.org.br\/2021\/#website"},"datePublished":"2017-11-22T08:29:44+00:00","dateModified":"2021-11-22T13:17:04+00:00","breadcrumb":{"@id":"https:\/\/emprad.org.br\/2021\/evento\/#breadcrumb"},"inLanguage":"pt-BR","potentialAction":[{"@type":"ReadAction","target":["https:\/\/emprad.org.br\/2021\/evento\/"]}]},{"@type":"BreadcrumbList","@id":"https:\/\/emprad.org.br\/2021\/evento\/#breadcrumb","itemListElement":[{"@type":"ListItem","position":1,"name":"In\u00edcio","item":"https:\/\/emprad.org.br\/2021\/"},{"@type":"ListItem","position":2,"name":"Evento"}]},{"@type":"WebSite","@id":"https:\/\/emprad.org.br\/2021\/#website","url":"https:\/\/emprad.org.br\/2021\/","name":"EMPRAD 2021","description":"Encontro dos Programas de P\u00f3s-Gradua\u00e7\u00e3o Profissionais em Administra\u00e7\u00e3o","potentialAction":[{"@type":"SearchAction","target":{"@type":"EntryPoint","urlTemplate":"https:\/\/emprad.org.br\/2021\/?s={search_term_string}"},"query-input":{"@type":"PropertyValueSpecification","valueRequired":true,"valueName":"search_term_string"}}],"inLanguage":"pt-BR"}]}},"_links":{"self":[{"href":"https:\/\/emprad.org.br\/2021\/wp-json\/wp\/v2\/pages\/1468","targetHints":{"allow":["GET"]}}],"collection":[{"href":"https:\/\/emprad.org.br\/2021\/wp-json\/wp\/v2\/pages"}],"about":[{"href":"https:\/\/emprad.org.br\/2021\/wp-json\/wp\/v2\/types\/page"}],"author":[{"embeddable":true,"href":"https:\/\/emprad.org.br\/2021\/wp-json\/wp\/v2\/users\/1"}],"replies":[{"embeddable":true,"href":"https:\/\/emprad.org.br\/2021\/wp-json\/wp\/v2\/comments?post=1468"}],"version-history":[{"count":1,"href":"https:\/\/emprad.org.br\/2021\/wp-json\/wp\/v2\/pages\/1468\/revisions"}],"predecessor-version":[{"id":10154,"href":"https:\/\/emprad.org.br\/2021\/wp-json\/wp\/v2\/pages\/1468\/revisions\/10154"}],"wp:attachment":[{"href":"https:\/\/emprad.org.br\/2021\/wp-json\/wp\/v2\/media?parent=1468"}],"curies":[{"name":"wp","href":"https:\/\/api.w.org\/{rel}","templated":true}]}}