{"id":8690,"date":"2018-08-01T10:38:51","date_gmt":"2018-08-01T13:38:51","guid":{"rendered":"https:\/\/emprad.org.br\/2020\/?page_id=8690"},"modified":"2021-11-18T14:36:17","modified_gmt":"2021-11-18T17:36:17","slug":"keynote-speakers","status":"publish","type":"page","link":"https:\/\/emprad.org.br\/2020\/keynote-speakers\/","title":{"rendered":"Keynote Speakers"},"content":{"rendered":"<p>[vc_row][vc_column][vc_empty_space][\/vc_column][\/vc_row][vc_row css=&#8221;.vc_custom_1637236872377{background-color: #f4f4f4 !important;}&#8221;][vc_column width=&#8221;1\/4&#8243;][vc_single_image image=&#8221;10105&#8243; img_size=&#8221;full&#8221;][\/vc_column][vc_column width=&#8221;3\/4&#8243;][vc_column_text]<\/p>\n<h2><strong>Dr. Alysson Paulinelli<\/strong><\/h2>\n<p>Ex ministro da Agricultura e indicado ao Pr\u00eamio Nobel da Paz 2021<\/p>\n<p>&nbsp;<\/p>\n<h3><strong>Tema:<\/strong><\/h3>\n<p>Os desafios e as transforma\u00e7\u00f5es da agricultura brasileira para excel\u00eancia e reconhecimento nacional e internacional[\/vc_column_text][\/vc_column][\/vc_row][vc_row][vc_column][vc_empty_space][\/vc_column][\/vc_row][vc_row css=&#8221;.vc_custom_1637236872377{background-color: #f4f4f4 !important;}&#8221;][vc_column width=&#8221;1\/4&#8243;][vc_single_image image=&#8221;10121&#8243; img_size=&#8221;full&#8221;][\/vc_column][vc_column width=&#8221;3\/4&#8243;][vc_column_text]<\/p>\n<h2><strong>Marcela Thurler Lessa<\/strong><\/h2>\n<p>Diretora de Programas na Yunus &amp; Youth<\/p>\n<p>&nbsp;<\/p>\n<h3><strong>Tema:<\/strong><\/h3>\n<p>Empreendedorismo e Responsabilidade Social: desafios atuais[\/vc_column_text][\/vc_column][\/vc_row]<\/p>\n","protected":false},"excerpt":{"rendered":"<p>[vc_row][vc_column][vc_empty_space][\/vc_column][\/vc_row][vc_row css=&#8221;.vc_custom_1637236872377{background-color: #f4f4f4 !important;}&#8221;][vc_column width=&#8221;1\/4&#8243;][vc_single_image image=&#8221;10105&#8243; img_size=&#8221;full&#8221;][\/vc_column][vc_column width=&#8221;3\/4&#8243;][vc_column_text] Dr. Alysson Paulinelli Ex ministro da Agricultura e indicado ao Pr\u00eamio Nobel da Paz 2021 &nbsp; Tema: Os desafios e as transforma\u00e7\u00f5es da agricultura brasileira para excel\u00eancia e reconhecimento nacional e internacional[\/vc_column_text][\/vc_column][\/vc_row][vc_row][vc_column][vc_empty_space][\/vc_column][\/vc_row][vc_row css=&#8221;.vc_custom_1637236872377{background-color: #f4f4f4 !important;}&#8221;][vc_column width=&#8221;1\/4&#8243;][vc_single_image image=&#8221;10121&#8243; img_size=&#8221;full&#8221;][\/vc_column][vc_column width=&#8221;3\/4&#8243;][vc_column_text] Marcela Thurler Lessa Diretora de Programas na Yunus [&hellip;]<\/p>\n","protected":false},"author":1,"featured_media":0,"parent":0,"menu_order":0,"comment_status":"closed","ping_status":"closed","template":"","meta":{"inline_featured_image":false,"footnotes":""},"class_list":["post-8690","page","type-page","status-publish","hentry"],"yoast_head":"<!-- This site is optimized with the Yoast SEO plugin v27.2 - https:\/\/yoast.com\/product\/yoast-seo-wordpress\/ -->\n<title>Keynote Speakers - EMPRAD 2020<\/title>\n<meta name=\"robots\" content=\"index, follow, max-snippet:-1, max-image-preview:large, max-video-preview:-1\" \/>\n<link rel=\"canonical\" href=\"https:\/\/emprad.org.br\/2020\/keynote-speakers\/\" \/>\n<meta property=\"og:locale\" content=\"pt_BR\" \/>\n<meta property=\"og:type\" content=\"article\" \/>\n<meta property=\"og:title\" content=\"Keynote Speakers - EMPRAD 2020\" \/>\n<meta property=\"og:description\" content=\"[vc_row][vc_column][vc_empty_space][\/vc_column][\/vc_row][vc_row css=&#8221;.vc_custom_1637236872377{background-color: #f4f4f4 !important;}&#8221;][vc_column width=&#8221;1\/4&#8243;][vc_single_image image=&#8221;10105&#8243; img_size=&#8221;full&#8221;][\/vc_column][vc_column width=&#8221;3\/4&#8243;][vc_column_text] Dr. Alysson Paulinelli Ex ministro da Agricultura e indicado ao Pr\u00eamio Nobel da Paz 2021 &nbsp; Tema: Os desafios e as transforma\u00e7\u00f5es da agricultura brasileira para excel\u00eancia e reconhecimento nacional e internacional[\/vc_column_text][\/vc_column][\/vc_row][vc_row][vc_column][vc_empty_space][\/vc_column][\/vc_row][vc_row css=&#8221;.vc_custom_1637236872377{background-color: #f4f4f4 !important;}&#8221;][vc_column width=&#8221;1\/4&#8243;][vc_single_image image=&#8221;10121&#8243; img_size=&#8221;full&#8221;][\/vc_column][vc_column width=&#8221;3\/4&#8243;][vc_column_text] Marcela Thurler Lessa Diretora de Programas na Yunus [&hellip;]\" \/>\n<meta property=\"og:url\" content=\"https:\/\/emprad.org.br\/2020\/keynote-speakers\/\" \/>\n<meta property=\"og:site_name\" content=\"EMPRAD 2020\" \/>\n<meta property=\"article:modified_time\" content=\"2021-11-18T17:36:17+00:00\" \/>\n<meta name=\"twitter:card\" content=\"summary_large_image\" \/>\n<meta name=\"twitter:label1\" content=\"Est. tempo de leitura\" \/>\n\t<meta name=\"twitter:data1\" content=\"1 minuto\" \/>\n<script type=\"application\/ld+json\" class=\"yoast-schema-graph\">{\"@context\":\"https:\/\/schema.org\",\"@graph\":[{\"@type\":\"WebPage\",\"@id\":\"https:\/\/emprad.org.br\/2020\/keynote-speakers\/\",\"url\":\"https:\/\/emprad.org.br\/2020\/keynote-speakers\/\",\"name\":\"Keynote Speakers - EMPRAD 2020\",\"isPartOf\":{\"@id\":\"https:\/\/emprad.org.br\/2020\/#website\"},\"datePublished\":\"2018-08-01T13:38:51+00:00\",\"dateModified\":\"2021-11-18T17:36:17+00:00\",\"breadcrumb\":{\"@id\":\"https:\/\/emprad.org.br\/2020\/keynote-speakers\/#breadcrumb\"},\"inLanguage\":\"pt-BR\",\"potentialAction\":[{\"@type\":\"ReadAction\",\"target\":[\"https:\/\/emprad.org.br\/2020\/keynote-speakers\/\"]}]},{\"@type\":\"BreadcrumbList\",\"@id\":\"https:\/\/emprad.org.br\/2020\/keynote-speakers\/#breadcrumb\",\"itemListElement\":[{\"@type\":\"ListItem\",\"position\":1,\"name\":\"In\u00edcio\",\"item\":\"https:\/\/emprad.org.br\/2020\/\"},{\"@type\":\"ListItem\",\"position\":2,\"name\":\"Keynote Speakers\"}]},{\"@type\":\"WebSite\",\"@id\":\"https:\/\/emprad.org.br\/2020\/#website\",\"url\":\"https:\/\/emprad.org.br\/2020\/\",\"name\":\"EMPRAD 2020\",\"description\":\"Encontro dos Programas de P\u00f3s-Gradua\u00e7\u00e3o Profissionais em Administra\u00e7\u00e3o\",\"potentialAction\":[{\"@type\":\"SearchAction\",\"target\":{\"@type\":\"EntryPoint\",\"urlTemplate\":\"https:\/\/emprad.org.br\/2020\/?s={search_term_string}\"},\"query-input\":{\"@type\":\"PropertyValueSpecification\",\"valueRequired\":true,\"valueName\":\"search_term_string\"}}],\"inLanguage\":\"pt-BR\"}]}<\/script>\n<!-- \/ Yoast SEO plugin. -->","yoast_head_json":{"title":"Keynote Speakers - EMPRAD 2020","robots":{"index":"index","follow":"follow","max-snippet":"max-snippet:-1","max-image-preview":"max-image-preview:large","max-video-preview":"max-video-preview:-1"},"canonical":"https:\/\/emprad.org.br\/2020\/keynote-speakers\/","og_locale":"pt_BR","og_type":"article","og_title":"Keynote Speakers - EMPRAD 2020","og_description":"[vc_row][vc_column][vc_empty_space][\/vc_column][\/vc_row][vc_row css=&#8221;.vc_custom_1637236872377{background-color: #f4f4f4 !important;}&#8221;][vc_column width=&#8221;1\/4&#8243;][vc_single_image image=&#8221;10105&#8243; img_size=&#8221;full&#8221;][\/vc_column][vc_column width=&#8221;3\/4&#8243;][vc_column_text] Dr. Alysson Paulinelli Ex ministro da Agricultura e indicado ao Pr\u00eamio Nobel da Paz 2021 &nbsp; Tema: Os desafios e as transforma\u00e7\u00f5es da agricultura brasileira para excel\u00eancia e reconhecimento nacional e internacional[\/vc_column_text][\/vc_column][\/vc_row][vc_row][vc_column][vc_empty_space][\/vc_column][\/vc_row][vc_row css=&#8221;.vc_custom_1637236872377{background-color: #f4f4f4 !important;}&#8221;][vc_column width=&#8221;1\/4&#8243;][vc_single_image image=&#8221;10121&#8243; img_size=&#8221;full&#8221;][\/vc_column][vc_column width=&#8221;3\/4&#8243;][vc_column_text] Marcela Thurler Lessa Diretora de Programas na Yunus [&hellip;]","og_url":"https:\/\/emprad.org.br\/2020\/keynote-speakers\/","og_site_name":"EMPRAD 2020","article_modified_time":"2021-11-18T17:36:17+00:00","twitter_card":"summary_large_image","twitter_misc":{"Est. tempo de leitura":"1 minuto"},"schema":{"@context":"https:\/\/schema.org","@graph":[{"@type":"WebPage","@id":"https:\/\/emprad.org.br\/2020\/keynote-speakers\/","url":"https:\/\/emprad.org.br\/2020\/keynote-speakers\/","name":"Keynote Speakers - EMPRAD 2020","isPartOf":{"@id":"https:\/\/emprad.org.br\/2020\/#website"},"datePublished":"2018-08-01T13:38:51+00:00","dateModified":"2021-11-18T17:36:17+00:00","breadcrumb":{"@id":"https:\/\/emprad.org.br\/2020\/keynote-speakers\/#breadcrumb"},"inLanguage":"pt-BR","potentialAction":[{"@type":"ReadAction","target":["https:\/\/emprad.org.br\/2020\/keynote-speakers\/"]}]},{"@type":"BreadcrumbList","@id":"https:\/\/emprad.org.br\/2020\/keynote-speakers\/#breadcrumb","itemListElement":[{"@type":"ListItem","position":1,"name":"In\u00edcio","item":"https:\/\/emprad.org.br\/2020\/"},{"@type":"ListItem","position":2,"name":"Keynote Speakers"}]},{"@type":"WebSite","@id":"https:\/\/emprad.org.br\/2020\/#website","url":"https:\/\/emprad.org.br\/2020\/","name":"EMPRAD 2020","description":"Encontro dos Programas de P\u00f3s-Gradua\u00e7\u00e3o Profissionais em Administra\u00e7\u00e3o","potentialAction":[{"@type":"SearchAction","target":{"@type":"EntryPoint","urlTemplate":"https:\/\/emprad.org.br\/2020\/?s={search_term_string}"},"query-input":{"@type":"PropertyValueSpecification","valueRequired":true,"valueName":"search_term_string"}}],"inLanguage":"pt-BR"}]}},"_links":{"self":[{"href":"https:\/\/emprad.org.br\/2020\/wp-json\/wp\/v2\/pages\/8690","targetHints":{"allow":["GET"]}}],"collection":[{"href":"https:\/\/emprad.org.br\/2020\/wp-json\/wp\/v2\/pages"}],"about":[{"href":"https:\/\/emprad.org.br\/2020\/wp-json\/wp\/v2\/types\/page"}],"author":[{"embeddable":true,"href":"https:\/\/emprad.org.br\/2020\/wp-json\/wp\/v2\/users\/1"}],"replies":[{"embeddable":true,"href":"https:\/\/emprad.org.br\/2020\/wp-json\/wp\/v2\/comments?post=8690"}],"version-history":[{"count":6,"href":"https:\/\/emprad.org.br\/2020\/wp-json\/wp\/v2\/pages\/8690\/revisions"}],"predecessor-version":[{"id":10122,"href":"https:\/\/emprad.org.br\/2020\/wp-json\/wp\/v2\/pages\/8690\/revisions\/10122"}],"wp:attachment":[{"href":"https:\/\/emprad.org.br\/2020\/wp-json\/wp\/v2\/media?parent=8690"}],"curies":[{"name":"wp","href":"https:\/\/api.w.org\/{rel}","templated":true}]}}