{"id":8679,"date":"2018-08-01T10:31:23","date_gmt":"2018-08-01T13:31:23","guid":{"rendered":"https:\/\/emprad.org.br\/2020\/?page_id=8679"},"modified":"2018-10-16T15:14:06","modified_gmt":"2018-10-16T18:14:06","slug":"avaliacao","status":"publish","type":"page","link":"https:\/\/emprad.org.br\/2020\/avaliacao\/","title":{"rendered":"Avalia\u00e7\u00e3o"},"content":{"rendered":"<p>[vc_row full_width=&#8221;stretch_row&#8221; gap=&#8221;20&#8243; css_animation=&#8221;none&#8221; css=&#8221;.vc_custom_1519363723057{margin-top: 0px !important;margin-right: -15px !important;margin-bottom: 0px !important;margin-left: -15px !important;padding-top: 65px !important;padding-bottom: 0px !important;background-color: #ffffff !important;}&#8221;][vc_column css_animation=&#8221;none&#8221; width=&#8221;3\/4&#8243; css=&#8221;.vc_custom_1511243001013{padding-top: 0px !important;padding-bottom: 0px !important;}&#8221;][vc_custom_heading text=&#8221;Avalia\u00e7\u00e3o dos Relatos T\u00e9cnicos&#8221; font_container=&#8221;tag:h2|font_size:32px|text_align:left&#8221; use_theme_fonts=&#8221;yes&#8221; css=&#8221;.vc_custom_1533130400221{margin-bottom: 0px !important;padding-bottom: 20px !important;}&#8221;][vc_column_text css=&#8221;.vc_custom_1533262248517{margin-bottom: 35px !important;}&#8221;]Os Relatos T\u00e9cnicos ser\u00e3o avaliados por dois pareceristas, sendo ao menos um deles\u00a0Doutor no sistema\u00a0double review. A sele\u00e7\u00e3o e orienta\u00e7\u00e3o dos avaliadores \u00e9 coordenada\u00a0pela comiss\u00e3o do evento.<\/p>\n<p>&nbsp;<\/p>\n<p>Para os relatos t\u00e9cnicos, os seguintes pontos s\u00e3o considerados na avalia\u00e7\u00e3o: estrutura,\u00a0conte\u00fado, objetividade e clareza e ader\u00eancia \u00e0 norma de formata\u00e7\u00e3o escolhida.<\/p>\n<p>&nbsp;<\/p>\n<p>Os trabalhos melhor avaliados ser\u00e3o encaminhados para o\u00a0fast-track\u00a0nos peri\u00f3dicos que\u00a0apoiam o EMPRAD.\u00a0 Os autores podem escolher os peri\u00f3dicos, indicando no ato da\u00a0submiss\u00e3o a ordem de prefer\u00eancia. Os trabalhos selecionados para o fast track resultam\u00a0da apura\u00e7\u00e3o dos melhores trabalhos com base na avalia\u00e7\u00e3o dos pareceristas, cada\u00a0trabalho selecionado \u00e9 encaminhado a um \u00fanico peri\u00f3dico respeitando uma prefer\u00eancia\u00a0decorrente da classifica\u00e7\u00e3o dos trabalhos. N\u00e3o necessariamente todos os trabalhos\u00a0indicados aos peri\u00f3dicos ser\u00e3o selecionados para o\u00a0fast-track. A divulga\u00e7\u00e3o dos\u00a0trabalhos aceitos ser\u00e1 publicado no site do EMPRAD.<\/p>\n<p>&nbsp;<\/p>\n<p>Esclarece-se que os trabalhados aceitos pelos peri\u00f3dicos para o\u00a0fast-track\u00a0automaticamente superaram a fase de\u00a0desk review\u00a0e j\u00e1 entram diretamente na fase\u00a0de\u00a0blind review\u00a0de cada peri\u00f3dico.[\/vc_column_text][\/vc_column][vc_column width=&#8221;1\/4&#8243; css=&#8221;.vc_custom_1518763663115{margin-top: 0px !important;margin-bottom: 0px !important;padding-top: 0px !important;}&#8221;][vc_row_inner css=&#8221;.vc_custom_1519363793086{margin-top: 10px !important;margin-bottom: 35px !important;padding-top: 0px !important;padding-right: 0px !important;padding-bottom: 0px !important;padding-left: 0px !important;}&#8221;][vc_column_inner css=&#8221;.vc_custom_1518766187077{margin-top: 0px !important;margin-right: 0px !important;margin-bottom: 0px !important;margin-left: 0px !important;padding-top: 0px !important;padding-right: 0px !important;padding-bottom: 0px !important;padding-left: 0px !important;}&#8221;][rt_menu_style nav_menu=&#8221;Trabalhos&#8221; extra_class=&#8221;side-menu&#8221;][\/vc_column_inner][\/vc_row_inner][\/vc_column][\/vc_row]<\/p>\n","protected":false},"excerpt":{"rendered":"<p>[vc_row full_width=&#8221;stretch_row&#8221; gap=&#8221;20&#8243; css_animation=&#8221;none&#8221; css=&#8221;.vc_custom_1519363723057{margin-top: 0px !important;margin-right: -15px !important;margin-bottom: 0px !important;margin-left: -15px !important;padding-top: 65px !important;padding-bottom: 0px !important;background-color: #ffffff !important;}&#8221;][vc_column css_animation=&#8221;none&#8221; width=&#8221;3\/4&#8243; css=&#8221;.vc_custom_1511243001013{padding-top: 0px !important;padding-bottom: 0px !important;}&#8221;][vc_custom_heading text=&#8221;Avalia\u00e7\u00e3o dos Relatos T\u00e9cnicos&#8221; font_container=&#8221;tag:h2|font_size:32px|text_align:left&#8221; use_theme_fonts=&#8221;yes&#8221; css=&#8221;.vc_custom_1533130400221{margin-bottom: 0px !important;padding-bottom: 20px !important;}&#8221;][vc_column_text css=&#8221;.vc_custom_1533262248517{margin-bottom: 35px !important;}&#8221;]Os Relatos T\u00e9cnicos ser\u00e3o avaliados por dois pareceristas, sendo ao menos um deles\u00a0Doutor no sistema\u00a0double review. [&hellip;]<\/p>\n","protected":false},"author":1,"featured_media":0,"parent":0,"menu_order":0,"comment_status":"closed","ping_status":"closed","template":"","meta":{"inline_featured_image":false,"footnotes":""},"class_list":["post-8679","page","type-page","status-publish","hentry"],"yoast_head":"<!-- This site is optimized with the Yoast SEO plugin v27.2 - https:\/\/yoast.com\/product\/yoast-seo-wordpress\/ -->\n<title>Avalia\u00e7\u00e3o - EMPRAD 2020<\/title>\n<meta name=\"robots\" content=\"index, follow, max-snippet:-1, max-image-preview:large, max-video-preview:-1\" \/>\n<link rel=\"canonical\" href=\"https:\/\/emprad.org.br\/2020\/avaliacao\/\" \/>\n<meta property=\"og:locale\" content=\"pt_BR\" \/>\n<meta property=\"og:type\" content=\"article\" \/>\n<meta property=\"og:title\" content=\"Avalia\u00e7\u00e3o - EMPRAD 2020\" \/>\n<meta property=\"og:description\" content=\"[vc_row full_width=&#8221;stretch_row&#8221; gap=&#8221;20&#8243; css_animation=&#8221;none&#8221; css=&#8221;.vc_custom_1519363723057{margin-top: 0px !important;margin-right: -15px !important;margin-bottom: 0px !important;margin-left: -15px !important;padding-top: 65px !important;padding-bottom: 0px !important;background-color: #ffffff !important;}&#8221;][vc_column css_animation=&#8221;none&#8221; width=&#8221;3\/4&#8243; css=&#8221;.vc_custom_1511243001013{padding-top: 0px !important;padding-bottom: 0px !important;}&#8221;][vc_custom_heading text=&#8221;Avalia\u00e7\u00e3o dos Relatos T\u00e9cnicos&#8221; font_container=&#8221;tag:h2|font_size:32px|text_align:left&#8221; use_theme_fonts=&#8221;yes&#8221; css=&#8221;.vc_custom_1533130400221{margin-bottom: 0px !important;padding-bottom: 20px !important;}&#8221;][vc_column_text css=&#8221;.vc_custom_1533262248517{margin-bottom: 35px !important;}&#8221;]Os Relatos T\u00e9cnicos ser\u00e3o avaliados por dois pareceristas, sendo ao menos um deles\u00a0Doutor no sistema\u00a0double review. [&hellip;]\" \/>\n<meta property=\"og:url\" content=\"https:\/\/emprad.org.br\/2020\/avaliacao\/\" \/>\n<meta property=\"og:site_name\" content=\"EMPRAD 2020\" \/>\n<meta property=\"article:modified_time\" content=\"2018-10-16T18:14:06+00:00\" \/>\n<meta name=\"twitter:card\" content=\"summary_large_image\" \/>\n<meta name=\"twitter:label1\" content=\"Est. tempo de leitura\" \/>\n\t<meta name=\"twitter:data1\" content=\"2 minutos\" \/>\n<script type=\"application\/ld+json\" class=\"yoast-schema-graph\">{\"@context\":\"https:\/\/schema.org\",\"@graph\":[{\"@type\":\"WebPage\",\"@id\":\"https:\/\/emprad.org.br\/2020\/avaliacao\/\",\"url\":\"https:\/\/emprad.org.br\/2020\/avaliacao\/\",\"name\":\"Avalia\u00e7\u00e3o - EMPRAD 2020\",\"isPartOf\":{\"@id\":\"https:\/\/emprad.org.br\/2020\/#website\"},\"datePublished\":\"2018-08-01T13:31:23+00:00\",\"dateModified\":\"2018-10-16T18:14:06+00:00\",\"breadcrumb\":{\"@id\":\"https:\/\/emprad.org.br\/2020\/avaliacao\/#breadcrumb\"},\"inLanguage\":\"pt-BR\",\"potentialAction\":[{\"@type\":\"ReadAction\",\"target\":[\"https:\/\/emprad.org.br\/2020\/avaliacao\/\"]}]},{\"@type\":\"BreadcrumbList\",\"@id\":\"https:\/\/emprad.org.br\/2020\/avaliacao\/#breadcrumb\",\"itemListElement\":[{\"@type\":\"ListItem\",\"position\":1,\"name\":\"In\u00edcio\",\"item\":\"https:\/\/emprad.org.br\/2020\/\"},{\"@type\":\"ListItem\",\"position\":2,\"name\":\"Avalia\u00e7\u00e3o\"}]},{\"@type\":\"WebSite\",\"@id\":\"https:\/\/emprad.org.br\/2020\/#website\",\"url\":\"https:\/\/emprad.org.br\/2020\/\",\"name\":\"EMPRAD 2020\",\"description\":\"Encontro dos Programas de P\u00f3s-Gradua\u00e7\u00e3o Profissionais em Administra\u00e7\u00e3o\",\"potentialAction\":[{\"@type\":\"SearchAction\",\"target\":{\"@type\":\"EntryPoint\",\"urlTemplate\":\"https:\/\/emprad.org.br\/2020\/?s={search_term_string}\"},\"query-input\":{\"@type\":\"PropertyValueSpecification\",\"valueRequired\":true,\"valueName\":\"search_term_string\"}}],\"inLanguage\":\"pt-BR\"}]}<\/script>\n<!-- \/ Yoast SEO plugin. -->","yoast_head_json":{"title":"Avalia\u00e7\u00e3o - EMPRAD 2020","robots":{"index":"index","follow":"follow","max-snippet":"max-snippet:-1","max-image-preview":"max-image-preview:large","max-video-preview":"max-video-preview:-1"},"canonical":"https:\/\/emprad.org.br\/2020\/avaliacao\/","og_locale":"pt_BR","og_type":"article","og_title":"Avalia\u00e7\u00e3o - EMPRAD 2020","og_description":"[vc_row full_width=&#8221;stretch_row&#8221; gap=&#8221;20&#8243; css_animation=&#8221;none&#8221; css=&#8221;.vc_custom_1519363723057{margin-top: 0px !important;margin-right: -15px !important;margin-bottom: 0px !important;margin-left: -15px !important;padding-top: 65px !important;padding-bottom: 0px !important;background-color: #ffffff !important;}&#8221;][vc_column css_animation=&#8221;none&#8221; width=&#8221;3\/4&#8243; css=&#8221;.vc_custom_1511243001013{padding-top: 0px !important;padding-bottom: 0px !important;}&#8221;][vc_custom_heading text=&#8221;Avalia\u00e7\u00e3o dos Relatos T\u00e9cnicos&#8221; font_container=&#8221;tag:h2|font_size:32px|text_align:left&#8221; use_theme_fonts=&#8221;yes&#8221; css=&#8221;.vc_custom_1533130400221{margin-bottom: 0px !important;padding-bottom: 20px !important;}&#8221;][vc_column_text css=&#8221;.vc_custom_1533262248517{margin-bottom: 35px !important;}&#8221;]Os Relatos T\u00e9cnicos ser\u00e3o avaliados por dois pareceristas, sendo ao menos um deles\u00a0Doutor no sistema\u00a0double review. [&hellip;]","og_url":"https:\/\/emprad.org.br\/2020\/avaliacao\/","og_site_name":"EMPRAD 2020","article_modified_time":"2018-10-16T18:14:06+00:00","twitter_card":"summary_large_image","twitter_misc":{"Est. tempo de leitura":"2 minutos"},"schema":{"@context":"https:\/\/schema.org","@graph":[{"@type":"WebPage","@id":"https:\/\/emprad.org.br\/2020\/avaliacao\/","url":"https:\/\/emprad.org.br\/2020\/avaliacao\/","name":"Avalia\u00e7\u00e3o - EMPRAD 2020","isPartOf":{"@id":"https:\/\/emprad.org.br\/2020\/#website"},"datePublished":"2018-08-01T13:31:23+00:00","dateModified":"2018-10-16T18:14:06+00:00","breadcrumb":{"@id":"https:\/\/emprad.org.br\/2020\/avaliacao\/#breadcrumb"},"inLanguage":"pt-BR","potentialAction":[{"@type":"ReadAction","target":["https:\/\/emprad.org.br\/2020\/avaliacao\/"]}]},{"@type":"BreadcrumbList","@id":"https:\/\/emprad.org.br\/2020\/avaliacao\/#breadcrumb","itemListElement":[{"@type":"ListItem","position":1,"name":"In\u00edcio","item":"https:\/\/emprad.org.br\/2020\/"},{"@type":"ListItem","position":2,"name":"Avalia\u00e7\u00e3o"}]},{"@type":"WebSite","@id":"https:\/\/emprad.org.br\/2020\/#website","url":"https:\/\/emprad.org.br\/2020\/","name":"EMPRAD 2020","description":"Encontro dos Programas de P\u00f3s-Gradua\u00e7\u00e3o Profissionais em Administra\u00e7\u00e3o","potentialAction":[{"@type":"SearchAction","target":{"@type":"EntryPoint","urlTemplate":"https:\/\/emprad.org.br\/2020\/?s={search_term_string}"},"query-input":{"@type":"PropertyValueSpecification","valueRequired":true,"valueName":"search_term_string"}}],"inLanguage":"pt-BR"}]}},"_links":{"self":[{"href":"https:\/\/emprad.org.br\/2020\/wp-json\/wp\/v2\/pages\/8679","targetHints":{"allow":["GET"]}}],"collection":[{"href":"https:\/\/emprad.org.br\/2020\/wp-json\/wp\/v2\/pages"}],"about":[{"href":"https:\/\/emprad.org.br\/2020\/wp-json\/wp\/v2\/types\/page"}],"author":[{"embeddable":true,"href":"https:\/\/emprad.org.br\/2020\/wp-json\/wp\/v2\/users\/1"}],"replies":[{"embeddable":true,"href":"https:\/\/emprad.org.br\/2020\/wp-json\/wp\/v2\/comments?post=8679"}],"version-history":[{"count":0,"href":"https:\/\/emprad.org.br\/2020\/wp-json\/wp\/v2\/pages\/8679\/revisions"}],"wp:attachment":[{"href":"https:\/\/emprad.org.br\/2020\/wp-json\/wp\/v2\/media?parent=8679"}],"curies":[{"name":"wp","href":"https:\/\/api.w.org\/{rel}","templated":true}]}}