{"id":7434,"date":"2018-03-06T06:02:44","date_gmt":"2018-03-06T06:02:44","guid":{"rendered":"http:\/\/themes.radiantthemes.com\/consultix\/demo-one\/?page_id=7434"},"modified":"2021-06-07T13:32:27","modified_gmt":"2021-06-07T16:32:27","slug":"areas","status":"publish","type":"page","link":"https:\/\/emprad.org.br\/2020\/areas\/","title":{"rendered":"\u00c1reas"},"content":{"rendered":"<p>[vc_row full_width=&#8221;stretch_row&#8221; gap=&#8221;20&#8243; css_animation=&#8221;none&#8221; css=&#8221;.vc_custom_1520490387579{margin-top: 0px !important;margin-right: -25px !important;margin-bottom: 0px !important;margin-left: -25px !important;padding-top: 53px !important;padding-bottom: 65px !important;background-color: #ffffff !important;}&#8221;][vc_column css_animation=&#8221;none&#8221; width=&#8221;3\/4&#8243; css=&#8221;.vc_custom_1520490166476{margin-left: 0px !important;padding-top: 0px !important;padding-bottom: 0px !important;}&#8221;][vc_row_inner css=&#8221;.vc_custom_1520489060407{margin-top: 0px !important;margin-right: 0px !important;margin-bottom: 45px !important;margin-left: 0px !important;padding-top: 45px !important;padding-right: 45px !important;padding-bottom: 45px !important;padding-left: 45px !important;background-color: #f4f5f6 !important;}&#8221;][vc_column_inner css=&#8221;.vc_custom_1520488501364{margin-top: 0px !important;margin-bottom: 28px !important;padding-top: 6px !important;padding-bottom: 6px !important;padding-left: 75px !important;background-image: url(http:\/\/themes.radiantthemes.com\/consultix\/demo-one\/wp-content\/uploads\/sites\/12\/2018\/03\/faq-icon1.png?id=7441) !important;background-position: 0 0 !important;background-repeat: no-repeat !important;}&#8221;][vc_custom_heading text=&#8221;\u00c1reas&#8221; font_container=&#8221;tag:h2|font_size:28px|text_align:left|color:%23001a57|line_height:27px&#8221; use_theme_fonts=&#8221;yes&#8221; css=&#8221;.vc_custom_1533090357760{margin-top: 0px !important;margin-bottom: 0px !important;padding-top: 0px !important;padding-bottom: 0px !important;}&#8221;][vc_custom_heading text=&#8221;\u00c1reas dispon\u00edveis para submiss\u00e3o no EMPRAD&#8221; font_container=&#8221;tag:p|text_align:left&#8221; use_theme_fonts=&#8221;yes&#8221; css=&#8221;.vc_custom_1533090586216{margin-top: 7px !important;margin-bottom: 0px !important;padding-top: 0px !important;padding-bottom: 0px !important;}&#8221;][rt_separator_style separator_style=&#8221;five&#8221;][rt_menu_style nav_menu=&#8221;\u00c1reas&#8221; extra_class=&#8221;side-menu&#8221;][\/vc_column_inner][\/vc_row_inner][\/vc_column][vc_column width=&#8221;1\/4&#8243; css=&#8221;.vc_custom_1518763663115{margin-top: 0px !important;margin-bottom: 0px !important;padding-top: 0px !important;}&#8221;][vc_row_inner disable_element=&#8221;yes&#8221; css=&#8221;.vc_custom_1583160955425{margin-top: 0px !important;margin-bottom: 0px !important;padding-top: 0px !important;padding-bottom: 0px !important;background-image: url(http:\/\/themes.radiantthemes.com\/consultix\/demo-one\/wp-content\/uploads\/sites\/12\/2018\/02\/Call-Back.jpg?id=5474) !important;background-position: center !important;background-repeat: no-repeat !important;background-size: cover !important;}&#8221;][vc_column_inner css=&#8221;.vc_custom_1518768764441{margin-top: 0px !important;margin-bottom: 0px !important;padding-top: 35px !important;padding-right: 17px !important;padding-bottom: 50px !important;padding-left: 17px !important;}&#8221;][vc_custom_heading text=&#8221;Submiss\u00f5es Abertas&#8221; font_container=&#8221;tag:h4|font_size:22px|text_align:center|color:%23ffffff|line_height:35px&#8221; use_theme_fonts=&#8221;yes&#8221; css=&#8221;.vc_custom_1533090713780{margin-top: 0px !important;margin-bottom: 0px !important;border-bottom-width: 1px !important;padding-top: 0px !important;padding-bottom: 16px !important;border-bottom-color: rgba(255,255,255,0.3) !important;border-bottom-style: solid !important;}&#8221;][vc_column_text css=&#8221;.vc_custom_1533090861356{margin-top: 18px !important;margin-bottom: 0px !important;padding-top: 0px !important;padding-bottom: 4px !important;}&#8221;]<\/p>\n<p style=\"text-align: center;\"><span style=\"color: #ffffff;\">Submeta seu trabalho at\u00e9 o dia <\/span><\/p>\n<p>[\/vc_column_text][vc_custom_heading text=&#8221;01\/03&#8243; font_container=&#8221;tag:h4|font_size:18|text_align:center|color:%23ffffff&#8221; use_theme_fonts=&#8221;yes&#8221; css=&#8221;.vc_custom_1576615071011{margin-top: 0px !important;margin-bottom: 0px !important;padding-top: 0px !important;padding-bottom: 17px !important;}&#8221;][lea_button_style title=&#8221;SUBETER TRABALHO&#8221; align=&#8221;center&#8221; font_color=&#8221;#161617&#8243; use_theme_fonts=&#8221;yes&#8221; background_hover_color=&#8221;#f5f6f6&#8243; font_hover_color=&#8221;#252525&#8243; link=&#8221;url:http%3A%2F%2Fsistema.emprad.org.br\/2020%2F|||&#8221; button_font_size=&#8221;13px&#8221; button_design_css=&#8221;.vc_custom_1533090812216{margin-top: 0px !important;margin-bottom: 0px !important;padding-top: 10px !important;padding-right: 26px !important;padding-bottom: 10px !important;padding-left: 26px !important;background-color: #ffffff !important;border-radius: 35px !important;}&#8221; extra_class=&#8221;button-custom&#8221;][\/vc_column_inner][\/vc_row_inner][\/vc_column][\/vc_row]<\/p>\n","protected":false},"excerpt":{"rendered":"<p>[vc_row full_width=&#8221;stretch_row&#8221; gap=&#8221;20&#8243; css_animation=&#8221;none&#8221; css=&#8221;.vc_custom_1520490387579{margin-top: 0px !important;margin-right: -25px !important;margin-bottom: 0px !important;margin-left: -25px !important;padding-top: 53px !important;padding-bottom: 65px !important;background-color: #ffffff !important;}&#8221;][vc_column css_animation=&#8221;none&#8221; width=&#8221;3\/4&#8243; css=&#8221;.vc_custom_1520490166476{margin-left: 0px !important;padding-top: 0px !important;padding-bottom: 0px !important;}&#8221;][vc_row_inner css=&#8221;.vc_custom_1520489060407{margin-top: 0px !important;margin-right: 0px !important;margin-bottom: 45px !important;margin-left: 0px !important;padding-top: 45px !important;padding-right: 45px !important;padding-bottom: 45px !important;padding-left: 45px !important;background-color: #f4f5f6 !important;}&#8221;][vc_column_inner css=&#8221;.vc_custom_1520488501364{margin-top: 0px !important;margin-bottom: 28px !important;padding-top: 6px !important;padding-bottom: 6px [&hellip;]<\/p>\n","protected":false},"author":1,"featured_media":0,"parent":0,"menu_order":0,"comment_status":"closed","ping_status":"closed","template":"","meta":{"inline_featured_image":false,"footnotes":""},"class_list":["post-7434","page","type-page","status-publish","hentry"],"yoast_head":"<!-- This site is optimized with the Yoast SEO plugin v27.2 - https:\/\/yoast.com\/product\/yoast-seo-wordpress\/ -->\n<title>\u00c1reas - EMPRAD 2020<\/title>\n<meta name=\"robots\" content=\"index, follow, max-snippet:-1, max-image-preview:large, max-video-preview:-1\" \/>\n<link rel=\"canonical\" href=\"https:\/\/emprad.org.br\/2020\/areas\/\" \/>\n<meta property=\"og:locale\" content=\"pt_BR\" \/>\n<meta property=\"og:type\" content=\"article\" \/>\n<meta property=\"og:title\" content=\"\u00c1reas - EMPRAD 2020\" \/>\n<meta property=\"og:description\" content=\"[vc_row full_width=&#8221;stretch_row&#8221; gap=&#8221;20&#8243; css_animation=&#8221;none&#8221; css=&#8221;.vc_custom_1520490387579{margin-top: 0px !important;margin-right: -25px !important;margin-bottom: 0px !important;margin-left: -25px !important;padding-top: 53px !important;padding-bottom: 65px !important;background-color: #ffffff !important;}&#8221;][vc_column css_animation=&#8221;none&#8221; width=&#8221;3\/4&#8243; css=&#8221;.vc_custom_1520490166476{margin-left: 0px !important;padding-top: 0px !important;padding-bottom: 0px !important;}&#8221;][vc_row_inner css=&#8221;.vc_custom_1520489060407{margin-top: 0px !important;margin-right: 0px !important;margin-bottom: 45px !important;margin-left: 0px !important;padding-top: 45px !important;padding-right: 45px !important;padding-bottom: 45px !important;padding-left: 45px !important;background-color: #f4f5f6 !important;}&#8221;][vc_column_inner css=&#8221;.vc_custom_1520488501364{margin-top: 0px !important;margin-bottom: 28px !important;padding-top: 6px !important;padding-bottom: 6px [&hellip;]\" \/>\n<meta property=\"og:url\" content=\"https:\/\/emprad.org.br\/2020\/areas\/\" \/>\n<meta property=\"og:site_name\" content=\"EMPRAD 2020\" \/>\n<meta property=\"article:modified_time\" content=\"2021-06-07T16:32:27+00:00\" \/>\n<meta name=\"twitter:card\" content=\"summary_large_image\" \/>\n<meta name=\"twitter:label1\" content=\"Est. tempo de leitura\" \/>\n\t<meta name=\"twitter:data1\" content=\"1 minuto\" \/>\n<script type=\"application\/ld+json\" class=\"yoast-schema-graph\">{\"@context\":\"https:\/\/schema.org\",\"@graph\":[{\"@type\":\"WebPage\",\"@id\":\"https:\/\/emprad.org.br\/2020\/areas\/\",\"url\":\"https:\/\/emprad.org.br\/2020\/areas\/\",\"name\":\"\u00c1reas - EMPRAD 2020\",\"isPartOf\":{\"@id\":\"https:\/\/emprad.org.br\/2020\/#website\"},\"datePublished\":\"2018-03-06T06:02:44+00:00\",\"dateModified\":\"2021-06-07T16:32:27+00:00\",\"breadcrumb\":{\"@id\":\"https:\/\/emprad.org.br\/2020\/areas\/#breadcrumb\"},\"inLanguage\":\"pt-BR\",\"potentialAction\":[{\"@type\":\"ReadAction\",\"target\":[\"https:\/\/emprad.org.br\/2020\/areas\/\"]}]},{\"@type\":\"BreadcrumbList\",\"@id\":\"https:\/\/emprad.org.br\/2020\/areas\/#breadcrumb\",\"itemListElement\":[{\"@type\":\"ListItem\",\"position\":1,\"name\":\"In\u00edcio\",\"item\":\"https:\/\/emprad.org.br\/2020\/\"},{\"@type\":\"ListItem\",\"position\":2,\"name\":\"\u00c1reas\"}]},{\"@type\":\"WebSite\",\"@id\":\"https:\/\/emprad.org.br\/2020\/#website\",\"url\":\"https:\/\/emprad.org.br\/2020\/\",\"name\":\"EMPRAD 2020\",\"description\":\"Encontro dos Programas de P\u00f3s-Gradua\u00e7\u00e3o Profissionais em Administra\u00e7\u00e3o\",\"potentialAction\":[{\"@type\":\"SearchAction\",\"target\":{\"@type\":\"EntryPoint\",\"urlTemplate\":\"https:\/\/emprad.org.br\/2020\/?s={search_term_string}\"},\"query-input\":{\"@type\":\"PropertyValueSpecification\",\"valueRequired\":true,\"valueName\":\"search_term_string\"}}],\"inLanguage\":\"pt-BR\"}]}<\/script>\n<!-- \/ Yoast SEO plugin. -->","yoast_head_json":{"title":"\u00c1reas - EMPRAD 2020","robots":{"index":"index","follow":"follow","max-snippet":"max-snippet:-1","max-image-preview":"max-image-preview:large","max-video-preview":"max-video-preview:-1"},"canonical":"https:\/\/emprad.org.br\/2020\/areas\/","og_locale":"pt_BR","og_type":"article","og_title":"\u00c1reas - EMPRAD 2020","og_description":"[vc_row full_width=&#8221;stretch_row&#8221; gap=&#8221;20&#8243; css_animation=&#8221;none&#8221; css=&#8221;.vc_custom_1520490387579{margin-top: 0px !important;margin-right: -25px !important;margin-bottom: 0px !important;margin-left: -25px !important;padding-top: 53px !important;padding-bottom: 65px !important;background-color: #ffffff !important;}&#8221;][vc_column css_animation=&#8221;none&#8221; width=&#8221;3\/4&#8243; css=&#8221;.vc_custom_1520490166476{margin-left: 0px !important;padding-top: 0px !important;padding-bottom: 0px !important;}&#8221;][vc_row_inner css=&#8221;.vc_custom_1520489060407{margin-top: 0px !important;margin-right: 0px !important;margin-bottom: 45px !important;margin-left: 0px !important;padding-top: 45px !important;padding-right: 45px !important;padding-bottom: 45px !important;padding-left: 45px !important;background-color: #f4f5f6 !important;}&#8221;][vc_column_inner css=&#8221;.vc_custom_1520488501364{margin-top: 0px !important;margin-bottom: 28px !important;padding-top: 6px !important;padding-bottom: 6px [&hellip;]","og_url":"https:\/\/emprad.org.br\/2020\/areas\/","og_site_name":"EMPRAD 2020","article_modified_time":"2021-06-07T16:32:27+00:00","twitter_card":"summary_large_image","twitter_misc":{"Est. tempo de leitura":"1 minuto"},"schema":{"@context":"https:\/\/schema.org","@graph":[{"@type":"WebPage","@id":"https:\/\/emprad.org.br\/2020\/areas\/","url":"https:\/\/emprad.org.br\/2020\/areas\/","name":"\u00c1reas - EMPRAD 2020","isPartOf":{"@id":"https:\/\/emprad.org.br\/2020\/#website"},"datePublished":"2018-03-06T06:02:44+00:00","dateModified":"2021-06-07T16:32:27+00:00","breadcrumb":{"@id":"https:\/\/emprad.org.br\/2020\/areas\/#breadcrumb"},"inLanguage":"pt-BR","potentialAction":[{"@type":"ReadAction","target":["https:\/\/emprad.org.br\/2020\/areas\/"]}]},{"@type":"BreadcrumbList","@id":"https:\/\/emprad.org.br\/2020\/areas\/#breadcrumb","itemListElement":[{"@type":"ListItem","position":1,"name":"In\u00edcio","item":"https:\/\/emprad.org.br\/2020\/"},{"@type":"ListItem","position":2,"name":"\u00c1reas"}]},{"@type":"WebSite","@id":"https:\/\/emprad.org.br\/2020\/#website","url":"https:\/\/emprad.org.br\/2020\/","name":"EMPRAD 2020","description":"Encontro dos Programas de P\u00f3s-Gradua\u00e7\u00e3o Profissionais em Administra\u00e7\u00e3o","potentialAction":[{"@type":"SearchAction","target":{"@type":"EntryPoint","urlTemplate":"https:\/\/emprad.org.br\/2020\/?s={search_term_string}"},"query-input":{"@type":"PropertyValueSpecification","valueRequired":true,"valueName":"search_term_string"}}],"inLanguage":"pt-BR"}]}},"_links":{"self":[{"href":"https:\/\/emprad.org.br\/2020\/wp-json\/wp\/v2\/pages\/7434","targetHints":{"allow":["GET"]}}],"collection":[{"href":"https:\/\/emprad.org.br\/2020\/wp-json\/wp\/v2\/pages"}],"about":[{"href":"https:\/\/emprad.org.br\/2020\/wp-json\/wp\/v2\/types\/page"}],"author":[{"embeddable":true,"href":"https:\/\/emprad.org.br\/2020\/wp-json\/wp\/v2\/users\/1"}],"replies":[{"embeddable":true,"href":"https:\/\/emprad.org.br\/2020\/wp-json\/wp\/v2\/comments?post=7434"}],"version-history":[{"count":0,"href":"https:\/\/emprad.org.br\/2020\/wp-json\/wp\/v2\/pages\/7434\/revisions"}],"wp:attachment":[{"href":"https:\/\/emprad.org.br\/2020\/wp-json\/wp\/v2\/media?parent=7434"}],"curies":[{"name":"wp","href":"https:\/\/api.w.org\/{rel}","templated":true}]}}