{"id":10093,"date":"2021-11-17T16:32:17","date_gmt":"2021-11-17T19:32:17","guid":{"rendered":"https:\/\/emprad.org.br\/2020\/?page_id=10093"},"modified":"2021-11-18T08:53:19","modified_gmt":"2021-11-18T11:53:19","slug":"regras-de-apresentacao","status":"publish","type":"page","link":"https:\/\/emprad.org.br\/2020\/regras-de-apresentacao\/","title":{"rendered":"Regras de Apresenta\u00e7\u00e3o"},"content":{"rendered":"<p>[vc_row][vc_column width=&#8221;3\/4&#8243;][vc_custom_heading text=&#8221;Instru\u00e7\u00f5es Para a Apresenta\u00e7\u00e3o Dos Trabalhos em Sess\u00f5es Tem\u00e1ticas&#8221; font_container=&#8221;tag:h2|font_size:32px|text_align:left&#8221; use_theme_fonts=&#8221;yes&#8221;][rt_list_style list_icon_test=&#8221;b2ecf92e-8137-5&#8243;]<\/p>\n<ul>\n<li>A programa\u00e7\u00e3o do evento encontra-se no site: <a href=\"https:\/\/emprad.org.br\/2020\/programacao\/\">https:\/\/emprad.org.br\/2020\/programacao\/<\/a><\/li>\n<li>A apresenta\u00e7\u00e3o dos trabalhos nas sess\u00f5es orais ter\u00e1 a dura\u00e7\u00e3o de <strong>15 minutos cada<\/strong>. Ap\u00f3s, haver\u00e1 o debate dos trabalhos, com dura\u00e7\u00e3o de 5 minutos, considerando o tema da sess\u00e3o, pontos comuns e novas considera\u00e7\u00f5es dos artigos.<\/li>\n<li>Cada sess\u00e3o de apresenta\u00e7\u00e3o oral ter\u00e1 no m\u00e1ximo 5 trabalhos programados. Sugere-se que as apresenta\u00e7\u00f5es sigam a ordem de apresenta\u00e7\u00e3o em que aparecem na programa\u00e7\u00e3o.<\/li>\n<li>Na sess\u00e3o de apresenta\u00e7\u00e3o ser\u00e1 necess\u00e1ria a presen\u00e7a de pelo menos um autor do trabalho (autor-apresentador), devidamente inscrito no evento.<\/li>\n<li>Para que n\u00e3o haja atrasos, solicitamos a presen\u00e7a do autor-apresentador na sala virtual com\u00a0<strong>10 minutos de anteced\u00eancia<\/strong>\u00a0para a prepara\u00e7\u00e3o da apresenta\u00e7\u00e3o.<\/li>\n<li>Para as apresenta\u00e7\u00f5es orais, sugere-se a utiliza\u00e7\u00e3o de um template para elabora\u00e7\u00e3o dos slides e o uso de fundo de tela, que podem ser acessados em:\u00a0<a href=\"https:\/\/emprad.org.br\/2020\/wp-content\/uploads\/sites\/12\/2021\/11\/Template.pptx\">https:\/\/emprad.org.br\/2020\/wp-content\/uploads\/sites\/12\/2021\/11\/Template.pptx<\/a><\/li>\n<li>Recomendamos que os autores\/apresentadores e demais participantes das sess\u00f5es orais realizem a leitura pr\u00e9via dos demais trabalhos da sess\u00e3o para, ap\u00f3s as apresenta\u00e7\u00f5es, participem da discuss\u00e3o e contribuam com os trabalhos dos demais autores.<\/li>\n<\/ul>\n<p>[\/rt_list_style][vc_custom_heading text=&#8221;Observa\u00e7\u00f5es Importantes Para os Apresentadores:&#8221; font_container=&#8221;tag:h3|font_size:17px|text_align:left&#8221; use_theme_fonts=&#8221;yes&#8221;][rt_list_style list_icon_test=&#8221;14d95061-56c5-6&#8243;]<\/p>\n<ul>\n<li>A inscri\u00e7\u00e3o \u00e9 individual e intransfer\u00edvel.<\/li>\n<li>A participa\u00e7\u00e3o do usu\u00e1rio ser\u00e1 identificada pelo acesso ao sistema.<\/li>\n<li>No certificado de apresenta\u00e7\u00e3o constar\u00e1 as informa\u00e7\u00f5es do trabalho e de autoria. Os autores que se inscreveram no evento, estiveram presentes na sess\u00e3o virtual e realizaram a apresenta\u00e7\u00e3o do trabalho ser\u00e3o identificados no certificado.<\/li>\n<\/ul>\n<p>[\/rt_list_style][vc_custom_heading text=&#8221;Disposi\u00e7\u00f5es Gerais&#8221; font_container=&#8221;tag:h3|font_size:17px|text_align:left&#8221; use_theme_fonts=&#8221;yes&#8221;][rt_list_style list_icon_test=&#8221;dbd63030-3fa6-5&#8243;]<\/p>\n<ol>\n<li><strong>Teste de compatibilidade<\/strong> \u2013 Para que os autores tenham uma participa\u00e7\u00e3o adequada, recomenda-se a realiza\u00e7\u00e3o de teste de compatibilidade do sistema com o navegador e seus equipamentos previamente. Para realizar o teste, acesse o link:\u00a0<a href=\"https:\/\/zoom.us\/test\">https:\/\/zoom.us\/test<\/a><\/li>\n<li><strong>Equipamentos<\/strong> \u2013 Sugere-se que os autores <strong>realizem o acesso atrav\u00e9s de um computador<\/strong> e tenham mais de um equipamento como alternativa para acesso. N\u00e3o \u00e9 poss\u00edvel prever alguns problemas de conex\u00e3o e funcionalidade por conta de equipamentos e redes.<\/li>\n<li><strong>Teste de link<\/strong> \u2013 Fa\u00e7a o teste do link da sess\u00e3o antecipadamente. Abriremos o link 15 minutos antes do hor\u00e1rio previsto para as sess\u00f5es. Neste tempo, os autores poder\u00e3o corrigir quaisquer imprevistos.<\/li>\n<li><strong>Modera\u00e7\u00f5es<\/strong> \u2013 As sess\u00f5es contar\u00e3o com um moderador e um assistente. O moderador se encarregar\u00e1 da organiza\u00e7\u00e3o da sess\u00e3o.<\/li>\n<li><strong>Apresenta\u00e7\u00f5es<\/strong>\u00a0\u2013 Recomenda-se que os autores deixem a sua apresenta\u00e7\u00e3o aberta em seus desktops ou outros equipamentos. Isto facilitar\u00e1 o processo no momento de sua apresenta\u00e7\u00e3o e no compartilhamento da tela.<\/li>\n<li><strong>Evite sobrecarga do sistema<\/strong>\u00a0\u2013 Utilize poucas janelas\/abas no seu navegador e deixe poucos programas\/aplicativos abertos em seu equipamento para facilitar seu compartilhamento de tela no momento de sua apresenta\u00e7\u00e3o e para evitar sobrecarga do sistema.<\/li>\n<li><strong>Identifica\u00e7\u00e3o<\/strong>\u00a0\u2013 Identifique-se logo no in\u00edcio com o moderador da sess\u00e3o ou assistente indicando que voc\u00ea est\u00e1 presente e qual \u00e9 o seu trabalho.<\/li>\n<li><strong>Ativa\u00e7\u00f5es na Plataforma Zoom<\/strong>\u00a0\u2013 Com aux\u00edlio do assistente, abra o seu microfone e seu v\u00eddeo e fa\u00e7a o compartilhamento da sua tela de apresenta\u00e7\u00e3o. Recomenda-se que durante a apresenta\u00e7\u00e3o dos demais participantes, todos deixem seus microfones desativados.<\/li>\n<li><strong>Tempo<\/strong>\u00a0\u2013 Atente para o seu tempo de modo a n\u00e3o o ultrapassar (15 min). O moderador sinalizar\u00e1 quando faltarem 3 minutos. Ao finalizar, interrompa o compartilhamento da sua tela e devolva a palavra ao moderador.<\/li>\n<li><strong>Perguntas e respostas<\/strong>\u00a0\u2013 O moderador conduzir\u00e1 as discuss\u00f5es passando o direito de fala para que participantes as apresentem.<\/li>\n<li><strong>Trabalhos dispon\u00edveis<\/strong>\u00a0\u2013 Os trabalhos apresentados no evento estar\u00e3o dispon\u00edveis no sistema, junto com a programa\u00e7\u00e3o, ap\u00f3s realiza\u00e7\u00e3o do login.<\/li>\n<\/ol>\n<p>[\/rt_list_style][vc_column_text]<strong>Desejamos a todos um excelente evento!<\/strong>[\/vc_column_text][\/vc_column][vc_column width=&#8221;1\/4&#8243;][\/vc_column][\/vc_row][vc_row][vc_column][vc_column_text]<strong>Prof. Dr. Martinho Isnard Ribeiro de Almeida<br \/>\nCoordenador do EMPRAD<\/strong>[\/vc_column_text][\/vc_column][\/vc_row][vc_row][vc_column][vc_column_text]<strong>Prof. Dr. F\u00e1bio Lotti Oliva<br \/>\nVice-coordenador do EMPRAD<\/strong>[\/vc_column_text][\/vc_column][\/vc_row]<\/p>\n","protected":false},"excerpt":{"rendered":"<p>[vc_row][vc_column width=&#8221;3\/4&#8243;][vc_custom_heading text=&#8221;Instru\u00e7\u00f5es Para a Apresenta\u00e7\u00e3o Dos Trabalhos em Sess\u00f5es Tem\u00e1ticas&#8221; font_container=&#8221;tag:h2|font_size:32px|text_align:left&#8221; use_theme_fonts=&#8221;yes&#8221;][rt_list_style list_icon_test=&#8221;b2ecf92e-8137-5&#8243;] A programa\u00e7\u00e3o do evento encontra-se no site: https:\/\/emprad.org.br\/2020\/programacao\/ A apresenta\u00e7\u00e3o dos trabalhos nas sess\u00f5es orais ter\u00e1 a dura\u00e7\u00e3o de 15 minutos cada. Ap\u00f3s, haver\u00e1 o debate dos trabalhos, com dura\u00e7\u00e3o de 5 minutos, considerando o tema da sess\u00e3o, pontos comuns e [&hellip;]<\/p>\n","protected":false},"author":1,"featured_media":0,"parent":0,"menu_order":0,"comment_status":"closed","ping_status":"closed","template":"","meta":{"inline_featured_image":false,"footnotes":""},"class_list":["post-10093","page","type-page","status-publish","hentry"],"yoast_head":"<!-- This site is optimized with the Yoast SEO plugin v27.2 - https:\/\/yoast.com\/product\/yoast-seo-wordpress\/ -->\n<title>Regras de Apresenta\u00e7\u00e3o - EMPRAD 2020<\/title>\n<meta name=\"robots\" content=\"index, follow, max-snippet:-1, max-image-preview:large, max-video-preview:-1\" \/>\n<link rel=\"canonical\" href=\"https:\/\/emprad.org.br\/2020\/regras-de-apresentacao\/\" \/>\n<meta property=\"og:locale\" content=\"pt_BR\" \/>\n<meta property=\"og:type\" content=\"article\" \/>\n<meta property=\"og:title\" content=\"Regras de Apresenta\u00e7\u00e3o - EMPRAD 2020\" \/>\n<meta property=\"og:description\" content=\"[vc_row][vc_column width=&#8221;3\/4&#8243;][vc_custom_heading text=&#8221;Instru\u00e7\u00f5es Para a Apresenta\u00e7\u00e3o Dos Trabalhos em Sess\u00f5es Tem\u00e1ticas&#8221; font_container=&#8221;tag:h2|font_size:32px|text_align:left&#8221; use_theme_fonts=&#8221;yes&#8221;][rt_list_style list_icon_test=&#8221;b2ecf92e-8137-5&#8243;] A programa\u00e7\u00e3o do evento encontra-se no site: https:\/\/emprad.org.br\/2020\/programacao\/ A apresenta\u00e7\u00e3o dos trabalhos nas sess\u00f5es orais ter\u00e1 a dura\u00e7\u00e3o de 15 minutos cada. Ap\u00f3s, haver\u00e1 o debate dos trabalhos, com dura\u00e7\u00e3o de 5 minutos, considerando o tema da sess\u00e3o, pontos comuns e [&hellip;]\" \/>\n<meta property=\"og:url\" content=\"https:\/\/emprad.org.br\/2020\/regras-de-apresentacao\/\" \/>\n<meta property=\"og:site_name\" content=\"EMPRAD 2020\" \/>\n<meta property=\"article:modified_time\" content=\"2021-11-18T11:53:19+00:00\" \/>\n<meta name=\"twitter:card\" content=\"summary_large_image\" \/>\n<meta name=\"twitter:label1\" content=\"Est. tempo de leitura\" \/>\n\t<meta name=\"twitter:data1\" content=\"3 minutos\" \/>\n<script type=\"application\/ld+json\" class=\"yoast-schema-graph\">{\"@context\":\"https:\/\/schema.org\",\"@graph\":[{\"@type\":\"WebPage\",\"@id\":\"https:\/\/emprad.org.br\/2020\/regras-de-apresentacao\/\",\"url\":\"https:\/\/emprad.org.br\/2020\/regras-de-apresentacao\/\",\"name\":\"Regras de Apresenta\u00e7\u00e3o - EMPRAD 2020\",\"isPartOf\":{\"@id\":\"https:\/\/emprad.org.br\/2020\/#website\"},\"datePublished\":\"2021-11-17T19:32:17+00:00\",\"dateModified\":\"2021-11-18T11:53:19+00:00\",\"breadcrumb\":{\"@id\":\"https:\/\/emprad.org.br\/2020\/regras-de-apresentacao\/#breadcrumb\"},\"inLanguage\":\"pt-BR\",\"potentialAction\":[{\"@type\":\"ReadAction\",\"target\":[\"https:\/\/emprad.org.br\/2020\/regras-de-apresentacao\/\"]}]},{\"@type\":\"BreadcrumbList\",\"@id\":\"https:\/\/emprad.org.br\/2020\/regras-de-apresentacao\/#breadcrumb\",\"itemListElement\":[{\"@type\":\"ListItem\",\"position\":1,\"name\":\"In\u00edcio\",\"item\":\"https:\/\/emprad.org.br\/2020\/\"},{\"@type\":\"ListItem\",\"position\":2,\"name\":\"Regras de Apresenta\u00e7\u00e3o\"}]},{\"@type\":\"WebSite\",\"@id\":\"https:\/\/emprad.org.br\/2020\/#website\",\"url\":\"https:\/\/emprad.org.br\/2020\/\",\"name\":\"EMPRAD 2020\",\"description\":\"Encontro dos Programas de P\u00f3s-Gradua\u00e7\u00e3o Profissionais em Administra\u00e7\u00e3o\",\"potentialAction\":[{\"@type\":\"SearchAction\",\"target\":{\"@type\":\"EntryPoint\",\"urlTemplate\":\"https:\/\/emprad.org.br\/2020\/?s={search_term_string}\"},\"query-input\":{\"@type\":\"PropertyValueSpecification\",\"valueRequired\":true,\"valueName\":\"search_term_string\"}}],\"inLanguage\":\"pt-BR\"}]}<\/script>\n<!-- \/ Yoast SEO plugin. -->","yoast_head_json":{"title":"Regras de Apresenta\u00e7\u00e3o - EMPRAD 2020","robots":{"index":"index","follow":"follow","max-snippet":"max-snippet:-1","max-image-preview":"max-image-preview:large","max-video-preview":"max-video-preview:-1"},"canonical":"https:\/\/emprad.org.br\/2020\/regras-de-apresentacao\/","og_locale":"pt_BR","og_type":"article","og_title":"Regras de Apresenta\u00e7\u00e3o - EMPRAD 2020","og_description":"[vc_row][vc_column width=&#8221;3\/4&#8243;][vc_custom_heading text=&#8221;Instru\u00e7\u00f5es Para a Apresenta\u00e7\u00e3o Dos Trabalhos em Sess\u00f5es Tem\u00e1ticas&#8221; font_container=&#8221;tag:h2|font_size:32px|text_align:left&#8221; use_theme_fonts=&#8221;yes&#8221;][rt_list_style list_icon_test=&#8221;b2ecf92e-8137-5&#8243;] A programa\u00e7\u00e3o do evento encontra-se no site: https:\/\/emprad.org.br\/2020\/programacao\/ A apresenta\u00e7\u00e3o dos trabalhos nas sess\u00f5es orais ter\u00e1 a dura\u00e7\u00e3o de 15 minutos cada. Ap\u00f3s, haver\u00e1 o debate dos trabalhos, com dura\u00e7\u00e3o de 5 minutos, considerando o tema da sess\u00e3o, pontos comuns e [&hellip;]","og_url":"https:\/\/emprad.org.br\/2020\/regras-de-apresentacao\/","og_site_name":"EMPRAD 2020","article_modified_time":"2021-11-18T11:53:19+00:00","twitter_card":"summary_large_image","twitter_misc":{"Est. tempo de leitura":"3 minutos"},"schema":{"@context":"https:\/\/schema.org","@graph":[{"@type":"WebPage","@id":"https:\/\/emprad.org.br\/2020\/regras-de-apresentacao\/","url":"https:\/\/emprad.org.br\/2020\/regras-de-apresentacao\/","name":"Regras de Apresenta\u00e7\u00e3o - EMPRAD 2020","isPartOf":{"@id":"https:\/\/emprad.org.br\/2020\/#website"},"datePublished":"2021-11-17T19:32:17+00:00","dateModified":"2021-11-18T11:53:19+00:00","breadcrumb":{"@id":"https:\/\/emprad.org.br\/2020\/regras-de-apresentacao\/#breadcrumb"},"inLanguage":"pt-BR","potentialAction":[{"@type":"ReadAction","target":["https:\/\/emprad.org.br\/2020\/regras-de-apresentacao\/"]}]},{"@type":"BreadcrumbList","@id":"https:\/\/emprad.org.br\/2020\/regras-de-apresentacao\/#breadcrumb","itemListElement":[{"@type":"ListItem","position":1,"name":"In\u00edcio","item":"https:\/\/emprad.org.br\/2020\/"},{"@type":"ListItem","position":2,"name":"Regras de Apresenta\u00e7\u00e3o"}]},{"@type":"WebSite","@id":"https:\/\/emprad.org.br\/2020\/#website","url":"https:\/\/emprad.org.br\/2020\/","name":"EMPRAD 2020","description":"Encontro dos Programas de P\u00f3s-Gradua\u00e7\u00e3o Profissionais em Administra\u00e7\u00e3o","potentialAction":[{"@type":"SearchAction","target":{"@type":"EntryPoint","urlTemplate":"https:\/\/emprad.org.br\/2020\/?s={search_term_string}"},"query-input":{"@type":"PropertyValueSpecification","valueRequired":true,"valueName":"search_term_string"}}],"inLanguage":"pt-BR"}]}},"_links":{"self":[{"href":"https:\/\/emprad.org.br\/2020\/wp-json\/wp\/v2\/pages\/10093","targetHints":{"allow":["GET"]}}],"collection":[{"href":"https:\/\/emprad.org.br\/2020\/wp-json\/wp\/v2\/pages"}],"about":[{"href":"https:\/\/emprad.org.br\/2020\/wp-json\/wp\/v2\/types\/page"}],"author":[{"embeddable":true,"href":"https:\/\/emprad.org.br\/2020\/wp-json\/wp\/v2\/users\/1"}],"replies":[{"embeddable":true,"href":"https:\/\/emprad.org.br\/2020\/wp-json\/wp\/v2\/comments?post=10093"}],"version-history":[{"count":5,"href":"https:\/\/emprad.org.br\/2020\/wp-json\/wp\/v2\/pages\/10093\/revisions"}],"predecessor-version":[{"id":10101,"href":"https:\/\/emprad.org.br\/2020\/wp-json\/wp\/v2\/pages\/10093\/revisions\/10101"}],"wp:attachment":[{"href":"https:\/\/emprad.org.br\/2020\/wp-json\/wp\/v2\/media?parent=10093"}],"curies":[{"name":"wp","href":"https:\/\/api.w.org\/{rel}","templated":true}]}}