{"id":7,"date":"2021-09-09T13:39:26","date_gmt":"2021-09-09T16:39:26","guid":{"rendered":"https:\/\/emprad.org.br\/2018\/?page_id=7"},"modified":"2023-08-09T15:02:03","modified_gmt":"2023-08-09T18:02:03","slug":"programacao","status":"publish","type":"page","link":"https:\/\/emprad.org.br\/2018\/programacao\/","title":{"rendered":"Programa\u00e7\u00e3o"},"content":{"rendered":"[vc_row][vc_column][vc_column_text]\r\n\r\n[vc_row][vc_column][vc_column_text]\r\n\r\n\r\n<div class=\"wp-block-spacer\" style=\"height: 56px;\" aria-hidden=\"true\"><\/div>\r\n&nbsp;\r\n\r\n\r\n<div class=\"wp-block-button\"><a class=\"wp-block-button__link has-background has-vivid-green-cyan-background-color\" href=\"https:\/\/emprad.org.br\/2021\/wp-content\/uploads\/sites\/6\/2018\/10\/emprad-programacao-v2.pdf\">Programa\u00e7\u00e3o de apresenta\u00e7\u00e3o dos trabalhos<\/a><\/div>\r\n&nbsp;\r\n\r\n\r\n<div class=\"wp-block-button\"><a class=\"wp-block-button__link has-background has-vivid-green-cyan-background-color\" href=\"https:\/\/emprad.org.br\/2021\/wp-content\/uploads\/sites\/6\/2018\/10\/emprad-posteres.pdf\">Programa\u00e7\u00e3o de apresenta\u00e7\u00e3o p\u00f4steres<\/a><\/div>\r\n&nbsp;\r\n\r\n<p>[\/vc_column_text][\/vc_column][\/vc_row][vc_row][vc_column][vc_empty_space][vc_column_text]Vers\u00e3o preliminar &#8211; Sujeito a altera\u00e7\u00e3o[\/vc_column_text][vc_custom_heading text=&#8221;05 de novembro de 2018&#8243; use_theme_fonts=&#8221;yes&#8221;][vc_column_text]<\/p>\n<table class=\"table\">\n<tbody>\n<tr>\n<td>18:00 \u00e0s 19:00<\/td>\n<td>Credenciamento<\/td>\n<\/tr>\n<tr>\n<td>19:00<\/td>\n<td><strong>Lan\u00e7amento de Livro:<\/strong><\/p>\n<p><strong>Manual para Desenvolvimento de Pesquisa Profissional<\/strong><\/p>\n<p><strong>Autores:<\/strong><br \/>\nMartinho Isnard Ribeiro de Almeida<br \/>\nMilton Francesconi<br \/>\nPriscila Pereira Fernandes<\/p>\n<hr \/>\n<p><strong>Planejamento Estrat\u00e9gico na pr\u00e1tica<\/strong><\/p>\n<p><strong>Autores:<\/strong><br \/>\nAdalberto A. Fischmann<br \/>\nMartinho Isnard Ribeiro de Almeida<\/td>\n<\/tr>\n<tr>\n<td>19:30<\/td>\n<td><strong>Boas Vindas e Abertura<\/strong><br \/>\nCoordenadores do EMPRAD<\/td>\n<\/tr>\n<tr>\n<td>20:00<\/td>\n<td><strong>Plen\u00e1ria<\/strong><br \/>\n<em>Keynote Speaker 1<\/em><\/p>\n<p><strong>MARCO DE BIASI<\/strong><br \/>\nPartner at Laas (Latin America Angels Society) e Diretor do Founder Institute em Sao Paulo<\/p>\n<p><strong>Tema:<\/strong>\u00a0Desafios no financiamento de startups early stage no Brasil<\/p>\n<p><strong>Sala:<\/strong> Congrega\u00e7\u00e3o<\/td>\n<\/tr>\n<tr>\n<td>21:00 \u00e0s 21:20<\/td>\n<td><strong>Coffee Break<\/strong><\/td>\n<\/tr>\n<tr>\n<td>21:30 \u00e0s 23:00<\/td>\n<td><strong>Sess\u00e3o de Apresenta\u00e7\u00e3o dos Trabalhos<\/strong><\/p>\n<p><strong>Salas:<\/strong> C3, C4, C5, C6, C7, C8, Ruy Leme, Congrega\u00e7\u00e3o<\/td>\n<\/tr>\n<\/tbody>\n<\/table>\n<p>[\/vc_column_text][vc_custom_heading text=&#8221;06 de novembro de 2018&#8243; use_theme_fonts=&#8221;yes&#8221;][vc_column_text]<\/p>\n<table class=\"table\">\n<tbody>\n<tr>\n<td>17:00 \u00e0s 18:30<\/td>\n<td><strong>Workshop<\/strong> \u2013 Prof. Dr. Renato Ribeiro Nogueira Ferraz<\/p>\n<p><strong>Tema:\u00a0<\/strong>UTILIZA\u00c7\u00c3O DE UM SOFTWARE LIVRE (PATEN2NET) NA BUSCA DE INFORMA\u00c7\u00d5ES PATENT\u00c1RIAS PARA SOLU\u00c7\u00c3O DE PROBLEMAS<\/p>\n<p><a href=\"https:\/\/emprad.org.br\/2021\/programacao\/workshop-utilizacao-de-um-software-livre-paten2net-na-busca-de-informacoes-patentarias-para-solucao-de-problemas\/\">Saiba mais<\/a><\/td>\n<\/tr>\n<tr>\n<td>18:00 \u00e0s 19:00<\/td>\n<td>Credenciamento<\/p>\n<p><strong>Sess\u00e3o 1<\/strong><\/p>\n<p>Prof. Dr. Martinho Isnard Ribeiro de Almeida<\/p>\n<p><strong>Tema<\/strong>: Pesquisa Aplicada<\/p>\n<p><strong>Sala: <\/strong>Congrega\u00e7\u00e3o<\/td>\n<\/tr>\n<tr>\n<td>19:00<\/td>\n<td><strong>Plen\u00e1ria<\/strong><br \/>\n<em>Keynote Speaker 2<\/em><\/p>\n<p><strong>VIVIEN ROSSO<\/strong><br \/>\nCurrent CEO at A.C. Camargo Cancer Center<\/p>\n<p><strong>Tema:<\/strong> Evolu\u00e7\u00e3o do modelo de neg\u00f3cio do A.C. Camargo<\/p>\n<p><strong>Sala: <\/strong>Congrega\u00e7\u00e3o<\/td>\n<\/tr>\n<tr>\n<td>20:00<\/td>\n<td>\n<table width=\"100%\">\n<tbody>\n<tr>\n<td style=\"width: 33%;\" valign=\"top\" width=\"33%\"><strong>Sess\u00e3o 2<\/strong><\/p>\n<p><strong>Prof. Dr. Antonio Carlos Marques ( Tim )<\/strong><\/p>\n<p>Coordenador da AUSPIN (Ag\u00eancia USP de Inova\u00e7\u00e3o)<\/p>\n<p><strong>Tema:<\/strong> Oportunidades de Inova\u00e7\u00e3o e Empreendedorismo na USP<\/p>\n<p><strong>Sala:<\/strong> Congrega\u00e7\u00e3o<\/td>\n<td style=\"width: 33%;\" valign=\"top\" width=\"33%\"><strong>Sess\u00e3o 3<\/strong><\/p>\n<p><strong>EDSON RENNEL DA COSTA FILHO<\/strong><\/p>\n<p><strong>Tema:<\/strong> Jornada na Oxiot<\/p>\n<p><strong>Sala:<\/strong> Ruy Leme<\/td>\n<td style=\"width: 33%;\" valign=\"top\" width=\"33%\"><strong>Sess\u00e3o 4<\/strong><\/p>\n<p><strong>SIDIRLEY FABIANI DA SILVA<\/strong><\/p>\n<p><strong>Tema:<\/strong> Lei do Bem, Outros Incentivos a Inova\u00e7\u00e3o e a Intera\u00e7\u00e3o Universidades e Empresas Privadas<\/p>\n<p><strong>Sala:<\/strong> C-8<\/td>\n<\/tr>\n<\/tbody>\n<\/table>\n<\/td>\n<\/tr>\n<tr>\n<td>21:00 \u00e0s 21:20<\/td>\n<td><strong>Coffee Break<\/strong><\/td>\n<\/tr>\n<tr>\n<td>21:30 \u00e0s 23:00<\/td>\n<td><strong>Sess\u00e3o de Apresenta\u00e7\u00e3o dos Trabalhos<\/strong><\/p>\n<p>Salas: C3, C4, C5, C6, C7, C8, Ruy Leme, Congrega\u00e7\u00e3o<\/td>\n<\/tr>\n<\/tbody>\n<\/table>\n<p>[\/vc_column_text][vc_custom_heading text=&#8221;07 de novembro de 2018&#8243; use_theme_fonts=&#8221;yes&#8221;][vc_column_text]<\/p>\n<table class=\"table\">\n<tbody>\n<tr>\n<td>17:00 \u00e0s 18:00<\/td>\n<td><strong>Workshop<\/strong> \u2013 Prof. Dr. Alberto de Medeiros Jr.<\/p>\n<p><strong>Tema<\/strong>:\u00a0\u00a0Desafios do Ensino de Intelig\u00eancia de Neg\u00f3cios em Mestrado Profissional em Administra\u00e7\u00e3o<\/td>\n<\/tr>\n<tr>\n<td>18:00 \u00e0s 19:00<\/td>\n<td>Credenciamento<\/td>\n<\/tr>\n<tr>\n<td>18:30 \u00e0s 19:00<\/td>\n<td>Premia\u00e7\u00e3o<\/p>\n<p><strong>Sala: <\/strong>Congrega\u00e7\u00e3o<\/td>\n<\/tr>\n<tr>\n<td>19:00<\/td>\n<td><strong>Plen\u00e1ria Internacional <\/strong><br \/>\n<em>Keynote Speaker 3<\/em><\/p>\n<p><strong>LU\u00cdSA CAGICA CARVALHO<\/strong><br \/>\nProfessora coordenadora do Departamento de Economia e Gest\u00e3o na Escola Superior de Ci\u00eancias Empresariais do Instituto Polit\u00e9cnico de Set\u00fabal<\/p>\n<p><strong>Tema:<\/strong> Business Incubation and start ups: Can we find differences between Brazil and Portugal?<\/p>\n<p><strong>Sala: <\/strong>Congrega\u00e7\u00e3o<\/td>\n<\/tr>\n<tr>\n<td>20:00<\/td>\n<td><strong>Plen\u00e1ria<\/strong><br \/>\n<em>Keynote Speaker 4<\/em><\/p>\n<p><strong>Marco Crespo<\/strong><br \/>\nPresidente do GYMPASS<\/p>\n<p><strong>Sala:<\/strong> Congrega\u00e7\u00e3o<\/td>\n<\/tr>\n<tr>\n<td>21:00 \u00e0s 21:20<\/td>\n<td>Coffee Break<\/td>\n<\/tr>\n<tr>\n<td>21:30 \u00e0s 23:00<\/td>\n<td><strong>Sess\u00e3o de Apresenta\u00e7\u00e3o dos Trabalhos<\/strong><br \/>\nSalas: C3, C4, C5, C6, C7, C8, Ruy Leme, Congrega\u00e7\u00e3o<\/td>\n<\/tr>\n<\/tbody>\n<\/table>\n<p>[\/vc_column_text][vc_custom_heading text=&#8221;08 de novembro de 2018&#8243; use_theme_fonts=&#8221;yes&#8221;][vc_column_text]<\/p>\n<table class=\"table\">\n<tbody>\n<tr>\n<td>20:00 \u00e0s 23:30<\/td>\n<td><strong>JANTAR DE CONFRATERNIZA\u00c7\u00c3O (POR ADES\u00c3O)<\/strong><\/p>\n<p>O jantar acontecer\u00e1 no restaurante Santo Gusto, na FIA Business School (unidade Pinheiros), apoiadora do evento. O convite poder\u00e1 ser adquirido pelo site do Emprad, <strong>mas fique atento pois o n\u00famero de convites \u00e9 limitado<\/strong><\/td>\n<\/tr>\n<\/tbody>\n<\/table>\n<p>[\/vc_column_text][\/vc_column][\/vc_row][vc_row][vc_column][vc_column_text] <\/p>\n\r\n\r\n&nbsp;\r\n\r\n&nbsp;\r\n\r\n[\/vc_column_text][\/vc_column][\/vc_row]\r\n\r\n[\/vc_column_text][\/vc_column][\/vc_row]","protected":false},"excerpt":{"rendered":"<p>[vc_row][vc_column][vc_column_text] [vc_row][vc_column][vc_column_text] &nbsp; &nbsp; &nbsp; &nbsp; &nbsp; [\/vc_column_text][\/vc_column][\/vc_row] [\/vc_column_text][\/vc_column][\/vc_row]<\/p>\n","protected":false},"author":1,"featured_media":0,"parent":0,"menu_order":0,"comment_status":"closed","ping_status":"closed","template":"template-full-width.php","meta":{"inline_featured_image":false,"footnotes":""},"class_list":["post-7","page","type-page","status-publish","hentry"],"_links":{"self":[{"href":"https:\/\/emprad.org.br\/2018\/wp-json\/wp\/v2\/pages\/7","targetHints":{"allow":["GET"]}}],"collection":[{"href":"https:\/\/emprad.org.br\/2018\/wp-json\/wp\/v2\/pages"}],"about":[{"href":"https:\/\/emprad.org.br\/2018\/wp-json\/wp\/v2\/types\/page"}],"author":[{"embeddable":true,"href":"https:\/\/emprad.org.br\/2018\/wp-json\/wp\/v2\/users\/1"}],"replies":[{"embeddable":true,"href":"https:\/\/emprad.org.br\/2018\/wp-json\/wp\/v2\/comments?post=7"}],"version-history":[{"count":2,"href":"https:\/\/emprad.org.br\/2018\/wp-json\/wp\/v2\/pages\/7\/revisions"}],"predecessor-version":[{"id":505,"href":"https:\/\/emprad.org.br\/2018\/wp-json\/wp\/v2\/pages\/7\/revisions\/505"}],"wp:attachment":[{"href":"https:\/\/emprad.org.br\/2018\/wp-json\/wp\/v2\/media?parent=7"}],"curies":[{"name":"wp","href":"https:\/\/api.w.org\/{rel}","templated":true}]}}