{"id":62,"date":"2021-09-11T14:21:09","date_gmt":"2021-09-11T17:21:09","guid":{"rendered":"https:\/\/emprad.org.br\/2018\/?page_id=62"},"modified":"2021-09-11T14:31:29","modified_gmt":"2021-09-11T17:31:29","slug":"fotos","status":"publish","type":"page","link":"https:\/\/emprad.org.br\/2018\/fotos\/","title":{"rendered":"Fotos"},"content":{"rendered":"\n<h2 class=\"wp-block-heading\"><a href=\"https:\/\/emprad.org.br\/2018\/fotos\/abertura\/\" data-type=\"page\" data-id=\"64\">Abertura<\/a><br><a href=\"https:\/\/emprad.org.br\/2018\/fotos\/apresentacao-de-posteres\/\" data-type=\"page\" data-id=\"103\">Apresenta\u00e7\u00e3o de P\u00f4steres<br><\/a><a href=\"https:\/\/emprad.org.br\/2018\/fotos\/apresentacao-30-08\/\" data-type=\"page\" data-id=\"112\">Apresenta\u00e7\u00e3o 30\/08<br><\/a><a href=\"https:\/\/emprad.org.br\/2018\/fotos\/apresentacao-31-08\/\" data-type=\"page\" data-id=\"117\">Apresenta\u00e7\u00e3o 31\/08<br><\/a><a href=\"https:\/\/emprad.org.br\/2018\/fotos\/apresentacao-01-09\/\" data-type=\"page\" data-id=\"122\">Apresenta\u00e7\u00e3o 01\/09<br><\/a><a href=\"https:\/\/emprad.org.br\/2018\/fotos\/palestra-alexandre-guerra\/\" data-type=\"page\" data-id=\"127\">Palestra Alexandre Guerra<br><\/a><a href=\"https:\/\/emprad.org.br\/2018\/fotos\/palestra-mauricio-muller-adade\/\" data-type=\"page\" data-id=\"131\">Palestra Mauricio Muller Adade<br><\/a><a href=\"https:\/\/emprad.org.br\/2018\/fotos\/palestra-sergio-de-araujo-costa-e-frederico-cesar-mafra-pereira\/\" data-type=\"page\" data-id=\"138\">Palestra S\u00e9rgio de Ara\u00fajo Costa e Frederico Cesar Mafra Pereira<br><\/a><a href=\"https:\/\/emprad.org.br\/2018\/fotos\/lancamento-de-livro\/\" data-type=\"page\" data-id=\"142\">Lan\u00e7amento de Livro<br><\/a><a href=\"https:\/\/emprad.org.br\/2018\/fotos\/encerramento\/\" data-type=\"page\" data-id=\"144\">Encerramento<\/a><\/h2>\n","protected":false},"excerpt":{"rendered":"<p>AberturaApresenta\u00e7\u00e3o de P\u00f4steresApresenta\u00e7\u00e3o 30\/08Apresenta\u00e7\u00e3o 31\/08Apresenta\u00e7\u00e3o 01\/09Palestra Alexandre GuerraPalestra Mauricio Muller AdadePalestra S\u00e9rgio de Ara\u00fajo Costa&#8230;<\/p>\n","protected":false},"author":1,"featured_media":0,"parent":0,"menu_order":0,"comment_status":"closed","ping_status":"closed","template":"template-full-width.php","meta":{"inline_featured_image":false,"footnotes":""},"class_list":["post-62","page","type-page","status-publish","hentry"],"_links":{"self":[{"href":"https:\/\/emprad.org.br\/2018\/wp-json\/wp\/v2\/pages\/62","targetHints":{"allow":["GET"]}}],"collection":[{"href":"https:\/\/emprad.org.br\/2018\/wp-json\/wp\/v2\/pages"}],"about":[{"href":"https:\/\/emprad.org.br\/2018\/wp-json\/wp\/v2\/types\/page"}],"author":[{"embeddable":true,"href":"https:\/\/emprad.org.br\/2018\/wp-json\/wp\/v2\/users\/1"}],"replies":[{"embeddable":true,"href":"https:\/\/emprad.org.br\/2018\/wp-json\/wp\/v2\/comments?post=62"}],"version-history":[{"count":0,"href":"https:\/\/emprad.org.br\/2018\/wp-json\/wp\/v2\/pages\/62\/revisions"}],"wp:attachment":[{"href":"https:\/\/emprad.org.br\/2018\/wp-json\/wp\/v2\/media?parent=62"}],"curies":[{"name":"wp","href":"https:\/\/api.w.org\/{rel}","templated":true}]}}