{"id":7,"date":"2021-09-09T13:39:26","date_gmt":"2021-09-09T16:39:26","guid":{"rendered":"https:\/\/emprad.org.br\/2017\/?page_id=7"},"modified":"2021-09-11T13:25:07","modified_gmt":"2021-09-11T16:25:07","slug":"programacao","status":"publish","type":"page","link":"https:\/\/emprad.org.br\/2017\/programacao\/","title":{"rendered":"Programa\u00e7\u00e3o"},"content":{"rendered":"<div class=\"pane-wraper\"><div class=\"pane agenda\"><\/p>\n<p><div class=\"agenda-day\">Primeiro Dia<span class=\"date\">30 de Agosto de 2017<\/span><\/div><br \/>\n<div class=\"agenda-item\"><div class=\"agenda-item-inner\"><div class=\"time\"><span class=\"icon-time\">18:00 \u2014 19:00<\/span><\/div><div class=\"description\"><p>Credenciamento<br \/>\nCoffee Break<br \/>\nApresenta\u00e7\u00e3o P\u00f4steres<br \/>\nLan\u00e7amento de Livros<br \/>\nLivro: <a href=\"https:\/\/emprad.org.br\/2017\/wp-content\/uploads\/sites\/5\/2021\/09\/Revolucionando_a_Sala_de_Aula.png\" target=\"_blank\" rel=\"noopener\">Revolucionando a sala de aula<\/a><\/p>\n<p><\/p><\/div><div class=\"room-cell\"><div class=\"room\">Recep\u00e7\u00e3o<\/div><\/div><\/div><\/div><br \/>\n<div class=\"agenda-item\"><div class=\"agenda-item-inner\"><div class=\"time\"><span class=\"icon-time\">19:00 \u2014 20:30<\/span><\/div><div class=\"description\"><p>Abertura<\/p>\n<p><strong>Prof. Dr. Adalberto Am\u00e9rico Fischmann<br \/>\n<\/strong>Diretor\/FEA\/USP<\/p>\n<p><strong>Prof. Dr. Roberto Sbragia<\/strong><br \/>\nChefia de Departamento de Administra\u00e7\u00e3o<\/p>\n<p><strong>Prof. Dr. Martinho I. R. de Almeida<br \/>\n<\/strong>Coordenador do Programa de MPE<\/p>\n<p><strong>Tema:<\/strong> Inova\u00e7\u00e3o nos Mestrados Profissionais<\/p>\n<p><strong>Sr. Roberto Sekiya<\/strong><br \/>\nSubsecret\u00e1rio de Empreendedorismo da Micro e Pequena Empresa<\/p><\/div><\/div><\/div><\/p>\n<p><div class=\"agenda-item\"><div class=\"agenda-item-inner\"><div class=\"time\"><span class=\"icon-time\">20:35 \u2014 21:05<\/span><\/div><div class=\"description\"><p><strong>Cases \u2013 Palestra<\/strong><\/p>\n<p><strong>Tema:<\/strong> Fundamentos do design thinking na gest\u00e3o de projetos: estudo de caso na fca\u2013fiat powertrain<\/p>\n<p><strong>Paletrantes:<\/strong> Sr. S\u00e9rgio de Ara\u00fajo Costa, MA pela FPL Educacional<br \/>\nProf. Dr. Frederico Cesar Mafra Pereira, FPL Educacional<\/p>\n<p><strong>Mediador:<\/strong> Prof. Dr. Ronaldo Locatelli<\/p>\n<p><\/p><\/div><\/div><\/div><\/p>\n<p><div class=\"agenda-item\"><div class=\"agenda-item-inner\"><div class=\"time\"><span class=\"icon-time\">21:10 \u2014 21:20<\/span><\/div><div class=\"description\"><p>Apoiadores EMPRAD<\/p><\/div><\/div><\/div><\/p>\n<p><div class=\"agenda-item gray\"><div class=\"agenda-item-inner\"><div class=\"time\"><span class=\"icon-lunch\">21:30 \u2014 21:45<\/span><\/div><div class=\"description\"><p>Coffee Break<\/p><\/div><\/div><\/div><\/p>\n<p><div class=\"agenda-item\"><div class=\"agenda-item-inner\"><div class=\"time\"><span class=\"icon-time\">\u00e0s 21:45<\/span><\/div><div class=\"description\"><p>Apresenta\u00e7\u00e3o de Trabalhos<\/p>\n<p><a href=\"https:\/\/emprad.org.br\/2017\/wp-content\/uploads\/sites\/5\/2021\/09\/programacao2017.pdf\" target=\"_blank\" rel=\"noopener\">Ver programa\u00e7\u00e3o detalhada<\/a><\/p>\n<p><\/p><\/div><\/div><\/div><\/p>\n<p><div class=\"agenda-day\">Segundo Dia<span class=\"date\">31 de Agosto de 2017<\/span><\/div><\/p>\n<p><div class=\"agenda-item\"><div class=\"agenda-item-inner\"><div class=\"time\"><span class=\"icon-time\">15:00<\/span><\/div><div class=\"description\"><p>Reuni\u00e3o (fechada) para coordenadores e professores de Mestrados Profissionais<\/p><\/div><\/div><\/div><\/p>\n<p><div class=\"agenda-item\"><div class=\"agenda-item-inner\"><div class=\"time\"><span class=\"icon-time\">18:00 \u2014 19:00<\/span><\/div><div class=\"description\"><p>Credenciamento<br \/>\nCoffee Break<br \/>\nApresenta\u00e7\u00e3o P\u00f4steres<br \/>\nLan\u00e7amento de Livros<br \/>\nLivro: <a href=\"https:\/\/emprad.org.br\/2017\/wp-content\/uploads\/sites\/5\/2021\/09\/Convite.jpg\" target=\"_blank\" rel=\"noopener\">Metodologia para trabalhos pr\u00e1ticos e aplicados<\/a><\/p>\n<p><\/p><\/div><\/div><\/div><\/p>\n<p><div class=\"agenda-item\"><div class=\"agenda-item-inner\"><div class=\"time\"><span class=\"icon-time\">19:00 \u2014 19:45<\/span><\/div><div class=\"description\"><p>Cases \u2013 Palestra<\/p>\n<p><strong>Tema:<\/strong> Estrat\u00e9gia empresarial e empreendedorismo: do caso Giraffas \u00e0 projetos futuros<\/p>\n<p><strong>Paletrante:<\/strong> Alexandre Guerra<br \/>\nPresidente do GIRAFFAS<\/p>\n<p><strong>Mediador:<\/strong> Prof. Dr. F\u00e1bio Lotti Oliva<\/p>\n<p><\/p><\/div><\/div><\/div><\/p>\n<p><div class=\"agenda-item\"><div class=\"agenda-item-inner\"><div class=\"time\"><span class=\"icon-time\">\u00e0s 20:00<\/span><\/div><div class=\"description\"><p>Apresenta\u00e7\u00e3o de Trabalhos<\/p>\n<p><a href=\"https:\/\/emprad.org.br\/2017\/wp-content\/uploads\/sites\/5\/2021\/09\/programacao2017.pdf\" target=\"_blank\" rel=\"noopener\">Ver programa\u00e7\u00e3o detalhada<\/a><\/p>\n<p><\/p><\/div><\/div><\/div><\/p>\n<p><div class=\"agenda-item gray\"><div class=\"agenda-item-inner\"><div class=\"time\"><span class=\"icon-lunch\">21:00 \u2014 21:15<\/span><\/div><div class=\"description\"><p>Coffee Break<\/p><\/div><\/div><\/div><\/p>\n<p><div class=\"agenda-item\"><div class=\"agenda-item-inner\"><div class=\"time\"><span class=\"icon-time\">\u00e0s 21:15<\/span><\/div><div class=\"description\"><p>Apresenta\u00e7\u00e3o de Trabalhos<\/p>\n<p><a href=\"https:\/\/emprad.org.br\/2017\/wp-content\/uploads\/sites\/5\/2021\/09\/programacao2017.pdf\" target=\"_blank\" rel=\"noopener\">Ver programa\u00e7\u00e3o detalhada<\/a><\/p>\n<p><\/p><\/div><\/div><\/div><\/p>\n<p><div class=\"agenda-day\">Terceiro Dia<span class=\"date\">01 de Setembro de 2017<\/span><\/div><br \/>\n<div class=\"agenda-item\"><div class=\"agenda-item-inner\"><div class=\"time\"><span class=\"icon-time\">18:00 \u2014 19:00<\/span><\/div><div class=\"description\"><p>Credenciamento<br \/>\nCoffee Break<br \/>\nApresenta\u00e7\u00e3o P\u00f4steres<br \/>\nLan\u00e7amento de Livros<\/p><\/div><\/div><\/div><\/p>\n<p><div class=\"agenda-item\"><div class=\"agenda-item-inner\"><div class=\"time\"><span class=\"icon-time\">19:00 \u2014 19:45<\/span><\/div><div class=\"description\"><p>Cases \u2013 Palestra<\/p>\n<p><strong>Tema:<\/strong> &#8211; Evolu\u00e7\u00e3o de carreira: Como crescer dentro empresa\u00a0&#8211; Os segredos do sucesso profissional<\/p>\n<p><strong>Paletrante:<\/strong> Mauricio Muller Adade<br \/>\nPresidente Am\u00e9rica Latina da empresa DSM Produtos Nutricionais Brasil S.A<\/p>\n<p><strong>Mediador:<\/strong> Prof. Dr. Martinho Isnard Ribeiro de Almeida<\/p>\n<p><\/p><\/div><\/div><\/div><\/p>\n<p><div class=\"agenda-item\"><div class=\"agenda-item-inner\"><div class=\"time\"><span class=\"icon-time\">\u00e0s 20:00<\/span><\/div><div class=\"description\"><p>Apresenta\u00e7\u00e3o de Trabalhos<\/p>\n<p><a href=\"https:\/\/emprad.org.br\/2017\/wp-content\/uploads\/sites\/5\/2021\/09\/programacao2017.pdf\" target=\"_blank\" rel=\"noopener\">Ver programa\u00e7\u00e3o detalhada<\/a><\/p>\n<p><\/p><\/div><\/div><\/div><\/p>\n<p><div class=\"agenda-item gray\"><div class=\"agenda-item-inner\"><div class=\"time\"><span class=\"icon-lunch\">21:00 \u2014 21:15<\/span><\/div><div class=\"description\"><p>Coffee Break<\/p><\/div><\/div><\/div><\/p>\n<p><div class=\"agenda-item\"><div class=\"agenda-item-inner\"><div class=\"time\"><span class=\"icon-time\">\u00e0s 21:15<\/span><\/div><div class=\"description\"><p>Apresenta\u00e7\u00e3o de Trabalhos<\/p>\n<p><a href=\"https:\/\/emprad.org.br\/2017\/wp-content\/uploads\/sites\/5\/2021\/09\/programacao2017.pdf\" target=\"_blank\" rel=\"noopener\">Ver programa\u00e7\u00e3o detalhada<\/a><\/p>\n<p><\/p><\/div><\/div><\/div><\/p>\n<p><div class=\"agenda-item\"><div class=\"agenda-item-inner\"><div class=\"time\"><span class=\"icon-time\">22:20 \u2014 22:30<\/span><\/div><div class=\"description\"><p><strong>Encerramento<\/strong><\/p>\n<p>Prof. Dr. Martinho Isnard R. de\u00a0Almeida<\/p><\/div><\/div><\/div><br \/>\n<\/div><\/div>\n","protected":false},"excerpt":{"rendered":"","protected":false},"author":1,"featured_media":0,"parent":0,"menu_order":0,"comment_status":"closed","ping_status":"closed","template":"template-full-width.php","meta":{"inline_featured_image":false,"footnotes":""},"class_list":["post-7","page","type-page","status-publish","hentry"],"_links":{"self":[{"href":"https:\/\/emprad.org.br\/2017\/wp-json\/wp\/v2\/pages\/7","targetHints":{"allow":["GET"]}}],"collection":[{"href":"https:\/\/emprad.org.br\/2017\/wp-json\/wp\/v2\/pages"}],"about":[{"href":"https:\/\/emprad.org.br\/2017\/wp-json\/wp\/v2\/types\/page"}],"author":[{"embeddable":true,"href":"https:\/\/emprad.org.br\/2017\/wp-json\/wp\/v2\/users\/1"}],"replies":[{"embeddable":true,"href":"https:\/\/emprad.org.br\/2017\/wp-json\/wp\/v2\/comments?post=7"}],"version-history":[{"count":0,"href":"https:\/\/emprad.org.br\/2017\/wp-json\/wp\/v2\/pages\/7\/revisions"}],"wp:attachment":[{"href":"https:\/\/emprad.org.br\/2017\/wp-json\/wp\/v2\/media?parent=7"}],"curies":[{"name":"wp","href":"https:\/\/api.w.org\/{rel}","templated":true}]}}