{"id":62,"date":"2021-09-09T16:25:21","date_gmt":"2021-09-09T19:25:21","guid":{"rendered":"https:\/\/emprad.org.br\/2015\/?page_id=62"},"modified":"2021-09-09T16:30:10","modified_gmt":"2021-09-09T19:30:10","slug":"coffee-break-e-apresentacao-de-posteres","status":"publish","type":"page","link":"https:\/\/emprad.org.br\/2015\/fotos\/coffee-break-e-apresentacao-de-posteres\/","title":{"rendered":"Coffee Break e Apresenta\u00e7\u00e3o de P\u00f4steres"},"content":{"rendered":"\n<figure class=\"wp-block-gallery columns-3 is-cropped wp-block-gallery-1 is-layout-flex wp-block-gallery-is-layout-flex\"><ul class=\"blocks-gallery-grid\"><li class=\"blocks-gallery-item\"><figure><a href=\"https:\/\/emprad.org.br\/2015\/wp-content\/uploads\/sites\/3\/2021\/09\/CAE_2641-1024x683.jpg\"><img loading=\"lazy\" decoding=\"async\" width=\"1024\" height=\"683\" src=\"https:\/\/emprad.org.br\/2015\/wp-content\/uploads\/sites\/3\/2021\/09\/CAE_2641-1024x683.jpg\" alt=\"\" data-id=\"63\" data-link=\"https:\/\/emprad.org.br\/2015\/?attachment_id=63\" class=\"wp-image-63\" srcset=\"https:\/\/emprad.org.br\/2015\/wp-content\/uploads\/sites\/3\/2021\/09\/CAE_2641-1024x683.jpg 1024w, https:\/\/emprad.org.br\/2015\/wp-content\/uploads\/sites\/3\/2021\/09\/CAE_2641-300x200.jpg 300w, https:\/\/emprad.org.br\/2015\/wp-content\/uploads\/sites\/3\/2021\/09\/CAE_2641-768x512.jpg 768w, https:\/\/emprad.org.br\/2015\/wp-content\/uploads\/sites\/3\/2021\/09\/CAE_2641-125x83.jpg 125w, https:\/\/emprad.org.br\/2015\/wp-content\/uploads\/sites\/3\/2021\/09\/CAE_2641-615x410.jpg 615w, https:\/\/emprad.org.br\/2015\/wp-content\/uploads\/sites\/3\/2021\/09\/CAE_2641.jpg 1083w\" sizes=\"auto, (max-width: 1024px) 100vw, 1024px\" \/><\/a><\/figure><\/li><li class=\"blocks-gallery-item\"><figure><a href=\"https:\/\/emprad.org.br\/2015\/wp-content\/uploads\/sites\/3\/2021\/09\/CAE_2644-1024x683.jpg\"><img loading=\"lazy\" decoding=\"async\" width=\"1024\" height=\"683\" src=\"https:\/\/emprad.org.br\/2015\/wp-content\/uploads\/sites\/3\/2021\/09\/CAE_2644-1024x683.jpg\" alt=\"\" data-id=\"64\" data-link=\"https:\/\/emprad.org.br\/2015\/?attachment_id=64\" class=\"wp-image-64\" srcset=\"https:\/\/emprad.org.br\/2015\/wp-content\/uploads\/sites\/3\/2021\/09\/CAE_2644-1024x683.jpg 1024w, https:\/\/emprad.org.br\/2015\/wp-content\/uploads\/sites\/3\/2021\/09\/CAE_2644-300x200.jpg 300w, https:\/\/emprad.org.br\/2015\/wp-content\/uploads\/sites\/3\/2021\/09\/CAE_2644-768x512.jpg 768w, https:\/\/emprad.org.br\/2015\/wp-content\/uploads\/sites\/3\/2021\/09\/CAE_2644-125x83.jpg 125w, https:\/\/emprad.org.br\/2015\/wp-content\/uploads\/sites\/3\/2021\/09\/CAE_2644-615x410.jpg 615w, https:\/\/emprad.org.br\/2015\/wp-content\/uploads\/sites\/3\/2021\/09\/CAE_2644.jpg 1083w\" sizes=\"auto, (max-width: 1024px) 100vw, 1024px\" \/><\/a><\/figure><\/li><li class=\"blocks-gallery-item\"><figure><a href=\"https:\/\/emprad.org.br\/2015\/wp-content\/uploads\/sites\/3\/2021\/09\/CAE_2645-1024x683.jpg\"><img loading=\"lazy\" decoding=\"async\" width=\"1024\" height=\"683\" src=\"https:\/\/emprad.org.br\/2015\/wp-content\/uploads\/sites\/3\/2021\/09\/CAE_2645-1024x683.jpg\" alt=\"\" data-id=\"65\" data-link=\"https:\/\/emprad.org.br\/2015\/?attachment_id=65\" class=\"wp-image-65\" srcset=\"https:\/\/emprad.org.br\/2015\/wp-content\/uploads\/sites\/3\/2021\/09\/CAE_2645-1024x683.jpg 1024w, https:\/\/emprad.org.br\/2015\/wp-content\/uploads\/sites\/3\/2021\/09\/CAE_2645-300x200.jpg 300w, https:\/\/emprad.org.br\/2015\/wp-content\/uploads\/sites\/3\/2021\/09\/CAE_2645-768x512.jpg 768w, https:\/\/emprad.org.br\/2015\/wp-content\/uploads\/sites\/3\/2021\/09\/CAE_2645-125x83.jpg 125w, https:\/\/emprad.org.br\/2015\/wp-content\/uploads\/sites\/3\/2021\/09\/CAE_2645-615x410.jpg 615w, https:\/\/emprad.org.br\/2015\/wp-content\/uploads\/sites\/3\/2021\/09\/CAE_2645.jpg 1083w\" sizes=\"auto, (max-width: 1024px) 100vw, 1024px\" \/><\/a><\/figure><\/li><li class=\"blocks-gallery-item\"><figure><a href=\"https:\/\/emprad.org.br\/2015\/wp-content\/uploads\/sites\/3\/2021\/09\/CAE_2649-1024x683.jpg\"><img loading=\"lazy\" decoding=\"async\" width=\"1024\" height=\"683\" src=\"https:\/\/emprad.org.br\/2015\/wp-content\/uploads\/sites\/3\/2021\/09\/CAE_2649-1024x683.jpg\" alt=\"\" data-id=\"66\" data-link=\"https:\/\/emprad.org.br\/2015\/?attachment_id=66\" class=\"wp-image-66\" srcset=\"https:\/\/emprad.org.br\/2015\/wp-content\/uploads\/sites\/3\/2021\/09\/CAE_2649-1024x683.jpg 1024w, https:\/\/emprad.org.br\/2015\/wp-content\/uploads\/sites\/3\/2021\/09\/CAE_2649-300x200.jpg 300w, https:\/\/emprad.org.br\/2015\/wp-content\/uploads\/sites\/3\/2021\/09\/CAE_2649-768x512.jpg 768w, https:\/\/emprad.org.br\/2015\/wp-content\/uploads\/sites\/3\/2021\/09\/CAE_2649-125x83.jpg 125w, https:\/\/emprad.org.br\/2015\/wp-content\/uploads\/sites\/3\/2021\/09\/CAE_2649-615x410.jpg 615w, https:\/\/emprad.org.br\/2015\/wp-content\/uploads\/sites\/3\/2021\/09\/CAE_2649.jpg 1083w\" sizes=\"auto, (max-width: 1024px) 100vw, 1024px\" \/><\/a><\/figure><\/li><li class=\"blocks-gallery-item\"><figure><a href=\"https:\/\/emprad.org.br\/2015\/wp-content\/uploads\/sites\/3\/2021\/09\/CAE_2654-1024x683.jpg\"><img loading=\"lazy\" decoding=\"async\" width=\"1024\" height=\"683\" src=\"https:\/\/emprad.org.br\/2015\/wp-content\/uploads\/sites\/3\/2021\/09\/CAE_2654-1024x683.jpg\" alt=\"\" data-id=\"67\" data-link=\"https:\/\/emprad.org.br\/2015\/?attachment_id=67\" class=\"wp-image-67\" srcset=\"https:\/\/emprad.org.br\/2015\/wp-content\/uploads\/sites\/3\/2021\/09\/CAE_2654-1024x683.jpg 1024w, https:\/\/emprad.org.br\/2015\/wp-content\/uploads\/sites\/3\/2021\/09\/CAE_2654-300x200.jpg 300w, https:\/\/emprad.org.br\/2015\/wp-content\/uploads\/sites\/3\/2021\/09\/CAE_2654-768x512.jpg 768w, https:\/\/emprad.org.br\/2015\/wp-content\/uploads\/sites\/3\/2021\/09\/CAE_2654-125x83.jpg 125w, https:\/\/emprad.org.br\/2015\/wp-content\/uploads\/sites\/3\/2021\/09\/CAE_2654-615x410.jpg 615w, https:\/\/emprad.org.br\/2015\/wp-content\/uploads\/sites\/3\/2021\/09\/CAE_2654.jpg 1083w\" sizes=\"auto, (max-width: 1024px) 100vw, 1024px\" \/><\/a><\/figure><\/li><li class=\"blocks-gallery-item\"><figure><a href=\"https:\/\/emprad.org.br\/2015\/wp-content\/uploads\/sites\/3\/2021\/09\/CAE_2656-1024x683.jpg\"><img loading=\"lazy\" decoding=\"async\" width=\"1024\" height=\"683\" src=\"https:\/\/emprad.org.br\/2015\/wp-content\/uploads\/sites\/3\/2021\/09\/CAE_2656-1024x683.jpg\" alt=\"\" data-id=\"68\" data-link=\"https:\/\/emprad.org.br\/2015\/?attachment_id=68\" class=\"wp-image-68\" srcset=\"https:\/\/emprad.org.br\/2015\/wp-content\/uploads\/sites\/3\/2021\/09\/CAE_2656-1024x683.jpg 1024w, https:\/\/emprad.org.br\/2015\/wp-content\/uploads\/sites\/3\/2021\/09\/CAE_2656-300x200.jpg 300w, https:\/\/emprad.org.br\/2015\/wp-content\/uploads\/sites\/3\/2021\/09\/CAE_2656-768x512.jpg 768w, https:\/\/emprad.org.br\/2015\/wp-content\/uploads\/sites\/3\/2021\/09\/CAE_2656-125x83.jpg 125w, https:\/\/emprad.org.br\/2015\/wp-content\/uploads\/sites\/3\/2021\/09\/CAE_2656-615x410.jpg 615w, https:\/\/emprad.org.br\/2015\/wp-content\/uploads\/sites\/3\/2021\/09\/CAE_2656.jpg 1083w\" sizes=\"auto, (max-width: 1024px) 100vw, 1024px\" \/><\/a><\/figure><\/li><li class=\"blocks-gallery-item\"><figure><a href=\"https:\/\/emprad.org.br\/2015\/wp-content\/uploads\/sites\/3\/2021\/09\/CAE_2659-1024x683.jpg\"><img loading=\"lazy\" decoding=\"async\" width=\"1024\" height=\"683\" src=\"https:\/\/emprad.org.br\/2015\/wp-content\/uploads\/sites\/3\/2021\/09\/CAE_2659-1024x683.jpg\" alt=\"\" data-id=\"69\" data-link=\"https:\/\/emprad.org.br\/2015\/?attachment_id=69\" class=\"wp-image-69\" srcset=\"https:\/\/emprad.org.br\/2015\/wp-content\/uploads\/sites\/3\/2021\/09\/CAE_2659-1024x683.jpg 1024w, https:\/\/emprad.org.br\/2015\/wp-content\/uploads\/sites\/3\/2021\/09\/CAE_2659-300x200.jpg 300w, https:\/\/emprad.org.br\/2015\/wp-content\/uploads\/sites\/3\/2021\/09\/CAE_2659-768x512.jpg 768w, https:\/\/emprad.org.br\/2015\/wp-content\/uploads\/sites\/3\/2021\/09\/CAE_2659-125x83.jpg 125w, https:\/\/emprad.org.br\/2015\/wp-content\/uploads\/sites\/3\/2021\/09\/CAE_2659-615x410.jpg 615w, https:\/\/emprad.org.br\/2015\/wp-content\/uploads\/sites\/3\/2021\/09\/CAE_2659.jpg 1083w\" sizes=\"auto, (max-width: 1024px) 100vw, 1024px\" \/><\/a><\/figure><\/li><li class=\"blocks-gallery-item\"><figure><a href=\"https:\/\/emprad.org.br\/2015\/wp-content\/uploads\/sites\/3\/2021\/09\/CAE_2661-1024x683.jpg\"><img loading=\"lazy\" decoding=\"async\" width=\"1024\" height=\"683\" src=\"https:\/\/emprad.org.br\/2015\/wp-content\/uploads\/sites\/3\/2021\/09\/CAE_2661-1024x683.jpg\" alt=\"\" data-id=\"70\" data-link=\"https:\/\/emprad.org.br\/2015\/?attachment_id=70\" class=\"wp-image-70\" srcset=\"https:\/\/emprad.org.br\/2015\/wp-content\/uploads\/sites\/3\/2021\/09\/CAE_2661-1024x683.jpg 1024w, https:\/\/emprad.org.br\/2015\/wp-content\/uploads\/sites\/3\/2021\/09\/CAE_2661-300x200.jpg 300w, https:\/\/emprad.org.br\/2015\/wp-content\/uploads\/sites\/3\/2021\/09\/CAE_2661-768x512.jpg 768w, https:\/\/emprad.org.br\/2015\/wp-content\/uploads\/sites\/3\/2021\/09\/CAE_2661-125x83.jpg 125w, https:\/\/emprad.org.br\/2015\/wp-content\/uploads\/sites\/3\/2021\/09\/CAE_2661-615x410.jpg 615w, https:\/\/emprad.org.br\/2015\/wp-content\/uploads\/sites\/3\/2021\/09\/CAE_2661.jpg 1083w\" sizes=\"auto, (max-width: 1024px) 100vw, 1024px\" \/><\/a><\/figure><\/li><li class=\"blocks-gallery-item\"><figure><a href=\"https:\/\/emprad.org.br\/2015\/wp-content\/uploads\/sites\/3\/2021\/09\/CAE_2666-1024x683.jpg\"><img loading=\"lazy\" decoding=\"async\" width=\"1024\" height=\"683\" src=\"https:\/\/emprad.org.br\/2015\/wp-content\/uploads\/sites\/3\/2021\/09\/CAE_2666-1024x683.jpg\" alt=\"\" data-id=\"71\" data-link=\"https:\/\/emprad.org.br\/2015\/?attachment_id=71\" class=\"wp-image-71\" srcset=\"https:\/\/emprad.org.br\/2015\/wp-content\/uploads\/sites\/3\/2021\/09\/CAE_2666-1024x683.jpg 1024w, https:\/\/emprad.org.br\/2015\/wp-content\/uploads\/sites\/3\/2021\/09\/CAE_2666-300x200.jpg 300w, https:\/\/emprad.org.br\/2015\/wp-content\/uploads\/sites\/3\/2021\/09\/CAE_2666-768x512.jpg 768w, https:\/\/emprad.org.br\/2015\/wp-content\/uploads\/sites\/3\/2021\/09\/CAE_2666-125x83.jpg 125w, https:\/\/emprad.org.br\/2015\/wp-content\/uploads\/sites\/3\/2021\/09\/CAE_2666-615x410.jpg 615w, https:\/\/emprad.org.br\/2015\/wp-content\/uploads\/sites\/3\/2021\/09\/CAE_2666.jpg 1083w\" sizes=\"auto, (max-width: 1024px) 100vw, 1024px\" \/><\/a><\/figure><\/li><li class=\"blocks-gallery-item\"><figure><a href=\"https:\/\/emprad.org.br\/2015\/wp-content\/uploads\/sites\/3\/2021\/09\/CAE_2668-1024x683.jpg\"><img loading=\"lazy\" decoding=\"async\" width=\"1024\" height=\"683\" src=\"https:\/\/emprad.org.br\/2015\/wp-content\/uploads\/sites\/3\/2021\/09\/CAE_2668-1024x683.jpg\" alt=\"\" data-id=\"72\" data-link=\"https:\/\/emprad.org.br\/2015\/?attachment_id=72\" class=\"wp-image-72\" srcset=\"https:\/\/emprad.org.br\/2015\/wp-content\/uploads\/sites\/3\/2021\/09\/CAE_2668-1024x683.jpg 1024w, https:\/\/emprad.org.br\/2015\/wp-content\/uploads\/sites\/3\/2021\/09\/CAE_2668-300x200.jpg 300w, https:\/\/emprad.org.br\/2015\/wp-content\/uploads\/sites\/3\/2021\/09\/CAE_2668-768x512.jpg 768w, https:\/\/emprad.org.br\/2015\/wp-content\/uploads\/sites\/3\/2021\/09\/CAE_2668-125x83.jpg 125w, https:\/\/emprad.org.br\/2015\/wp-content\/uploads\/sites\/3\/2021\/09\/CAE_2668-615x410.jpg 615w, https:\/\/emprad.org.br\/2015\/wp-content\/uploads\/sites\/3\/2021\/09\/CAE_2668.jpg 1083w\" sizes=\"auto, (max-width: 1024px) 100vw, 1024px\" \/><\/a><\/figure><\/li><li class=\"blocks-gallery-item\"><figure><a href=\"https:\/\/emprad.org.br\/2015\/wp-content\/uploads\/sites\/3\/2021\/09\/CAE_2935.jpg\"><img loading=\"lazy\" decoding=\"async\" width=\"1024\" height=\"683\" src=\"https:\/\/emprad.org.br\/2015\/wp-content\/uploads\/sites\/3\/2021\/09\/CAE_2935-1024x683.jpg\" alt=\"\" data-id=\"76\" data-full-url=\"https:\/\/emprad.org.br\/2015\/wp-content\/uploads\/sites\/3\/2021\/09\/CAE_2935.jpg\" data-link=\"https:\/\/emprad.org.br\/2015\/fotos\/coffe-break-e-apresentacao-de-posteres\/cae_2935\/\" class=\"wp-image-76\" srcset=\"https:\/\/emprad.org.br\/2015\/wp-content\/uploads\/sites\/3\/2021\/09\/CAE_2935-1024x683.jpg 1024w, https:\/\/emprad.org.br\/2015\/wp-content\/uploads\/sites\/3\/2021\/09\/CAE_2935-300x200.jpg 300w, https:\/\/emprad.org.br\/2015\/wp-content\/uploads\/sites\/3\/2021\/09\/CAE_2935-768x512.jpg 768w, https:\/\/emprad.org.br\/2015\/wp-content\/uploads\/sites\/3\/2021\/09\/CAE_2935-125x83.jpg 125w, https:\/\/emprad.org.br\/2015\/wp-content\/uploads\/sites\/3\/2021\/09\/CAE_2935-615x410.jpg 615w, https:\/\/emprad.org.br\/2015\/wp-content\/uploads\/sites\/3\/2021\/09\/CAE_2935.jpg 1083w\" sizes=\"auto, (max-width: 1024px) 100vw, 1024px\" \/><\/a><\/figure><\/li><li class=\"blocks-gallery-item\"><figure><a href=\"https:\/\/emprad.org.br\/2015\/wp-content\/uploads\/sites\/3\/2021\/09\/CAE_2919.jpg\"><img loading=\"lazy\" decoding=\"async\" width=\"1024\" height=\"683\" src=\"https:\/\/emprad.org.br\/2015\/wp-content\/uploads\/sites\/3\/2021\/09\/CAE_2919-1024x683.jpg\" alt=\"\" data-id=\"77\" data-full-url=\"https:\/\/emprad.org.br\/2015\/wp-content\/uploads\/sites\/3\/2021\/09\/CAE_2919.jpg\" data-link=\"https:\/\/emprad.org.br\/2015\/fotos\/coffe-break-e-apresentacao-de-posteres\/cae_2919\/\" class=\"wp-image-77\" srcset=\"https:\/\/emprad.org.br\/2015\/wp-content\/uploads\/sites\/3\/2021\/09\/CAE_2919-1024x683.jpg 1024w, https:\/\/emprad.org.br\/2015\/wp-content\/uploads\/sites\/3\/2021\/09\/CAE_2919-300x200.jpg 300w, https:\/\/emprad.org.br\/2015\/wp-content\/uploads\/sites\/3\/2021\/09\/CAE_2919-768x512.jpg 768w, https:\/\/emprad.org.br\/2015\/wp-content\/uploads\/sites\/3\/2021\/09\/CAE_2919-125x83.jpg 125w, https:\/\/emprad.org.br\/2015\/wp-content\/uploads\/sites\/3\/2021\/09\/CAE_2919-615x410.jpg 615w, https:\/\/emprad.org.br\/2015\/wp-content\/uploads\/sites\/3\/2021\/09\/CAE_2919.jpg 1083w\" sizes=\"auto, (max-width: 1024px) 100vw, 1024px\" \/><\/a><\/figure><\/li><li class=\"blocks-gallery-item\"><figure><a href=\"https:\/\/emprad.org.br\/2015\/wp-content\/uploads\/sites\/3\/2021\/09\/CAE_2922.jpg\"><img loading=\"lazy\" decoding=\"async\" width=\"1024\" height=\"683\" src=\"https:\/\/emprad.org.br\/2015\/wp-content\/uploads\/sites\/3\/2021\/09\/CAE_2922-1024x683.jpg\" alt=\"\" data-id=\"78\" data-full-url=\"https:\/\/emprad.org.br\/2015\/wp-content\/uploads\/sites\/3\/2021\/09\/CAE_2922.jpg\" data-link=\"https:\/\/emprad.org.br\/2015\/fotos\/coffe-break-e-apresentacao-de-posteres\/cae_2922\/\" class=\"wp-image-78\" srcset=\"https:\/\/emprad.org.br\/2015\/wp-content\/uploads\/sites\/3\/2021\/09\/CAE_2922-1024x683.jpg 1024w, https:\/\/emprad.org.br\/2015\/wp-content\/uploads\/sites\/3\/2021\/09\/CAE_2922-300x200.jpg 300w, https:\/\/emprad.org.br\/2015\/wp-content\/uploads\/sites\/3\/2021\/09\/CAE_2922-768x512.jpg 768w, https:\/\/emprad.org.br\/2015\/wp-content\/uploads\/sites\/3\/2021\/09\/CAE_2922-125x83.jpg 125w, https:\/\/emprad.org.br\/2015\/wp-content\/uploads\/sites\/3\/2021\/09\/CAE_2922-615x410.jpg 615w, https:\/\/emprad.org.br\/2015\/wp-content\/uploads\/sites\/3\/2021\/09\/CAE_2922.jpg 1083w\" sizes=\"auto, (max-width: 1024px) 100vw, 1024px\" \/><\/a><\/figure><\/li><li class=\"blocks-gallery-item\"><figure><a href=\"https:\/\/emprad.org.br\/2015\/wp-content\/uploads\/sites\/3\/2021\/09\/CAE_2925.jpg\"><img loading=\"lazy\" decoding=\"async\" width=\"1024\" height=\"683\" src=\"https:\/\/emprad.org.br\/2015\/wp-content\/uploads\/sites\/3\/2021\/09\/CAE_2925-1024x683.jpg\" alt=\"\" data-id=\"79\" data-full-url=\"https:\/\/emprad.org.br\/2015\/wp-content\/uploads\/sites\/3\/2021\/09\/CAE_2925.jpg\" data-link=\"https:\/\/emprad.org.br\/2015\/fotos\/coffe-break-e-apresentacao-de-posteres\/cae_2925\/\" class=\"wp-image-79\" srcset=\"https:\/\/emprad.org.br\/2015\/wp-content\/uploads\/sites\/3\/2021\/09\/CAE_2925-1024x683.jpg 1024w, https:\/\/emprad.org.br\/2015\/wp-content\/uploads\/sites\/3\/2021\/09\/CAE_2925-300x200.jpg 300w, https:\/\/emprad.org.br\/2015\/wp-content\/uploads\/sites\/3\/2021\/09\/CAE_2925-768x512.jpg 768w, https:\/\/emprad.org.br\/2015\/wp-content\/uploads\/sites\/3\/2021\/09\/CAE_2925-125x83.jpg 125w, https:\/\/emprad.org.br\/2015\/wp-content\/uploads\/sites\/3\/2021\/09\/CAE_2925-615x410.jpg 615w, https:\/\/emprad.org.br\/2015\/wp-content\/uploads\/sites\/3\/2021\/09\/CAE_2925.jpg 1083w\" sizes=\"auto, (max-width: 1024px) 100vw, 1024px\" \/><\/a><\/figure><\/li><li class=\"blocks-gallery-item\"><figure><a href=\"https:\/\/emprad.org.br\/2015\/wp-content\/uploads\/sites\/3\/2021\/09\/CAE_2926.jpg\"><img loading=\"lazy\" decoding=\"async\" width=\"1024\" height=\"683\" src=\"https:\/\/emprad.org.br\/2015\/wp-content\/uploads\/sites\/3\/2021\/09\/CAE_2926-1024x683.jpg\" alt=\"\" data-id=\"80\" data-full-url=\"https:\/\/emprad.org.br\/2015\/wp-content\/uploads\/sites\/3\/2021\/09\/CAE_2926.jpg\" data-link=\"https:\/\/emprad.org.br\/2015\/fotos\/coffe-break-e-apresentacao-de-posteres\/cae_2926\/\" class=\"wp-image-80\" srcset=\"https:\/\/emprad.org.br\/2015\/wp-content\/uploads\/sites\/3\/2021\/09\/CAE_2926-1024x683.jpg 1024w, https:\/\/emprad.org.br\/2015\/wp-content\/uploads\/sites\/3\/2021\/09\/CAE_2926-300x200.jpg 300w, https:\/\/emprad.org.br\/2015\/wp-content\/uploads\/sites\/3\/2021\/09\/CAE_2926-768x512.jpg 768w, https:\/\/emprad.org.br\/2015\/wp-content\/uploads\/sites\/3\/2021\/09\/CAE_2926-125x83.jpg 125w, https:\/\/emprad.org.br\/2015\/wp-content\/uploads\/sites\/3\/2021\/09\/CAE_2926-615x410.jpg 615w, https:\/\/emprad.org.br\/2015\/wp-content\/uploads\/sites\/3\/2021\/09\/CAE_2926.jpg 1083w\" sizes=\"auto, (max-width: 1024px) 100vw, 1024px\" \/><\/a><\/figure><\/li><li class=\"blocks-gallery-item\"><figure><a href=\"https:\/\/emprad.org.br\/2015\/wp-content\/uploads\/sites\/3\/2021\/09\/CAE_2932.jpg\"><img loading=\"lazy\" decoding=\"async\" width=\"1024\" height=\"683\" src=\"https:\/\/emprad.org.br\/2015\/wp-content\/uploads\/sites\/3\/2021\/09\/CAE_2932-1024x683.jpg\" alt=\"\" data-id=\"81\" data-full-url=\"https:\/\/emprad.org.br\/2015\/wp-content\/uploads\/sites\/3\/2021\/09\/CAE_2932.jpg\" data-link=\"https:\/\/emprad.org.br\/2015\/fotos\/coffe-break-e-apresentacao-de-posteres\/cae_2932\/\" class=\"wp-image-81\" srcset=\"https:\/\/emprad.org.br\/2015\/wp-content\/uploads\/sites\/3\/2021\/09\/CAE_2932-1024x683.jpg 1024w, https:\/\/emprad.org.br\/2015\/wp-content\/uploads\/sites\/3\/2021\/09\/CAE_2932-300x200.jpg 300w, https:\/\/emprad.org.br\/2015\/wp-content\/uploads\/sites\/3\/2021\/09\/CAE_2932-768x512.jpg 768w, https:\/\/emprad.org.br\/2015\/wp-content\/uploads\/sites\/3\/2021\/09\/CAE_2932-125x83.jpg 125w, https:\/\/emprad.org.br\/2015\/wp-content\/uploads\/sites\/3\/2021\/09\/CAE_2932-615x410.jpg 615w, https:\/\/emprad.org.br\/2015\/wp-content\/uploads\/sites\/3\/2021\/09\/CAE_2932.jpg 1083w\" sizes=\"auto, (max-width: 1024px) 100vw, 1024px\" \/><\/a><\/figure><\/li><\/ul><\/figure>\n","protected":false},"excerpt":{"rendered":"","protected":false},"author":1,"featured_media":0,"parent":49,"menu_order":0,"comment_status":"closed","ping_status":"closed","template":"template-full-width.php","meta":{"inline_featured_image":false,"footnotes":""},"class_list":["post-62","page","type-page","status-publish","hentry"],"_links":{"self":[{"href":"https:\/\/emprad.org.br\/2015\/wp-json\/wp\/v2\/pages\/62","targetHints":{"allow":["GET"]}}],"collection":[{"href":"https:\/\/emprad.org.br\/2015\/wp-json\/wp\/v2\/pages"}],"about":[{"href":"https:\/\/emprad.org.br\/2015\/wp-json\/wp\/v2\/types\/page"}],"author":[{"embeddable":true,"href":"https:\/\/emprad.org.br\/2015\/wp-json\/wp\/v2\/users\/1"}],"replies":[{"embeddable":true,"href":"https:\/\/emprad.org.br\/2015\/wp-json\/wp\/v2\/comments?post=62"}],"version-history":[{"count":0,"href":"https:\/\/emprad.org.br\/2015\/wp-json\/wp\/v2\/pages\/62\/revisions"}],"up":[{"embeddable":true,"href":"https:\/\/emprad.org.br\/2015\/wp-json\/wp\/v2\/pages\/49"}],"wp:attachment":[{"href":"https:\/\/emprad.org.br\/2015\/wp-json\/wp\/v2\/media?parent=62"}],"curies":[{"name":"wp","href":"https:\/\/api.w.org\/{rel}","templated":true}]}}