{"id":5,"date":"2021-09-09T13:22:14","date_gmt":"2021-09-09T16:22:14","guid":{"rendered":"https:\/\/emprad.org.br\/2015\/?page_id=5"},"modified":"2021-09-09T17:07:34","modified_gmt":"2021-09-09T20:07:34","slug":"home","status":"publish","type":"page","link":"https:\/\/emprad.org.br\/2015\/","title":{"rendered":"Home"},"content":{"rendered":"<div class=\"one-third\"><\/p>\n<h3>Local<\/h3>\n<p>Audit\u00f3rio da FEA-USP \/ Sala da Congrega\u00e7\u00e3o da FEA-USP.<br \/>\n<\/div>\n\n\n<div class=\"one-third\"><\/p>\n<h3>Organiza\u00e7\u00e3o<\/h3>\n<p><div class=\"bullets\" id=\"sc_bullets_1\"><\/p>\n<p>Programa de Mestrado Profissional em Empreendedorismo<\/p>\n<p>Departamento de Administra\u00e7\u00e3o da FEA-USP<\/p>\n<p><\/div><style>#sc_bullets_1 ul li{background-image:url(https:\/\/emprad.org.br\/2015\/wp-content\/themes\/expo18\/img\/icons\/0128.png)}<\/style><br \/>\n<\/div>\n\n\n<div class=\"one-third last\"><\/p>\n<h3>Objetivo<\/h3>\n<p>Discutir experi\u00eancias &nbsp;de administra\u00e7\u00e3o na perspectiva te\u00f3rico\u2013emp\u00edrica no &nbsp;contexto dos mestrados profissionais.<br \/>\n<\/div><div class=\"clear\"><\/div>\n\n\n<div class=\"h-bg\">Conhe\u00e7a mais sobre Mestrado Profissional<\/div>\n\n\n<div class=\"responsive-embed\"><iframe loading=\"lazy\" title=\"EMPRAD - Mestrado Profissional\" width=\"920\" height=\"518\" src=\"https:\/\/www.youtube.com\/embed\/6XjKAJsnCtc?feature=oembed\" frameborder=\"0\" allow=\"accelerometer; autoplay; clipboard-write; encrypted-media; gyroscope; picture-in-picture\" allowfullscreen><\/iframe><\/div>\n\n\n\n\n","protected":false},"excerpt":{"rendered":"","protected":false},"author":1,"featured_media":0,"parent":0,"menu_order":0,"comment_status":"closed","ping_status":"closed","template":"template-home.php","meta":{"inline_featured_image":false,"footnotes":""},"class_list":["post-5","page","type-page","status-publish","hentry"],"_links":{"self":[{"href":"https:\/\/emprad.org.br\/2015\/wp-json\/wp\/v2\/pages\/5","targetHints":{"allow":["GET"]}}],"collection":[{"href":"https:\/\/emprad.org.br\/2015\/wp-json\/wp\/v2\/pages"}],"about":[{"href":"https:\/\/emprad.org.br\/2015\/wp-json\/wp\/v2\/types\/page"}],"author":[{"embeddable":true,"href":"https:\/\/emprad.org.br\/2015\/wp-json\/wp\/v2\/users\/1"}],"replies":[{"embeddable":true,"href":"https:\/\/emprad.org.br\/2015\/wp-json\/wp\/v2\/comments?post=5"}],"version-history":[{"count":0,"href":"https:\/\/emprad.org.br\/2015\/wp-json\/wp\/v2\/pages\/5\/revisions"}],"wp:attachment":[{"href":"https:\/\/emprad.org.br\/2015\/wp-json\/wp\/v2\/media?parent=5"}],"curies":[{"name":"wp","href":"https:\/\/api.w.org\/{rel}","templated":true}]}}