{"id":38,"date":"2021-09-09T15:56:20","date_gmt":"2021-09-09T18:56:20","guid":{"rendered":"https:\/\/emprad.org.br\/2015\/?page_id=38"},"modified":"2021-09-09T15:56:43","modified_gmt":"2021-09-09T18:56:43","slug":"anais-do-ii-emprad-v-2-2015","status":"publish","type":"page","link":"https:\/\/emprad.org.br\/2015\/anais-do-ii-emprad-v-2-2015\/","title":{"rendered":"Anais do II Emprad \u2013 V. 2, 2015"},"content":{"rendered":"\n<div class=\"custom-table-wrapper\">\n<table class=\"table table-striped table-bordered table-hover\">\n<thead>\n<tr>\n<th>C\u00f3d.<\/th>\n<th>T\u00edtulo<\/th>\n<th>Autoria<\/th>\n<th>Arquivo<\/th>\n<\/tr>\n<\/thead>\n<tbody>\n<tr>\n<td class=\"text-center\">17<\/td>\n<td>AN\u00c1LISE DA ESTRAT\u00c9GIA DE GEST\u00c3O DE CLIENTES NO VAREJO SUPERMERCADISTA PELA PERSPECTIVA DO BUSINESS MODEL CANVAS Estudo de Caso: Coop &#8211; Cooperativa de Consumo<\/td>\n<td>Eduardo Bonilha<\/td>\n<td class=\"text-center\" nowrap=\"nowrap\"><a href=\"http:\/\/sistema.emprad.org.br\/2\/17.pdf\">[abrir arquivo]\n<\/a><\/td>\n<\/tr>\n<tr>\n<td class=\"text-center\">7<\/td>\n<td>AN\u00c1LISE DO IMPACTO DO OR\u00c7AMENTO BASE ZERO COMO FATOR DE GERA\u00c7\u00c3O DE COMPETITIVIDADE EM UMA EMPRESA DO SETOR DE OFFICE SUPPLIES NO ESTADO DE S\u00c3O PAULO<\/td>\n<td>GIOVANA VIEIRA DOS SANTOS<\/td>\n<td class=\"text-center\"><a href=\"http:\/\/sistema.emprad.org.br\/2\/7.pdf\">[abrir arquivo]\n<\/a><\/td>\n<\/tr>\n<tr>\n<td class=\"text-center\">15<\/td>\n<td>ESCRIT\u00d3RIO DE GERENCIAMENTO ESTRAT\u00c9GICO: PLANO PR\u00c1TICO DE IMPLEMENTA\u00c7\u00c3O<\/td>\n<td>Debora Rodrigues<\/td>\n<td class=\"text-center\"><a href=\"http:\/\/sistema.emprad.org.br\/2\/15.pdf\">[abrir arquivo]\n<\/a><\/td>\n<\/tr>\n<tr>\n<td class=\"text-center\">9<\/td>\n<td>GEST\u00c3O DA INOVA\u00c7\u00c3O E SEUS IMPACTOS NO PROCESSO DE INTERNACIONALIZA\u00c7\u00c3O DA MARCOPOLO S\/A.<\/td>\n<td>PABLO PADILHA<\/td>\n<td class=\"text-center\"><a href=\"http:\/\/sistema.emprad.org.br\/2\/9.pdf\">[abrir arquivo]\n<\/a><\/td>\n<\/tr>\n<tr>\n<td class=\"text-center\">12<\/td>\n<td>GEST\u00c3O INTEGRADA DE RES\u00cdDUOS S\u00d3LIDOS URBANOS NA CIDADE OCIDENTAL &#8211; GO<\/td>\n<td>Evelyn Gomes Bernardo \/ Heidy Rodriguez Ramos<\/td>\n<td class=\"text-center\"><a href=\"http:\/\/sistema.emprad.org.br\/2\/12.pdf\">[abrir arquivo]\n<\/a><\/td>\n<\/tr>\n<tr>\n<td class=\"text-center\">14<\/td>\n<td>IMPLEMENTA\u00c7\u00c3O DE UM ESCRIT\u00d3RIO DE PROJETOS: ADER\u00caNCIA DA TEORIA NA PR\u00c1TICA<\/td>\n<td>Irina Bullara<\/td>\n<td class=\"text-center\"><a href=\"http:\/\/sistema.emprad.org.br\/2\/14.pdf\">[abrir arquivo]\n<\/a><\/td>\n<\/tr>\n<tr>\n<td class=\"text-center\">18<\/td>\n<td>INOVA\u00c7\u00c3O TECNOL\u00d3GICA EM MODELO DE NEG\u00d3CIOS: AN\u00c1LISE ESTRAT\u00c9GICA DA STARTUP BOLSA DE PRODUTOS<\/td>\n<td>PABLO PADILHA<\/td>\n<td class=\"text-center\"><a href=\"http:\/\/sistema.emprad.org.br\/2\/18.pdf\">[abrir arquivo]\n<\/a><\/td>\n<\/tr>\n<tr>\n<td class=\"text-center\">13<\/td>\n<td>O PLANEJAMENTO ESTRAT\u00c9GICO COM UTILIZA\u00c7\u00c3O DE CEN\u00c1RIOS PROSPECTIVOS E O ALINHAMENTO ORGANIZACIONAL: ESTUDO DE CASO NO SENAI, SESI e IEL<\/td>\n<td>Maristela Nunes<\/td>\n<td class=\"text-center\"><a href=\"http:\/\/sistema.emprad.org.br\/2\/13.pdf\">[abrir arquivo]\n<\/a><\/td>\n<\/tr>\n<tr>\n<td class=\"text-center\">16<\/td>\n<td>POL\u00cdTICA NACIONAL DE RES\u00cdDUOS S\u00d3LIDOS E ESTRAT\u00c9GIA DE MARKETING: AN\u00c1LISE DE UM MODELO PARA RECUPERA\u00c7\u00c3O DE BATERIAS AUTOMOTIVAS USADAS<\/td>\n<td>Thiago Chiorino Costa \/ Marcelo Luiz Dias da Silva Gabriel \/ Mauricio Gayubas<\/td>\n<td class=\"text-center\"><a href=\"http:\/\/sistema.emprad.org.br\/2\/16.pdf\">[abrir arquivo]\n<\/a><\/td>\n<\/tr>\n<tr>\n<td class=\"text-center\">10<\/td>\n<td>REDU\u00c7\u00c3O DE CONSUMO DE \u00c1GUA: AN\u00c1LISE NO MANUSEIO E LIMPEZA DE PE\u00c7AS NA REMANUFATURA DE ALTERNADORES E MOTORES DE PARTIDA<\/td>\n<td>Mauricio Gayubas \/ Marcelo Luiz Dias da Silva Gabriel<\/td>\n<td class=\"text-center\"><a href=\"http:\/\/sistema.emprad.org.br\/2\/10.pdf\">[abrir arquivo]\n<\/a><\/td>\n<\/tr>\n<tr>\n<td class=\"text-center\">5<\/td>\n<td>RELA\u00c7\u00c3O CAUSA-EFEITO DE CUSTOS INDIRETOS DESATUALIZADOS: UM ESTUDO DE CASO EM UMA IND\u00daSTRIA ALIMENT\u00cdCIA<\/td>\n<td>PABLO PADILHA<\/td>\n<td class=\"text-center\"><a href=\"http:\/\/sistema.emprad.org.br\/2\/5.pdf\">[abrir arquivo]\n<\/a><\/td>\n<\/tr>\n<tr>\n<td class=\"text-center\">11<\/td>\n<td>Res\u00cdduos s\u00f3lidos: RELATO T\u00c9CNICO DE UMA PADARIA em S\u00e3o Paulo<\/td>\n<td>\u00c9llen Fernanda \/ Heidy Rodriguez Ramos<\/td>\n<td class=\"text-center\"><a href=\"http:\/\/sistema.emprad.org.br\/2\/11.pdf\">[abrir arquivo]\n<\/a><\/td>\n<\/tr>\n<tr>\n<td class=\"text-center\">8<\/td>\n<td>REVIS\u00c3O DE PLANO ESTRAT\u00c9GICO: UM CASO APLICADO NO MERCADO BRASILEIRO DE SEGUROS<\/td>\n<td>PABLO PADILHA<\/td>\n<td class=\"text-center\"><a href=\"http:\/\/sistema.emprad.org.br\/2\/8.pdf\">[abrir arquivo]\n<\/a><\/td>\n<\/tr>\n<\/tbody>\n<\/table>\n<\/div>\n","protected":false},"excerpt":{"rendered":"","protected":false},"author":1,"featured_media":0,"parent":0,"menu_order":0,"comment_status":"closed","ping_status":"closed","template":"template-full-width.php","meta":{"inline_featured_image":false,"footnotes":""},"class_list":["post-38","page","type-page","status-publish","hentry"],"_links":{"self":[{"href":"https:\/\/emprad.org.br\/2015\/wp-json\/wp\/v2\/pages\/38","targetHints":{"allow":["GET"]}}],"collection":[{"href":"https:\/\/emprad.org.br\/2015\/wp-json\/wp\/v2\/pages"}],"about":[{"href":"https:\/\/emprad.org.br\/2015\/wp-json\/wp\/v2\/types\/page"}],"author":[{"embeddable":true,"href":"https:\/\/emprad.org.br\/2015\/wp-json\/wp\/v2\/users\/1"}],"replies":[{"embeddable":true,"href":"https:\/\/emprad.org.br\/2015\/wp-json\/wp\/v2\/comments?post=38"}],"version-history":[{"count":0,"href":"https:\/\/emprad.org.br\/2015\/wp-json\/wp\/v2\/pages\/38\/revisions"}],"wp:attachment":[{"href":"https:\/\/emprad.org.br\/2015\/wp-json\/wp\/v2\/media?parent=38"}],"curies":[{"name":"wp","href":"https:\/\/api.w.org\/{rel}","templated":true}]}}