{"id":7,"date":"2021-09-09T13:39:26","date_gmt":"2021-09-09T16:39:26","guid":{"rendered":"https:\/\/emprad.org.br\/2014\/?page_id=7"},"modified":"2023-08-28T18:39:26","modified_gmt":"2023-08-28T21:39:26","slug":"programacao","status":"publish","type":"page","link":"https:\/\/emprad.org.br\/2014\/programacao\/","title":{"rendered":"Programa\u00e7\u00e3o"},"content":{"rendered":"<div class=\"pane-wraper\"><div class=\"pane agenda\"><\/p>\n<p><div class=\"agenda-day\">14\/08\u00a0Primeiro Dia<span class=\"date\">14 de Agosto de 2014<\/span><\/div><br \/>\n<div class=\"agenda-item\"><div class=\"agenda-item-inner\"><div class=\"time\"><span class=\"icon-time\">08:00 \u2014 09:00<\/span><\/div><div class=\"description\"><p>Credenciamento<\/p><\/div><div class=\"room-cell\"><div class=\"room\">Recep\u00e7\u00e3o<\/div><\/div><\/div><\/div><br \/>\n<div class=\"agenda-item\"><div class=\"agenda-item-inner\"><div class=\"time\"><span class=\"icon-time\">09:00 \u2014 10:00<\/span><\/div><div class=\"description\"><p>Abertura<\/p><\/div><\/div><\/div><br \/>\n<div class=\"agenda-item gray\"><div class=\"agenda-item-inner\"><div class=\"time\"><span class=\"icon-lunch\">10:00 \u2014 10:30<\/span><\/div><div class=\"description\"><p>COFFEE-BREAK<\/p><\/div><\/div><\/div><br \/>\n<div class=\"agenda-item\"><div class=\"agenda-item-inner\"><div class=\"time\"><span class=\"icon-time\">10:30 \u2014 12:00<\/span><\/div><div class=\"description\"><p>Caso Itaipu: Aplica\u00e7\u00e3o da teoria das restri\u00e7\u00f5es: mais qualidade, confiabilidade e energia em benef\u00edcio da sociedadeCelso Villar Torino \u2013 Superintendente de Opera\u00e7\u00f5es<\/p>\n<p>Prof. Dr. Carlos Honorato Teixeira \u2013 FIA<\/p>\n<p>Moderador: Prof. Dr. James Wright \u2013 FIA<\/p><\/div><\/div><\/div><br \/>\n<div class=\"agenda-item gray\"><div class=\"agenda-item-inner\"><div class=\"time\"><span class=\"icon-lunch\">12:00 \u2014 13:30<\/span><\/div><div class=\"description\"><p>ALMO\u00c7O<\/p><\/div><\/div><\/div><br \/>\n<div class=\"agenda-item\"><div class=\"agenda-item-inner\"><div class=\"time\"><span class=\"icon-time\">13:30 \u2014 15:00<\/span><\/div><div class=\"description\"><p>Caso Orguel: IPO e o custo do capital pr\u00f3prio<\/p>\n<p>Sergio Fagundes Guerra Lages \u2013 Presidente<\/p>\n<p>Daniel Marquetotti<\/p>\n<p>Moderador: \u00a0Prof. Dr. Ronaldo Lamounier Locatelli \u2013 FPL<\/p><\/div><\/div><\/div><br \/>\n<div class=\"agenda-item\"><div class=\"agenda-item-inner\"><div class=\"time\"><span class=\"icon-time\">15:00 \u2014 16:30<\/span><\/div><div class=\"description\"><p>Caso Flytour American Express: reestrutura\u00e7\u00e3o organizacional<\/p>\n<p>Ana Paula Freitas de Oliveira \u2013 Diretora de Opera\u00e7\u00f5es<\/p>\n<p>Moderador: Prof. Dr. Marcelo Caldeira Pedroso \u2013 FEA\/USP<br \/>\n<\/p><\/div><\/div><\/div><br \/>\n<div class=\"agenda-item gray\"><div class=\"agenda-item-inner\"><div class=\"time\"><span class=\"icon-lunch\">16:30 \u2014 17:00<\/span><\/div><div class=\"description\"><p>COFFEE-BREAK<\/p><\/div><\/div><\/div><br \/>\n<div class=\"agenda-item\"><div class=\"agenda-item-inner\"><div class=\"time\"><span class=\"icon-time\">17:00 \u2014 18:00<\/span><\/div><div class=\"description\"><p>CONVIDADO ESPECIAL<\/p>\n<p>O Que o Mercado Procura em um Talento \u2013 Vis\u00e3o de um Headhunter<\/p>\n<p>Robert Wong \u2013\u00a0CEO da Robert Wong Consultoria Executiva\u00a0<\/p><\/div><\/div><\/div><br \/>\n<div class=\"agenda-item\"><div class=\"agenda-item-inner\"><div class=\"time\"><span class=\"icon-time\">18:00 \u2014 18:30<\/span><\/div><div class=\"description\"><p>Encerramento<\/p><\/div><\/div><\/div><br \/>\n<div class=\"agenda-day\">15\/08 Segundo Dia<span class=\"date\">15 de Agosto de 2014<\/span><\/div><br \/>\n<div class=\"agenda-item\"><div class=\"agenda-item-inner\"><div class=\"time\"><span class=\"icon-time\">08:00 \u2014 09:00<\/span><\/div><div class=\"description\"><p>Credenciamento<\/p><\/div><div class=\"room-cell\"><div class=\"room\">Recep\u00e7\u00e3o<\/div><\/div><\/div><\/div><br \/>\n<div class=\"agenda-item\"><div class=\"agenda-item-inner\"><div class=\"time\"><span class=\"icon-time\">09:00 \u2014 10:00<\/span><\/div><div class=\"description\"><p>MESA DE DISCUSS\u00d5ES<\/p>\n<p>Mestrado Profissional \u00a0&#8211; coordenadores (aberto ao p\u00fablico)<\/p><\/div><\/div><\/div><br \/>\n<div class=\"agenda-item gray\"><div class=\"agenda-item-inner\"><div class=\"time\"><span class=\"icon-lunch\">10:00 \u2014 10:30<\/span><\/div><div class=\"description\"><p>COFFEE-BREAK<\/p><\/div><\/div><\/div><br \/>\n<div class=\"agenda-item\"><div class=\"agenda-item-inner\"><div class=\"time\"><span class=\"icon-time\">10:30 \u2014 12:00<\/span><\/div><div class=\"description\"><p>Caso EMBRAER: Relato de uma Diversifica\u00e7\u00e3o bem Sucedida<\/p>\n<p>Luiz Aguiar. Ex-CEO Embraer Defesa e Seguran\u00e7a<\/p>\n<p>Moderador: Prof. Dr. Moacir Miranda Oliveira J\u00fanior\u00a0\u2013 FEA\/USP<\/p><\/div><\/div><\/div><\/p>\n<p><div class=\"agenda-item gray\"><div class=\"agenda-item-inner\"><div class=\"time\"><span class=\"icon-lunch\">12:00 \u2014 13:30<\/span><\/div><div class=\"description\"><p>ALMO\u00c7O<\/p><\/div><\/div><\/div><br \/>\n<div class=\"agenda-item\"><div class=\"agenda-item-inner\"><div class=\"time\"><span class=\"icon-time\">13:30 \u2014 15:00<\/span><\/div><div class=\"description\"><p>Caso Whirlpool: \u00a0Inova\u00e7\u00e3o e design como forma de vantagem competitiva<\/p>\n<p>Mario Fioretti. Diretor de Inova\u00e7\u00e3o da Whirlpool Latin Americana<\/p>\n<p>Moderador: Prof. Dr. Edson Barbero &#8211; FECAP <\/p><\/div><\/div><\/div><br \/>\n<div class=\"agenda-item\"><div class=\"agenda-item-inner\"><div class=\"time\"><span class=\"icon-time\">15:00 \u2014 16:30<\/span><\/div><div class=\"description\"><p>Caso Johnson Controls: rela\u00e7\u00e3o entre posicionamento estrat\u00e9gico e Dimens\u00f5es de sucesso em projetos<\/p>\n<p>Carlos Banzato \u00a0&#8211; Diretor de Melhoria Continua e Gest\u00e3o de Projetos<\/p>\n<p>Moderador: Prof. Dr. Emerson Maccari \u2013 UNINOVE<\/p><\/div><\/div><\/div><br \/>\n<div class=\"agenda-item gray\"><div class=\"agenda-item-inner\"><div class=\"time\"><span class=\"icon-lunch\">16:30 \u2014 17:00<\/span><\/div><div class=\"description\"><p>COFFEE-BREAK<\/p><\/div><\/div><\/div><br \/>\n<div class=\"agenda-item\"><div class=\"agenda-item-inner\"><div class=\"time\"><span class=\"icon-time\">17:00 \u2014 18:00<\/span><\/div><div class=\"description\"><p>&lt;strong&gt;CONVIDADO ESPECIAL&lt;\/strong&gt;<\/p>\n<p>Fernando Fernandes &#8211; \u00a0Presidente da \u00a0Unilever<\/p><\/div><\/div><\/div><br \/>\n<div class=\"agenda-item\"><div class=\"agenda-item-inner\"><div class=\"time\"><span class=\"icon-time\">18:00 \u2014 18:30<\/span><\/div><div class=\"description\"><p>Encerramento<\/p><\/div><\/div><\/div><\/div><\/div>\n","protected":false},"excerpt":{"rendered":"","protected":false},"author":1,"featured_media":0,"parent":0,"menu_order":0,"comment_status":"closed","ping_status":"closed","template":"template-full-width.php","meta":{"inline_featured_image":false,"footnotes":""},"class_list":["post-7","page","type-page","status-publish","hentry"],"_links":{"self":[{"href":"https:\/\/emprad.org.br\/2014\/wp-json\/wp\/v2\/pages\/7","targetHints":{"allow":["GET"]}}],"collection":[{"href":"https:\/\/emprad.org.br\/2014\/wp-json\/wp\/v2\/pages"}],"about":[{"href":"https:\/\/emprad.org.br\/2014\/wp-json\/wp\/v2\/types\/page"}],"author":[{"embeddable":true,"href":"https:\/\/emprad.org.br\/2014\/wp-json\/wp\/v2\/users\/1"}],"replies":[{"embeddable":true,"href":"https:\/\/emprad.org.br\/2014\/wp-json\/wp\/v2\/comments?post=7"}],"version-history":[{"count":2,"href":"https:\/\/emprad.org.br\/2014\/wp-json\/wp\/v2\/pages\/7\/revisions"}],"predecessor-version":[{"id":38,"href":"https:\/\/emprad.org.br\/2014\/wp-json\/wp\/v2\/pages\/7\/revisions\/38"}],"wp:attachment":[{"href":"https:\/\/emprad.org.br\/2014\/wp-json\/wp\/v2\/media?parent=7"}],"curies":[{"name":"wp","href":"https:\/\/api.w.org\/{rel}","templated":true}]}}